{"id":1734,"date":"2017-07-20T16:38:35","date_gmt":"2017-07-20T14:38:35","guid":{"rendered":"http:\/\/fusionweymax.com\/?page_id=1734\/"},"modified":"2017-12-01T13:53:51","modified_gmt":"2017-12-01T12:53:51","slug":"vino-la-tierra-castilla","status":"publish","type":"page","link":"http:\/\/fusionweymax.com\/en\/vino-la-tierra-castilla\/","title":{"rendered":"Vino de la tierra de castilla"},"content":{"rendered":"[vc_row][vc_column width=&#8221;1\/2&#8243;][vc_gallery interval=&#8221;3&#8243; images=&#8221;1395&#8243; img_size=&#8221;full&#8221;][\/vc_column][vc_column width=&#8221;1\/2&#8243;][vc_column_text]\n<p class=\"p1\"><span class=\"s1\" style=\"color: #000000;\">Castilla La Mancha es la mayor regi\u00f3n vitivin\u00edcola por excelencia, los vi\u00f1edos tienen un fuerte arraigo en la historia y cultura de los lugare\u00f1os, en el total de los 28 municipios de la zona geogr\u00e1fica, las plantaciones de vi\u00f1as ocupan m\u00e1s del 50% de la superficie.<\/span><\/p>\n<p class=\"p1\"><span class=\"s1\" style=\"color: #000000;\">La Indicaci\u00f3n Geogr\u00e1fica Vinos de la Tierra de Castilla fue aprobada por Las Cortes de Castilla-La Mancha en 1999, cuyo objetivo fue la de facilitar la identificaci\u00f3n de los vinos elaborados en la zona con uvas producidas en la regi\u00f3n geogr\u00e1fica por parte de los consumidores, haci\u00e9ndose un hueco entre los vinos de mesa y los vinos con denominaci\u00f3n de origen, satisfaciendo la demanda de los consumidores de este rango de productos, acci\u00f3n que ha tenido gran acogida entre el sector.<\/span><\/p>\n<p class=\"p1\"><span class=\"s1\" style=\"color: #000000;\">La producci\u00f3n del vino en esta Indicaci\u00f3n Geogr\u00e1fica ha experimentado un aumento del 250% desde el a\u00f1o 1999 hasta el 2009, registr\u00e1ndose unas 200 bodegas que elaboran Vinos VTC y m\u00e1s de 300 industrias que comercializan vinos de esta IG.<\/span><\/p>\n<p class=\"p1\"><span class=\"s1\" style=\"color: #000000;\">La Mancha compuesta por cinco provincias de las cuales cada una tiene climas y orograf\u00edas diferentes, permitiendo as\u00ed entornos apropiados para diferentes variedades de uva. Las condiciones naturales ventajosas, el arraigo en la cultura y la amplia modernizaci\u00f3n experimentada en las \u00faltimas d\u00e9cadas han formado m\u00e1s de seiscientas marcas comercializadas bajo la Indicaci\u00f3n geogr\u00e1fica Vinos de la tierra de Castilla, con unas cualidades notorias en cada una de sus variantes.<\/span><\/p>\n<p class=\"p1\"><span class=\"s1\" style=\"color: #000000;\">Las variedades de uva tinta cultivadas en esta IGP son: Cabernet-sauvignon, Garnacha tinta, Cabernet-franc, Forcallat tinta, Bobal, Garnacha tintorera, Graciano, Coloraillo, Malbec, Mazuela, Moravia agria, Mencia, Merlot, Monastrell, , Petit Verdot, Pinot Noir, Prieto picudo, Moravia dulce ,Rojal tinta, Tempranillo o Cencibel, Syrah, Tinto de la p\u00e1mpana blanca y Tinto Velasco o Frasco.<\/span><\/p>\n<p class=\"p1\"><span class=\"s1\" style=\"color: #000000;\">Entre las variedades blancas podemos encontrar: Albillo Real ,Gew\u00fcrztraminer, Air\u00e9n, Macabeo o Viura, Chardonnay, Malvar, Malvas\u00eda Arom\u00e1tica, Merseguera, Moscatel de grano menudo, Marisancho o Pardillo, Moscatel de Alejandr\u00eda, Pedro Xim\u00e9nez, Parellada, Riesling, Torront\u00e9s, Sauvignon blanc, Verdejo, Viognier y Verdoncho.<\/span><\/p>\n<p class=\"p1\"><span class=\"s1\">\u00a0<\/span><\/p>\n[\/vc_column_text][\/vc_column][\/vc_row]\n","protected":false},"excerpt":{"rendered":"<p>[vc_row][vc_column width=&#8221;1\/2&#8243;][vc_gallery interval=&#8221;3&#8243; images=&#8221;1395&#8243; img_size=&#8221;full&#8221;][\/vc_column][vc_column width=&#8221;1\/2&#8243;][vc_column_text] Castilla La Mancha es la mayor regi\u00f3n vitivin\u00edcola por excelencia, los vi\u00f1edos tienen un fuerte arraigo en la historia y cultura de los lugare\u00f1os, en el total de los 28 municipios de la zona geogr\u00e1fica, las plantaciones de vi\u00f1as ocupan m\u00e1s del 50% de la superficie. La Indicaci\u00f3n Geogr\u00e1fica [&hellip;]<\/p>\n","protected":false},"author":5,"featured_media":0,"parent":0,"menu_order":0,"comment_status":"closed","ping_status":"closed","template":"","meta":[],"yoast_head":"<!-- This site is optimized with the Yoast SEO plugin v20.8 - https:\/\/yoast.com\/wordpress\/plugins\/seo\/ -->\n<title>Vino de la tierra de castilla - Fusi\u00f3n Weymax<\/title>\n<meta name=\"robots\" content=\"index, follow, max-snippet:-1, max-image-preview:large, max-video-preview:-1\" \/>\n<link rel=\"canonical\" href=\"http:\/\/fusionweymax.com\/en\/vino-la-tierra-castilla\/\" \/>\n<meta property=\"og:locale\" content=\"en_US\" \/>\n<meta property=\"og:type\" content=\"article\" \/>\n<meta property=\"og:title\" content=\"Vino de la tierra de castilla - Fusi\u00f3n Weymax\" \/>\n<meta property=\"og:description\" content=\"[vc_row][vc_column width=&#8221;1\/2&#8243;][vc_gallery interval=&#8221;3&#8243; images=&#8221;1395&#8243; img_size=&#8221;full&#8221;][\/vc_column][vc_column width=&#8221;1\/2&#8243;][vc_column_text] Castilla La Mancha es la mayor regi\u00f3n vitivin\u00edcola por excelencia, los vi\u00f1edos tienen un fuerte arraigo en la historia y cultura de los lugare\u00f1os, en el total de los 28 municipios de la zona geogr\u00e1fica, las plantaciones de vi\u00f1as ocupan m\u00e1s del 50% de la superficie. La Indicaci\u00f3n Geogr\u00e1fica [&hellip;]\" \/>\n<meta property=\"og:url\" content=\"http:\/\/fusionweymax.com\/en\/vino-la-tierra-castilla\/\" \/>\n<meta property=\"og:site_name\" content=\"Fusi\u00f3n Weymax\" \/>\n<meta property=\"article:modified_time\" content=\"2017-12-01T12:53:51+00:00\" \/>\n<meta name=\"twitter:card\" content=\"summary_large_image\" \/>\n<meta name=\"twitter:label1\" content=\"Est. reading time\" \/>\n\t<meta name=\"twitter:data1\" content=\"2 minutes\" \/>\n<script type=\"application\/ld+json\" class=\"yoast-schema-graph\">{\"@context\":\"https:\/\/schema.org\",\"@graph\":[{\"@type\":\"WebPage\",\"@id\":\"http:\/\/fusionweymax.com\/en\/vino-la-tierra-castilla\/\",\"url\":\"http:\/\/fusionweymax.com\/en\/vino-la-tierra-castilla\/\",\"name\":\"Vino de la tierra de castilla - Fusi\u00f3n Weymax\",\"isPartOf\":{\"@id\":\"http:\/\/fusionweymax.com\/#website\"},\"datePublished\":\"2017-07-20T14:38:35+00:00\",\"dateModified\":\"2017-12-01T12:53:51+00:00\",\"breadcrumb\":{\"@id\":\"http:\/\/fusionweymax.com\/en\/vino-la-tierra-castilla\/#breadcrumb\"},\"inLanguage\":\"en-US\",\"potentialAction\":[{\"@type\":\"ReadAction\",\"target\":[\"http:\/\/fusionweymax.com\/en\/vino-la-tierra-castilla\/\"]}]},{\"@type\":\"BreadcrumbList\",\"@id\":\"http:\/\/fusionweymax.com\/en\/vino-la-tierra-castilla\/#breadcrumb\",\"itemListElement\":[{\"@type\":\"ListItem\",\"position\":1,\"name\":\"Portada\",\"item\":\"https:\/\/fusionweymax.com\/en\/\"},{\"@type\":\"ListItem\",\"position\":2,\"name\":\"Vino de la tierra de castilla\"}]},{\"@type\":\"WebSite\",\"@id\":\"http:\/\/fusionweymax.com\/#website\",\"url\":\"http:\/\/fusionweymax.com\/\",\"name\":\"Fusi\u00f3n Weymax\",\"description\":\"\",\"publisher\":{\"@id\":\"http:\/\/fusionweymax.com\/#organization\"},\"potentialAction\":[{\"@type\":\"SearchAction\",\"target\":{\"@type\":\"EntryPoint\",\"urlTemplate\":\"http:\/\/fusionweymax.com\/?s={search_term_string}\"},\"query-input\":\"required name=search_term_string\"}],\"inLanguage\":\"en-US\"},{\"@type\":\"Organization\",\"@id\":\"http:\/\/fusionweymax.com\/#organization\",\"name\":\"Fusion Weymax\",\"url\":\"http:\/\/fusionweymax.com\/\",\"logo\":{\"@type\":\"ImageObject\",\"inLanguage\":\"en-US\",\"@id\":\"http:\/\/fusionweymax.com\/#\/schema\/logo\/image\/\",\"url\":\"http:\/\/fusionweymax.com\/wp-content\/uploads\/2017\/03\/fusion-weymax-logo-red@2x.png\",\"contentUrl\":\"http:\/\/fusionweymax.com\/wp-content\/uploads\/2017\/03\/fusion-weymax-logo-red@2x.png\",\"width\":450,\"height\":120,\"caption\":\"Fusion Weymax\"},\"image\":{\"@id\":\"http:\/\/fusionweymax.com\/#\/schema\/logo\/image\/\"}}]}<\/script>\n<!-- \/ Yoast SEO plugin. -->","yoast_head_json":{"title":"Vino de la tierra de castilla - Fusi\u00f3n Weymax","robots":{"index":"index","follow":"follow","max-snippet":"max-snippet:-1","max-image-preview":"max-image-preview:large","max-video-preview":"max-video-preview:-1"},"canonical":"http:\/\/fusionweymax.com\/en\/vino-la-tierra-castilla\/","og_locale":"en_US","og_type":"article","og_title":"Vino de la tierra de castilla - Fusi\u00f3n Weymax","og_description":"[vc_row][vc_column width=&#8221;1\/2&#8243;][vc_gallery interval=&#8221;3&#8243; images=&#8221;1395&#8243; img_size=&#8221;full&#8221;][\/vc_column][vc_column width=&#8221;1\/2&#8243;][vc_column_text] Castilla La Mancha es la mayor regi\u00f3n vitivin\u00edcola por excelencia, los vi\u00f1edos tienen un fuerte arraigo en la historia y cultura de los lugare\u00f1os, en el total de los 28 municipios de la zona geogr\u00e1fica, las plantaciones de vi\u00f1as ocupan m\u00e1s del 50% de la superficie. La Indicaci\u00f3n Geogr\u00e1fica [&hellip;]","og_url":"http:\/\/fusionweymax.com\/en\/vino-la-tierra-castilla\/","og_site_name":"Fusi\u00f3n Weymax","article_modified_time":"2017-12-01T12:53:51+00:00","twitter_card":"summary_large_image","twitter_misc":{"Est. reading time":"2 minutes"},"schema":{"@context":"https:\/\/schema.org","@graph":[{"@type":"WebPage","@id":"http:\/\/fusionweymax.com\/en\/vino-la-tierra-castilla\/","url":"http:\/\/fusionweymax.com\/en\/vino-la-tierra-castilla\/","name":"Vino de la tierra de castilla - Fusi\u00f3n Weymax","isPartOf":{"@id":"http:\/\/fusionweymax.com\/#website"},"datePublished":"2017-07-20T14:38:35+00:00","dateModified":"2017-12-01T12:53:51+00:00","breadcrumb":{"@id":"http:\/\/fusionweymax.com\/en\/vino-la-tierra-castilla\/#breadcrumb"},"inLanguage":"en-US","potentialAction":[{"@type":"ReadAction","target":["http:\/\/fusionweymax.com\/en\/vino-la-tierra-castilla\/"]}]},{"@type":"BreadcrumbList","@id":"http:\/\/fusionweymax.com\/en\/vino-la-tierra-castilla\/#breadcrumb","itemListElement":[{"@type":"ListItem","position":1,"name":"Portada","item":"https:\/\/fusionweymax.com\/en\/"},{"@type":"ListItem","position":2,"name":"Vino de la tierra de castilla"}]},{"@type":"WebSite","@id":"http:\/\/fusionweymax.com\/#website","url":"http:\/\/fusionweymax.com\/","name":"Fusi\u00f3n Weymax","description":"","publisher":{"@id":"http:\/\/fusionweymax.com\/#organization"},"potentialAction":[{"@type":"SearchAction","target":{"@type":"EntryPoint","urlTemplate":"http:\/\/fusionweymax.com\/?s={search_term_string}"},"query-input":"required name=search_term_string"}],"inLanguage":"en-US"},{"@type":"Organization","@id":"http:\/\/fusionweymax.com\/#organization","name":"Fusion Weymax","url":"http:\/\/fusionweymax.com\/","logo":{"@type":"ImageObject","inLanguage":"en-US","@id":"http:\/\/fusionweymax.com\/#\/schema\/logo\/image\/","url":"http:\/\/fusionweymax.com\/wp-content\/uploads\/2017\/03\/fusion-weymax-logo-red@2x.png","contentUrl":"http:\/\/fusionweymax.com\/wp-content\/uploads\/2017\/03\/fusion-weymax-logo-red@2x.png","width":450,"height":120,"caption":"Fusion Weymax"},"image":{"@id":"http:\/\/fusionweymax.com\/#\/schema\/logo\/image\/"}}]}},"_links":{"self":[{"href":"http:\/\/fusionweymax.com\/en\/wp-json\/wp\/v2\/pages\/1734"}],"collection":[{"href":"http:\/\/fusionweymax.com\/en\/wp-json\/wp\/v2\/pages"}],"about":[{"href":"http:\/\/fusionweymax.com\/en\/wp-json\/wp\/v2\/types\/page"}],"author":[{"embeddable":true,"href":"http:\/\/fusionweymax.com\/en\/wp-json\/wp\/v2\/users\/5"}],"replies":[{"embeddable":true,"href":"http:\/\/fusionweymax.com\/en\/wp-json\/wp\/v2\/comments?post=1734"}],"version-history":[{"count":2,"href":"http:\/\/fusionweymax.com\/en\/wp-json\/wp\/v2\/pages\/1734\/revisions"}],"predecessor-version":[{"id":2303,"href":"http:\/\/fusionweymax.com\/en\/wp-json\/wp\/v2\/pages\/1734\/revisions\/2303"}],"wp:attachment":[{"href":"http:\/\/fusionweymax.com\/en\/wp-json\/wp\/v2\/media?parent=1734"}],"curies":[{"name":"wp","href":"https:\/\/api.w.org\/{rel}","templated":true}]}}