{"id":1741,"date":"2017-07-20T16:49:44","date_gmt":"2017-07-20T14:49:44","guid":{"rendered":"http:\/\/fusionweymax.com\/jumilla\/"},"modified":"2017-07-20T16:49:44","modified_gmt":"2017-07-20T14:49:44","slug":"jumilla","status":"publish","type":"page","link":"http:\/\/fusionweymax.com\/en\/jumilla\/","title":{"rendered":"Jumilla"},"content":{"rendered":"[vc_row][vc_column width=&#8221;1\/2&#8243;][vc_gallery interval=&#8221;3&#8243; images=&#8221;1391&#8243; img_size=&#8221;full&#8221;][\/vc_column][vc_column width=&#8221;1\/2&#8243;][vc_column_text]\n<p class=\"p1\"><b><\/b><span class=\"s1\" style=\"color: #000000;\">La Denominaci\u00f3n de Origen Jumilla se cre\u00f3 en 1966, con alrededor de 41.700 hect\u00e1reas de cultivo y localiz\u00e1ndose entre Murcia y Albacete.<\/span><\/p>\n<p class=\"p2\"><span class=\"s1\" style=\"color: #000000;\">El 80% de los vi\u00f1edos cultivan la tinta Monastrell, esta variedad es noble, resistente, austera y sufrida, con uvas y racimo peque\u00f1o, oscuros en coloraci\u00f3n y con gran riqueza de az\u00facares.<\/span><\/p>\n<p class=\"p2\"><span class=\"s1\" style=\"color: #000000;\">Entre las tintas tambi\u00e9n se cultivan Cabernet Sauvignon, Garnacha y Cenc\u00edbel, las variedades blancas son mucho menos extendidas como el Air\u00e9n y Macabeo.<\/span><\/p>\n<p class=\"p2\"><span class=\"s1\" style=\"color: #000000;\">Los vinos elaborados son directos, j\u00f3venes, con maceraci\u00f3n carb\u00f3nica en ocasiones y con moderadas crianzas.<\/span><\/p>\n<p class=\"p2\"><span class=\"s1\" style=\"color: #000000;\">El clima es Mediterr\u00e1neo Continental influenciado ocasionalmente por vientos procedentes del Mediterr\u00e1neo suavizan el clima Continental, denota el contraste t\u00e9rmico, en los meses de Julio y Agosto los m\u00e1ximos rondan los cuarenta grados y los m\u00ednimos durante el invierno suelen estar por debajo de cero.<\/span><\/p>\n[\/vc_column_text][\/vc_column][\/vc_row]\n","protected":false},"excerpt":{"rendered":"<p>[vc_row][vc_column width=&#8221;1\/2&#8243;][vc_gallery interval=&#8221;3&#8243; images=&#8221;1391&#8243; img_size=&#8221;full&#8221;][\/vc_column][vc_column width=&#8221;1\/2&#8243;][vc_column_text] La Denominaci\u00f3n de Origen Jumilla se cre\u00f3 en 1966, con alrededor de 41.700 hect\u00e1reas de cultivo y localiz\u00e1ndose entre Murcia y Albacete. El 80% de los vi\u00f1edos cultivan la tinta Monastrell, esta variedad es noble, resistente, austera y sufrida, con uvas y racimo peque\u00f1o, oscuros en coloraci\u00f3n y con [&hellip;]<\/p>\n","protected":false},"author":5,"featured_media":0,"parent":0,"menu_order":0,"comment_status":"closed","ping_status":"closed","template":"","meta":[],"yoast_head":"<!-- This site is optimized with the Yoast SEO plugin v20.8 - https:\/\/yoast.com\/wordpress\/plugins\/seo\/ -->\n<title>Jumilla - Fusi\u00f3n Weymax<\/title>\n<meta name=\"robots\" content=\"index, follow, max-snippet:-1, max-image-preview:large, max-video-preview:-1\" \/>\n<link rel=\"canonical\" href=\"http:\/\/fusionweymax.com\/en\/jumilla\/\" \/>\n<meta property=\"og:locale\" content=\"en_US\" \/>\n<meta property=\"og:type\" content=\"article\" \/>\n<meta property=\"og:title\" content=\"Jumilla - Fusi\u00f3n Weymax\" \/>\n<meta property=\"og:description\" content=\"[vc_row][vc_column width=&#8221;1\/2&#8243;][vc_gallery interval=&#8221;3&#8243; images=&#8221;1391&#8243; img_size=&#8221;full&#8221;][\/vc_column][vc_column width=&#8221;1\/2&#8243;][vc_column_text] La Denominaci\u00f3n de Origen Jumilla se cre\u00f3 en 1966, con alrededor de 41.700 hect\u00e1reas de cultivo y localiz\u00e1ndose entre Murcia y Albacete. El 80% de los vi\u00f1edos cultivan la tinta Monastrell, esta variedad es noble, resistente, austera y sufrida, con uvas y racimo peque\u00f1o, oscuros en coloraci\u00f3n y con [&hellip;]\" \/>\n<meta property=\"og:url\" content=\"http:\/\/fusionweymax.com\/en\/jumilla\/\" \/>\n<meta property=\"og:site_name\" content=\"Fusi\u00f3n Weymax\" \/>\n<meta name=\"twitter:card\" content=\"summary_large_image\" \/>\n<meta name=\"twitter:label1\" content=\"Est. reading time\" \/>\n\t<meta name=\"twitter:data1\" content=\"1 minute\" \/>\n<script type=\"application\/ld+json\" class=\"yoast-schema-graph\">{\"@context\":\"https:\/\/schema.org\",\"@graph\":[{\"@type\":\"WebPage\",\"@id\":\"http:\/\/fusionweymax.com\/en\/jumilla\/\",\"url\":\"http:\/\/fusionweymax.com\/en\/jumilla\/\",\"name\":\"Jumilla - Fusi\u00f3n Weymax\",\"isPartOf\":{\"@id\":\"http:\/\/fusionweymax.com\/en\/#website\"},\"datePublished\":\"2017-07-20T14:49:44+00:00\",\"dateModified\":\"2017-07-20T14:49:44+00:00\",\"breadcrumb\":{\"@id\":\"http:\/\/fusionweymax.com\/en\/jumilla\/#breadcrumb\"},\"inLanguage\":\"en-US\",\"potentialAction\":[{\"@type\":\"ReadAction\",\"target\":[\"http:\/\/fusionweymax.com\/en\/jumilla\/\"]}]},{\"@type\":\"BreadcrumbList\",\"@id\":\"http:\/\/fusionweymax.com\/en\/jumilla\/#breadcrumb\",\"itemListElement\":[{\"@type\":\"ListItem\",\"position\":1,\"name\":\"Portada\",\"item\":\"http:\/\/fusionweymax.com\/en\/\"},{\"@type\":\"ListItem\",\"position\":2,\"name\":\"Jumilla\"}]},{\"@type\":\"WebSite\",\"@id\":\"http:\/\/fusionweymax.com\/en\/#website\",\"url\":\"http:\/\/fusionweymax.com\/en\/\",\"name\":\"Fusi\u00f3n Weymax\",\"description\":\"\",\"publisher\":{\"@id\":\"http:\/\/fusionweymax.com\/en\/#organization\"},\"potentialAction\":[{\"@type\":\"SearchAction\",\"target\":{\"@type\":\"EntryPoint\",\"urlTemplate\":\"http:\/\/fusionweymax.com\/en\/?s={search_term_string}\"},\"query-input\":\"required name=search_term_string\"}],\"inLanguage\":\"en-US\"},{\"@type\":\"Organization\",\"@id\":\"http:\/\/fusionweymax.com\/en\/#organization\",\"name\":\"Fusion Weymax\",\"url\":\"http:\/\/fusionweymax.com\/en\/\",\"logo\":{\"@type\":\"ImageObject\",\"inLanguage\":\"en-US\",\"@id\":\"http:\/\/fusionweymax.com\/en\/#\/schema\/logo\/image\/\",\"url\":\"http:\/\/fusionweymax.com\/wp-content\/uploads\/2017\/03\/fusion-weymax-logo-red@2x.png\",\"contentUrl\":\"http:\/\/fusionweymax.com\/wp-content\/uploads\/2017\/03\/fusion-weymax-logo-red@2x.png\",\"width\":450,\"height\":120,\"caption\":\"Fusion Weymax\"},\"image\":{\"@id\":\"http:\/\/fusionweymax.com\/en\/#\/schema\/logo\/image\/\"}}]}<\/script>\n<!-- \/ Yoast SEO plugin. -->","yoast_head_json":{"title":"Jumilla - Fusi\u00f3n Weymax","robots":{"index":"index","follow":"follow","max-snippet":"max-snippet:-1","max-image-preview":"max-image-preview:large","max-video-preview":"max-video-preview:-1"},"canonical":"http:\/\/fusionweymax.com\/en\/jumilla\/","og_locale":"en_US","og_type":"article","og_title":"Jumilla - Fusi\u00f3n Weymax","og_description":"[vc_row][vc_column width=&#8221;1\/2&#8243;][vc_gallery interval=&#8221;3&#8243; images=&#8221;1391&#8243; img_size=&#8221;full&#8221;][\/vc_column][vc_column width=&#8221;1\/2&#8243;][vc_column_text] La Denominaci\u00f3n de Origen Jumilla se cre\u00f3 en 1966, con alrededor de 41.700 hect\u00e1reas de cultivo y localiz\u00e1ndose entre Murcia y Albacete. El 80% de los vi\u00f1edos cultivan la tinta Monastrell, esta variedad es noble, resistente, austera y sufrida, con uvas y racimo peque\u00f1o, oscuros en coloraci\u00f3n y con [&hellip;]","og_url":"http:\/\/fusionweymax.com\/en\/jumilla\/","og_site_name":"Fusi\u00f3n Weymax","twitter_card":"summary_large_image","twitter_misc":{"Est. reading time":"1 minute"},"schema":{"@context":"https:\/\/schema.org","@graph":[{"@type":"WebPage","@id":"http:\/\/fusionweymax.com\/en\/jumilla\/","url":"http:\/\/fusionweymax.com\/en\/jumilla\/","name":"Jumilla - Fusi\u00f3n Weymax","isPartOf":{"@id":"http:\/\/fusionweymax.com\/en\/#website"},"datePublished":"2017-07-20T14:49:44+00:00","dateModified":"2017-07-20T14:49:44+00:00","breadcrumb":{"@id":"http:\/\/fusionweymax.com\/en\/jumilla\/#breadcrumb"},"inLanguage":"en-US","potentialAction":[{"@type":"ReadAction","target":["http:\/\/fusionweymax.com\/en\/jumilla\/"]}]},{"@type":"BreadcrumbList","@id":"http:\/\/fusionweymax.com\/en\/jumilla\/#breadcrumb","itemListElement":[{"@type":"ListItem","position":1,"name":"Portada","item":"http:\/\/fusionweymax.com\/en\/"},{"@type":"ListItem","position":2,"name":"Jumilla"}]},{"@type":"WebSite","@id":"http:\/\/fusionweymax.com\/en\/#website","url":"http:\/\/fusionweymax.com\/en\/","name":"Fusi\u00f3n Weymax","description":"","publisher":{"@id":"http:\/\/fusionweymax.com\/en\/#organization"},"potentialAction":[{"@type":"SearchAction","target":{"@type":"EntryPoint","urlTemplate":"http:\/\/fusionweymax.com\/en\/?s={search_term_string}"},"query-input":"required name=search_term_string"}],"inLanguage":"en-US"},{"@type":"Organization","@id":"http:\/\/fusionweymax.com\/en\/#organization","name":"Fusion Weymax","url":"http:\/\/fusionweymax.com\/en\/","logo":{"@type":"ImageObject","inLanguage":"en-US","@id":"http:\/\/fusionweymax.com\/en\/#\/schema\/logo\/image\/","url":"http:\/\/fusionweymax.com\/wp-content\/uploads\/2017\/03\/fusion-weymax-logo-red@2x.png","contentUrl":"http:\/\/fusionweymax.com\/wp-content\/uploads\/2017\/03\/fusion-weymax-logo-red@2x.png","width":450,"height":120,"caption":"Fusion Weymax"},"image":{"@id":"http:\/\/fusionweymax.com\/en\/#\/schema\/logo\/image\/"}}]}},"_links":{"self":[{"href":"http:\/\/fusionweymax.com\/en\/wp-json\/wp\/v2\/pages\/1741"}],"collection":[{"href":"http:\/\/fusionweymax.com\/en\/wp-json\/wp\/v2\/pages"}],"about":[{"href":"http:\/\/fusionweymax.com\/en\/wp-json\/wp\/v2\/types\/page"}],"author":[{"embeddable":true,"href":"http:\/\/fusionweymax.com\/en\/wp-json\/wp\/v2\/users\/5"}],"replies":[{"embeddable":true,"href":"http:\/\/fusionweymax.com\/en\/wp-json\/wp\/v2\/comments?post=1741"}],"version-history":[{"count":0,"href":"http:\/\/fusionweymax.com\/en\/wp-json\/wp\/v2\/pages\/1741\/revisions"}],"wp:attachment":[{"href":"http:\/\/fusionweymax.com\/en\/wp-json\/wp\/v2\/media?parent=1741"}],"curies":[{"name":"wp","href":"https:\/\/api.w.org\/{rel}","templated":true}]}}