{"id":1742,"date":"2017-07-20T16:49:01","date_gmt":"2017-07-20T14:49:01","guid":{"rendered":"http:\/\/fusionweymax.com\/ribera-del-duero\/"},"modified":"2017-07-20T16:49:01","modified_gmt":"2017-07-20T14:49:01","slug":"ribera-del-duero","status":"publish","type":"page","link":"http:\/\/fusionweymax.com\/en\/ribera-del-duero\/","title":{"rendered":"Ribera del Duero"},"content":{"rendered":"[vc_row][vc_column width=&#8221;1\/2&#8243;][vc_gallery interval=&#8221;3&#8243; images=&#8221;1370&#8243; img_size=&#8221;full&#8221;][\/vc_column][vc_column width=&#8221;1\/2&#8243;][vc_column_text]\n<p class=\"p1\"><b><\/b><span class=\"s1\" style=\"color: #000000;\">La Denominaci\u00f3n de Origen Ribera del Duero est\u00e1 localizada en la Comunidad Aut\u00f3noma de Castilla y Le\u00f3n, abarcando 4 provincias: Segovia, Valladolid, Soria y Burgos. El rio Duero cruza toda el \u00e1rea vin\u00edcola con 35km de anchura y aproximadamente 115km de longitud.<\/span><\/p>\n<p class=\"p2\"><span class=\"s1\" style=\"color: #000000;\">Los vinos reconocidos por esta denominaci\u00f3n son los m\u00e1s longevos, desde rosados, tintos j\u00f3venes a envejecidos.<\/span><\/p>\n<p class=\"p2\"><span class=\"s1\" style=\"color: #000000;\">La principal variedad de uva es el Tempranillo, que en esta zona es conocido tambi\u00e9n como Tinta del pa\u00eds, habiendo otras variedades permitidas como son: Garnacha, Merlot, Cabernet Sauvignon, etc.<\/span><\/p>\n<p class=\"p2\"><span class=\"s1\" style=\"color: #000000;\">La variedad Tempranillo es el tipo de uva por excelencia de la zona, convirti\u00e9ndose en uva aut\u00f3ctona tras la adaptaci\u00f3n de su producci\u00f3n en la mayor parte de las zonas de cultivo, como resultado de conferir unas condiciones especiales se obtienen vinos exquisitamente finos y de guarda, caracter\u00edsticas bien preciadas por los consumidores desde siglos atr\u00e1s y que a d\u00eda de hoy se ha expandido dicha reputaci\u00f3n por el resto del mundo.<\/span><\/p>\n[\/vc_column_text][\/vc_column][\/vc_row]\n","protected":false},"excerpt":{"rendered":"<p>[vc_row][vc_column width=&#8221;1\/2&#8243;][vc_gallery interval=&#8221;3&#8243; images=&#8221;1370&#8243; img_size=&#8221;full&#8221;][\/vc_column][vc_column width=&#8221;1\/2&#8243;][vc_column_text] La Denominaci\u00f3n de Origen Ribera del Duero est\u00e1 localizada en la Comunidad Aut\u00f3noma de Castilla y Le\u00f3n, abarcando 4 provincias: Segovia, Valladolid, Soria y Burgos. El rio Duero cruza toda el \u00e1rea vin\u00edcola con 35km de anchura y aproximadamente 115km de longitud. Los vinos reconocidos por esta denominaci\u00f3n son [&hellip;]<\/p>\n","protected":false},"author":5,"featured_media":0,"parent":0,"menu_order":0,"comment_status":"closed","ping_status":"closed","template":"","meta":[],"yoast_head":"<!-- This site is optimized with the Yoast SEO plugin v20.8 - https:\/\/yoast.com\/wordpress\/plugins\/seo\/ -->\n<title>Ribera del Duero - Fusi\u00f3n Weymax<\/title>\n<meta name=\"robots\" content=\"index, follow, max-snippet:-1, max-image-preview:large, max-video-preview:-1\" \/>\n<link rel=\"canonical\" href=\"http:\/\/fusionweymax.com\/en\/ribera-del-duero\/\" \/>\n<meta property=\"og:locale\" content=\"en_US\" \/>\n<meta property=\"og:type\" content=\"article\" \/>\n<meta property=\"og:title\" content=\"Ribera del Duero - Fusi\u00f3n Weymax\" \/>\n<meta property=\"og:description\" content=\"[vc_row][vc_column width=&#8221;1\/2&#8243;][vc_gallery interval=&#8221;3&#8243; images=&#8221;1370&#8243; img_size=&#8221;full&#8221;][\/vc_column][vc_column width=&#8221;1\/2&#8243;][vc_column_text] La Denominaci\u00f3n de Origen Ribera del Duero est\u00e1 localizada en la Comunidad Aut\u00f3noma de Castilla y Le\u00f3n, abarcando 4 provincias: Segovia, Valladolid, Soria y Burgos. El rio Duero cruza toda el \u00e1rea vin\u00edcola con 35km de anchura y aproximadamente 115km de longitud. Los vinos reconocidos por esta denominaci\u00f3n son [&hellip;]\" \/>\n<meta property=\"og:url\" content=\"http:\/\/fusionweymax.com\/en\/ribera-del-duero\/\" \/>\n<meta property=\"og:site_name\" content=\"Fusi\u00f3n Weymax\" \/>\n<meta name=\"twitter:card\" content=\"summary_large_image\" \/>\n<meta name=\"twitter:label1\" content=\"Est. reading time\" \/>\n\t<meta name=\"twitter:data1\" content=\"1 minute\" \/>\n<script type=\"application\/ld+json\" class=\"yoast-schema-graph\">{\"@context\":\"https:\/\/schema.org\",\"@graph\":[{\"@type\":\"WebPage\",\"@id\":\"http:\/\/fusionweymax.com\/en\/ribera-del-duero\/\",\"url\":\"http:\/\/fusionweymax.com\/en\/ribera-del-duero\/\",\"name\":\"Ribera del Duero - Fusi\u00f3n Weymax\",\"isPartOf\":{\"@id\":\"https:\/\/fusionweymax.com\/zh-hans\/#website\"},\"datePublished\":\"2017-07-20T14:49:01+00:00\",\"dateModified\":\"2017-07-20T14:49:01+00:00\",\"breadcrumb\":{\"@id\":\"http:\/\/fusionweymax.com\/en\/ribera-del-duero\/#breadcrumb\"},\"inLanguage\":\"en-US\",\"potentialAction\":[{\"@type\":\"ReadAction\",\"target\":[\"http:\/\/fusionweymax.com\/en\/ribera-del-duero\/\"]}]},{\"@type\":\"BreadcrumbList\",\"@id\":\"http:\/\/fusionweymax.com\/en\/ribera-del-duero\/#breadcrumb\",\"itemListElement\":[{\"@type\":\"ListItem\",\"position\":1,\"name\":\"Portada\",\"item\":\"https:\/\/fusionweymax.com\/en\/\"},{\"@type\":\"ListItem\",\"position\":2,\"name\":\"Ribera del Duero\"}]},{\"@type\":\"WebSite\",\"@id\":\"https:\/\/fusionweymax.com\/zh-hans\/#website\",\"url\":\"https:\/\/fusionweymax.com\/zh-hans\/\",\"name\":\"Fusi\u00f3n Weymax\",\"description\":\"\",\"publisher\":{\"@id\":\"https:\/\/fusionweymax.com\/zh-hans\/#organization\"},\"potentialAction\":[{\"@type\":\"SearchAction\",\"target\":{\"@type\":\"EntryPoint\",\"urlTemplate\":\"https:\/\/fusionweymax.com\/zh-hans\/?s={search_term_string}\"},\"query-input\":\"required name=search_term_string\"}],\"inLanguage\":\"en-US\"},{\"@type\":\"Organization\",\"@id\":\"https:\/\/fusionweymax.com\/zh-hans\/#organization\",\"name\":\"Fusion Weymax\",\"url\":\"https:\/\/fusionweymax.com\/zh-hans\/\",\"logo\":{\"@type\":\"ImageObject\",\"inLanguage\":\"en-US\",\"@id\":\"https:\/\/fusionweymax.com\/zh-hans\/#\/schema\/logo\/image\/\",\"url\":\"http:\/\/fusionweymax.com\/wp-content\/uploads\/2017\/03\/fusion-weymax-logo-red@2x.png\",\"contentUrl\":\"http:\/\/fusionweymax.com\/wp-content\/uploads\/2017\/03\/fusion-weymax-logo-red@2x.png\",\"width\":450,\"height\":120,\"caption\":\"Fusion Weymax\"},\"image\":{\"@id\":\"https:\/\/fusionweymax.com\/zh-hans\/#\/schema\/logo\/image\/\"}}]}<\/script>\n<!-- \/ Yoast SEO plugin. -->","yoast_head_json":{"title":"Ribera del Duero - Fusi\u00f3n Weymax","robots":{"index":"index","follow":"follow","max-snippet":"max-snippet:-1","max-image-preview":"max-image-preview:large","max-video-preview":"max-video-preview:-1"},"canonical":"http:\/\/fusionweymax.com\/en\/ribera-del-duero\/","og_locale":"en_US","og_type":"article","og_title":"Ribera del Duero - Fusi\u00f3n Weymax","og_description":"[vc_row][vc_column width=&#8221;1\/2&#8243;][vc_gallery interval=&#8221;3&#8243; images=&#8221;1370&#8243; img_size=&#8221;full&#8221;][\/vc_column][vc_column width=&#8221;1\/2&#8243;][vc_column_text] La Denominaci\u00f3n de Origen Ribera del Duero est\u00e1 localizada en la Comunidad Aut\u00f3noma de Castilla y Le\u00f3n, abarcando 4 provincias: Segovia, Valladolid, Soria y Burgos. El rio Duero cruza toda el \u00e1rea vin\u00edcola con 35km de anchura y aproximadamente 115km de longitud. Los vinos reconocidos por esta denominaci\u00f3n son [&hellip;]","og_url":"http:\/\/fusionweymax.com\/en\/ribera-del-duero\/","og_site_name":"Fusi\u00f3n Weymax","twitter_card":"summary_large_image","twitter_misc":{"Est. reading time":"1 minute"},"schema":{"@context":"https:\/\/schema.org","@graph":[{"@type":"WebPage","@id":"http:\/\/fusionweymax.com\/en\/ribera-del-duero\/","url":"http:\/\/fusionweymax.com\/en\/ribera-del-duero\/","name":"Ribera del Duero - Fusi\u00f3n Weymax","isPartOf":{"@id":"https:\/\/fusionweymax.com\/zh-hans\/#website"},"datePublished":"2017-07-20T14:49:01+00:00","dateModified":"2017-07-20T14:49:01+00:00","breadcrumb":{"@id":"http:\/\/fusionweymax.com\/en\/ribera-del-duero\/#breadcrumb"},"inLanguage":"en-US","potentialAction":[{"@type":"ReadAction","target":["http:\/\/fusionweymax.com\/en\/ribera-del-duero\/"]}]},{"@type":"BreadcrumbList","@id":"http:\/\/fusionweymax.com\/en\/ribera-del-duero\/#breadcrumb","itemListElement":[{"@type":"ListItem","position":1,"name":"Portada","item":"https:\/\/fusionweymax.com\/en\/"},{"@type":"ListItem","position":2,"name":"Ribera del Duero"}]},{"@type":"WebSite","@id":"https:\/\/fusionweymax.com\/zh-hans\/#website","url":"https:\/\/fusionweymax.com\/zh-hans\/","name":"Fusi\u00f3n Weymax","description":"","publisher":{"@id":"https:\/\/fusionweymax.com\/zh-hans\/#organization"},"potentialAction":[{"@type":"SearchAction","target":{"@type":"EntryPoint","urlTemplate":"https:\/\/fusionweymax.com\/zh-hans\/?s={search_term_string}"},"query-input":"required name=search_term_string"}],"inLanguage":"en-US"},{"@type":"Organization","@id":"https:\/\/fusionweymax.com\/zh-hans\/#organization","name":"Fusion Weymax","url":"https:\/\/fusionweymax.com\/zh-hans\/","logo":{"@type":"ImageObject","inLanguage":"en-US","@id":"https:\/\/fusionweymax.com\/zh-hans\/#\/schema\/logo\/image\/","url":"http:\/\/fusionweymax.com\/wp-content\/uploads\/2017\/03\/fusion-weymax-logo-red@2x.png","contentUrl":"http:\/\/fusionweymax.com\/wp-content\/uploads\/2017\/03\/fusion-weymax-logo-red@2x.png","width":450,"height":120,"caption":"Fusion Weymax"},"image":{"@id":"https:\/\/fusionweymax.com\/zh-hans\/#\/schema\/logo\/image\/"}}]}},"_links":{"self":[{"href":"http:\/\/fusionweymax.com\/en\/wp-json\/wp\/v2\/pages\/1742"}],"collection":[{"href":"http:\/\/fusionweymax.com\/en\/wp-json\/wp\/v2\/pages"}],"about":[{"href":"http:\/\/fusionweymax.com\/en\/wp-json\/wp\/v2\/types\/page"}],"author":[{"embeddable":true,"href":"http:\/\/fusionweymax.com\/en\/wp-json\/wp\/v2\/users\/5"}],"replies":[{"embeddable":true,"href":"http:\/\/fusionweymax.com\/en\/wp-json\/wp\/v2\/comments?post=1742"}],"version-history":[{"count":0,"href":"http:\/\/fusionweymax.com\/en\/wp-json\/wp\/v2\/pages\/1742\/revisions"}],"wp:attachment":[{"href":"http:\/\/fusionweymax.com\/en\/wp-json\/wp\/v2\/media?parent=1742"}],"curies":[{"name":"wp","href":"https:\/\/api.w.org\/{rel}","templated":true}]}}