{"id":1743,"date":"2017-07-20T16:48:08","date_gmt":"2017-07-20T14:48:08","guid":{"rendered":"http:\/\/fusionweymax.com\/rioja\/"},"modified":"2017-07-20T16:48:08","modified_gmt":"2017-07-20T14:48:08","slug":"rioja","status":"publish","type":"page","link":"http:\/\/fusionweymax.com\/en\/rioja\/","title":{"rendered":"Rioja"},"content":{"rendered":"[vc_row][vc_column width=&#8221;1\/2&#8243;][vc_gallery interval=&#8221;3&#8243; images=&#8221;1374&#8243; img_size=&#8221;full&#8221;][\/vc_column][vc_column width=&#8221;1\/2&#8243;][vc_column_text]\n<p class=\"p1\"><span class=\"s1\" style=\"color: #000000;\">El Consejo Regulador de los vinos en La Rioja fue fundado en el a\u00f1o 1926 y constituy\u00f3 las bases del actual \u201cDenominaci\u00f3n de Origen Rioja\u201d. Los objetivos principales son garantizar la calidad de los vinos con un minucioso control del origen, estos prop\u00f3sitos se consiguen mediante la demarcaci\u00f3n de las zonas de producci\u00f3n y el uso de t\u00e9cnicas de cultivo y elaboraci\u00f3n espec\u00edficas sobre variedades de uvas limitadas.<\/span><\/p>\n<p class=\"p2\"><span class=\"s1\" style=\"color: #000000;\">En los a\u00f1os 80 se comenzaron a controlar las etiquetas y contraetiquetas y las cosechas empezaron a ser calificadas, garantizando la calidad de los vinos con procedencia Rioja a los consumidores.<\/span><\/p>\n<p class=\"p2\"><span class=\"s1\" style=\"color: #000000;\">La obtenci\u00f3n de la categor\u00eda \u201cCalificada\u201d de la Denominaci\u00f3n de Origen Rioja permite asegurar al m\u00e1ximo el control de los vinos de esta procedencia.<\/span><\/p>\n<p class=\"p2\"><span class=\"s1\" style=\"color: #000000;\">El Rio Ebro cruza toda la zona de producci\u00f3n de Rioja, esta regi\u00f3n es apropiado por naturaleza para el cultivo de la vid, el suelo es arcilloso-calc\u00e1reo en las zonas altas y arcilloso-ferrosas en las zonas pr\u00f3ximas al r\u00edo.<\/span><\/p>\n<p class=\"p2\"><span class=\"s1\" style=\"color: #000000;\">El clima Mediterr\u00e1neo propio del valle del Ebro combinado con el clima atl\u00e1ntico, favorecen los cultivos de las vi\u00f1as ya que este especial entorno clim\u00e1tico proporciona temperaturas suaves a lo largo de todo el a\u00f1o, con lluvias estables y sol en verano.<\/span><\/p>\n[\/vc_column_text][\/vc_column][\/vc_row]\n","protected":false},"excerpt":{"rendered":"<p>[vc_row][vc_column width=&#8221;1\/2&#8243;][vc_gallery interval=&#8221;3&#8243; images=&#8221;1374&#8243; img_size=&#8221;full&#8221;][\/vc_column][vc_column width=&#8221;1\/2&#8243;][vc_column_text] El Consejo Regulador de los vinos en La Rioja fue fundado en el a\u00f1o 1926 y constituy\u00f3 las bases del actual \u201cDenominaci\u00f3n de Origen Rioja\u201d. Los objetivos principales son garantizar la calidad de los vinos con un minucioso control del origen, estos prop\u00f3sitos se consiguen mediante la demarcaci\u00f3n de [&hellip;]<\/p>\n","protected":false},"author":5,"featured_media":0,"parent":0,"menu_order":0,"comment_status":"closed","ping_status":"closed","template":"","meta":[],"yoast_head":"<!-- This site is optimized with the Yoast SEO plugin v20.8 - https:\/\/yoast.com\/wordpress\/plugins\/seo\/ -->\n<title>Rioja - Fusi\u00f3n Weymax<\/title>\n<meta name=\"robots\" content=\"index, follow, max-snippet:-1, max-image-preview:large, max-video-preview:-1\" \/>\n<link rel=\"canonical\" href=\"https:\/\/fusionweymax.com\/en\/rioja\/\" \/>\n<meta property=\"og:locale\" content=\"en_US\" \/>\n<meta property=\"og:type\" content=\"article\" \/>\n<meta property=\"og:title\" content=\"Rioja - Fusi\u00f3n Weymax\" \/>\n<meta property=\"og:description\" content=\"[vc_row][vc_column width=&#8221;1\/2&#8243;][vc_gallery interval=&#8221;3&#8243; images=&#8221;1374&#8243; img_size=&#8221;full&#8221;][\/vc_column][vc_column width=&#8221;1\/2&#8243;][vc_column_text] El Consejo Regulador de los vinos en La Rioja fue fundado en el a\u00f1o 1926 y constituy\u00f3 las bases del actual \u201cDenominaci\u00f3n de Origen Rioja\u201d. Los objetivos principales son garantizar la calidad de los vinos con un minucioso control del origen, estos prop\u00f3sitos se consiguen mediante la demarcaci\u00f3n de [&hellip;]\" \/>\n<meta property=\"og:url\" content=\"https:\/\/fusionweymax.com\/en\/rioja\/\" \/>\n<meta property=\"og:site_name\" content=\"Fusi\u00f3n Weymax\" \/>\n<meta name=\"twitter:card\" content=\"summary_large_image\" \/>\n<meta name=\"twitter:label1\" content=\"Est. reading time\" \/>\n\t<meta name=\"twitter:data1\" content=\"1 minute\" \/>\n<script type=\"application\/ld+json\" class=\"yoast-schema-graph\">{\"@context\":\"https:\/\/schema.org\",\"@graph\":[{\"@type\":\"WebPage\",\"@id\":\"https:\/\/fusionweymax.com\/en\/rioja\/\",\"url\":\"https:\/\/fusionweymax.com\/en\/rioja\/\",\"name\":\"Rioja - Fusi\u00f3n Weymax\",\"isPartOf\":{\"@id\":\"http:\/\/fusionweymax.com\/#website\"},\"datePublished\":\"2017-07-20T14:48:08+00:00\",\"dateModified\":\"2017-07-20T14:48:08+00:00\",\"breadcrumb\":{\"@id\":\"https:\/\/fusionweymax.com\/en\/rioja\/#breadcrumb\"},\"inLanguage\":\"en-US\",\"potentialAction\":[{\"@type\":\"ReadAction\",\"target\":[\"https:\/\/fusionweymax.com\/en\/rioja\/\"]}]},{\"@type\":\"BreadcrumbList\",\"@id\":\"https:\/\/fusionweymax.com\/en\/rioja\/#breadcrumb\",\"itemListElement\":[{\"@type\":\"ListItem\",\"position\":1,\"name\":\"Portada\",\"item\":\"http:\/\/fusionweymax.com\/en\/\"},{\"@type\":\"ListItem\",\"position\":2,\"name\":\"Rioja\"}]},{\"@type\":\"WebSite\",\"@id\":\"http:\/\/fusionweymax.com\/#website\",\"url\":\"http:\/\/fusionweymax.com\/\",\"name\":\"Fusi\u00f3n Weymax\",\"description\":\"\",\"publisher\":{\"@id\":\"http:\/\/fusionweymax.com\/#organization\"},\"potentialAction\":[{\"@type\":\"SearchAction\",\"target\":{\"@type\":\"EntryPoint\",\"urlTemplate\":\"http:\/\/fusionweymax.com\/?s={search_term_string}\"},\"query-input\":\"required name=search_term_string\"}],\"inLanguage\":\"en-US\"},{\"@type\":\"Organization\",\"@id\":\"http:\/\/fusionweymax.com\/#organization\",\"name\":\"Fusion Weymax\",\"url\":\"http:\/\/fusionweymax.com\/\",\"logo\":{\"@type\":\"ImageObject\",\"inLanguage\":\"en-US\",\"@id\":\"http:\/\/fusionweymax.com\/#\/schema\/logo\/image\/\",\"url\":\"http:\/\/fusionweymax.com\/wp-content\/uploads\/2017\/03\/fusion-weymax-logo-red@2x.png\",\"contentUrl\":\"http:\/\/fusionweymax.com\/wp-content\/uploads\/2017\/03\/fusion-weymax-logo-red@2x.png\",\"width\":450,\"height\":120,\"caption\":\"Fusion Weymax\"},\"image\":{\"@id\":\"http:\/\/fusionweymax.com\/#\/schema\/logo\/image\/\"}}]}<\/script>\n<!-- \/ Yoast SEO plugin. -->","yoast_head_json":{"title":"Rioja - Fusi\u00f3n Weymax","robots":{"index":"index","follow":"follow","max-snippet":"max-snippet:-1","max-image-preview":"max-image-preview:large","max-video-preview":"max-video-preview:-1"},"canonical":"https:\/\/fusionweymax.com\/en\/rioja\/","og_locale":"en_US","og_type":"article","og_title":"Rioja - Fusi\u00f3n Weymax","og_description":"[vc_row][vc_column width=&#8221;1\/2&#8243;][vc_gallery interval=&#8221;3&#8243; images=&#8221;1374&#8243; img_size=&#8221;full&#8221;][\/vc_column][vc_column width=&#8221;1\/2&#8243;][vc_column_text] El Consejo Regulador de los vinos en La Rioja fue fundado en el a\u00f1o 1926 y constituy\u00f3 las bases del actual \u201cDenominaci\u00f3n de Origen Rioja\u201d. Los objetivos principales son garantizar la calidad de los vinos con un minucioso control del origen, estos prop\u00f3sitos se consiguen mediante la demarcaci\u00f3n de [&hellip;]","og_url":"https:\/\/fusionweymax.com\/en\/rioja\/","og_site_name":"Fusi\u00f3n Weymax","twitter_card":"summary_large_image","twitter_misc":{"Est. reading time":"1 minute"},"schema":{"@context":"https:\/\/schema.org","@graph":[{"@type":"WebPage","@id":"https:\/\/fusionweymax.com\/en\/rioja\/","url":"https:\/\/fusionweymax.com\/en\/rioja\/","name":"Rioja - Fusi\u00f3n Weymax","isPartOf":{"@id":"http:\/\/fusionweymax.com\/#website"},"datePublished":"2017-07-20T14:48:08+00:00","dateModified":"2017-07-20T14:48:08+00:00","breadcrumb":{"@id":"https:\/\/fusionweymax.com\/en\/rioja\/#breadcrumb"},"inLanguage":"en-US","potentialAction":[{"@type":"ReadAction","target":["https:\/\/fusionweymax.com\/en\/rioja\/"]}]},{"@type":"BreadcrumbList","@id":"https:\/\/fusionweymax.com\/en\/rioja\/#breadcrumb","itemListElement":[{"@type":"ListItem","position":1,"name":"Portada","item":"http:\/\/fusionweymax.com\/en\/"},{"@type":"ListItem","position":2,"name":"Rioja"}]},{"@type":"WebSite","@id":"http:\/\/fusionweymax.com\/#website","url":"http:\/\/fusionweymax.com\/","name":"Fusi\u00f3n Weymax","description":"","publisher":{"@id":"http:\/\/fusionweymax.com\/#organization"},"potentialAction":[{"@type":"SearchAction","target":{"@type":"EntryPoint","urlTemplate":"http:\/\/fusionweymax.com\/?s={search_term_string}"},"query-input":"required name=search_term_string"}],"inLanguage":"en-US"},{"@type":"Organization","@id":"http:\/\/fusionweymax.com\/#organization","name":"Fusion Weymax","url":"http:\/\/fusionweymax.com\/","logo":{"@type":"ImageObject","inLanguage":"en-US","@id":"http:\/\/fusionweymax.com\/#\/schema\/logo\/image\/","url":"http:\/\/fusionweymax.com\/wp-content\/uploads\/2017\/03\/fusion-weymax-logo-red@2x.png","contentUrl":"http:\/\/fusionweymax.com\/wp-content\/uploads\/2017\/03\/fusion-weymax-logo-red@2x.png","width":450,"height":120,"caption":"Fusion Weymax"},"image":{"@id":"http:\/\/fusionweymax.com\/#\/schema\/logo\/image\/"}}]}},"_links":{"self":[{"href":"http:\/\/fusionweymax.com\/en\/wp-json\/wp\/v2\/pages\/1743"}],"collection":[{"href":"http:\/\/fusionweymax.com\/en\/wp-json\/wp\/v2\/pages"}],"about":[{"href":"http:\/\/fusionweymax.com\/en\/wp-json\/wp\/v2\/types\/page"}],"author":[{"embeddable":true,"href":"http:\/\/fusionweymax.com\/en\/wp-json\/wp\/v2\/users\/5"}],"replies":[{"embeddable":true,"href":"http:\/\/fusionweymax.com\/en\/wp-json\/wp\/v2\/comments?post=1743"}],"version-history":[{"count":0,"href":"http:\/\/fusionweymax.com\/en\/wp-json\/wp\/v2\/pages\/1743\/revisions"}],"wp:attachment":[{"href":"http:\/\/fusionweymax.com\/en\/wp-json\/wp\/v2\/media?parent=1743"}],"curies":[{"name":"wp","href":"https:\/\/api.w.org\/{rel}","templated":true}]}}