{"id":1746,"date":"2017-07-20T16:43:53","date_gmt":"2017-07-20T14:43:53","guid":{"rendered":"http:\/\/fusionweymax.com\/valencia\/"},"modified":"2017-07-20T16:43:53","modified_gmt":"2017-07-20T14:43:53","slug":"valencia","status":"publish","type":"page","link":"http:\/\/fusionweymax.com\/en\/valencia\/","title":{"rendered":"Valencia"},"content":{"rendered":"[vc_row][vc_column width=&#8221;1\/2&#8243;][vc_gallery interval=&#8221;3&#8243; images=&#8221;1382&#8243; img_size=&#8221;full&#8221;][\/vc_column][vc_column width=&#8221;1\/2&#8243;][vc_column_text]\n<p class=\"p1\"><span class=\"s1\" style=\"color: #000000;\">La Denominaci\u00f3n de Origen Valencia se encuentra localizada en la Comunidad Valenciana, dividida en 4 zonas: Valentino situada en la zona central de la provincia, Moscatel de Valencia \u00e1rea calurosa y soleadas con influencias del aire marino favoreciendo la obtenci\u00f3n de mostos ricos en azucar, Clariano situada al sur de la provincia de terreno abrupto y Alto Turia zona monta\u00f1osa donde los vi\u00f1edos se cultivan a alturas de 700-1000m.<\/span><\/p>\n<p class=\"p2\"><span class=\"s1\" style=\"color: #000000;\">Estas cuatro subregiones conforman la elaboraci\u00f3n de una gran variedad de vinos como pueden ser los vinos tintos, rosados, blancos, dulces, espumosos de licor, espumosos arom\u00e1ticos y rancios.<\/span><\/p>\n<p class=\"p2\"><span class=\"s1\" style=\"color: #000000;\">Las variedades de uvas tintas amparadas por la denominaci\u00f3n son: El tempranillo, Monastrell, Garnacha Tinta, Tintorera, Bobal, Cabernet Sauvignon, Forcayat, Bonicaire, Syrah, Merlot y Pinot Noir.<\/span><\/p>\n<p class=\"p2\"><span class=\"s1\" style=\"color: #000000;\">En cuanto a las blancas se contemplan la Malvas\u00eda, Planta Nova, Tortos\u00ed, Pedro Xim\u00e9nez, Verdil, Chardonnay, Macabeo y Planta Fina.<\/span><\/p>\n<p class=\"p2\"><span class=\"s1\" style=\"color: #000000;\">El clima es Mediterr\u00e1neo, con fuertes tormentas y lluvia durante las \u00e9pocas de Verano y Oto\u00f1o, las oscilaciones de temperaturas son entre 38 grados en verano y 4 grados bajo cero en invierno.<\/span><\/p>\n[\/vc_column_text][\/vc_column][\/vc_row]\n","protected":false},"excerpt":{"rendered":"<p>[vc_row][vc_column width=&#8221;1\/2&#8243;][vc_gallery interval=&#8221;3&#8243; images=&#8221;1382&#8243; img_size=&#8221;full&#8221;][\/vc_column][vc_column width=&#8221;1\/2&#8243;][vc_column_text] La Denominaci\u00f3n de Origen Valencia se encuentra localizada en la Comunidad Valenciana, dividida en 4 zonas: Valentino situada en la zona central de la provincia, Moscatel de Valencia \u00e1rea calurosa y soleadas con influencias del aire marino favoreciendo la obtenci\u00f3n de mostos ricos en azucar, Clariano situada al sur [&hellip;]<\/p>\n","protected":false},"author":5,"featured_media":0,"parent":0,"menu_order":0,"comment_status":"closed","ping_status":"closed","template":"","meta":[],"yoast_head":"<!-- This site is optimized with the Yoast SEO plugin v20.8 - https:\/\/yoast.com\/wordpress\/plugins\/seo\/ -->\n<title>Valencia - Fusi\u00f3n Weymax<\/title>\n<meta name=\"robots\" content=\"index, follow, max-snippet:-1, max-image-preview:large, max-video-preview:-1\" \/>\n<link rel=\"canonical\" href=\"http:\/\/fusionweymax.com\/en\/valencia\/\" \/>\n<meta property=\"og:locale\" content=\"en_US\" \/>\n<meta property=\"og:type\" content=\"article\" \/>\n<meta property=\"og:title\" content=\"Valencia - Fusi\u00f3n Weymax\" \/>\n<meta property=\"og:description\" content=\"[vc_row][vc_column width=&#8221;1\/2&#8243;][vc_gallery interval=&#8221;3&#8243; images=&#8221;1382&#8243; img_size=&#8221;full&#8221;][\/vc_column][vc_column width=&#8221;1\/2&#8243;][vc_column_text] La Denominaci\u00f3n de Origen Valencia se encuentra localizada en la Comunidad Valenciana, dividida en 4 zonas: Valentino situada en la zona central de la provincia, Moscatel de Valencia \u00e1rea calurosa y soleadas con influencias del aire marino favoreciendo la obtenci\u00f3n de mostos ricos en azucar, Clariano situada al sur [&hellip;]\" \/>\n<meta property=\"og:url\" content=\"http:\/\/fusionweymax.com\/en\/valencia\/\" \/>\n<meta property=\"og:site_name\" content=\"Fusi\u00f3n Weymax\" \/>\n<meta name=\"twitter:card\" content=\"summary_large_image\" \/>\n<meta name=\"twitter:label1\" content=\"Est. reading time\" \/>\n\t<meta name=\"twitter:data1\" content=\"1 minute\" \/>\n<script type=\"application\/ld+json\" class=\"yoast-schema-graph\">{\"@context\":\"https:\/\/schema.org\",\"@graph\":[{\"@type\":\"WebPage\",\"@id\":\"http:\/\/fusionweymax.com\/en\/valencia\/\",\"url\":\"http:\/\/fusionweymax.com\/en\/valencia\/\",\"name\":\"Valencia - Fusi\u00f3n Weymax\",\"isPartOf\":{\"@id\":\"http:\/\/fusionweymax.com\/en\/#website\"},\"datePublished\":\"2017-07-20T14:43:53+00:00\",\"dateModified\":\"2017-07-20T14:43:53+00:00\",\"breadcrumb\":{\"@id\":\"http:\/\/fusionweymax.com\/en\/valencia\/#breadcrumb\"},\"inLanguage\":\"en-US\",\"potentialAction\":[{\"@type\":\"ReadAction\",\"target\":[\"http:\/\/fusionweymax.com\/en\/valencia\/\"]}]},{\"@type\":\"BreadcrumbList\",\"@id\":\"http:\/\/fusionweymax.com\/en\/valencia\/#breadcrumb\",\"itemListElement\":[{\"@type\":\"ListItem\",\"position\":1,\"name\":\"Portada\",\"item\":\"http:\/\/fusionweymax.com\/en\/\"},{\"@type\":\"ListItem\",\"position\":2,\"name\":\"Valencia\"}]},{\"@type\":\"WebSite\",\"@id\":\"http:\/\/fusionweymax.com\/en\/#website\",\"url\":\"http:\/\/fusionweymax.com\/en\/\",\"name\":\"Fusi\u00f3n Weymax\",\"description\":\"\",\"publisher\":{\"@id\":\"http:\/\/fusionweymax.com\/en\/#organization\"},\"potentialAction\":[{\"@type\":\"SearchAction\",\"target\":{\"@type\":\"EntryPoint\",\"urlTemplate\":\"http:\/\/fusionweymax.com\/en\/?s={search_term_string}\"},\"query-input\":\"required name=search_term_string\"}],\"inLanguage\":\"en-US\"},{\"@type\":\"Organization\",\"@id\":\"http:\/\/fusionweymax.com\/en\/#organization\",\"name\":\"Fusion Weymax\",\"url\":\"http:\/\/fusionweymax.com\/en\/\",\"logo\":{\"@type\":\"ImageObject\",\"inLanguage\":\"en-US\",\"@id\":\"http:\/\/fusionweymax.com\/en\/#\/schema\/logo\/image\/\",\"url\":\"http:\/\/fusionweymax.com\/wp-content\/uploads\/2017\/03\/fusion-weymax-logo-red@2x.png\",\"contentUrl\":\"http:\/\/fusionweymax.com\/wp-content\/uploads\/2017\/03\/fusion-weymax-logo-red@2x.png\",\"width\":450,\"height\":120,\"caption\":\"Fusion Weymax\"},\"image\":{\"@id\":\"http:\/\/fusionweymax.com\/en\/#\/schema\/logo\/image\/\"}}]}<\/script>\n<!-- \/ Yoast SEO plugin. -->","yoast_head_json":{"title":"Valencia - Fusi\u00f3n Weymax","robots":{"index":"index","follow":"follow","max-snippet":"max-snippet:-1","max-image-preview":"max-image-preview:large","max-video-preview":"max-video-preview:-1"},"canonical":"http:\/\/fusionweymax.com\/en\/valencia\/","og_locale":"en_US","og_type":"article","og_title":"Valencia - Fusi\u00f3n Weymax","og_description":"[vc_row][vc_column width=&#8221;1\/2&#8243;][vc_gallery interval=&#8221;3&#8243; images=&#8221;1382&#8243; img_size=&#8221;full&#8221;][\/vc_column][vc_column width=&#8221;1\/2&#8243;][vc_column_text] La Denominaci\u00f3n de Origen Valencia se encuentra localizada en la Comunidad Valenciana, dividida en 4 zonas: Valentino situada en la zona central de la provincia, Moscatel de Valencia \u00e1rea calurosa y soleadas con influencias del aire marino favoreciendo la obtenci\u00f3n de mostos ricos en azucar, Clariano situada al sur [&hellip;]","og_url":"http:\/\/fusionweymax.com\/en\/valencia\/","og_site_name":"Fusi\u00f3n Weymax","twitter_card":"summary_large_image","twitter_misc":{"Est. reading time":"1 minute"},"schema":{"@context":"https:\/\/schema.org","@graph":[{"@type":"WebPage","@id":"http:\/\/fusionweymax.com\/en\/valencia\/","url":"http:\/\/fusionweymax.com\/en\/valencia\/","name":"Valencia - Fusi\u00f3n Weymax","isPartOf":{"@id":"http:\/\/fusionweymax.com\/en\/#website"},"datePublished":"2017-07-20T14:43:53+00:00","dateModified":"2017-07-20T14:43:53+00:00","breadcrumb":{"@id":"http:\/\/fusionweymax.com\/en\/valencia\/#breadcrumb"},"inLanguage":"en-US","potentialAction":[{"@type":"ReadAction","target":["http:\/\/fusionweymax.com\/en\/valencia\/"]}]},{"@type":"BreadcrumbList","@id":"http:\/\/fusionweymax.com\/en\/valencia\/#breadcrumb","itemListElement":[{"@type":"ListItem","position":1,"name":"Portada","item":"http:\/\/fusionweymax.com\/en\/"},{"@type":"ListItem","position":2,"name":"Valencia"}]},{"@type":"WebSite","@id":"http:\/\/fusionweymax.com\/en\/#website","url":"http:\/\/fusionweymax.com\/en\/","name":"Fusi\u00f3n Weymax","description":"","publisher":{"@id":"http:\/\/fusionweymax.com\/en\/#organization"},"potentialAction":[{"@type":"SearchAction","target":{"@type":"EntryPoint","urlTemplate":"http:\/\/fusionweymax.com\/en\/?s={search_term_string}"},"query-input":"required name=search_term_string"}],"inLanguage":"en-US"},{"@type":"Organization","@id":"http:\/\/fusionweymax.com\/en\/#organization","name":"Fusion Weymax","url":"http:\/\/fusionweymax.com\/en\/","logo":{"@type":"ImageObject","inLanguage":"en-US","@id":"http:\/\/fusionweymax.com\/en\/#\/schema\/logo\/image\/","url":"http:\/\/fusionweymax.com\/wp-content\/uploads\/2017\/03\/fusion-weymax-logo-red@2x.png","contentUrl":"http:\/\/fusionweymax.com\/wp-content\/uploads\/2017\/03\/fusion-weymax-logo-red@2x.png","width":450,"height":120,"caption":"Fusion Weymax"},"image":{"@id":"http:\/\/fusionweymax.com\/en\/#\/schema\/logo\/image\/"}}]}},"_links":{"self":[{"href":"http:\/\/fusionweymax.com\/en\/wp-json\/wp\/v2\/pages\/1746"}],"collection":[{"href":"http:\/\/fusionweymax.com\/en\/wp-json\/wp\/v2\/pages"}],"about":[{"href":"http:\/\/fusionweymax.com\/en\/wp-json\/wp\/v2\/types\/page"}],"author":[{"embeddable":true,"href":"http:\/\/fusionweymax.com\/en\/wp-json\/wp\/v2\/users\/5"}],"replies":[{"embeddable":true,"href":"http:\/\/fusionweymax.com\/en\/wp-json\/wp\/v2\/comments?post=1746"}],"version-history":[{"count":0,"href":"http:\/\/fusionweymax.com\/en\/wp-json\/wp\/v2\/pages\/1746\/revisions"}],"wp:attachment":[{"href":"http:\/\/fusionweymax.com\/en\/wp-json\/wp\/v2\/media?parent=1746"}],"curies":[{"name":"wp","href":"https:\/\/api.w.org\/{rel}","templated":true}]}}