{"id":1747,"date":"2017-07-20T16:50:34","date_gmt":"2017-07-20T14:50:34","guid":{"rendered":"http:\/\/fusionweymax.com\/cigales\/"},"modified":"2017-07-20T16:50:34","modified_gmt":"2017-07-20T14:50:34","slug":"cigales","status":"publish","type":"page","link":"http:\/\/fusionweymax.com\/en\/cigales\/","title":{"rendered":"Cigales"},"content":{"rendered":"[vc_row][vc_column width=&#8221;1\/2&#8243;][vc_gallery interval=&#8221;3&#8243; images=&#8221;1365&#8243; img_size=&#8221;full&#8221;][\/vc_column][vc_column width=&#8221;1\/2&#8243;][vc_column_text]\n<p class=\"p1\" style=\"text-align: left;\"><span style=\"color: #000000;\">La Denominaci\u00f3n de Origen Cigales abarca el norte de la Depresi\u00f3n del Duero, con un total de 574km2, con una latitud media de vi\u00f1edos de 750m.<\/span><\/p>\n<p class=\"p2\" style=\"text-align: left;\"><span class=\"s1\" style=\"color: #000000;\">Durante los a\u00f1os, bajo el duro trabajo de los lugare\u00f1os y la Estaci\u00f3n Enol\u00f3gica de Catilla y Le\u00f3n se ha conseguido un vino de Cigales con personalidad propia, siguiendo los gustos y exigencias del mercado actual y los consumidores. El vino t\u00edpico de Cigales se obtiene con la combinaci\u00f3n en proporciones id\u00f3neas de uvas blancas como son el Verdejo, Sauvignon Blanc y el albari\u00f1o junto a variedades tintas como son el garnacha y el merlot.<\/span><\/p>\n<p class=\"p2\" style=\"text-align: left;\"><span class=\"s1\" style=\"color: #000000;\">Cigales era conocido principalmente por sus vinos rosados. A partir del a\u00f1o 1985 las vi\u00f1as han sido transformadas poco a poco para adaptarse a la Denominaci\u00f3n de Origen teniendo producciones tambi\u00e9n de vino tinto.<\/span><\/p>\n<p class=\"p2\" style=\"text-align: left;\"><span class=\"s1\" style=\"color: #000000;\">Las variedades que se cultivan principalmente son Tinta del Pa\u00eds, muy similar a la variedad tempranillo, ocupando un 57% del total de la superficie cultivable, la Garnacha ocupa el segundo lugar con un 32%. Por tipo de producto podemos identificar dos grandes grupos, los rosados, muy frescos y aromatizados y los tintos, muy amplios en boca y con un peculiar retrogusto nasal.<\/span><\/p>\n<p class=\"p2\" style=\"text-align: left;\"><span class=\"s1\" style=\"color: #000000;\">Los suelos son arenoso, calizos con margas yes\u00edferas sobre arcillas y gravas.<\/span><\/p>\n[\/vc_column_text][\/vc_column][\/vc_row]\n","protected":false},"excerpt":{"rendered":"<p>[vc_row][vc_column width=&#8221;1\/2&#8243;][vc_gallery interval=&#8221;3&#8243; images=&#8221;1365&#8243; img_size=&#8221;full&#8221;][\/vc_column][vc_column width=&#8221;1\/2&#8243;][vc_column_text] La Denominaci\u00f3n de Origen Cigales abarca el norte de la Depresi\u00f3n del Duero, con un total de 574km2, con una latitud media de vi\u00f1edos de 750m. Durante los a\u00f1os, bajo el duro trabajo de los lugare\u00f1os y la Estaci\u00f3n Enol\u00f3gica de Catilla y Le\u00f3n se ha conseguido un vino [&hellip;]<\/p>\n","protected":false},"author":5,"featured_media":0,"parent":0,"menu_order":0,"comment_status":"closed","ping_status":"closed","template":"","meta":[],"yoast_head":"<!-- This site is optimized with the Yoast SEO plugin v20.8 - https:\/\/yoast.com\/wordpress\/plugins\/seo\/ -->\n<title>Cigales - Fusi\u00f3n Weymax<\/title>\n<meta name=\"robots\" content=\"index, follow, max-snippet:-1, max-image-preview:large, max-video-preview:-1\" \/>\n<link rel=\"canonical\" href=\"http:\/\/fusionweymax.com\/en\/cigales\/\" \/>\n<meta property=\"og:locale\" content=\"en_US\" \/>\n<meta property=\"og:type\" content=\"article\" \/>\n<meta property=\"og:title\" content=\"Cigales - Fusi\u00f3n Weymax\" \/>\n<meta property=\"og:description\" content=\"[vc_row][vc_column width=&#8221;1\/2&#8243;][vc_gallery interval=&#8221;3&#8243; images=&#8221;1365&#8243; img_size=&#8221;full&#8221;][\/vc_column][vc_column width=&#8221;1\/2&#8243;][vc_column_text] La Denominaci\u00f3n de Origen Cigales abarca el norte de la Depresi\u00f3n del Duero, con un total de 574km2, con una latitud media de vi\u00f1edos de 750m. Durante los a\u00f1os, bajo el duro trabajo de los lugare\u00f1os y la Estaci\u00f3n Enol\u00f3gica de Catilla y Le\u00f3n se ha conseguido un vino [&hellip;]\" \/>\n<meta property=\"og:url\" content=\"http:\/\/fusionweymax.com\/en\/cigales\/\" \/>\n<meta property=\"og:site_name\" content=\"Fusi\u00f3n Weymax\" \/>\n<meta name=\"twitter:card\" content=\"summary_large_image\" \/>\n<meta name=\"twitter:label1\" content=\"Est. reading time\" \/>\n\t<meta name=\"twitter:data1\" content=\"1 minute\" \/>\n<script type=\"application\/ld+json\" class=\"yoast-schema-graph\">{\"@context\":\"https:\/\/schema.org\",\"@graph\":[{\"@type\":\"WebPage\",\"@id\":\"http:\/\/fusionweymax.com\/en\/cigales\/\",\"url\":\"http:\/\/fusionweymax.com\/en\/cigales\/\",\"name\":\"Cigales - Fusi\u00f3n Weymax\",\"isPartOf\":{\"@id\":\"https:\/\/fusionweymax.com\/zh-hans\/#website\"},\"datePublished\":\"2017-07-20T14:50:34+00:00\",\"dateModified\":\"2017-07-20T14:50:34+00:00\",\"breadcrumb\":{\"@id\":\"http:\/\/fusionweymax.com\/en\/cigales\/#breadcrumb\"},\"inLanguage\":\"en-US\",\"potentialAction\":[{\"@type\":\"ReadAction\",\"target\":[\"http:\/\/fusionweymax.com\/en\/cigales\/\"]}]},{\"@type\":\"BreadcrumbList\",\"@id\":\"http:\/\/fusionweymax.com\/en\/cigales\/#breadcrumb\",\"itemListElement\":[{\"@type\":\"ListItem\",\"position\":1,\"name\":\"Portada\",\"item\":\"http:\/\/fusionweymax.com\/en\/\"},{\"@type\":\"ListItem\",\"position\":2,\"name\":\"Cigales\"}]},{\"@type\":\"WebSite\",\"@id\":\"https:\/\/fusionweymax.com\/zh-hans\/#website\",\"url\":\"https:\/\/fusionweymax.com\/zh-hans\/\",\"name\":\"Fusi\u00f3n Weymax\",\"description\":\"\",\"publisher\":{\"@id\":\"https:\/\/fusionweymax.com\/zh-hans\/#organization\"},\"potentialAction\":[{\"@type\":\"SearchAction\",\"target\":{\"@type\":\"EntryPoint\",\"urlTemplate\":\"https:\/\/fusionweymax.com\/zh-hans\/?s={search_term_string}\"},\"query-input\":\"required name=search_term_string\"}],\"inLanguage\":\"en-US\"},{\"@type\":\"Organization\",\"@id\":\"https:\/\/fusionweymax.com\/zh-hans\/#organization\",\"name\":\"Fusion Weymax\",\"url\":\"https:\/\/fusionweymax.com\/zh-hans\/\",\"logo\":{\"@type\":\"ImageObject\",\"inLanguage\":\"en-US\",\"@id\":\"https:\/\/fusionweymax.com\/zh-hans\/#\/schema\/logo\/image\/\",\"url\":\"http:\/\/fusionweymax.com\/wp-content\/uploads\/2017\/03\/fusion-weymax-logo-red@2x.png\",\"contentUrl\":\"http:\/\/fusionweymax.com\/wp-content\/uploads\/2017\/03\/fusion-weymax-logo-red@2x.png\",\"width\":450,\"height\":120,\"caption\":\"Fusion Weymax\"},\"image\":{\"@id\":\"https:\/\/fusionweymax.com\/zh-hans\/#\/schema\/logo\/image\/\"}}]}<\/script>\n<!-- \/ Yoast SEO plugin. -->","yoast_head_json":{"title":"Cigales - Fusi\u00f3n Weymax","robots":{"index":"index","follow":"follow","max-snippet":"max-snippet:-1","max-image-preview":"max-image-preview:large","max-video-preview":"max-video-preview:-1"},"canonical":"http:\/\/fusionweymax.com\/en\/cigales\/","og_locale":"en_US","og_type":"article","og_title":"Cigales - Fusi\u00f3n Weymax","og_description":"[vc_row][vc_column width=&#8221;1\/2&#8243;][vc_gallery interval=&#8221;3&#8243; images=&#8221;1365&#8243; img_size=&#8221;full&#8221;][\/vc_column][vc_column width=&#8221;1\/2&#8243;][vc_column_text] La Denominaci\u00f3n de Origen Cigales abarca el norte de la Depresi\u00f3n del Duero, con un total de 574km2, con una latitud media de vi\u00f1edos de 750m. Durante los a\u00f1os, bajo el duro trabajo de los lugare\u00f1os y la Estaci\u00f3n Enol\u00f3gica de Catilla y Le\u00f3n se ha conseguido un vino [&hellip;]","og_url":"http:\/\/fusionweymax.com\/en\/cigales\/","og_site_name":"Fusi\u00f3n Weymax","twitter_card":"summary_large_image","twitter_misc":{"Est. reading time":"1 minute"},"schema":{"@context":"https:\/\/schema.org","@graph":[{"@type":"WebPage","@id":"http:\/\/fusionweymax.com\/en\/cigales\/","url":"http:\/\/fusionweymax.com\/en\/cigales\/","name":"Cigales - Fusi\u00f3n Weymax","isPartOf":{"@id":"https:\/\/fusionweymax.com\/zh-hans\/#website"},"datePublished":"2017-07-20T14:50:34+00:00","dateModified":"2017-07-20T14:50:34+00:00","breadcrumb":{"@id":"http:\/\/fusionweymax.com\/en\/cigales\/#breadcrumb"},"inLanguage":"en-US","potentialAction":[{"@type":"ReadAction","target":["http:\/\/fusionweymax.com\/en\/cigales\/"]}]},{"@type":"BreadcrumbList","@id":"http:\/\/fusionweymax.com\/en\/cigales\/#breadcrumb","itemListElement":[{"@type":"ListItem","position":1,"name":"Portada","item":"http:\/\/fusionweymax.com\/en\/"},{"@type":"ListItem","position":2,"name":"Cigales"}]},{"@type":"WebSite","@id":"https:\/\/fusionweymax.com\/zh-hans\/#website","url":"https:\/\/fusionweymax.com\/zh-hans\/","name":"Fusi\u00f3n Weymax","description":"","publisher":{"@id":"https:\/\/fusionweymax.com\/zh-hans\/#organization"},"potentialAction":[{"@type":"SearchAction","target":{"@type":"EntryPoint","urlTemplate":"https:\/\/fusionweymax.com\/zh-hans\/?s={search_term_string}"},"query-input":"required name=search_term_string"}],"inLanguage":"en-US"},{"@type":"Organization","@id":"https:\/\/fusionweymax.com\/zh-hans\/#organization","name":"Fusion Weymax","url":"https:\/\/fusionweymax.com\/zh-hans\/","logo":{"@type":"ImageObject","inLanguage":"en-US","@id":"https:\/\/fusionweymax.com\/zh-hans\/#\/schema\/logo\/image\/","url":"http:\/\/fusionweymax.com\/wp-content\/uploads\/2017\/03\/fusion-weymax-logo-red@2x.png","contentUrl":"http:\/\/fusionweymax.com\/wp-content\/uploads\/2017\/03\/fusion-weymax-logo-red@2x.png","width":450,"height":120,"caption":"Fusion Weymax"},"image":{"@id":"https:\/\/fusionweymax.com\/zh-hans\/#\/schema\/logo\/image\/"}}]}},"_links":{"self":[{"href":"http:\/\/fusionweymax.com\/en\/wp-json\/wp\/v2\/pages\/1747"}],"collection":[{"href":"http:\/\/fusionweymax.com\/en\/wp-json\/wp\/v2\/pages"}],"about":[{"href":"http:\/\/fusionweymax.com\/en\/wp-json\/wp\/v2\/types\/page"}],"author":[{"embeddable":true,"href":"http:\/\/fusionweymax.com\/en\/wp-json\/wp\/v2\/users\/5"}],"replies":[{"embeddable":true,"href":"http:\/\/fusionweymax.com\/en\/wp-json\/wp\/v2\/comments?post=1747"}],"version-history":[{"count":0,"href":"http:\/\/fusionweymax.com\/en\/wp-json\/wp\/v2\/pages\/1747\/revisions"}],"wp:attachment":[{"href":"http:\/\/fusionweymax.com\/en\/wp-json\/wp\/v2\/media?parent=1747"}],"curies":[{"name":"wp","href":"https:\/\/api.w.org\/{rel}","templated":true}]}}