{"id":2023,"date":"2016-05-06T08:24:47","date_gmt":"2016-05-06T06:24:47","guid":{"rendered":"http:\/\/fusionweymax.com\/blog\/"},"modified":"2017-12-01T14:02:14","modified_gmt":"2017-12-01T13:02:14","slug":"blog","status":"publish","type":"page","link":"http:\/\/fusionweymax.com\/en\/blog\/","title":{"rendered":"Blog"},"content":{"rendered":"[vc_row][vc_column]<div id=\"sc_blogger_243696103\" class=\"sc_blogger layout_excerpt template_excerpt  sc_blogger_horizontal\">\t\t<div class=\"post_item post_item_excerpt post_featured_default post_format_image odd post-2398 post type-post status-publish format-image has-post-thumbnail hentry category-photo-library post_format-post-format-image\">\n\t\t\t<h4 class=\"post_title\"><a href=\"http:\/\/fusionweymax.com\/en\/hikelen-los-autobuses-la-ciudad-wenzhou-china\/\">HIKELEN IN WENZHOU CITY&#8217;S BUSES<\/a><\/h4>\t\t\t\t<div class=\"post_featured\">\n\t\t\t\t\t<div class=\"post_thumb\" data-image=\"http:\/\/fusionweymax.com\/wp-content\/uploads\/2018\/06\/WeChat-Image_20180626175401.jpg\" data-title=\"HIKELEN IN WENZHOU CITY&#8217;S BUSES\">\n\t<a href=\"http:\/\/fusionweymax.com\/en\/hikelen-los-autobuses-la-ciudad-wenzhou-china\/\"><img class=\"wp-post-image\" width=\"770\" height=\"434\" alt=\"HIKELEN IN WENZHOU CITY&#8217;S BUSES\" src=\"http:\/\/fusionweymax.com\/wp-content\/uploads\/2018\/06\/WeChat-Image_20180626175401-770x434.jpg\"><\/a>\t<\/div>\n\t\t\t\t\t<\/div>\n\t\t\t\t\n\t\t\t<div class=\"post_content clearfix\">\n\t\t\t\t<div class=\"post_descr\">\n\t\t\t\t<a href=\"http:\/\/fusionweymax.com\/en\/hikelen-los-autobuses-la-ciudad-wenzhou-china\/\" class=\"sc_button sc_button_square sc_button_style_filled sc_button_size_large\">Read more<\/a>\t\t\t\t<\/div>\n\n\t\t\t<\/div>\t<!-- \/.post_content -->\n\n\t\t<\/div>\t<!-- \/.post_item -->\n\n\t\t\t<div class=\"post_item post_item_excerpt post_featured_default post_format_video even post-2122 post type-post status-publish format-video hentry category-articles category-video-library post_format-post-format-video\">\n\t\t\t<h4 class=\"post_title\"><a href=\"http:\/\/fusionweymax.com\/en\/amazing-views-of-autumn-rioja\/\">AMAZING VIEWS OF AUTUMN RIOJA<\/a><\/h4>\t\t\t\t<div class=\"post_featured\">\n\t\t\t\t<div class=\"sc_video_player\"><div class=\"sc_video_frame\" data-width=\"770\" data-height=\"433\"><iframe class=\"video_frame\" src=\"https:\/\/youtube.com\/embed\/foFSF_TuaQY\" width=\"770\" height=\"433\" frameborder=\"0\" webkitAllowFullScreen=\"webkitAllowFullScreen\" mozallowfullscreen=\"mozallowfullscreen\" allowFullScreen=\"allowFullScreen\"><\/iframe><\/div><\/div>\t\t\t\t<\/div>\n\t\t\t\t\n\t\t\t<div class=\"post_content clearfix\">\n\t\t\t\t<div class=\"post_descr\">\n\t\t\t\t<a href=\"http:\/\/fusionweymax.com\/en\/amazing-views-of-autumn-rioja\/\" class=\"sc_button sc_button_square sc_button_style_filled sc_button_size_large\">Read more<\/a>\t\t\t\t<\/div>\n\n\t\t\t<\/div>\t<!-- \/.post_content -->\n\n\t\t<\/div>\t<!-- \/.post_item -->\n\n\t\t\t<div class=\"post_item post_item_excerpt post_featured_default post_format_gallery odd post-2315 post type-post status-publish format-gallery has-post-thumbnail hentry category-photo-library post_format-post-format-gallery\">\n\t\t\t<h4 class=\"post_title\"><a href=\"http:\/\/fusionweymax.com\/en\/visita-clientes-importadores\/\">VISIT OF CLIENTS TO RIOJA<\/a><\/h4>\t\t\t\t<div class=\"post_featured\">\n\t\t\t\t\t<div class=\"post_thumb\" data-image=\"http:\/\/fusionweymax.com\/wp-content\/uploads\/2017\/11\/IMG_1877.jpg\" data-title=\"VISIT OF CLIENTS TO RIOJA\">\n\t<a href=\"http:\/\/fusionweymax.com\/en\/visita-clientes-importadores\/\"><img class=\"wp-post-image\" width=\"770\" height=\"434\" alt=\"VISIT OF CLIENTS TO RIOJA\" src=\"http:\/\/fusionweymax.com\/wp-content\/uploads\/2017\/11\/IMG_1877-770x434.jpg\"><\/a>\t<\/div>\n\t\t\t\t\t<\/div>\n\t\t\t\t\n\t\t\t<div class=\"post_content clearfix\">\n\t\t\t\t<div class=\"post_descr\">\n\t\t\t\t<p>&nbsp;<\/p><a href=\"http:\/\/fusionweymax.com\/en\/visita-clientes-importadores\/\" class=\"sc_button sc_button_square sc_button_style_filled sc_button_size_large\">Read more<\/a>\t\t\t\t<\/div>\n\n\t\t\t<\/div>\t<!-- \/.post_content -->\n\n\t\t<\/div>\t<!-- \/.post_item -->\n\n\t\t\t<div class=\"post_item post_item_excerpt post_featured_default post_format_video even post-1725 post type-post status-publish format-video hentry category-video-library post_format-post-format-video\">\n\t\t\t<h4 class=\"post_title\"><a href=\"http:\/\/fusionweymax.com\/en\/hikelen-the-genuine-beer-of-victory\/\">HIKELEN THE GENUINE BEER OF VICTORY<\/a><\/h4>\t\t\t\t<div class=\"post_featured\">\n\t\t\t\t<div class=\"sc_video_player\"><div class=\"sc_video_frame\" data-width=\"770\" data-height=\"433\"><iframe class=\"video_frame\" src=\"https:\/\/youtube.com\/embed\/jh-LuvMlUmw\" width=\"770\" height=\"433\" frameborder=\"0\" webkitAllowFullScreen=\"webkitAllowFullScreen\" mozallowfullscreen=\"mozallowfullscreen\" allowFullScreen=\"allowFullScreen\"><\/iframe><\/div><\/div>\t\t\t\t<\/div>\n\t\t\t\t\n\t\t\t<div class=\"post_content clearfix\">\n\t\t\t\t<div class=\"post_descr\">\n\t\t\t\t<p>Anuncio para la nueva Cerveza Hikelen, rodado en el Chiringuito Pura Vida de la Marina (Elche) Musica &#8220;Requiem for a Fish&#8221; y &#8220;Mundo Canibal&#8221; PRODUCCI\u00d3N M\u00e1ximo Gutierrez DIRECCI\u00d3N El viaje Creativo &nbsp;<\/p><a href=\"http:\/\/fusionweymax.com\/en\/hikelen-the-genuine-beer-of-victory\/\" class=\"sc_button sc_button_square sc_button_style_filled sc_button_size_large\">Read more<\/a>\t\t\t\t<\/div>\n\n\t\t\t<\/div>\t<!-- \/.post_content -->\n\n\t\t<\/div>\t<!-- \/.post_item -->\n\n\t\t\t<div class=\"post_item post_item_excerpt post_featured_default post_format_image odd post-1722 post type-post status-publish format-image has-post-thumbnail hentry category-photo-library post_format-post-format-image\">\n\t\t\t<h4 class=\"post_title\"><a href=\"http:\/\/fusionweymax.com\/en\/lorem-ipsum\/\">LIVING HARVEST IN THE HEART OF LOGRO\u00d1O<\/a><\/h4>\t\t\t\t<div class=\"post_featured\">\n\t\t\t\t\t<div class=\"post_thumb\" data-image=\"http:\/\/fusionweymax.com\/wp-content\/uploads\/2017\/07\/Captura2.jpg\" data-title=\"LIVING HARVEST IN THE HEART OF LOGRO\u00d1O\">\n\t<a href=\"http:\/\/fusionweymax.com\/en\/lorem-ipsum\/\"><img class=\"wp-post-image\" width=\"770\" height=\"434\" alt=\"LIVING HARVEST IN THE HEART OF LOGRO\u00d1O\" src=\"http:\/\/fusionweymax.com\/wp-content\/uploads\/2017\/07\/Captura2-770x434.jpg\"><\/a>\t<\/div>\n\t\t\t\t\t<\/div>\n\t\t\t\t\n\t\t\t<div class=\"post_content clearfix\">\n\t\t\t\t<div class=\"post_descr\">\n\t\t\t\t<p>&nbsp; &nbsp; &nbsp; &nbsp; &nbsp;<\/p><a href=\"http:\/\/fusionweymax.com\/en\/lorem-ipsum\/\" class=\"sc_button sc_button_square sc_button_style_filled sc_button_size_large\">Read more<\/a>\t\t\t\t<\/div>\n\n\t\t\t<\/div>\t<!-- \/.post_content -->\n\n\t\t<\/div>\t<!-- \/.post_item -->\n\n\t<\/div>[\/vc_column][\/vc_row]\n","protected":false},"excerpt":{"rendered":"<p>[vc_row][vc_column][\/vc_column][\/vc_row]<\/p>\n","protected":false},"author":1,"featured_media":0,"parent":0,"menu_order":0,"comment_status":"closed","ping_status":"closed","template":"","meta":[],"yoast_head":"<!-- This site is optimized with the Yoast SEO plugin v20.8 - https:\/\/yoast.com\/wordpress\/plugins\/seo\/ -->\n<title>Blog - Fusi\u00f3n Weymax<\/title>\n<meta name=\"robots\" content=\"index, follow, max-snippet:-1, max-image-preview:large, max-video-preview:-1\" \/>\n<link rel=\"canonical\" href=\"https:\/\/fusionweymax.com\/en\/blog\/\" \/>\n<meta property=\"og:locale\" content=\"en_US\" \/>\n<meta property=\"og:type\" content=\"article\" \/>\n<meta property=\"og:title\" content=\"Blog - Fusi\u00f3n Weymax\" \/>\n<meta property=\"og:description\" content=\"[vc_row][vc_column][\/vc_column][\/vc_row]\" \/>\n<meta property=\"og:url\" content=\"https:\/\/fusionweymax.com\/en\/blog\/\" \/>\n<meta property=\"og:site_name\" content=\"Fusi\u00f3n Weymax\" \/>\n<meta property=\"article:modified_time\" content=\"2017-12-01T13:02:14+00:00\" \/>\n<meta name=\"twitter:card\" content=\"summary_large_image\" \/>\n<script type=\"application\/ld+json\" class=\"yoast-schema-graph\">{\"@context\":\"https:\/\/schema.org\",\"@graph\":[{\"@type\":\"WebPage\",\"@id\":\"https:\/\/fusionweymax.com\/en\/blog\/\",\"url\":\"https:\/\/fusionweymax.com\/en\/blog\/\",\"name\":\"Blog - Fusi\u00f3n Weymax\",\"isPartOf\":{\"@id\":\"http:\/\/fusionweymax.com\/en\/#website\"},\"datePublished\":\"2016-05-06T06:24:47+00:00\",\"dateModified\":\"2017-12-01T13:02:14+00:00\",\"breadcrumb\":{\"@id\":\"https:\/\/fusionweymax.com\/en\/blog\/#breadcrumb\"},\"inLanguage\":\"en-US\",\"potentialAction\":[{\"@type\":\"ReadAction\",\"target\":[\"https:\/\/fusionweymax.com\/en\/blog\/\"]}]},{\"@type\":\"BreadcrumbList\",\"@id\":\"https:\/\/fusionweymax.com\/en\/blog\/#breadcrumb\",\"itemListElement\":[{\"@type\":\"ListItem\",\"position\":1,\"name\":\"Portada\",\"item\":\"http:\/\/fusionweymax.com\/en\/\"},{\"@type\":\"ListItem\",\"position\":2,\"name\":\"Blog\"}]},{\"@type\":\"WebSite\",\"@id\":\"http:\/\/fusionweymax.com\/en\/#website\",\"url\":\"http:\/\/fusionweymax.com\/en\/\",\"name\":\"Fusi\u00f3n Weymax\",\"description\":\"\",\"publisher\":{\"@id\":\"http:\/\/fusionweymax.com\/en\/#organization\"},\"potentialAction\":[{\"@type\":\"SearchAction\",\"target\":{\"@type\":\"EntryPoint\",\"urlTemplate\":\"http:\/\/fusionweymax.com\/en\/?s={search_term_string}\"},\"query-input\":\"required name=search_term_string\"}],\"inLanguage\":\"en-US\"},{\"@type\":\"Organization\",\"@id\":\"http:\/\/fusionweymax.com\/en\/#organization\",\"name\":\"Fusion Weymax\",\"url\":\"http:\/\/fusionweymax.com\/en\/\",\"logo\":{\"@type\":\"ImageObject\",\"inLanguage\":\"en-US\",\"@id\":\"http:\/\/fusionweymax.com\/en\/#\/schema\/logo\/image\/\",\"url\":\"http:\/\/fusionweymax.com\/wp-content\/uploads\/2017\/03\/fusion-weymax-logo-red@2x.png\",\"contentUrl\":\"http:\/\/fusionweymax.com\/wp-content\/uploads\/2017\/03\/fusion-weymax-logo-red@2x.png\",\"width\":450,\"height\":120,\"caption\":\"Fusion Weymax\"},\"image\":{\"@id\":\"http:\/\/fusionweymax.com\/en\/#\/schema\/logo\/image\/\"}}]}<\/script>\n<!-- \/ Yoast SEO plugin. -->","yoast_head_json":{"title":"Blog - Fusi\u00f3n Weymax","robots":{"index":"index","follow":"follow","max-snippet":"max-snippet:-1","max-image-preview":"max-image-preview:large","max-video-preview":"max-video-preview:-1"},"canonical":"https:\/\/fusionweymax.com\/en\/blog\/","og_locale":"en_US","og_type":"article","og_title":"Blog - Fusi\u00f3n Weymax","og_description":"[vc_row][vc_column][\/vc_column][\/vc_row]","og_url":"https:\/\/fusionweymax.com\/en\/blog\/","og_site_name":"Fusi\u00f3n Weymax","article_modified_time":"2017-12-01T13:02:14+00:00","twitter_card":"summary_large_image","schema":{"@context":"https:\/\/schema.org","@graph":[{"@type":"WebPage","@id":"https:\/\/fusionweymax.com\/en\/blog\/","url":"https:\/\/fusionweymax.com\/en\/blog\/","name":"Blog - Fusi\u00f3n Weymax","isPartOf":{"@id":"http:\/\/fusionweymax.com\/en\/#website"},"datePublished":"2016-05-06T06:24:47+00:00","dateModified":"2017-12-01T13:02:14+00:00","breadcrumb":{"@id":"https:\/\/fusionweymax.com\/en\/blog\/#breadcrumb"},"inLanguage":"en-US","potentialAction":[{"@type":"ReadAction","target":["https:\/\/fusionweymax.com\/en\/blog\/"]}]},{"@type":"BreadcrumbList","@id":"https:\/\/fusionweymax.com\/en\/blog\/#breadcrumb","itemListElement":[{"@type":"ListItem","position":1,"name":"Portada","item":"http:\/\/fusionweymax.com\/en\/"},{"@type":"ListItem","position":2,"name":"Blog"}]},{"@type":"WebSite","@id":"http:\/\/fusionweymax.com\/en\/#website","url":"http:\/\/fusionweymax.com\/en\/","name":"Fusi\u00f3n Weymax","description":"","publisher":{"@id":"http:\/\/fusionweymax.com\/en\/#organization"},"potentialAction":[{"@type":"SearchAction","target":{"@type":"EntryPoint","urlTemplate":"http:\/\/fusionweymax.com\/en\/?s={search_term_string}"},"query-input":"required name=search_term_string"}],"inLanguage":"en-US"},{"@type":"Organization","@id":"http:\/\/fusionweymax.com\/en\/#organization","name":"Fusion Weymax","url":"http:\/\/fusionweymax.com\/en\/","logo":{"@type":"ImageObject","inLanguage":"en-US","@id":"http:\/\/fusionweymax.com\/en\/#\/schema\/logo\/image\/","url":"http:\/\/fusionweymax.com\/wp-content\/uploads\/2017\/03\/fusion-weymax-logo-red@2x.png","contentUrl":"http:\/\/fusionweymax.com\/wp-content\/uploads\/2017\/03\/fusion-weymax-logo-red@2x.png","width":450,"height":120,"caption":"Fusion Weymax"},"image":{"@id":"http:\/\/fusionweymax.com\/en\/#\/schema\/logo\/image\/"}}]}},"_links":{"self":[{"href":"http:\/\/fusionweymax.com\/en\/wp-json\/wp\/v2\/pages\/2023"}],"collection":[{"href":"http:\/\/fusionweymax.com\/en\/wp-json\/wp\/v2\/pages"}],"about":[{"href":"http:\/\/fusionweymax.com\/en\/wp-json\/wp\/v2\/types\/page"}],"author":[{"embeddable":true,"href":"http:\/\/fusionweymax.com\/en\/wp-json\/wp\/v2\/users\/1"}],"replies":[{"embeddable":true,"href":"http:\/\/fusionweymax.com\/en\/wp-json\/wp\/v2\/comments?post=2023"}],"version-history":[{"count":5,"href":"http:\/\/fusionweymax.com\/en\/wp-json\/wp\/v2\/pages\/2023\/revisions"}],"predecessor-version":[{"id":2306,"href":"http:\/\/fusionweymax.com\/en\/wp-json\/wp\/v2\/pages\/2023\/revisions\/2306"}],"wp:attachment":[{"href":"http:\/\/fusionweymax.com\/en\/wp-json\/wp\/v2\/media?parent=2023"}],"curies":[{"name":"wp","href":"https:\/\/api.w.org\/{rel}","templated":true}]}}