{"id":2056,"date":"2017-01-23T19:23:55","date_gmt":"2017-01-23T18:23:55","guid":{"rendered":"http:\/\/fusionweymax.com\/aviso-legal\/"},"modified":"2017-11-09T13:16:08","modified_gmt":"2017-11-09T12:16:08","slug":"aviso-legal","status":"publish","type":"page","link":"http:\/\/fusionweymax.com\/en\/aviso-legal\/","title":{"rendered":"Legal Notice"},"content":{"rendered":"<p>De acuerdo con el art\u00edculo 10 de la Ley 34\/2002, de 11 de julio, de Servicios de la Sociedad de la Informaci\u00f3n y Comercio Electr\u00f3nico, ponemos en su conocimiento la siguiente informaci\u00f3n:<\/p>\n<p><strong>1.\u00a0<\/strong>El sitio web <a href=\"http:\/\/fusionweymax.com\">http:\/\/fusionweymax.com\u00a0<\/a>es gestionado por\u00a0<strong>FUSION WEYMAX, S.L.<\/strong>, domiciliada en C\/ Botiguers 3, 4-A \u2013 46980, Paterna, Valencia,\u00a0Espa\u00f1a.<\/p>\n<p><strong>2.<\/strong>\u00a0Si quiere contactar con nosotros puede hacerlo bien mediante correo postal, en la direcci\u00f3n indicada anteriormente, bien a trav\u00e9s del correo electr\u00f3nico a la direcci\u00f3n <a href=\"mailto:lchen@fusionweymax.com\">lchen@fusionweymax.com<\/a> o mediante el tel\u00e9fono +34 960 045 730.<\/p>\n<p>&nbsp;<\/p>\n<div class=\"hr hr1\">\n<hr \/>\n<\/div>\n<p>&nbsp;<\/p>\n<p>Est\u00e1 usted visitando la p\u00e1gina Web de\u00a0<strong>FUSION WEYMAX, S.L.<\/strong>, la cual tiene como finalidad proporcionar a\u00a0 los usuarios la informaci\u00f3n concerniente a nuestros productos y servicios.<\/p>\n<p>Las presentes disposiciones tienen por objetivo la regulaci\u00f3n del uso de esta p\u00e1gina Web que\u00a0<strong>FUSION WEYMAX<\/strong>\u00a0pone a disposici\u00f3n de los usuarios de Internet.<\/p>\n<p>La utilizaci\u00f3n de la p\u00e1gina Web atribuye la condici\u00f3n de usuario de la p\u00e1gina Web e implica la aceptaci\u00f3n de todas las condiciones incluidas en esta Informaci\u00f3n Legal. La prestaci\u00f3n del servicio de la p\u00e1gina Web tiene una duraci\u00f3n limitada al momento en el que el usuario se encuentre conectado a la p\u00e1gina Web o a alguno de los servicios que a trav\u00e9s de la misma se facilitan. Por tanto, el usuario debe leer atentamente la presente Informaci\u00f3n Legal en cada una de las ocasiones en que se proponga utilizar la p\u00e1gina Web, ya que \u00e9sta y sus condiciones de uso recogidas en la presente Informaci\u00f3n Legal pueden sufrir modificaciones.<\/p>\n<p>Estas condiciones generales se rigen por la ley espa\u00f1ola.<\/p>\n<p>Para cualquier controversia que pudiera derivarse de la aplicaci\u00f3n e interpretaci\u00f3n de las mismas,\u00a0<strong>FUSION WEYMAX<\/strong> y el usuario, con renuncia expresa a cualquier otro fuero, se someten al de los Juzgados y Tribunales de la ciudad de Valencia (Espa\u00f1a).<\/p>\n<p><strong>1. Nuestra empresa<\/strong><\/p>\n<p><strong>FUSION WEYMAX, S.L.<\/strong>, con C.I.F. n\u00ba B98587504, tiene su domicilio social en C\/ Botiguers 3, 4-A \u2013 46980, Paterna, Valencia,\u00a0Espa\u00f1a.<\/p>\n<p><strong>2. Derechos<\/strong><\/p>\n<p>Todos los derechos sobre el software de la p\u00e1gina Web as\u00ed como de los derechos de propiedad industrial e intelectual referidos a los contenidos que en ella se incluyan son propiedad de\u00a0<strong>FUSION WEYMAX<\/strong>\u00a0o de terceros.<\/p>\n<p>Esta p\u00e1gina Web puede contener referencias a marcas comerciales o marcas registradas de\u00a0<strong>FUSION WEYMAX<\/strong>. Queda prohibido su uso sin el consentimiento previo y expreso de\u00a0<strong>FUSION WEYMAX<\/strong>. Todas las dem\u00e1s referencias a otras marcas comerciales o registradas pertenecen a sus respectivos propietarios, sin que pueda entenderse que el acceso a la p\u00e1gina Web nos atribuya derecho alguno sobre las mismas.<\/p>\n<p>Cualquier persona est\u00e1 autorizada para ver, copiar, imprimir y distribuir cualquier documento publicado por\u00a0<strong>FUSION WEYMAX<\/strong> en esta p\u00e1gina Web teniendo en cuenta que:<\/p>\n<ol>\n<li>dicho documento ser\u00e1 utilizado exclusivamente con fines informativos<\/li>\n<li>dicho documento no podr\u00e1 ser utilizado con fines comerciales<\/li>\n<li>dicho documento deber\u00e1 siempre incluir referencia de que es propiedad de\u00a0<strong>FUSION WEYMAX<\/strong>.<\/li>\n<\/ol>\n<p>Los materiales de esta p\u00e1gina Web est\u00e1n protegidos por derechos de autor y cualquier uso no autorizado de los mismos puede violar la normativa sobre derechos de autor, marcas y otras regulaciones. La autorizaci\u00f3n concedida para utilizar esta p\u00e1gina Web se entender\u00e1 autom\u00e1ticamente terminada en caso de infringir cualquiera de estas condiciones, estando obligado a destruir inmediatamente cualquier material obtenido o impreso de la p\u00e1gina Web.<\/p>\n<p><strong>FUSION WEYMAX<\/strong>\u00a0no concede ninguna licencia o autorizaci\u00f3n de uso de ninguna clase sobre sus derechos de propiedad industrial e intelectual, secretos empresariales o sobre cualquier otra propiedad o derecho relacionado con la p\u00e1gina Web y sus contenidos.<\/p>\n<p><strong>3. ADVERTENCIA LEGAL<\/strong><\/p>\n<p><strong>FUSION WEYMAX<\/strong> se reserva el derecho de modificar, en cualquier momento y sin necesidad de previo aviso, la configuraci\u00f3n y contenidos de la p\u00e1gina Web.<\/p>\n<p>La informaci\u00f3n de esta p\u00e1gina Web se proporciona sin garant\u00eda de ninguna clase, ni expl\u00edcita ni impl\u00edcita, y podr\u00e1 cambiarse o actualizarse sin previo aviso.<\/p>\n<p>El usuario se compromete a no llevar a cabo ninguna conducta que pueda da\u00f1ar los intereses y derechos de\u00a0<strong>FUSION WEYMAX<\/strong> o de terceros.<\/p>\n<p>Toda la informaci\u00f3n que reciba\u00a0<strong>FUSION WEYMAX<\/strong>\u00a0a trav\u00e9s de este sitio Web no se considerar\u00e1 confidencial, a excepci\u00f3n de la contemplada en el apartado de confidencialidad de datos.<\/p>\n<p>Cualquier persona f\u00edsica o jur\u00eddica que quiera establecer un hiperenlace o hiperv\u00ednculo, necesitar\u00e1 una autorizaci\u00f3n previa de\u00a0<strong>FUSION WEYMAX<\/strong>.\u00a0<strong>FUSION WEYMAX<\/strong> no asume responsabilidad alguna derivada de los contenidos que terceras partes hayan incluido en los hiperv\u00ednculos a los que se hace referencia en esta p\u00e1gina. El establecimiento del hiperv\u00ednculo no implica en ning\u00fan caso la existencia de relaciones entre\u00a0<strong>FUSION WEYMAX<\/strong> y el propietario de la p\u00e1gina Web en la que se establezca, ni la aceptaci\u00f3n y aprobaci\u00f3n por parte de\u00a0<strong>FUSION WEYMAX<\/strong> de sus contenidos o servicios all\u00ed ofrecidos puestos a disposici\u00f3n del p\u00fablico.<\/p>\n<p>Queda expresamente prohibido cualquier alteraci\u00f3n, cambio, modificaci\u00f3n o adaptaci\u00f3n de esta p\u00e1gina Web o de cualquier informaci\u00f3n que la misma contenga.<\/p>\n<p><strong>FUSION WEYMAX<\/strong> no se hace responsable de ning\u00fan da\u00f1o o perjuicio en el software o hardware del usuario que se derive del acceso a su p\u00e1gina Web o del uso de informaci\u00f3n o aplicaciones en ella contenidas. As\u00ed mismo no se responsabiliza ni garantiza la disponibilidad y continuidad en el acceso a esta p\u00e1gina Web o que el mismo est\u00e9 libre de errores.<\/p>\n<p>El usuario responder\u00e1 de los da\u00f1os y perjuicios de toda naturaleza que\u00a0<strong>FUSION WEYMAX<\/strong> pueda sufrir como consecuencia del incumplimiento de cualquiera de las obligaciones a las que queda sometido por las presentes condiciones. El usuario es consciente y acepta voluntariamente que el uso de cualesquiera contenidos de esta p\u00e1gina Web tiene lugar, en todo caso, bajo su \u00fanica y exclusiva responsabilidad.<\/p>\n<p><strong>4. CONFIDENCIALIDAD DE LOS DATOS<\/strong><\/p>\n<p><strong>FUSION WEYMAX, S.L.<\/strong> se compromete a respetar lo dispuesto en la Ley Org\u00e1nica 15\/1999 de 13 de diciembre, de protecci\u00f3n de datos de car\u00e1cter personal y, en este sentido, informa de lo siguiente:<\/p>\n<p>Para la utilizaci\u00f3n de determinados contenidos y servicios,\u00a0<strong>FUSION WEYMAX<\/strong> podr\u00e1 requerir del usuario ciertos datos de car\u00e1cter personal. En tal caso,\u00a0<strong>FUSION WEYMAX<\/strong> informar\u00e1, con car\u00e1cter previo y adecuadamente al usuario a fin de que \u00e9ste pueda prestar su consentimiento al tratamiento de sus datos por parte de\u00a0<strong>FUSION WEYMAX<\/strong> para la finalidad concreta. En tales casos, determinados datos se consideran imprescindibles y, si los mismos no se facilitan, no ser\u00e1 posible la utilizaci\u00f3n de dichos contenidos o servicios.<\/p>\n<p>Dichos datos se mantendr\u00e1n en la m\u00e1s estricta confidencialidad y no se utilizar\u00e1n para ning\u00fan otro fin.<\/p>\n<p>El usuario podr\u00e1 revocar el consentimiento prestado y ejercer los derechos de acceso, rectificaci\u00f3n, cancelaci\u00f3n y oposici\u00f3n dirigi\u00e9ndose a tal efecto a la siguiente direcci\u00f3n:\u00a0<strong>FUSION WEYMAX, S.L.<\/strong><strong>\u00a0(C\/ Botiguers 3, 4-A \u2013 46980, Paterna, Valencia, Espa\u00f1a).<\/strong><\/p>\n<p><strong>5. CONTACTO LEGAL<\/strong><\/p>\n<p>Para cualquier sugerencia o pregunta acerca de este aviso legal contacte con nosotros.<\/p>\n<p><a href=\"mailto:lchen@fusionweymax.com\">lchen@fusionweymax.com<\/a><\/p>\n","protected":false},"excerpt":{"rendered":"<p>De acuerdo con el art\u00edculo 10 de la Ley 34\/2002, de 11 de julio, de Servicios de la Sociedad de la Informaci\u00f3n y Comercio Electr\u00f3nico, ponemos en su conocimiento la siguiente informaci\u00f3n: 1.\u00a0El sitio web http:\/\/fusionweymax.com\u00a0es gestionado por\u00a0FUSION WEYMAX, S.L., domiciliada en C\/ Botiguers 3, 4-A \u2013 46980, Paterna, Valencia,\u00a0Espa\u00f1a. 2.\u00a0Si quiere contactar con nosotros [&hellip;]<\/p>\n","protected":false},"author":1,"featured_media":0,"parent":0,"menu_order":0,"comment_status":"closed","ping_status":"closed","template":"","meta":[],"yoast_head":"<!-- This site is optimized with the Yoast SEO plugin v20.8 - https:\/\/yoast.com\/wordpress\/plugins\/seo\/ -->\n<title>Legal Notice - Fusi\u00f3n Weymax<\/title>\n<meta name=\"robots\" content=\"index, follow, max-snippet:-1, max-image-preview:large, max-video-preview:-1\" \/>\n<link rel=\"canonical\" href=\"http:\/\/fusionweymax.com\/en\/aviso-legal\/\" \/>\n<meta property=\"og:locale\" content=\"en_US\" \/>\n<meta property=\"og:type\" content=\"article\" \/>\n<meta property=\"og:title\" content=\"Legal Notice - Fusi\u00f3n Weymax\" \/>\n<meta property=\"og:description\" content=\"De acuerdo con el art\u00edculo 10 de la Ley 34\/2002, de 11 de julio, de Servicios de la Sociedad de la Informaci\u00f3n y Comercio Electr\u00f3nico, ponemos en su conocimiento la siguiente informaci\u00f3n: 1.\u00a0El sitio web http:\/\/fusionweymax.com\u00a0es gestionado por\u00a0FUSION WEYMAX, S.L., domiciliada en C\/ Botiguers 3, 4-A \u2013 46980, Paterna, Valencia,\u00a0Espa\u00f1a. 2.\u00a0Si quiere contactar con nosotros [&hellip;]\" \/>\n<meta property=\"og:url\" content=\"http:\/\/fusionweymax.com\/en\/aviso-legal\/\" \/>\n<meta property=\"og:site_name\" content=\"Fusi\u00f3n Weymax\" \/>\n<meta property=\"article:modified_time\" content=\"2017-11-09T12:16:08+00:00\" \/>\n<meta name=\"twitter:card\" content=\"summary_large_image\" \/>\n<meta name=\"twitter:label1\" content=\"Est. reading time\" \/>\n\t<meta name=\"twitter:data1\" content=\"6 minutes\" \/>\n<script type=\"application\/ld+json\" class=\"yoast-schema-graph\">{\"@context\":\"https:\/\/schema.org\",\"@graph\":[{\"@type\":\"WebPage\",\"@id\":\"http:\/\/fusionweymax.com\/en\/aviso-legal\/\",\"url\":\"http:\/\/fusionweymax.com\/en\/aviso-legal\/\",\"name\":\"Legal Notice - Fusi\u00f3n Weymax\",\"isPartOf\":{\"@id\":\"http:\/\/fusionweymax.com\/#website\"},\"datePublished\":\"2017-01-23T18:23:55+00:00\",\"dateModified\":\"2017-11-09T12:16:08+00:00\",\"breadcrumb\":{\"@id\":\"http:\/\/fusionweymax.com\/en\/aviso-legal\/#breadcrumb\"},\"inLanguage\":\"en-US\",\"potentialAction\":[{\"@type\":\"ReadAction\",\"target\":[\"http:\/\/fusionweymax.com\/en\/aviso-legal\/\"]}]},{\"@type\":\"BreadcrumbList\",\"@id\":\"http:\/\/fusionweymax.com\/en\/aviso-legal\/#breadcrumb\",\"itemListElement\":[{\"@type\":\"ListItem\",\"position\":1,\"name\":\"Portada\",\"item\":\"http:\/\/fusionweymax.com\/en\/\"},{\"@type\":\"ListItem\",\"position\":2,\"name\":\"Legal Notice\"}]},{\"@type\":\"WebSite\",\"@id\":\"http:\/\/fusionweymax.com\/#website\",\"url\":\"http:\/\/fusionweymax.com\/\",\"name\":\"Fusi\u00f3n Weymax\",\"description\":\"\",\"publisher\":{\"@id\":\"http:\/\/fusionweymax.com\/#organization\"},\"potentialAction\":[{\"@type\":\"SearchAction\",\"target\":{\"@type\":\"EntryPoint\",\"urlTemplate\":\"http:\/\/fusionweymax.com\/?s={search_term_string}\"},\"query-input\":\"required name=search_term_string\"}],\"inLanguage\":\"en-US\"},{\"@type\":\"Organization\",\"@id\":\"http:\/\/fusionweymax.com\/#organization\",\"name\":\"Fusion Weymax\",\"url\":\"http:\/\/fusionweymax.com\/\",\"logo\":{\"@type\":\"ImageObject\",\"inLanguage\":\"en-US\",\"@id\":\"http:\/\/fusionweymax.com\/#\/schema\/logo\/image\/\",\"url\":\"http:\/\/fusionweymax.com\/wp-content\/uploads\/2017\/03\/fusion-weymax-logo-red@2x.png\",\"contentUrl\":\"http:\/\/fusionweymax.com\/wp-content\/uploads\/2017\/03\/fusion-weymax-logo-red@2x.png\",\"width\":450,\"height\":120,\"caption\":\"Fusion Weymax\"},\"image\":{\"@id\":\"http:\/\/fusionweymax.com\/#\/schema\/logo\/image\/\"}}]}<\/script>\n<!-- \/ Yoast SEO plugin. -->","yoast_head_json":{"title":"Legal Notice - Fusi\u00f3n Weymax","robots":{"index":"index","follow":"follow","max-snippet":"max-snippet:-1","max-image-preview":"max-image-preview:large","max-video-preview":"max-video-preview:-1"},"canonical":"http:\/\/fusionweymax.com\/en\/aviso-legal\/","og_locale":"en_US","og_type":"article","og_title":"Legal Notice - Fusi\u00f3n Weymax","og_description":"De acuerdo con el art\u00edculo 10 de la Ley 34\/2002, de 11 de julio, de Servicios de la Sociedad de la Informaci\u00f3n y Comercio Electr\u00f3nico, ponemos en su conocimiento la siguiente informaci\u00f3n: 1.\u00a0El sitio web http:\/\/fusionweymax.com\u00a0es gestionado por\u00a0FUSION WEYMAX, S.L., domiciliada en C\/ Botiguers 3, 4-A \u2013 46980, Paterna, Valencia,\u00a0Espa\u00f1a. 2.\u00a0Si quiere contactar con nosotros [&hellip;]","og_url":"http:\/\/fusionweymax.com\/en\/aviso-legal\/","og_site_name":"Fusi\u00f3n Weymax","article_modified_time":"2017-11-09T12:16:08+00:00","twitter_card":"summary_large_image","twitter_misc":{"Est. reading time":"6 minutes"},"schema":{"@context":"https:\/\/schema.org","@graph":[{"@type":"WebPage","@id":"http:\/\/fusionweymax.com\/en\/aviso-legal\/","url":"http:\/\/fusionweymax.com\/en\/aviso-legal\/","name":"Legal Notice - Fusi\u00f3n Weymax","isPartOf":{"@id":"http:\/\/fusionweymax.com\/#website"},"datePublished":"2017-01-23T18:23:55+00:00","dateModified":"2017-11-09T12:16:08+00:00","breadcrumb":{"@id":"http:\/\/fusionweymax.com\/en\/aviso-legal\/#breadcrumb"},"inLanguage":"en-US","potentialAction":[{"@type":"ReadAction","target":["http:\/\/fusionweymax.com\/en\/aviso-legal\/"]}]},{"@type":"BreadcrumbList","@id":"http:\/\/fusionweymax.com\/en\/aviso-legal\/#breadcrumb","itemListElement":[{"@type":"ListItem","position":1,"name":"Portada","item":"http:\/\/fusionweymax.com\/en\/"},{"@type":"ListItem","position":2,"name":"Legal Notice"}]},{"@type":"WebSite","@id":"http:\/\/fusionweymax.com\/#website","url":"http:\/\/fusionweymax.com\/","name":"Fusi\u00f3n Weymax","description":"","publisher":{"@id":"http:\/\/fusionweymax.com\/#organization"},"potentialAction":[{"@type":"SearchAction","target":{"@type":"EntryPoint","urlTemplate":"http:\/\/fusionweymax.com\/?s={search_term_string}"},"query-input":"required name=search_term_string"}],"inLanguage":"en-US"},{"@type":"Organization","@id":"http:\/\/fusionweymax.com\/#organization","name":"Fusion Weymax","url":"http:\/\/fusionweymax.com\/","logo":{"@type":"ImageObject","inLanguage":"en-US","@id":"http:\/\/fusionweymax.com\/#\/schema\/logo\/image\/","url":"http:\/\/fusionweymax.com\/wp-content\/uploads\/2017\/03\/fusion-weymax-logo-red@2x.png","contentUrl":"http:\/\/fusionweymax.com\/wp-content\/uploads\/2017\/03\/fusion-weymax-logo-red@2x.png","width":450,"height":120,"caption":"Fusion Weymax"},"image":{"@id":"http:\/\/fusionweymax.com\/#\/schema\/logo\/image\/"}}]}},"_links":{"self":[{"href":"http:\/\/fusionweymax.com\/en\/wp-json\/wp\/v2\/pages\/2056"}],"collection":[{"href":"http:\/\/fusionweymax.com\/en\/wp-json\/wp\/v2\/pages"}],"about":[{"href":"http:\/\/fusionweymax.com\/en\/wp-json\/wp\/v2\/types\/page"}],"author":[{"embeddable":true,"href":"http:\/\/fusionweymax.com\/en\/wp-json\/wp\/v2\/users\/1"}],"replies":[{"embeddable":true,"href":"http:\/\/fusionweymax.com\/en\/wp-json\/wp\/v2\/comments?post=2056"}],"version-history":[{"count":2,"href":"http:\/\/fusionweymax.com\/en\/wp-json\/wp\/v2\/pages\/2056\/revisions"}],"predecessor-version":[{"id":2062,"href":"http:\/\/fusionweymax.com\/en\/wp-json\/wp\/v2\/pages\/2056\/revisions\/2062"}],"wp:attachment":[{"href":"http:\/\/fusionweymax.com\/en\/wp-json\/wp\/v2\/media?parent=2056"}],"curies":[{"name":"wp","href":"https:\/\/api.w.org\/{rel}","templated":true}]}}