{"id":1842,"date":"2017-01-27T13:37:29","date_gmt":"2017-09-19T13:25:07","guid":{"rendered":"http:\/\/fusionweymax.com\/?post_type=product&#038;p=1842\/"},"modified":"2018-01-12T15:40:41","modified_gmt":"2018-01-12T14:40:41","slug":"penaclara-botellas-33cl","status":"publish","type":"product","link":"http:\/\/fusionweymax.com\/en\/product\/penaclara-botellas-33cl\/","title":{"rendered":"Natural mineral water 33cl"},"content":{"rendered":"<p>Las aguas de nuestro manantial emergen desde m\u00e1s de 500 metros de profundidad de forma natural, con un flujo constante, temperatura de 22,9\u00baC y mineralizaci\u00f3n media de 663mg\/l, sin variaci\u00f3n estacional. Gracias al pausado proceso de filtraci\u00f3n (un proceso que dura siglos) a trav\u00e9s de las rocas del macizo rocoso llamado Pe\u00f1aseto, el agua adquiere un perfecto equilibrio entre sus componentes minerales.<\/p>\n<p>Estos oligoelementos, su id\u00f3nea concentraci\u00f3n y su interacci\u00f3n con el metabolismo humano son los que han conferido al agua sus diferentes propiedades terap\u00e9uticas:<\/p>\n<p>\u2013 Calcio Natural, perfecto para la formaci\u00f3n de los huesos y prevenci\u00f3n de la osteoporosis.<\/p>\n<p>\u2013 Fl\u00faor para la dentici\u00f3n de toda la familia (no en vano est\u00e1 recomendada por el colegio de odont\u00f3logos y estomat\u00f3logos de La Rioja).<\/p>\n<p>\u2013 Magnesio, implicado en m\u00e1s de 300 rutas metab\u00f3licas y muy conocido por su papel cardioprotector.<\/p>\n<p>\u2013 El agua de Pe\u00f1aclara adem\u00e1s es diur\u00e9tica debido al buen balance entre calcio, bicarbonatos y sulfatos, que hacen que disminuya la concentraci\u00f3n de cristales de oxalatos en orina, principal causante de las litiasis renales m\u00e1s frecuentes hoy en d\u00eda.<\/p>\n<p>\u2013 Estos mismos sulfatos aseguran la elasticidad de los capilares sangu\u00edneos, de cart\u00edlagos, cabellos y piel en general.<\/p>\n","protected":false},"excerpt":{"rendered":"<p>Las aguas de nuestro manantial emergen desde m\u00e1s de 500 metros de profundidad de forma natural, con un flujo constante, temperatura de 22,9\u00baC y mineralizaci\u00f3n media de 663mg\/l, sin variaci\u00f3n estacional. Gracias al pausado proceso de filtraci\u00f3n (un proceso que dura siglos) a trav\u00e9s de las rocas del macizo rocoso llamado Pe\u00f1aseto, el agua adquiere [&hellip;]<\/p>\n","protected":false},"featured_media":2340,"comment_status":"closed","ping_status":"closed","template":"","meta":[],"product_cat":[97],"product_tag":[],"yoast_head":"<!-- This site is optimized with the Yoast SEO plugin v20.8 - https:\/\/yoast.com\/wordpress\/plugins\/seo\/ -->\n<title>Natural mineral water 33cl - Fusi\u00f3n Weymax<\/title>\n<meta name=\"robots\" content=\"index, follow, max-snippet:-1, max-image-preview:large, max-video-preview:-1\" \/>\n<link rel=\"canonical\" href=\"http:\/\/fusionweymax.com\/en\/product\/penaclara-botellas-33cl\/\" \/>\n<meta property=\"og:locale\" content=\"en_US\" \/>\n<meta property=\"og:type\" content=\"article\" \/>\n<meta property=\"og:title\" content=\"Natural mineral water 33cl - Fusi\u00f3n Weymax\" \/>\n<meta property=\"og:description\" content=\"Las aguas de nuestro manantial emergen desde m\u00e1s de 500 metros de profundidad de forma natural, con un flujo constante, temperatura de 22,9\u00baC y mineralizaci\u00f3n media de 663mg\/l, sin variaci\u00f3n estacional. Gracias al pausado proceso de filtraci\u00f3n (un proceso que dura siglos) a trav\u00e9s de las rocas del macizo rocoso llamado Pe\u00f1aseto, el agua adquiere [&hellip;]\" \/>\n<meta property=\"og:url\" content=\"http:\/\/fusionweymax.com\/en\/product\/penaclara-botellas-33cl\/\" \/>\n<meta property=\"og:site_name\" content=\"Fusi\u00f3n Weymax\" \/>\n<meta property=\"article:modified_time\" content=\"2018-01-12T14:40:41+00:00\" \/>\n<meta property=\"og:image\" content=\"http:\/\/fusionweymax.com\/wp-content\/uploads\/2017\/03\/agua-pet-33cl.jpg\" \/>\n\t<meta property=\"og:image:width\" content=\"827\" \/>\n\t<meta property=\"og:image:height\" content=\"1772\" \/>\n\t<meta property=\"og:image:type\" content=\"image\/jpeg\" \/>\n<meta name=\"twitter:card\" content=\"summary_large_image\" \/>\n<meta name=\"twitter:label1\" content=\"Est. reading time\" \/>\n\t<meta name=\"twitter:data1\" content=\"1 minute\" \/>\n<script type=\"application\/ld+json\" class=\"yoast-schema-graph\">{\"@context\":\"https:\/\/schema.org\",\"@graph\":[{\"@type\":\"WebPage\",\"@id\":\"http:\/\/fusionweymax.com\/en\/product\/penaclara-botellas-33cl\/\",\"url\":\"http:\/\/fusionweymax.com\/en\/product\/penaclara-botellas-33cl\/\",\"name\":\"Natural mineral water 33cl - Fusi\u00f3n Weymax\",\"isPartOf\":{\"@id\":\"https:\/\/fusionweymax.com\/zh-hans\/#website\"},\"datePublished\":\"2017-09-19T13:25:07+00:00\",\"dateModified\":\"2018-01-12T14:40:41+00:00\",\"breadcrumb\":{\"@id\":\"http:\/\/fusionweymax.com\/en\/product\/penaclara-botellas-33cl\/#breadcrumb\"},\"inLanguage\":\"en-US\",\"potentialAction\":[{\"@type\":\"ReadAction\",\"target\":[\"http:\/\/fusionweymax.com\/en\/product\/penaclara-botellas-33cl\/\"]}]},{\"@type\":\"BreadcrumbList\",\"@id\":\"http:\/\/fusionweymax.com\/en\/product\/penaclara-botellas-33cl\/#breadcrumb\",\"itemListElement\":[{\"@type\":\"ListItem\",\"position\":1,\"name\":\"Portada\",\"item\":\"http:\/\/fusionweymax.com\/en\/\"},{\"@type\":\"ListItem\",\"position\":2,\"name\":\"Products\",\"item\":\"http:\/\/fusionweymax.com\/en\/productos\/\"},{\"@type\":\"ListItem\",\"position\":3,\"name\":\"Natural mineral water 33cl\"}]},{\"@type\":\"WebSite\",\"@id\":\"https:\/\/fusionweymax.com\/zh-hans\/#website\",\"url\":\"https:\/\/fusionweymax.com\/zh-hans\/\",\"name\":\"Fusi\u00f3n Weymax\",\"description\":\"\",\"publisher\":{\"@id\":\"https:\/\/fusionweymax.com\/zh-hans\/#organization\"},\"potentialAction\":[{\"@type\":\"SearchAction\",\"target\":{\"@type\":\"EntryPoint\",\"urlTemplate\":\"https:\/\/fusionweymax.com\/zh-hans\/?s={search_term_string}\"},\"query-input\":\"required name=search_term_string\"}],\"inLanguage\":\"en-US\"},{\"@type\":\"Organization\",\"@id\":\"https:\/\/fusionweymax.com\/zh-hans\/#organization\",\"name\":\"Fusion Weymax\",\"url\":\"https:\/\/fusionweymax.com\/zh-hans\/\",\"logo\":{\"@type\":\"ImageObject\",\"inLanguage\":\"en-US\",\"@id\":\"https:\/\/fusionweymax.com\/zh-hans\/#\/schema\/logo\/image\/\",\"url\":\"http:\/\/fusionweymax.com\/wp-content\/uploads\/2017\/03\/fusion-weymax-logo-red@2x.png\",\"contentUrl\":\"http:\/\/fusionweymax.com\/wp-content\/uploads\/2017\/03\/fusion-weymax-logo-red@2x.png\",\"width\":450,\"height\":120,\"caption\":\"Fusion Weymax\"},\"image\":{\"@id\":\"https:\/\/fusionweymax.com\/zh-hans\/#\/schema\/logo\/image\/\"}}]}<\/script>\n<!-- \/ Yoast SEO plugin. -->","yoast_head_json":{"title":"Natural mineral water 33cl - Fusi\u00f3n Weymax","robots":{"index":"index","follow":"follow","max-snippet":"max-snippet:-1","max-image-preview":"max-image-preview:large","max-video-preview":"max-video-preview:-1"},"canonical":"http:\/\/fusionweymax.com\/en\/product\/penaclara-botellas-33cl\/","og_locale":"en_US","og_type":"article","og_title":"Natural mineral water 33cl - Fusi\u00f3n Weymax","og_description":"Las aguas de nuestro manantial emergen desde m\u00e1s de 500 metros de profundidad de forma natural, con un flujo constante, temperatura de 22,9\u00baC y mineralizaci\u00f3n media de 663mg\/l, sin variaci\u00f3n estacional. Gracias al pausado proceso de filtraci\u00f3n (un proceso que dura siglos) a trav\u00e9s de las rocas del macizo rocoso llamado Pe\u00f1aseto, el agua adquiere [&hellip;]","og_url":"http:\/\/fusionweymax.com\/en\/product\/penaclara-botellas-33cl\/","og_site_name":"Fusi\u00f3n Weymax","article_modified_time":"2018-01-12T14:40:41+00:00","og_image":[{"width":827,"height":1772,"url":"http:\/\/fusionweymax.com\/wp-content\/uploads\/2017\/03\/agua-pet-33cl.jpg","type":"image\/jpeg"}],"twitter_card":"summary_large_image","twitter_misc":{"Est. reading time":"1 minute"},"schema":{"@context":"https:\/\/schema.org","@graph":[{"@type":"WebPage","@id":"http:\/\/fusionweymax.com\/en\/product\/penaclara-botellas-33cl\/","url":"http:\/\/fusionweymax.com\/en\/product\/penaclara-botellas-33cl\/","name":"Natural mineral water 33cl - Fusi\u00f3n Weymax","isPartOf":{"@id":"https:\/\/fusionweymax.com\/zh-hans\/#website"},"datePublished":"2017-09-19T13:25:07+00:00","dateModified":"2018-01-12T14:40:41+00:00","breadcrumb":{"@id":"http:\/\/fusionweymax.com\/en\/product\/penaclara-botellas-33cl\/#breadcrumb"},"inLanguage":"en-US","potentialAction":[{"@type":"ReadAction","target":["http:\/\/fusionweymax.com\/en\/product\/penaclara-botellas-33cl\/"]}]},{"@type":"BreadcrumbList","@id":"http:\/\/fusionweymax.com\/en\/product\/penaclara-botellas-33cl\/#breadcrumb","itemListElement":[{"@type":"ListItem","position":1,"name":"Portada","item":"http:\/\/fusionweymax.com\/en\/"},{"@type":"ListItem","position":2,"name":"Products","item":"http:\/\/fusionweymax.com\/en\/productos\/"},{"@type":"ListItem","position":3,"name":"Natural mineral water 33cl"}]},{"@type":"WebSite","@id":"https:\/\/fusionweymax.com\/zh-hans\/#website","url":"https:\/\/fusionweymax.com\/zh-hans\/","name":"Fusi\u00f3n Weymax","description":"","publisher":{"@id":"https:\/\/fusionweymax.com\/zh-hans\/#organization"},"potentialAction":[{"@type":"SearchAction","target":{"@type":"EntryPoint","urlTemplate":"https:\/\/fusionweymax.com\/zh-hans\/?s={search_term_string}"},"query-input":"required name=search_term_string"}],"inLanguage":"en-US"},{"@type":"Organization","@id":"https:\/\/fusionweymax.com\/zh-hans\/#organization","name":"Fusion Weymax","url":"https:\/\/fusionweymax.com\/zh-hans\/","logo":{"@type":"ImageObject","inLanguage":"en-US","@id":"https:\/\/fusionweymax.com\/zh-hans\/#\/schema\/logo\/image\/","url":"http:\/\/fusionweymax.com\/wp-content\/uploads\/2017\/03\/fusion-weymax-logo-red@2x.png","contentUrl":"http:\/\/fusionweymax.com\/wp-content\/uploads\/2017\/03\/fusion-weymax-logo-red@2x.png","width":450,"height":120,"caption":"Fusion Weymax"},"image":{"@id":"https:\/\/fusionweymax.com\/zh-hans\/#\/schema\/logo\/image\/"}}]}},"_links":{"self":[{"href":"http:\/\/fusionweymax.com\/en\/wp-json\/wp\/v2\/product\/1842"}],"collection":[{"href":"http:\/\/fusionweymax.com\/en\/wp-json\/wp\/v2\/product"}],"about":[{"href":"http:\/\/fusionweymax.com\/en\/wp-json\/wp\/v2\/types\/product"}],"replies":[{"embeddable":true,"href":"http:\/\/fusionweymax.com\/en\/wp-json\/wp\/v2\/comments?post=1842"}],"wp:featuredmedia":[{"embeddable":true,"href":"http:\/\/fusionweymax.com\/en\/wp-json\/wp\/v2\/media\/2340"}],"wp:attachment":[{"href":"http:\/\/fusionweymax.com\/en\/wp-json\/wp\/v2\/media?parent=1842"}],"wp:term":[{"taxonomy":"product_cat","embeddable":true,"href":"http:\/\/fusionweymax.com\/en\/wp-json\/wp\/v2\/product_cat?post=1842"},{"taxonomy":"product_tag","embeddable":true,"href":"http:\/\/fusionweymax.com\/en\/wp-json\/wp\/v2\/product_tag?post=1842"}],"curies":[{"name":"wp","href":"https:\/\/api.w.org\/{rel}","templated":true}]}}