{"id":1850,"date":"2017-01-27T13:34:54","date_gmt":"2017-01-27T12:34:54","guid":{"rendered":"http:\/\/fusionweymax.com\/product\/hikelen-lata-50cl\/"},"modified":"2017-11-29T18:07:25","modified_gmt":"2017-11-29T17:07:25","slug":"hikelen-lata-50cl","status":"publish","type":"product","link":"http:\/\/fusionweymax.com\/en\/product\/hikelen-lata-50cl\/","title":{"rendered":"Hikelen 50cl Can"},"content":{"rendered":"<table width=\"489\">\n<tbody>\n<tr>\n<td width=\"489\">Descripci\u00f3n:<br \/>\nHikelen es s\u00edmbolo de tradici\u00f3n y sabor. Una cerveza cuidada e intensa, que te transportar\u00e1 a la tierra de los vikingos, d\u00f3nde el mar de Nordland ha sido durante siglos y siglos, testigo de innumerables batallas y haza\u00f1as \u00e9picas. Un nombre con historia, para una cerveza con historia.<br \/>\nElaborada con materias primas 100% naturales, a trav\u00e9s de las manos y la experiencia de nuestros maestros cerveceros. HIKELEN es una cerveza de alta calidad, para que cada vez que la tomes sea un momento de celebraci\u00f3n. Los vikingos nos dejaron como herencia su pasi\u00f3n y conocimiento sobre la cerveza, que ahora nosotros recogemos para ofrecerte un sabor genuino y tradicional como el que se beb\u00eda en las viejas tabernas del norte de Europa.<br \/>\nCerveza de baja fermentaci\u00f3n, con cuerpo, plena de sabor y suave al paladar. Color muy caracter\u00edstico brillante dorado. Intenso aroma inicial a malta y a l\u00fapulo, amargo pero refrescante; con una transici\u00f3n suave y un sabor estimulante lupulizado que permanece en la lengua pero que se diluye suavemente sin llegar a la garganta.<\/p>\n<p>Caracter\u00edsticas:<br \/>\nTipo: Cerveza Lager<br \/>\nExtracto seco primitivo: 10,7%<br \/>\nGraduaci\u00f3n: 5%Vol.<br \/>\nTemperatura de servicio: 4-6\u00baC<br \/>\nSabor: Suave y con cuerpo<br \/>\nColor: Dorado brillante<\/p>\n<p>Formatos:<br \/>\n\u2022 Botella 25cl.\u00a0\u00a0 2.000 Packs x 24 Uds. por 40\u201d<br \/>\n\u2022 Botella 25cl. Pull off 2.000 Packs x 24 Uds. por 40\u201d<br \/>\n\u2022 Botella 33cl.\u00a0\u00a0 1.575 Packs x 24 Uds. por 40\u201d<br \/>\n\u2022 Botella 33cl.Pull off 1.570 Packs x 24 Uds. por 40\u201d<br \/>\n\u2022 Lata 33cl.\u00a0\u00a0 2.475 Packs x 24 Uds. por 40\u201d<br \/>\n\u2022 Lata 50cl.\u00a0\u00a0 1.800 Packs x 24 Uds. por 40\u201d<\/td>\n<\/tr>\n<\/tbody>\n<\/table>\n","protected":false},"excerpt":{"rendered":"<p>Descripci\u00f3n: Hikelen es s\u00edmbolo de tradici\u00f3n y sabor. Una cerveza cuidada e intensa, que te transportar\u00e1 a la tierra de los vikingos, d\u00f3nde el mar de Nordland ha sido durante siglos y siglos, testigo de innumerables batallas y haza\u00f1as \u00e9picas. Un nombre con historia, para una cerveza con historia. Elaborada con materias primas 100% naturales, [&hellip;]<\/p>\n","protected":false},"featured_media":1202,"comment_status":"closed","ping_status":"closed","template":"","meta":[],"product_cat":[144,113],"product_tag":[],"yoast_head":"<!-- This site is optimized with the Yoast SEO plugin v20.8 - https:\/\/yoast.com\/wordpress\/plugins\/seo\/ -->\n<title>Hikelen 50cl Can - Fusi\u00f3n Weymax<\/title>\n<meta name=\"robots\" content=\"index, follow, max-snippet:-1, max-image-preview:large, max-video-preview:-1\" \/>\n<link rel=\"canonical\" href=\"http:\/\/fusionweymax.com\/en\/product\/hikelen-lata-50cl\/\" \/>\n<meta property=\"og:locale\" content=\"en_US\" \/>\n<meta property=\"og:type\" content=\"article\" \/>\n<meta property=\"og:title\" content=\"Hikelen 50cl Can - Fusi\u00f3n Weymax\" \/>\n<meta property=\"og:description\" content=\"Descripci\u00f3n: Hikelen es s\u00edmbolo de tradici\u00f3n y sabor. Una cerveza cuidada e intensa, que te transportar\u00e1 a la tierra de los vikingos, d\u00f3nde el mar de Nordland ha sido durante siglos y siglos, testigo de innumerables batallas y haza\u00f1as \u00e9picas. Un nombre con historia, para una cerveza con historia. Elaborada con materias primas 100% naturales, [&hellip;]\" \/>\n<meta property=\"og:url\" content=\"http:\/\/fusionweymax.com\/en\/product\/hikelen-lata-50cl\/\" \/>\n<meta property=\"og:site_name\" content=\"Fusi\u00f3n Weymax\" \/>\n<meta property=\"article:modified_time\" content=\"2017-11-29T17:07:25+00:00\" \/>\n<meta property=\"og:image\" content=\"http:\/\/fusionweymax.com\/wp-content\/uploads\/2017\/01\/hikelenlata50.jpg\" \/>\n\t<meta property=\"og:image:width\" content=\"267\" \/>\n\t<meta property=\"og:image:height\" content=\"502\" \/>\n\t<meta property=\"og:image:type\" content=\"image\/jpeg\" \/>\n<meta name=\"twitter:card\" content=\"summary_large_image\" \/>\n<meta name=\"twitter:label1\" content=\"Est. reading time\" \/>\n\t<meta name=\"twitter:data1\" content=\"1 minute\" \/>\n<script type=\"application\/ld+json\" class=\"yoast-schema-graph\">{\"@context\":\"https:\/\/schema.org\",\"@graph\":[{\"@type\":\"WebPage\",\"@id\":\"http:\/\/fusionweymax.com\/en\/product\/hikelen-lata-50cl\/\",\"url\":\"http:\/\/fusionweymax.com\/en\/product\/hikelen-lata-50cl\/\",\"name\":\"Hikelen 50cl Can - Fusi\u00f3n Weymax\",\"isPartOf\":{\"@id\":\"https:\/\/fusionweymax.com\/zh-hans\/#website\"},\"datePublished\":\"2017-01-27T12:34:54+00:00\",\"dateModified\":\"2017-11-29T17:07:25+00:00\",\"breadcrumb\":{\"@id\":\"http:\/\/fusionweymax.com\/en\/product\/hikelen-lata-50cl\/#breadcrumb\"},\"inLanguage\":\"en-US\",\"potentialAction\":[{\"@type\":\"ReadAction\",\"target\":[\"http:\/\/fusionweymax.com\/en\/product\/hikelen-lata-50cl\/\"]}]},{\"@type\":\"BreadcrumbList\",\"@id\":\"http:\/\/fusionweymax.com\/en\/product\/hikelen-lata-50cl\/#breadcrumb\",\"itemListElement\":[{\"@type\":\"ListItem\",\"position\":1,\"name\":\"Portada\",\"item\":\"http:\/\/fusionweymax.com\/en\/\"},{\"@type\":\"ListItem\",\"position\":2,\"name\":\"Products\",\"item\":\"http:\/\/fusionweymax.com\/en\/productos\/\"},{\"@type\":\"ListItem\",\"position\":3,\"name\":\"Hikelen 50cl Can\"}]},{\"@type\":\"WebSite\",\"@id\":\"https:\/\/fusionweymax.com\/zh-hans\/#website\",\"url\":\"https:\/\/fusionweymax.com\/zh-hans\/\",\"name\":\"Fusi\u00f3n Weymax\",\"description\":\"\",\"publisher\":{\"@id\":\"https:\/\/fusionweymax.com\/zh-hans\/#organization\"},\"potentialAction\":[{\"@type\":\"SearchAction\",\"target\":{\"@type\":\"EntryPoint\",\"urlTemplate\":\"https:\/\/fusionweymax.com\/zh-hans\/?s={search_term_string}\"},\"query-input\":\"required name=search_term_string\"}],\"inLanguage\":\"en-US\"},{\"@type\":\"Organization\",\"@id\":\"https:\/\/fusionweymax.com\/zh-hans\/#organization\",\"name\":\"Fusion Weymax\",\"url\":\"https:\/\/fusionweymax.com\/zh-hans\/\",\"logo\":{\"@type\":\"ImageObject\",\"inLanguage\":\"en-US\",\"@id\":\"https:\/\/fusionweymax.com\/zh-hans\/#\/schema\/logo\/image\/\",\"url\":\"http:\/\/fusionweymax.com\/wp-content\/uploads\/2017\/03\/fusion-weymax-logo-red@2x.png\",\"contentUrl\":\"http:\/\/fusionweymax.com\/wp-content\/uploads\/2017\/03\/fusion-weymax-logo-red@2x.png\",\"width\":450,\"height\":120,\"caption\":\"Fusion Weymax\"},\"image\":{\"@id\":\"https:\/\/fusionweymax.com\/zh-hans\/#\/schema\/logo\/image\/\"}}]}<\/script>\n<!-- \/ Yoast SEO plugin. -->","yoast_head_json":{"title":"Hikelen 50cl Can - Fusi\u00f3n Weymax","robots":{"index":"index","follow":"follow","max-snippet":"max-snippet:-1","max-image-preview":"max-image-preview:large","max-video-preview":"max-video-preview:-1"},"canonical":"http:\/\/fusionweymax.com\/en\/product\/hikelen-lata-50cl\/","og_locale":"en_US","og_type":"article","og_title":"Hikelen 50cl Can - Fusi\u00f3n Weymax","og_description":"Descripci\u00f3n: Hikelen es s\u00edmbolo de tradici\u00f3n y sabor. Una cerveza cuidada e intensa, que te transportar\u00e1 a la tierra de los vikingos, d\u00f3nde el mar de Nordland ha sido durante siglos y siglos, testigo de innumerables batallas y haza\u00f1as \u00e9picas. Un nombre con historia, para una cerveza con historia. Elaborada con materias primas 100% naturales, [&hellip;]","og_url":"http:\/\/fusionweymax.com\/en\/product\/hikelen-lata-50cl\/","og_site_name":"Fusi\u00f3n Weymax","article_modified_time":"2017-11-29T17:07:25+00:00","og_image":[{"width":267,"height":502,"url":"http:\/\/fusionweymax.com\/wp-content\/uploads\/2017\/01\/hikelenlata50.jpg","type":"image\/jpeg"}],"twitter_card":"summary_large_image","twitter_misc":{"Est. reading time":"1 minute"},"schema":{"@context":"https:\/\/schema.org","@graph":[{"@type":"WebPage","@id":"http:\/\/fusionweymax.com\/en\/product\/hikelen-lata-50cl\/","url":"http:\/\/fusionweymax.com\/en\/product\/hikelen-lata-50cl\/","name":"Hikelen 50cl Can - Fusi\u00f3n Weymax","isPartOf":{"@id":"https:\/\/fusionweymax.com\/zh-hans\/#website"},"datePublished":"2017-01-27T12:34:54+00:00","dateModified":"2017-11-29T17:07:25+00:00","breadcrumb":{"@id":"http:\/\/fusionweymax.com\/en\/product\/hikelen-lata-50cl\/#breadcrumb"},"inLanguage":"en-US","potentialAction":[{"@type":"ReadAction","target":["http:\/\/fusionweymax.com\/en\/product\/hikelen-lata-50cl\/"]}]},{"@type":"BreadcrumbList","@id":"http:\/\/fusionweymax.com\/en\/product\/hikelen-lata-50cl\/#breadcrumb","itemListElement":[{"@type":"ListItem","position":1,"name":"Portada","item":"http:\/\/fusionweymax.com\/en\/"},{"@type":"ListItem","position":2,"name":"Products","item":"http:\/\/fusionweymax.com\/en\/productos\/"},{"@type":"ListItem","position":3,"name":"Hikelen 50cl Can"}]},{"@type":"WebSite","@id":"https:\/\/fusionweymax.com\/zh-hans\/#website","url":"https:\/\/fusionweymax.com\/zh-hans\/","name":"Fusi\u00f3n Weymax","description":"","publisher":{"@id":"https:\/\/fusionweymax.com\/zh-hans\/#organization"},"potentialAction":[{"@type":"SearchAction","target":{"@type":"EntryPoint","urlTemplate":"https:\/\/fusionweymax.com\/zh-hans\/?s={search_term_string}"},"query-input":"required name=search_term_string"}],"inLanguage":"en-US"},{"@type":"Organization","@id":"https:\/\/fusionweymax.com\/zh-hans\/#organization","name":"Fusion Weymax","url":"https:\/\/fusionweymax.com\/zh-hans\/","logo":{"@type":"ImageObject","inLanguage":"en-US","@id":"https:\/\/fusionweymax.com\/zh-hans\/#\/schema\/logo\/image\/","url":"http:\/\/fusionweymax.com\/wp-content\/uploads\/2017\/03\/fusion-weymax-logo-red@2x.png","contentUrl":"http:\/\/fusionweymax.com\/wp-content\/uploads\/2017\/03\/fusion-weymax-logo-red@2x.png","width":450,"height":120,"caption":"Fusion Weymax"},"image":{"@id":"https:\/\/fusionweymax.com\/zh-hans\/#\/schema\/logo\/image\/"}}]}},"_links":{"self":[{"href":"http:\/\/fusionweymax.com\/en\/wp-json\/wp\/v2\/product\/1850"}],"collection":[{"href":"http:\/\/fusionweymax.com\/en\/wp-json\/wp\/v2\/product"}],"about":[{"href":"http:\/\/fusionweymax.com\/en\/wp-json\/wp\/v2\/types\/product"}],"replies":[{"embeddable":true,"href":"http:\/\/fusionweymax.com\/en\/wp-json\/wp\/v2\/comments?post=1850"}],"wp:featuredmedia":[{"embeddable":true,"href":"http:\/\/fusionweymax.com\/en\/wp-json\/wp\/v2\/media\/1202"}],"wp:attachment":[{"href":"http:\/\/fusionweymax.com\/en\/wp-json\/wp\/v2\/media?parent=1850"}],"wp:term":[{"taxonomy":"product_cat","embeddable":true,"href":"http:\/\/fusionweymax.com\/en\/wp-json\/wp\/v2\/product_cat?post=1850"},{"taxonomy":"product_tag","embeddable":true,"href":"http:\/\/fusionweymax.com\/en\/wp-json\/wp\/v2\/product_tag?post=1850"}],"curies":[{"name":"wp","href":"https:\/\/api.w.org\/{rel}","templated":true}]}}