{"id":1864,"date":"2017-01-27T13:31:41","date_gmt":"2017-01-27T12:31:41","guid":{"rendered":"http:\/\/fusionweymax.com\/product\/fortuna-maestro-cristal-25cl\/"},"modified":"2017-01-27T13:31:41","modified_gmt":"2017-01-27T12:31:41","slug":"fortuna-maestro-cristal-25cl","status":"publish","type":"product","link":"http:\/\/fusionweymax.com\/en\/product\/fortuna-maestro-cristal-25cl\/","title":{"rendered":"Fortuna Maestro Cristal 25cl"},"content":{"rendered":"<table width=\"489\">\n<tbody>\n<tr>\n<td width=\"489\">Descripci\u00f3n:<br \/>\nFortuna maestro utiliza en su elaboraci\u00f3n ingredientes 100% naturales, es la combinaci\u00f3n de la experiencia de los maestros cerveceros y la mejor de las tecnolog\u00edas. Se utiliza malta de cebada, selecci\u00f3n de l\u00fapulos con notas florales y levadura de primera calidad. La cerveza presenta un color dorado brillante, limpio y transparente, con infinidad de burbujas y espuma fina y persistente. El sabor es fresco, con aromas a cereales y miel, burbuja fina y con un acabado amargo que persiste en la boca.<br \/>\nEs cerveza tipo Lager, est\u00e1n dotados de un sabor caracter\u00edstico que se acent\u00faan en fr\u00edo. Son elaborados con una levadura especial, llamados de fermentaci\u00f3n baja, ya que los procesos se producen lentamente a bajas temperaturas, en la etapa final de fermentaci\u00f3n la cerveza es almacenada en bodegas durante un per\u00edodo en condiciones de baja temperatura para la eliminaci\u00f3n de part\u00edculas e impurezas y mantener estable aromas y sabores.<\/p>\n<p>Caracter\u00edsticas:<br \/>\nTipo: Cerveza Lager<br \/>\nExtracto seco primitivo: 10,7%<br \/>\nGraduaci\u00f3n: 4,8%Vol.<br \/>\nTemperatura de servicio: 4-6\u00baC<br \/>\nSabor: Con cuerpo y refrescante<br \/>\nColor: Dorado brillante<\/p>\n<p>Formatos:<br \/>\n\u2022 Botella 25cl.\u00a0\u00a0 2.000 Packs x 24 Uds. por 40\u201d<\/td>\n<\/tr>\n<\/tbody>\n<\/table>\n","protected":false},"excerpt":{"rendered":"<p>Descripci\u00f3n: Fortuna maestro utiliza en su elaboraci\u00f3n ingredientes 100% naturales, es la combinaci\u00f3n de la experiencia de los maestros cerveceros y la mejor de las tecnolog\u00edas. Se utiliza malta de cebada, selecci\u00f3n de l\u00fapulos con notas florales y levadura de primera calidad. La cerveza presenta un color dorado brillante, limpio y transparente, con infinidad de [&hellip;]<\/p>\n","protected":false},"featured_media":1156,"comment_status":"closed","ping_status":"closed","template":"","meta":[],"product_cat":[144,113],"product_tag":[],"yoast_head":"<!-- This site is optimized with the Yoast SEO plugin v20.8 - https:\/\/yoast.com\/wordpress\/plugins\/seo\/ -->\n<title>Fortuna Maestro Cristal 25cl - Fusi\u00f3n Weymax<\/title>\n<meta name=\"robots\" content=\"index, follow, max-snippet:-1, max-image-preview:large, max-video-preview:-1\" \/>\n<link rel=\"canonical\" href=\"http:\/\/fusionweymax.com\/en\/product\/fortuna-maestro-cristal-25cl\/\" \/>\n<meta property=\"og:locale\" content=\"en_US\" \/>\n<meta property=\"og:type\" content=\"article\" \/>\n<meta property=\"og:title\" content=\"Fortuna Maestro Cristal 25cl - Fusi\u00f3n Weymax\" \/>\n<meta property=\"og:description\" content=\"Descripci\u00f3n: Fortuna maestro utiliza en su elaboraci\u00f3n ingredientes 100% naturales, es la combinaci\u00f3n de la experiencia de los maestros cerveceros y la mejor de las tecnolog\u00edas. Se utiliza malta de cebada, selecci\u00f3n de l\u00fapulos con notas florales y levadura de primera calidad. La cerveza presenta un color dorado brillante, limpio y transparente, con infinidad de [&hellip;]\" \/>\n<meta property=\"og:url\" content=\"http:\/\/fusionweymax.com\/en\/product\/fortuna-maestro-cristal-25cl\/\" \/>\n<meta property=\"og:site_name\" content=\"Fusi\u00f3n Weymax\" \/>\n<meta property=\"og:image\" content=\"http:\/\/fusionweymax.com\/wp-content\/uploads\/2017\/01\/fortuna25.jpg\" \/>\n\t<meta property=\"og:image:width\" content=\"185\" \/>\n\t<meta property=\"og:image:height\" content=\"476\" \/>\n\t<meta property=\"og:image:type\" content=\"image\/jpeg\" \/>\n<meta name=\"twitter:card\" content=\"summary_large_image\" \/>\n<meta name=\"twitter:label1\" content=\"Est. reading time\" \/>\n\t<meta name=\"twitter:data1\" content=\"1 minute\" \/>\n<script type=\"application\/ld+json\" class=\"yoast-schema-graph\">{\"@context\":\"https:\/\/schema.org\",\"@graph\":[{\"@type\":\"WebPage\",\"@id\":\"http:\/\/fusionweymax.com\/en\/product\/fortuna-maestro-cristal-25cl\/\",\"url\":\"http:\/\/fusionweymax.com\/en\/product\/fortuna-maestro-cristal-25cl\/\",\"name\":\"Fortuna Maestro Cristal 25cl - Fusi\u00f3n Weymax\",\"isPartOf\":{\"@id\":\"https:\/\/fusionweymax.com\/zh-hans\/#website\"},\"datePublished\":\"2017-01-27T12:31:41+00:00\",\"dateModified\":\"2017-01-27T12:31:41+00:00\",\"breadcrumb\":{\"@id\":\"http:\/\/fusionweymax.com\/en\/product\/fortuna-maestro-cristal-25cl\/#breadcrumb\"},\"inLanguage\":\"en-US\",\"potentialAction\":[{\"@type\":\"ReadAction\",\"target\":[\"http:\/\/fusionweymax.com\/en\/product\/fortuna-maestro-cristal-25cl\/\"]}]},{\"@type\":\"BreadcrumbList\",\"@id\":\"http:\/\/fusionweymax.com\/en\/product\/fortuna-maestro-cristal-25cl\/#breadcrumb\",\"itemListElement\":[{\"@type\":\"ListItem\",\"position\":1,\"name\":\"Portada\",\"item\":\"https:\/\/fusionweymax.com\/en\/\"},{\"@type\":\"ListItem\",\"position\":2,\"name\":\"Products\",\"item\":\"https:\/\/fusionweymax.com\/en\/productos\/\"},{\"@type\":\"ListItem\",\"position\":3,\"name\":\"Fortuna Maestro Cristal 25cl\"}]},{\"@type\":\"WebSite\",\"@id\":\"https:\/\/fusionweymax.com\/zh-hans\/#website\",\"url\":\"https:\/\/fusionweymax.com\/zh-hans\/\",\"name\":\"Fusi\u00f3n Weymax\",\"description\":\"\",\"publisher\":{\"@id\":\"https:\/\/fusionweymax.com\/zh-hans\/#organization\"},\"potentialAction\":[{\"@type\":\"SearchAction\",\"target\":{\"@type\":\"EntryPoint\",\"urlTemplate\":\"https:\/\/fusionweymax.com\/zh-hans\/?s={search_term_string}\"},\"query-input\":\"required name=search_term_string\"}],\"inLanguage\":\"en-US\"},{\"@type\":\"Organization\",\"@id\":\"https:\/\/fusionweymax.com\/zh-hans\/#organization\",\"name\":\"Fusion Weymax\",\"url\":\"https:\/\/fusionweymax.com\/zh-hans\/\",\"logo\":{\"@type\":\"ImageObject\",\"inLanguage\":\"en-US\",\"@id\":\"https:\/\/fusionweymax.com\/zh-hans\/#\/schema\/logo\/image\/\",\"url\":\"http:\/\/fusionweymax.com\/wp-content\/uploads\/2017\/03\/fusion-weymax-logo-red@2x.png\",\"contentUrl\":\"http:\/\/fusionweymax.com\/wp-content\/uploads\/2017\/03\/fusion-weymax-logo-red@2x.png\",\"width\":450,\"height\":120,\"caption\":\"Fusion Weymax\"},\"image\":{\"@id\":\"https:\/\/fusionweymax.com\/zh-hans\/#\/schema\/logo\/image\/\"}}]}<\/script>\n<!-- \/ Yoast SEO plugin. -->","yoast_head_json":{"title":"Fortuna Maestro Cristal 25cl - Fusi\u00f3n Weymax","robots":{"index":"index","follow":"follow","max-snippet":"max-snippet:-1","max-image-preview":"max-image-preview:large","max-video-preview":"max-video-preview:-1"},"canonical":"http:\/\/fusionweymax.com\/en\/product\/fortuna-maestro-cristal-25cl\/","og_locale":"en_US","og_type":"article","og_title":"Fortuna Maestro Cristal 25cl - Fusi\u00f3n Weymax","og_description":"Descripci\u00f3n: Fortuna maestro utiliza en su elaboraci\u00f3n ingredientes 100% naturales, es la combinaci\u00f3n de la experiencia de los maestros cerveceros y la mejor de las tecnolog\u00edas. Se utiliza malta de cebada, selecci\u00f3n de l\u00fapulos con notas florales y levadura de primera calidad. La cerveza presenta un color dorado brillante, limpio y transparente, con infinidad de [&hellip;]","og_url":"http:\/\/fusionweymax.com\/en\/product\/fortuna-maestro-cristal-25cl\/","og_site_name":"Fusi\u00f3n Weymax","og_image":[{"width":185,"height":476,"url":"http:\/\/fusionweymax.com\/wp-content\/uploads\/2017\/01\/fortuna25.jpg","type":"image\/jpeg"}],"twitter_card":"summary_large_image","twitter_misc":{"Est. reading time":"1 minute"},"schema":{"@context":"https:\/\/schema.org","@graph":[{"@type":"WebPage","@id":"http:\/\/fusionweymax.com\/en\/product\/fortuna-maestro-cristal-25cl\/","url":"http:\/\/fusionweymax.com\/en\/product\/fortuna-maestro-cristal-25cl\/","name":"Fortuna Maestro Cristal 25cl - Fusi\u00f3n Weymax","isPartOf":{"@id":"https:\/\/fusionweymax.com\/zh-hans\/#website"},"datePublished":"2017-01-27T12:31:41+00:00","dateModified":"2017-01-27T12:31:41+00:00","breadcrumb":{"@id":"http:\/\/fusionweymax.com\/en\/product\/fortuna-maestro-cristal-25cl\/#breadcrumb"},"inLanguage":"en-US","potentialAction":[{"@type":"ReadAction","target":["http:\/\/fusionweymax.com\/en\/product\/fortuna-maestro-cristal-25cl\/"]}]},{"@type":"BreadcrumbList","@id":"http:\/\/fusionweymax.com\/en\/product\/fortuna-maestro-cristal-25cl\/#breadcrumb","itemListElement":[{"@type":"ListItem","position":1,"name":"Portada","item":"https:\/\/fusionweymax.com\/en\/"},{"@type":"ListItem","position":2,"name":"Products","item":"https:\/\/fusionweymax.com\/en\/productos\/"},{"@type":"ListItem","position":3,"name":"Fortuna Maestro Cristal 25cl"}]},{"@type":"WebSite","@id":"https:\/\/fusionweymax.com\/zh-hans\/#website","url":"https:\/\/fusionweymax.com\/zh-hans\/","name":"Fusi\u00f3n Weymax","description":"","publisher":{"@id":"https:\/\/fusionweymax.com\/zh-hans\/#organization"},"potentialAction":[{"@type":"SearchAction","target":{"@type":"EntryPoint","urlTemplate":"https:\/\/fusionweymax.com\/zh-hans\/?s={search_term_string}"},"query-input":"required name=search_term_string"}],"inLanguage":"en-US"},{"@type":"Organization","@id":"https:\/\/fusionweymax.com\/zh-hans\/#organization","name":"Fusion Weymax","url":"https:\/\/fusionweymax.com\/zh-hans\/","logo":{"@type":"ImageObject","inLanguage":"en-US","@id":"https:\/\/fusionweymax.com\/zh-hans\/#\/schema\/logo\/image\/","url":"http:\/\/fusionweymax.com\/wp-content\/uploads\/2017\/03\/fusion-weymax-logo-red@2x.png","contentUrl":"http:\/\/fusionweymax.com\/wp-content\/uploads\/2017\/03\/fusion-weymax-logo-red@2x.png","width":450,"height":120,"caption":"Fusion Weymax"},"image":{"@id":"https:\/\/fusionweymax.com\/zh-hans\/#\/schema\/logo\/image\/"}}]}},"_links":{"self":[{"href":"http:\/\/fusionweymax.com\/en\/wp-json\/wp\/v2\/product\/1864"}],"collection":[{"href":"http:\/\/fusionweymax.com\/en\/wp-json\/wp\/v2\/product"}],"about":[{"href":"http:\/\/fusionweymax.com\/en\/wp-json\/wp\/v2\/types\/product"}],"replies":[{"embeddable":true,"href":"http:\/\/fusionweymax.com\/en\/wp-json\/wp\/v2\/comments?post=1864"}],"wp:featuredmedia":[{"embeddable":true,"href":"http:\/\/fusionweymax.com\/en\/wp-json\/wp\/v2\/media\/1156"}],"wp:attachment":[{"href":"http:\/\/fusionweymax.com\/en\/wp-json\/wp\/v2\/media?parent=1864"}],"wp:term":[{"taxonomy":"product_cat","embeddable":true,"href":"http:\/\/fusionweymax.com\/en\/wp-json\/wp\/v2\/product_cat?post=1864"},{"taxonomy":"product_tag","embeddable":true,"href":"http:\/\/fusionweymax.com\/en\/wp-json\/wp\/v2\/product_tag?post=1864"}],"curies":[{"name":"wp","href":"https:\/\/api.w.org\/{rel}","templated":true}]}}