{"id":1874,"date":"2017-09-19T17:13:20","date_gmt":"2017-09-19T15:13:20","guid":{"rendered":"http:\/\/fusionweymax.com\/?post_type=product&#038;p=1874\/"},"modified":"2017-09-19T17:20:33","modified_gmt":"2017-09-19T15:20:33","slug":"limie-verdejo","status":"publish","type":"product","link":"http:\/\/fusionweymax.com\/en\/product\/limie-verdejo\/","title":{"rendered":"Limi\u00e9 Verdejo"},"content":{"rendered":"<p class=\"p1\"><b>Caracter\u00edsticas: <\/b><\/p>\n<p class=\"p1\">Categor\u00eda:<b> Blanco seco <span class=\"Apple-converted-space\">\u00a0 \u00a0 \u00a0 \u00a0 \u00a0<\/span><\/b> <span class=\"Apple-converted-space\">\u00a0 \u00a0 \u00a0 \u00a0<\/span><\/p>\n<p class=\"p1\">Variedad de uva: <b> 100% Verdejo<\/b><span class=\"Apple-converted-space\">\u00a0 \u00a0 \u00a0 \u00a0 \u00a0<\/span><\/p>\n<p class=\"p1\">\u00c1rea de producci\u00f3n: <b>DO Rueda<\/b><\/p>\n<p class=\"p1\"><b>Vinificaci\u00f3n:<\/b> Vendimia manual en cajas de 15kg de vi\u00f1edos de 80-100 a\u00f1os de edad. Refrigeraci\u00f3n de la uva en campo a 6\u00b0C. Maceraci\u00f3n peculiar. Fermentaci\u00f3n en acero inoxidable y en barricas (15% del volumen). Crianza sobre l\u00edas.<\/p>\n<p class=\"p1\"><b>Nota de cata:<\/b> Amarillo lim\u00f3n con ribete verdoso. Aromas a fruta de huesto (melocot\u00f3n, nectar\u00edna) y c\u00edtricos con notas de pan fresco y miel. Suave y equilibrado, en su paso de boca es consistente con un final muy largo. Muy complejo, con excelente textura y de gran elegancia. Es un Verdejo diferente y serio, muy arm\u00f3nico, que gracias a su acidez moderada seguir\u00e1 evolucionando con grandeza.<\/p>\n<p class=\"p1\"><b>Temperatura de servicio y maridaje:<\/b> 10\u00baC. Recomendado paraplatos de pescado como rodaballo y salm\u00f3n, marisco en salsa. Arroces y aves. Ahumados y quesos de pasta blanda.<\/p>\n<p class=\"p1\"><b>Producci\u00f3n anual:<\/b> 6.000 a 8.000 Botellas<\/p>\n<p class=\"p1\"><b>Formato:<\/b> Caja de 6 Botellas de 750 ml<\/p>\n","protected":false},"excerpt":{"rendered":"<p>Caracter\u00edsticas: Categor\u00eda: Blanco seco \u00a0 \u00a0 \u00a0 \u00a0 \u00a0 \u00a0 \u00a0 \u00a0 \u00a0 Variedad de uva: 100% Verdejo\u00a0 \u00a0 \u00a0 \u00a0 \u00a0 \u00c1rea de producci\u00f3n: DO Rueda Vinificaci\u00f3n: Vendimia manual en cajas de 15kg de vi\u00f1edos de 80-100 a\u00f1os de edad. Refrigeraci\u00f3n de la uva en campo a 6\u00b0C. Maceraci\u00f3n peculiar. Fermentaci\u00f3n en acero inoxidable [&hellip;]<\/p>\n","protected":false},"featured_media":1875,"comment_status":"closed","ping_status":"closed","template":"","meta":[],"product_cat":[150,145,98],"product_tag":[],"yoast_head":"<!-- This site is optimized with the Yoast SEO plugin v20.8 - https:\/\/yoast.com\/wordpress\/plugins\/seo\/ -->\n<title>Limi\u00e9 Verdejo - Fusi\u00f3n Weymax<\/title>\n<meta name=\"robots\" content=\"index, follow, max-snippet:-1, max-image-preview:large, max-video-preview:-1\" \/>\n<link rel=\"canonical\" href=\"http:\/\/fusionweymax.com\/producto\/limie-verdejo\/\" \/>\n<meta property=\"og:locale\" content=\"en_US\" \/>\n<meta property=\"og:type\" content=\"article\" \/>\n<meta property=\"og:title\" content=\"Limi\u00e9 Verdejo - Fusi\u00f3n Weymax\" \/>\n<meta property=\"og:description\" content=\"Caracter\u00edsticas: Categor\u00eda: Blanco seco \u00a0 \u00a0 \u00a0 \u00a0 \u00a0 \u00a0 \u00a0 \u00a0 \u00a0 Variedad de uva: 100% Verdejo\u00a0 \u00a0 \u00a0 \u00a0 \u00a0 \u00c1rea de producci\u00f3n: DO Rueda Vinificaci\u00f3n: Vendimia manual en cajas de 15kg de vi\u00f1edos de 80-100 a\u00f1os de edad. Refrigeraci\u00f3n de la uva en campo a 6\u00b0C. Maceraci\u00f3n peculiar. Fermentaci\u00f3n en acero inoxidable [&hellip;]\" \/>\n<meta property=\"og:url\" content=\"http:\/\/fusionweymax.com\/producto\/limie-verdejo\/\" \/>\n<meta property=\"og:site_name\" content=\"Fusi\u00f3n Weymax\" \/>\n<meta property=\"article:modified_time\" content=\"2017-09-19T15:20:33+00:00\" \/>\n<meta property=\"og:image\" content=\"http:\/\/fusionweymax.com\/wp-content\/uploads\/2017\/01\/limie.jpg\" \/>\n\t<meta property=\"og:image:width\" content=\"423\" \/>\n\t<meta property=\"og:image:height\" content=\"1033\" \/>\n\t<meta property=\"og:image:type\" content=\"image\/jpeg\" \/>\n<meta name=\"twitter:card\" content=\"summary_large_image\" \/>\n<meta name=\"twitter:label1\" content=\"Est. reading time\" \/>\n\t<meta name=\"twitter:data1\" content=\"1 minute\" \/>\n<script type=\"application\/ld+json\" class=\"yoast-schema-graph\">{\"@context\":\"https:\/\/schema.org\",\"@graph\":[{\"@type\":\"WebPage\",\"@id\":\"http:\/\/fusionweymax.com\/producto\/limie-verdejo\/\",\"url\":\"http:\/\/fusionweymax.com\/producto\/limie-verdejo\/\",\"name\":\"Limi\u00e9 Verdejo - Fusi\u00f3n Weymax\",\"isPartOf\":{\"@id\":\"http:\/\/fusionweymax.com\/en\/#website\"},\"datePublished\":\"2017-09-19T15:13:20+00:00\",\"dateModified\":\"2017-09-19T15:20:33+00:00\",\"breadcrumb\":{\"@id\":\"http:\/\/fusionweymax.com\/producto\/limie-verdejo\/#breadcrumb\"},\"inLanguage\":\"en-US\",\"potentialAction\":[{\"@type\":\"ReadAction\",\"target\":[\"http:\/\/fusionweymax.com\/producto\/limie-verdejo\/\"]}]},{\"@type\":\"BreadcrumbList\",\"@id\":\"http:\/\/fusionweymax.com\/producto\/limie-verdejo\/#breadcrumb\",\"itemListElement\":[{\"@type\":\"ListItem\",\"position\":1,\"name\":\"Portada\",\"item\":\"http:\/\/fusionweymax.com\/en\/\"},{\"@type\":\"ListItem\",\"position\":2,\"name\":\"Products\",\"item\":\"http:\/\/fusionweymax.com\/en\/productos\/\"},{\"@type\":\"ListItem\",\"position\":3,\"name\":\"Limi\u00e9 Verdejo\"}]},{\"@type\":\"WebSite\",\"@id\":\"http:\/\/fusionweymax.com\/en\/#website\",\"url\":\"http:\/\/fusionweymax.com\/en\/\",\"name\":\"Fusi\u00f3n Weymax\",\"description\":\"\",\"publisher\":{\"@id\":\"http:\/\/fusionweymax.com\/en\/#organization\"},\"potentialAction\":[{\"@type\":\"SearchAction\",\"target\":{\"@type\":\"EntryPoint\",\"urlTemplate\":\"http:\/\/fusionweymax.com\/en\/?s={search_term_string}\"},\"query-input\":\"required name=search_term_string\"}],\"inLanguage\":\"en-US\"},{\"@type\":\"Organization\",\"@id\":\"http:\/\/fusionweymax.com\/en\/#organization\",\"name\":\"Fusion Weymax\",\"url\":\"http:\/\/fusionweymax.com\/en\/\",\"logo\":{\"@type\":\"ImageObject\",\"inLanguage\":\"en-US\",\"@id\":\"http:\/\/fusionweymax.com\/en\/#\/schema\/logo\/image\/\",\"url\":\"http:\/\/fusionweymax.com\/wp-content\/uploads\/2017\/03\/fusion-weymax-logo-red@2x.png\",\"contentUrl\":\"http:\/\/fusionweymax.com\/wp-content\/uploads\/2017\/03\/fusion-weymax-logo-red@2x.png\",\"width\":450,\"height\":120,\"caption\":\"Fusion Weymax\"},\"image\":{\"@id\":\"http:\/\/fusionweymax.com\/en\/#\/schema\/logo\/image\/\"}}]}<\/script>\n<!-- \/ Yoast SEO plugin. -->","yoast_head_json":{"title":"Limi\u00e9 Verdejo - Fusi\u00f3n Weymax","robots":{"index":"index","follow":"follow","max-snippet":"max-snippet:-1","max-image-preview":"max-image-preview:large","max-video-preview":"max-video-preview:-1"},"canonical":"http:\/\/fusionweymax.com\/producto\/limie-verdejo\/","og_locale":"en_US","og_type":"article","og_title":"Limi\u00e9 Verdejo - Fusi\u00f3n Weymax","og_description":"Caracter\u00edsticas: Categor\u00eda: Blanco seco \u00a0 \u00a0 \u00a0 \u00a0 \u00a0 \u00a0 \u00a0 \u00a0 \u00a0 Variedad de uva: 100% Verdejo\u00a0 \u00a0 \u00a0 \u00a0 \u00a0 \u00c1rea de producci\u00f3n: DO Rueda Vinificaci\u00f3n: Vendimia manual en cajas de 15kg de vi\u00f1edos de 80-100 a\u00f1os de edad. Refrigeraci\u00f3n de la uva en campo a 6\u00b0C. Maceraci\u00f3n peculiar. Fermentaci\u00f3n en acero inoxidable [&hellip;]","og_url":"http:\/\/fusionweymax.com\/producto\/limie-verdejo\/","og_site_name":"Fusi\u00f3n Weymax","article_modified_time":"2017-09-19T15:20:33+00:00","og_image":[{"width":423,"height":1033,"url":"http:\/\/fusionweymax.com\/wp-content\/uploads\/2017\/01\/limie.jpg","type":"image\/jpeg"}],"twitter_card":"summary_large_image","twitter_misc":{"Est. reading time":"1 minute"},"schema":{"@context":"https:\/\/schema.org","@graph":[{"@type":"WebPage","@id":"http:\/\/fusionweymax.com\/producto\/limie-verdejo\/","url":"http:\/\/fusionweymax.com\/producto\/limie-verdejo\/","name":"Limi\u00e9 Verdejo - Fusi\u00f3n Weymax","isPartOf":{"@id":"http:\/\/fusionweymax.com\/en\/#website"},"datePublished":"2017-09-19T15:13:20+00:00","dateModified":"2017-09-19T15:20:33+00:00","breadcrumb":{"@id":"http:\/\/fusionweymax.com\/producto\/limie-verdejo\/#breadcrumb"},"inLanguage":"en-US","potentialAction":[{"@type":"ReadAction","target":["http:\/\/fusionweymax.com\/producto\/limie-verdejo\/"]}]},{"@type":"BreadcrumbList","@id":"http:\/\/fusionweymax.com\/producto\/limie-verdejo\/#breadcrumb","itemListElement":[{"@type":"ListItem","position":1,"name":"Portada","item":"http:\/\/fusionweymax.com\/en\/"},{"@type":"ListItem","position":2,"name":"Products","item":"http:\/\/fusionweymax.com\/en\/productos\/"},{"@type":"ListItem","position":3,"name":"Limi\u00e9 Verdejo"}]},{"@type":"WebSite","@id":"http:\/\/fusionweymax.com\/en\/#website","url":"http:\/\/fusionweymax.com\/en\/","name":"Fusi\u00f3n Weymax","description":"","publisher":{"@id":"http:\/\/fusionweymax.com\/en\/#organization"},"potentialAction":[{"@type":"SearchAction","target":{"@type":"EntryPoint","urlTemplate":"http:\/\/fusionweymax.com\/en\/?s={search_term_string}"},"query-input":"required name=search_term_string"}],"inLanguage":"en-US"},{"@type":"Organization","@id":"http:\/\/fusionweymax.com\/en\/#organization","name":"Fusion Weymax","url":"http:\/\/fusionweymax.com\/en\/","logo":{"@type":"ImageObject","inLanguage":"en-US","@id":"http:\/\/fusionweymax.com\/en\/#\/schema\/logo\/image\/","url":"http:\/\/fusionweymax.com\/wp-content\/uploads\/2017\/03\/fusion-weymax-logo-red@2x.png","contentUrl":"http:\/\/fusionweymax.com\/wp-content\/uploads\/2017\/03\/fusion-weymax-logo-red@2x.png","width":450,"height":120,"caption":"Fusion Weymax"},"image":{"@id":"http:\/\/fusionweymax.com\/en\/#\/schema\/logo\/image\/"}}]}},"_links":{"self":[{"href":"http:\/\/fusionweymax.com\/en\/wp-json\/wp\/v2\/product\/1874"}],"collection":[{"href":"http:\/\/fusionweymax.com\/en\/wp-json\/wp\/v2\/product"}],"about":[{"href":"http:\/\/fusionweymax.com\/en\/wp-json\/wp\/v2\/types\/product"}],"replies":[{"embeddable":true,"href":"http:\/\/fusionweymax.com\/en\/wp-json\/wp\/v2\/comments?post=1874"}],"wp:featuredmedia":[{"embeddable":true,"href":"http:\/\/fusionweymax.com\/en\/wp-json\/wp\/v2\/media\/1875"}],"wp:attachment":[{"href":"http:\/\/fusionweymax.com\/en\/wp-json\/wp\/v2\/media?parent=1874"}],"wp:term":[{"taxonomy":"product_cat","embeddable":true,"href":"http:\/\/fusionweymax.com\/en\/wp-json\/wp\/v2\/product_cat?post=1874"},{"taxonomy":"product_tag","embeddable":true,"href":"http:\/\/fusionweymax.com\/en\/wp-json\/wp\/v2\/product_tag?post=1874"}],"curies":[{"name":"wp","href":"https:\/\/api.w.org\/{rel}","templated":true}]}}