{"id":1879,"date":"2017-09-19T17:27:42","date_gmt":"2017-09-19T15:27:42","guid":{"rendered":"http:\/\/fusionweymax.com\/?post_type=product&#038;p=1879\/"},"modified":"2017-09-19T17:27:42","modified_gmt":"2017-09-19T15:27:42","slug":"medrano-blanco","status":"publish","type":"product","link":"http:\/\/fusionweymax.com\/en\/product\/medrano-blanco\/","title":{"rendered":"Medrano Blanco"},"content":{"rendered":"<p class=\"p1\"><b>Caracter\u00edsticas: <\/b><\/p>\n<p class=\"p1\">Categor\u00eda: <b>Blanco Selecci\u00f3n<\/b> <span class=\"Apple-converted-space\">\u00a0 \u00a0 \u00a0 \u00a0 \u00a0 \u00a0 \u00a0 \u00a0 \u00a0 \u00a0 \u00a0<\/span><\/p>\n<p class=\"p1\">Grado alcoh\u00f3lico: <b>&#8211;<\/b><\/p>\n<p class=\"p1\">Variedad de uva: <b>80% Viura y 20% Malvas\u00eda<\/b><span class=\"Apple-converted-space\">\u00a0 \u00a0 \u00a0 \u00a0 \u00a0<\/span><\/p>\n<p class=\"p1\">\u00c1rea de producci\u00f3n: <b>DO Rioja<\/b><\/p>\n<p class=\"p1\"><b>Vinificaci\u00f3n:<\/b> Vendimia manual de la uva seleccionada en la propia vi\u00f1a. Prensado y posterior fermentaci\u00f3n controlada a bajas temperaturas en dep\u00f3sitos de acero inoxidable para la extracci\u00f3n y conservaci\u00f3n de los aromas primarios, frutales y florales.<\/p>\n<p class=\"p1\"><b>Nota de cata:<\/b> Visualmente es elegante, refinado y con mucho car\u00e1cter. En nariz se aprecian aromas frutales finos, sutiles y potentes. Maduro con toques herb\u00e1ceos, florales y bals\u00e1micos. El gusto en boca es vivo, seco y muy bien equilibrado, sabroso, suave y fino en aromas.<\/p>\n<p class=\"p1\"><b>Temperatura de servicio y maridaje:<\/b> 6\u00baC. Recomendado para pescados (Rodaballo y Besugo.) Almejas, Navajas, Arroces.<\/p>\n","protected":false},"excerpt":{"rendered":"<p>Caracter\u00edsticas: Categor\u00eda: Blanco Selecci\u00f3n \u00a0 \u00a0 \u00a0 \u00a0 \u00a0 \u00a0 \u00a0 \u00a0 \u00a0 \u00a0 \u00a0 Grado alcoh\u00f3lico: &#8211; Variedad de uva: 80% Viura y 20% Malvas\u00eda\u00a0 \u00a0 \u00a0 \u00a0 \u00a0 \u00c1rea de producci\u00f3n: DO Rioja Vinificaci\u00f3n: Vendimia manual de la uva seleccionada en la propia vi\u00f1a. Prensado y posterior fermentaci\u00f3n controlada a bajas temperaturas en [&hellip;]<\/p>\n","protected":false},"featured_media":1881,"comment_status":"closed","ping_status":"closed","template":"","meta":[],"product_cat":[149,147,98],"product_tag":[],"yoast_head":"<!-- This site is optimized with the Yoast SEO plugin v20.8 - https:\/\/yoast.com\/wordpress\/plugins\/seo\/ -->\n<title>Medrano Blanco - Fusi\u00f3n Weymax<\/title>\n<meta name=\"robots\" content=\"index, follow, max-snippet:-1, max-image-preview:large, max-video-preview:-1\" \/>\n<link rel=\"canonical\" href=\"http:\/\/fusionweymax.com\/en\/product\/medrano-blanco\/\" \/>\n<meta property=\"og:locale\" content=\"en_US\" \/>\n<meta property=\"og:type\" content=\"article\" \/>\n<meta property=\"og:title\" content=\"Medrano Blanco - Fusi\u00f3n Weymax\" \/>\n<meta property=\"og:description\" content=\"Caracter\u00edsticas: Categor\u00eda: Blanco Selecci\u00f3n \u00a0 \u00a0 \u00a0 \u00a0 \u00a0 \u00a0 \u00a0 \u00a0 \u00a0 \u00a0 \u00a0 Grado alcoh\u00f3lico: &#8211; Variedad de uva: 80% Viura y 20% Malvas\u00eda\u00a0 \u00a0 \u00a0 \u00a0 \u00a0 \u00c1rea de producci\u00f3n: DO Rioja Vinificaci\u00f3n: Vendimia manual de la uva seleccionada en la propia vi\u00f1a. Prensado y posterior fermentaci\u00f3n controlada a bajas temperaturas en [&hellip;]\" \/>\n<meta property=\"og:url\" content=\"http:\/\/fusionweymax.com\/en\/product\/medrano-blanco\/\" \/>\n<meta property=\"og:site_name\" content=\"Fusi\u00f3n Weymax\" \/>\n<meta property=\"og:image\" content=\"http:\/\/fusionweymax.com\/wp-content\/uploads\/2017\/01\/medrano-blanco.jpg\" \/>\n\t<meta property=\"og:image:width\" content=\"230\" \/>\n\t<meta property=\"og:image:height\" content=\"925\" \/>\n\t<meta property=\"og:image:type\" content=\"image\/jpeg\" \/>\n<meta name=\"twitter:card\" content=\"summary_large_image\" \/>\n<meta name=\"twitter:label1\" content=\"Est. reading time\" \/>\n\t<meta name=\"twitter:data1\" content=\"1 minute\" \/>\n<script type=\"application\/ld+json\" class=\"yoast-schema-graph\">{\"@context\":\"https:\/\/schema.org\",\"@graph\":[{\"@type\":\"WebPage\",\"@id\":\"http:\/\/fusionweymax.com\/en\/product\/medrano-blanco\/\",\"url\":\"http:\/\/fusionweymax.com\/en\/product\/medrano-blanco\/\",\"name\":\"Medrano Blanco - Fusi\u00f3n Weymax\",\"isPartOf\":{\"@id\":\"https:\/\/fusionweymax.com\/zh-hans\/#website\"},\"datePublished\":\"2017-09-19T15:27:42+00:00\",\"dateModified\":\"2017-09-19T15:27:42+00:00\",\"breadcrumb\":{\"@id\":\"http:\/\/fusionweymax.com\/en\/product\/medrano-blanco\/#breadcrumb\"},\"inLanguage\":\"en-US\",\"potentialAction\":[{\"@type\":\"ReadAction\",\"target\":[\"http:\/\/fusionweymax.com\/en\/product\/medrano-blanco\/\"]}]},{\"@type\":\"BreadcrumbList\",\"@id\":\"http:\/\/fusionweymax.com\/en\/product\/medrano-blanco\/#breadcrumb\",\"itemListElement\":[{\"@type\":\"ListItem\",\"position\":1,\"name\":\"Portada\",\"item\":\"http:\/\/fusionweymax.com\/en\/\"},{\"@type\":\"ListItem\",\"position\":2,\"name\":\"Products\",\"item\":\"http:\/\/fusionweymax.com\/en\/productos\/\"},{\"@type\":\"ListItem\",\"position\":3,\"name\":\"Medrano Blanco\"}]},{\"@type\":\"WebSite\",\"@id\":\"https:\/\/fusionweymax.com\/zh-hans\/#website\",\"url\":\"https:\/\/fusionweymax.com\/zh-hans\/\",\"name\":\"Fusi\u00f3n Weymax\",\"description\":\"\",\"publisher\":{\"@id\":\"https:\/\/fusionweymax.com\/zh-hans\/#organization\"},\"potentialAction\":[{\"@type\":\"SearchAction\",\"target\":{\"@type\":\"EntryPoint\",\"urlTemplate\":\"https:\/\/fusionweymax.com\/zh-hans\/?s={search_term_string}\"},\"query-input\":\"required name=search_term_string\"}],\"inLanguage\":\"en-US\"},{\"@type\":\"Organization\",\"@id\":\"https:\/\/fusionweymax.com\/zh-hans\/#organization\",\"name\":\"Fusion Weymax\",\"url\":\"https:\/\/fusionweymax.com\/zh-hans\/\",\"logo\":{\"@type\":\"ImageObject\",\"inLanguage\":\"en-US\",\"@id\":\"https:\/\/fusionweymax.com\/zh-hans\/#\/schema\/logo\/image\/\",\"url\":\"http:\/\/fusionweymax.com\/wp-content\/uploads\/2017\/03\/fusion-weymax-logo-red@2x.png\",\"contentUrl\":\"http:\/\/fusionweymax.com\/wp-content\/uploads\/2017\/03\/fusion-weymax-logo-red@2x.png\",\"width\":450,\"height\":120,\"caption\":\"Fusion Weymax\"},\"image\":{\"@id\":\"https:\/\/fusionweymax.com\/zh-hans\/#\/schema\/logo\/image\/\"}}]}<\/script>\n<!-- \/ Yoast SEO plugin. -->","yoast_head_json":{"title":"Medrano Blanco - Fusi\u00f3n Weymax","robots":{"index":"index","follow":"follow","max-snippet":"max-snippet:-1","max-image-preview":"max-image-preview:large","max-video-preview":"max-video-preview:-1"},"canonical":"http:\/\/fusionweymax.com\/en\/product\/medrano-blanco\/","og_locale":"en_US","og_type":"article","og_title":"Medrano Blanco - Fusi\u00f3n Weymax","og_description":"Caracter\u00edsticas: Categor\u00eda: Blanco Selecci\u00f3n \u00a0 \u00a0 \u00a0 \u00a0 \u00a0 \u00a0 \u00a0 \u00a0 \u00a0 \u00a0 \u00a0 Grado alcoh\u00f3lico: &#8211; Variedad de uva: 80% Viura y 20% Malvas\u00eda\u00a0 \u00a0 \u00a0 \u00a0 \u00a0 \u00c1rea de producci\u00f3n: DO Rioja Vinificaci\u00f3n: Vendimia manual de la uva seleccionada en la propia vi\u00f1a. Prensado y posterior fermentaci\u00f3n controlada a bajas temperaturas en [&hellip;]","og_url":"http:\/\/fusionweymax.com\/en\/product\/medrano-blanco\/","og_site_name":"Fusi\u00f3n Weymax","og_image":[{"width":230,"height":925,"url":"http:\/\/fusionweymax.com\/wp-content\/uploads\/2017\/01\/medrano-blanco.jpg","type":"image\/jpeg"}],"twitter_card":"summary_large_image","twitter_misc":{"Est. reading time":"1 minute"},"schema":{"@context":"https:\/\/schema.org","@graph":[{"@type":"WebPage","@id":"http:\/\/fusionweymax.com\/en\/product\/medrano-blanco\/","url":"http:\/\/fusionweymax.com\/en\/product\/medrano-blanco\/","name":"Medrano Blanco - Fusi\u00f3n Weymax","isPartOf":{"@id":"https:\/\/fusionweymax.com\/zh-hans\/#website"},"datePublished":"2017-09-19T15:27:42+00:00","dateModified":"2017-09-19T15:27:42+00:00","breadcrumb":{"@id":"http:\/\/fusionweymax.com\/en\/product\/medrano-blanco\/#breadcrumb"},"inLanguage":"en-US","potentialAction":[{"@type":"ReadAction","target":["http:\/\/fusionweymax.com\/en\/product\/medrano-blanco\/"]}]},{"@type":"BreadcrumbList","@id":"http:\/\/fusionweymax.com\/en\/product\/medrano-blanco\/#breadcrumb","itemListElement":[{"@type":"ListItem","position":1,"name":"Portada","item":"http:\/\/fusionweymax.com\/en\/"},{"@type":"ListItem","position":2,"name":"Products","item":"http:\/\/fusionweymax.com\/en\/productos\/"},{"@type":"ListItem","position":3,"name":"Medrano Blanco"}]},{"@type":"WebSite","@id":"https:\/\/fusionweymax.com\/zh-hans\/#website","url":"https:\/\/fusionweymax.com\/zh-hans\/","name":"Fusi\u00f3n Weymax","description":"","publisher":{"@id":"https:\/\/fusionweymax.com\/zh-hans\/#organization"},"potentialAction":[{"@type":"SearchAction","target":{"@type":"EntryPoint","urlTemplate":"https:\/\/fusionweymax.com\/zh-hans\/?s={search_term_string}"},"query-input":"required name=search_term_string"}],"inLanguage":"en-US"},{"@type":"Organization","@id":"https:\/\/fusionweymax.com\/zh-hans\/#organization","name":"Fusion Weymax","url":"https:\/\/fusionweymax.com\/zh-hans\/","logo":{"@type":"ImageObject","inLanguage":"en-US","@id":"https:\/\/fusionweymax.com\/zh-hans\/#\/schema\/logo\/image\/","url":"http:\/\/fusionweymax.com\/wp-content\/uploads\/2017\/03\/fusion-weymax-logo-red@2x.png","contentUrl":"http:\/\/fusionweymax.com\/wp-content\/uploads\/2017\/03\/fusion-weymax-logo-red@2x.png","width":450,"height":120,"caption":"Fusion Weymax"},"image":{"@id":"https:\/\/fusionweymax.com\/zh-hans\/#\/schema\/logo\/image\/"}}]}},"_links":{"self":[{"href":"http:\/\/fusionweymax.com\/en\/wp-json\/wp\/v2\/product\/1879"}],"collection":[{"href":"http:\/\/fusionweymax.com\/en\/wp-json\/wp\/v2\/product"}],"about":[{"href":"http:\/\/fusionweymax.com\/en\/wp-json\/wp\/v2\/types\/product"}],"replies":[{"embeddable":true,"href":"http:\/\/fusionweymax.com\/en\/wp-json\/wp\/v2\/comments?post=1879"}],"wp:featuredmedia":[{"embeddable":true,"href":"http:\/\/fusionweymax.com\/en\/wp-json\/wp\/v2\/media\/1881"}],"wp:attachment":[{"href":"http:\/\/fusionweymax.com\/en\/wp-json\/wp\/v2\/media?parent=1879"}],"wp:term":[{"taxonomy":"product_cat","embeddable":true,"href":"http:\/\/fusionweymax.com\/en\/wp-json\/wp\/v2\/product_cat?post=1879"},{"taxonomy":"product_tag","embeddable":true,"href":"http:\/\/fusionweymax.com\/en\/wp-json\/wp\/v2\/product_tag?post=1879"}],"curies":[{"name":"wp","href":"https:\/\/api.w.org\/{rel}","templated":true}]}}