{"id":1884,"date":"2017-01-27T12:49:09","date_gmt":"2017-09-19T15:35:24","guid":{"rendered":"http:\/\/fusionweymax.com\/?post_type=product&#038;p=1884\/"},"modified":"2017-09-19T17:35:24","modified_gmt":"2017-09-19T15:35:24","slug":"maison-la-folf-cabernet","status":"publish","type":"product","link":"http:\/\/fusionweymax.com\/en\/product\/maison-la-folf-cabernet\/","title":{"rendered":"Maison La Folf Cabernet"},"content":{"rendered":"<p class=\"p1\"><b>Caracter\u00edsticas: <\/b><\/p>\n<p class=\"p1\">Categor\u00eda: <b>Tinto Crianza<\/b> <span class=\"Apple-converted-space\">\u00a0 \u00a0 \u00a0 \u00a0 \u00a0 \u00a0 \u00a0 \u00a0 \u00a0 \u00a0 \u00a0 \u00a0 \u00a0<\/span><\/p>\n<p class=\"p1\">Grado alcoh\u00f3lico: <b>14%vol.<\/b><\/p>\n<p class=\"p1\">Variedad de uva: <b>85 % Cabernet Sauvignon 15% Merlot\u00a0<\/b><\/p>\n<p class=\"p1\">\u00c1rea de producci\u00f3n: <b>Burdeos<\/b><\/p>\n<p class=\"p1\"><b>Vinificaci\u00f3n:<\/b> Vendimia manual y fermentacion clasica a 28\u00b0C con remontados y delestages periodicos segun su cata. Maceracion post fermentative de 5 a 10 dias. Se cria durante 10 meses en barricas de 225 litros de origen frances.<\/p>\n<p class=\"p1\"><b>Nota de cata:<\/b><span class=\"Apple-converted-space\">\u00a0 <\/span>A la vista se aprecia rojo con tonos de Rubi intenso. En nariz se muestra elegante, complejo con notas de cereza, grosellas y ciruelas negras, dando paso a tonos especiados de pimienta negra, todo ello con notas de vainilla por la crianza en barrica.<span class=\"Apple-converted-space\">\u00a0 <\/span>En boca tiene una firme estructura con una buena concentracion de fruta donde vuelve a destacar la ciruela y la mora, dejando paso a unos taninos elegantes y jugosos que nos proporcionan un largo y agradable final.<\/p>\n<p class=\"p1\"><b>Temperatura de servicio y maridaje:<\/b> 15\u00baC &#8211; 18\u00baC. Recomendado todo tipo de aperitivos, carnes y guisos.<\/p>\n<p class=\"p1\"><b>Formato:<\/b> Caja de 6 Botellas de 750 ml<\/p>\n","protected":false},"excerpt":{"rendered":"<p>Caracter\u00edsticas: Categor\u00eda: Tinto Crianza \u00a0 \u00a0 \u00a0 \u00a0 \u00a0 \u00a0 \u00a0 \u00a0 \u00a0 \u00a0 \u00a0 \u00a0 \u00a0 Grado alcoh\u00f3lico: 14%vol. Variedad de uva: 85 % Cabernet Sauvignon 15% Merlot\u00a0 \u00c1rea de producci\u00f3n: Burdeos Vinificaci\u00f3n: Vendimia manual y fermentacion clasica a 28\u00b0C con remontados y delestages periodicos segun su cata. Maceracion post fermentative de 5 a [&hellip;]<\/p>\n","protected":false},"featured_media":2160,"comment_status":"closed","ping_status":"closed","template":"","meta":[],"product_cat":[148,116,98],"product_tag":[],"yoast_head":"<!-- This site is optimized with the Yoast SEO plugin v20.8 - https:\/\/yoast.com\/wordpress\/plugins\/seo\/ -->\n<title>Maison La Folf Cabernet - Fusi\u00f3n Weymax<\/title>\n<meta name=\"robots\" content=\"index, follow, max-snippet:-1, max-image-preview:large, max-video-preview:-1\" \/>\n<link rel=\"canonical\" href=\"http:\/\/fusionweymax.com\/en\/product\/maison-la-folf-cabernet\/\" \/>\n<meta property=\"og:locale\" content=\"en_US\" \/>\n<meta property=\"og:type\" content=\"article\" \/>\n<meta property=\"og:title\" content=\"Maison La Folf Cabernet - Fusi\u00f3n Weymax\" \/>\n<meta property=\"og:description\" content=\"Caracter\u00edsticas: Categor\u00eda: Tinto Crianza \u00a0 \u00a0 \u00a0 \u00a0 \u00a0 \u00a0 \u00a0 \u00a0 \u00a0 \u00a0 \u00a0 \u00a0 \u00a0 Grado alcoh\u00f3lico: 14%vol. Variedad de uva: 85 % Cabernet Sauvignon 15% Merlot\u00a0 \u00c1rea de producci\u00f3n: Burdeos Vinificaci\u00f3n: Vendimia manual y fermentacion clasica a 28\u00b0C con remontados y delestages periodicos segun su cata. Maceracion post fermentative de 5 a [&hellip;]\" \/>\n<meta property=\"og:url\" content=\"http:\/\/fusionweymax.com\/en\/product\/maison-la-folf-cabernet\/\" \/>\n<meta property=\"og:site_name\" content=\"Fusi\u00f3n Weymax\" \/>\n<meta property=\"og:image\" content=\"http:\/\/fusionweymax.com\/wp-content\/uploads\/2017\/01\/lafolfcabernet.jpg\" \/>\n\t<meta property=\"og:image:width\" content=\"400\" \/>\n\t<meta property=\"og:image:height\" content=\"1005\" \/>\n\t<meta property=\"og:image:type\" content=\"image\/jpeg\" \/>\n<meta name=\"twitter:card\" content=\"summary_large_image\" \/>\n<meta name=\"twitter:label1\" content=\"Est. reading time\" \/>\n\t<meta name=\"twitter:data1\" content=\"1 minute\" \/>\n<script type=\"application\/ld+json\" class=\"yoast-schema-graph\">{\"@context\":\"https:\/\/schema.org\",\"@graph\":[{\"@type\":\"WebPage\",\"@id\":\"http:\/\/fusionweymax.com\/en\/product\/maison-la-folf-cabernet\/\",\"url\":\"http:\/\/fusionweymax.com\/en\/product\/maison-la-folf-cabernet\/\",\"name\":\"Maison La Folf Cabernet - Fusi\u00f3n Weymax\",\"isPartOf\":{\"@id\":\"https:\/\/fusionweymax.com\/zh-hans\/#website\"},\"datePublished\":\"2017-09-19T15:35:24+00:00\",\"dateModified\":\"2017-09-19T15:35:24+00:00\",\"breadcrumb\":{\"@id\":\"http:\/\/fusionweymax.com\/en\/product\/maison-la-folf-cabernet\/#breadcrumb\"},\"inLanguage\":\"en-US\",\"potentialAction\":[{\"@type\":\"ReadAction\",\"target\":[\"http:\/\/fusionweymax.com\/en\/product\/maison-la-folf-cabernet\/\"]}]},{\"@type\":\"BreadcrumbList\",\"@id\":\"http:\/\/fusionweymax.com\/en\/product\/maison-la-folf-cabernet\/#breadcrumb\",\"itemListElement\":[{\"@type\":\"ListItem\",\"position\":1,\"name\":\"Portada\",\"item\":\"https:\/\/fusionweymax.com\/en\/\"},{\"@type\":\"ListItem\",\"position\":2,\"name\":\"Products\",\"item\":\"https:\/\/fusionweymax.com\/en\/productos\/\"},{\"@type\":\"ListItem\",\"position\":3,\"name\":\"Maison La Folf Cabernet\"}]},{\"@type\":\"WebSite\",\"@id\":\"https:\/\/fusionweymax.com\/zh-hans\/#website\",\"url\":\"https:\/\/fusionweymax.com\/zh-hans\/\",\"name\":\"Fusi\u00f3n Weymax\",\"description\":\"\",\"publisher\":{\"@id\":\"https:\/\/fusionweymax.com\/zh-hans\/#organization\"},\"potentialAction\":[{\"@type\":\"SearchAction\",\"target\":{\"@type\":\"EntryPoint\",\"urlTemplate\":\"https:\/\/fusionweymax.com\/zh-hans\/?s={search_term_string}\"},\"query-input\":\"required name=search_term_string\"}],\"inLanguage\":\"en-US\"},{\"@type\":\"Organization\",\"@id\":\"https:\/\/fusionweymax.com\/zh-hans\/#organization\",\"name\":\"Fusion Weymax\",\"url\":\"https:\/\/fusionweymax.com\/zh-hans\/\",\"logo\":{\"@type\":\"ImageObject\",\"inLanguage\":\"en-US\",\"@id\":\"https:\/\/fusionweymax.com\/zh-hans\/#\/schema\/logo\/image\/\",\"url\":\"http:\/\/fusionweymax.com\/wp-content\/uploads\/2017\/03\/fusion-weymax-logo-red@2x.png\",\"contentUrl\":\"http:\/\/fusionweymax.com\/wp-content\/uploads\/2017\/03\/fusion-weymax-logo-red@2x.png\",\"width\":450,\"height\":120,\"caption\":\"Fusion Weymax\"},\"image\":{\"@id\":\"https:\/\/fusionweymax.com\/zh-hans\/#\/schema\/logo\/image\/\"}}]}<\/script>\n<!-- \/ Yoast SEO plugin. -->","yoast_head_json":{"title":"Maison La Folf Cabernet - Fusi\u00f3n Weymax","robots":{"index":"index","follow":"follow","max-snippet":"max-snippet:-1","max-image-preview":"max-image-preview:large","max-video-preview":"max-video-preview:-1"},"canonical":"http:\/\/fusionweymax.com\/en\/product\/maison-la-folf-cabernet\/","og_locale":"en_US","og_type":"article","og_title":"Maison La Folf Cabernet - Fusi\u00f3n Weymax","og_description":"Caracter\u00edsticas: Categor\u00eda: Tinto Crianza \u00a0 \u00a0 \u00a0 \u00a0 \u00a0 \u00a0 \u00a0 \u00a0 \u00a0 \u00a0 \u00a0 \u00a0 \u00a0 Grado alcoh\u00f3lico: 14%vol. Variedad de uva: 85 % Cabernet Sauvignon 15% Merlot\u00a0 \u00c1rea de producci\u00f3n: Burdeos Vinificaci\u00f3n: Vendimia manual y fermentacion clasica a 28\u00b0C con remontados y delestages periodicos segun su cata. Maceracion post fermentative de 5 a [&hellip;]","og_url":"http:\/\/fusionweymax.com\/en\/product\/maison-la-folf-cabernet\/","og_site_name":"Fusi\u00f3n Weymax","og_image":[{"width":400,"height":1005,"url":"http:\/\/fusionweymax.com\/wp-content\/uploads\/2017\/01\/lafolfcabernet.jpg","type":"image\/jpeg"}],"twitter_card":"summary_large_image","twitter_misc":{"Est. reading time":"1 minute"},"schema":{"@context":"https:\/\/schema.org","@graph":[{"@type":"WebPage","@id":"http:\/\/fusionweymax.com\/en\/product\/maison-la-folf-cabernet\/","url":"http:\/\/fusionweymax.com\/en\/product\/maison-la-folf-cabernet\/","name":"Maison La Folf Cabernet - Fusi\u00f3n Weymax","isPartOf":{"@id":"https:\/\/fusionweymax.com\/zh-hans\/#website"},"datePublished":"2017-09-19T15:35:24+00:00","dateModified":"2017-09-19T15:35:24+00:00","breadcrumb":{"@id":"http:\/\/fusionweymax.com\/en\/product\/maison-la-folf-cabernet\/#breadcrumb"},"inLanguage":"en-US","potentialAction":[{"@type":"ReadAction","target":["http:\/\/fusionweymax.com\/en\/product\/maison-la-folf-cabernet\/"]}]},{"@type":"BreadcrumbList","@id":"http:\/\/fusionweymax.com\/en\/product\/maison-la-folf-cabernet\/#breadcrumb","itemListElement":[{"@type":"ListItem","position":1,"name":"Portada","item":"https:\/\/fusionweymax.com\/en\/"},{"@type":"ListItem","position":2,"name":"Products","item":"https:\/\/fusionweymax.com\/en\/productos\/"},{"@type":"ListItem","position":3,"name":"Maison La Folf Cabernet"}]},{"@type":"WebSite","@id":"https:\/\/fusionweymax.com\/zh-hans\/#website","url":"https:\/\/fusionweymax.com\/zh-hans\/","name":"Fusi\u00f3n Weymax","description":"","publisher":{"@id":"https:\/\/fusionweymax.com\/zh-hans\/#organization"},"potentialAction":[{"@type":"SearchAction","target":{"@type":"EntryPoint","urlTemplate":"https:\/\/fusionweymax.com\/zh-hans\/?s={search_term_string}"},"query-input":"required name=search_term_string"}],"inLanguage":"en-US"},{"@type":"Organization","@id":"https:\/\/fusionweymax.com\/zh-hans\/#organization","name":"Fusion Weymax","url":"https:\/\/fusionweymax.com\/zh-hans\/","logo":{"@type":"ImageObject","inLanguage":"en-US","@id":"https:\/\/fusionweymax.com\/zh-hans\/#\/schema\/logo\/image\/","url":"http:\/\/fusionweymax.com\/wp-content\/uploads\/2017\/03\/fusion-weymax-logo-red@2x.png","contentUrl":"http:\/\/fusionweymax.com\/wp-content\/uploads\/2017\/03\/fusion-weymax-logo-red@2x.png","width":450,"height":120,"caption":"Fusion Weymax"},"image":{"@id":"https:\/\/fusionweymax.com\/zh-hans\/#\/schema\/logo\/image\/"}}]}},"_links":{"self":[{"href":"http:\/\/fusionweymax.com\/en\/wp-json\/wp\/v2\/product\/1884"}],"collection":[{"href":"http:\/\/fusionweymax.com\/en\/wp-json\/wp\/v2\/product"}],"about":[{"href":"http:\/\/fusionweymax.com\/en\/wp-json\/wp\/v2\/types\/product"}],"replies":[{"embeddable":true,"href":"http:\/\/fusionweymax.com\/en\/wp-json\/wp\/v2\/comments?post=1884"}],"wp:featuredmedia":[{"embeddable":true,"href":"http:\/\/fusionweymax.com\/en\/wp-json\/wp\/v2\/media\/2160"}],"wp:attachment":[{"href":"http:\/\/fusionweymax.com\/en\/wp-json\/wp\/v2\/media?parent=1884"}],"wp:term":[{"taxonomy":"product_cat","embeddable":true,"href":"http:\/\/fusionweymax.com\/en\/wp-json\/wp\/v2\/product_cat?post=1884"},{"taxonomy":"product_tag","embeddable":true,"href":"http:\/\/fusionweymax.com\/en\/wp-json\/wp\/v2\/product_tag?post=1884"}],"curies":[{"name":"wp","href":"https:\/\/api.w.org\/{rel}","templated":true}]}}