{"id":1890,"date":"2017-09-19T17:45:08","date_gmt":"2017-09-19T15:45:08","guid":{"rendered":"http:\/\/fusionweymax.com\/?post_type=product&#038;p=1890\/"},"modified":"2017-09-19T17:45:08","modified_gmt":"2017-09-19T15:45:08","slug":"schumancher","status":"publish","type":"product","link":"http:\/\/fusionweymax.com\/en\/product\/schumancher\/","title":{"rendered":"Schumancher"},"content":{"rendered":"<p class=\"p1\"><b>Caracter\u00edsticas: <\/b><\/p>\n<p class=\"p1\">Categor\u00eda: <b>Reserva especial<\/b> <span class=\"Apple-converted-space\">\u00a0 \u00a0 \u00a0 \u00a0 \u00a0 \u00a0 \u00a0 \u00a0 \u00a0 \u00a0 \u00a0<\/span><\/p>\n<p class=\"p1\">Grado alcoh\u00f3lico: <b>14%vol.<\/b><\/p>\n<p class=\"p1\">Variedad de uva: <b>100% tempranillo<\/b><span class=\"Apple-converted-space\">\u00a0 \u00a0 \u00a0 \u00a0 \u00a0<\/span><\/p>\n<p class=\"p1\">\u00c1rea de producci\u00f3n: <b>DO Rioja<\/b><\/p>\n<p class=\"p1\"><b>Vinificaci\u00f3n:<\/b> Selecci\u00f3n de las mejores uvas de la bodega, vi\u00f1as de m\u00e1s de 45 a\u00f1os con rendimientos de 2.500 a 3.000 Kg\/Ha. Amador Medrano elige la parcela o parcelas m\u00e1s adecuadas dependiendo de la climatolog\u00eda, altitud, etc.<\/p>\n<p class=\"p1\">Elaborado en tina de roble franc\u00e9s, macer\u00f3 en fr\u00edo durante dos d\u00edas para seguir la fermentaci\u00f3n durante 26 d\u00edas m\u00e1s a temperaturas no superiores a 28\u00b0C. La malol\u00e1ctica se realiz\u00f3 en barrica nueva de roble franc\u00e9s, una vez terminado el proceso, se traseg\u00f3 a otra barrica nueva de roble franc\u00e9s hasta alcanzar los diez meses totales que el vino ha estado en barrica antes de su embotellado.<\/p>\n<p class=\"p1\"><b>Nota de cata:<\/b> Visualmente Capa alta de color, con car\u00e1cter y energ\u00eda, muy actual. En nariz es Nariz muy amplia, profunda y sugestiva. Tiene muy buen paso en boca, equilibrado, amplio y vivo.<\/p>\n<p class=\"p1\"><b>Temperatura de servicio y maridaje:<\/b> 16\u00baC. Recomendado para guisos, carnes rojas y asados.<\/p>\n<p class=\"p1\"><b>Formato:<\/b> Caja de 4 Botellas de 750 ml<\/p>\n","protected":false},"excerpt":{"rendered":"<p>Caracter\u00edsticas: Categor\u00eda: Reserva especial \u00a0 \u00a0 \u00a0 \u00a0 \u00a0 \u00a0 \u00a0 \u00a0 \u00a0 \u00a0 \u00a0 Grado alcoh\u00f3lico: 14%vol. Variedad de uva: 100% tempranillo\u00a0 \u00a0 \u00a0 \u00a0 \u00a0 \u00c1rea de producci\u00f3n: DO Rioja Vinificaci\u00f3n: Selecci\u00f3n de las mejores uvas de la bodega, vi\u00f1as de m\u00e1s de 45 a\u00f1os con rendimientos de 2.500 a 3.000 Kg\/Ha. Amador [&hellip;]<\/p>\n","protected":false},"featured_media":1891,"comment_status":"closed","ping_status":"closed","template":"","meta":[],"product_cat":[149,153,98],"product_tag":[],"yoast_head":"<!-- This site is optimized with the Yoast SEO plugin v20.8 - https:\/\/yoast.com\/wordpress\/plugins\/seo\/ -->\n<title>Schumancher - Fusi\u00f3n Weymax<\/title>\n<meta name=\"robots\" content=\"index, follow, max-snippet:-1, max-image-preview:large, max-video-preview:-1\" \/>\n<link rel=\"canonical\" href=\"http:\/\/fusionweymax.com\/en\/product\/schumancher\/\" \/>\n<meta property=\"og:locale\" content=\"en_US\" \/>\n<meta property=\"og:type\" content=\"article\" \/>\n<meta property=\"og:title\" content=\"Schumancher - Fusi\u00f3n Weymax\" \/>\n<meta property=\"og:description\" content=\"Caracter\u00edsticas: Categor\u00eda: Reserva especial \u00a0 \u00a0 \u00a0 \u00a0 \u00a0 \u00a0 \u00a0 \u00a0 \u00a0 \u00a0 \u00a0 Grado alcoh\u00f3lico: 14%vol. Variedad de uva: 100% tempranillo\u00a0 \u00a0 \u00a0 \u00a0 \u00a0 \u00c1rea de producci\u00f3n: DO Rioja Vinificaci\u00f3n: Selecci\u00f3n de las mejores uvas de la bodega, vi\u00f1as de m\u00e1s de 45 a\u00f1os con rendimientos de 2.500 a 3.000 Kg\/Ha. Amador [&hellip;]\" \/>\n<meta property=\"og:url\" content=\"http:\/\/fusionweymax.com\/en\/product\/schumancher\/\" \/>\n<meta property=\"og:site_name\" content=\"Fusi\u00f3n Weymax\" \/>\n<meta property=\"og:image\" content=\"http:\/\/fusionweymax.com\/wp-content\/uploads\/2017\/01\/shumacher-elite.jpg\" \/>\n\t<meta property=\"og:image:width\" content=\"913\" \/>\n\t<meta property=\"og:image:height\" content=\"2097\" \/>\n\t<meta property=\"og:image:type\" content=\"image\/jpeg\" \/>\n<meta name=\"twitter:card\" content=\"summary_large_image\" \/>\n<meta name=\"twitter:label1\" content=\"Est. reading time\" \/>\n\t<meta name=\"twitter:data1\" content=\"1 minute\" \/>\n<script type=\"application\/ld+json\" class=\"yoast-schema-graph\">{\"@context\":\"https:\/\/schema.org\",\"@graph\":[{\"@type\":\"WebPage\",\"@id\":\"http:\/\/fusionweymax.com\/en\/product\/schumancher\/\",\"url\":\"http:\/\/fusionweymax.com\/en\/product\/schumancher\/\",\"name\":\"Schumancher - Fusi\u00f3n Weymax\",\"isPartOf\":{\"@id\":\"https:\/\/fusionweymax.com\/zh-hans\/#website\"},\"datePublished\":\"2017-09-19T15:45:08+00:00\",\"dateModified\":\"2017-09-19T15:45:08+00:00\",\"breadcrumb\":{\"@id\":\"http:\/\/fusionweymax.com\/en\/product\/schumancher\/#breadcrumb\"},\"inLanguage\":\"en-US\",\"potentialAction\":[{\"@type\":\"ReadAction\",\"target\":[\"http:\/\/fusionweymax.com\/en\/product\/schumancher\/\"]}]},{\"@type\":\"BreadcrumbList\",\"@id\":\"http:\/\/fusionweymax.com\/en\/product\/schumancher\/#breadcrumb\",\"itemListElement\":[{\"@type\":\"ListItem\",\"position\":1,\"name\":\"Portada\",\"item\":\"https:\/\/fusionweymax.com\/en\/\"},{\"@type\":\"ListItem\",\"position\":2,\"name\":\"Products\",\"item\":\"https:\/\/fusionweymax.com\/en\/productos\/\"},{\"@type\":\"ListItem\",\"position\":3,\"name\":\"Schumancher\"}]},{\"@type\":\"WebSite\",\"@id\":\"https:\/\/fusionweymax.com\/zh-hans\/#website\",\"url\":\"https:\/\/fusionweymax.com\/zh-hans\/\",\"name\":\"Fusi\u00f3n Weymax\",\"description\":\"\",\"publisher\":{\"@id\":\"https:\/\/fusionweymax.com\/zh-hans\/#organization\"},\"potentialAction\":[{\"@type\":\"SearchAction\",\"target\":{\"@type\":\"EntryPoint\",\"urlTemplate\":\"https:\/\/fusionweymax.com\/zh-hans\/?s={search_term_string}\"},\"query-input\":\"required name=search_term_string\"}],\"inLanguage\":\"en-US\"},{\"@type\":\"Organization\",\"@id\":\"https:\/\/fusionweymax.com\/zh-hans\/#organization\",\"name\":\"Fusion Weymax\",\"url\":\"https:\/\/fusionweymax.com\/zh-hans\/\",\"logo\":{\"@type\":\"ImageObject\",\"inLanguage\":\"en-US\",\"@id\":\"https:\/\/fusionweymax.com\/zh-hans\/#\/schema\/logo\/image\/\",\"url\":\"http:\/\/fusionweymax.com\/wp-content\/uploads\/2017\/03\/fusion-weymax-logo-red@2x.png\",\"contentUrl\":\"http:\/\/fusionweymax.com\/wp-content\/uploads\/2017\/03\/fusion-weymax-logo-red@2x.png\",\"width\":450,\"height\":120,\"caption\":\"Fusion Weymax\"},\"image\":{\"@id\":\"https:\/\/fusionweymax.com\/zh-hans\/#\/schema\/logo\/image\/\"}}]}<\/script>\n<!-- \/ Yoast SEO plugin. -->","yoast_head_json":{"title":"Schumancher - Fusi\u00f3n Weymax","robots":{"index":"index","follow":"follow","max-snippet":"max-snippet:-1","max-image-preview":"max-image-preview:large","max-video-preview":"max-video-preview:-1"},"canonical":"http:\/\/fusionweymax.com\/en\/product\/schumancher\/","og_locale":"en_US","og_type":"article","og_title":"Schumancher - Fusi\u00f3n Weymax","og_description":"Caracter\u00edsticas: Categor\u00eda: Reserva especial \u00a0 \u00a0 \u00a0 \u00a0 \u00a0 \u00a0 \u00a0 \u00a0 \u00a0 \u00a0 \u00a0 Grado alcoh\u00f3lico: 14%vol. Variedad de uva: 100% tempranillo\u00a0 \u00a0 \u00a0 \u00a0 \u00a0 \u00c1rea de producci\u00f3n: DO Rioja Vinificaci\u00f3n: Selecci\u00f3n de las mejores uvas de la bodega, vi\u00f1as de m\u00e1s de 45 a\u00f1os con rendimientos de 2.500 a 3.000 Kg\/Ha. Amador [&hellip;]","og_url":"http:\/\/fusionweymax.com\/en\/product\/schumancher\/","og_site_name":"Fusi\u00f3n Weymax","og_image":[{"width":913,"height":2097,"url":"http:\/\/fusionweymax.com\/wp-content\/uploads\/2017\/01\/shumacher-elite.jpg","type":"image\/jpeg"}],"twitter_card":"summary_large_image","twitter_misc":{"Est. reading time":"1 minute"},"schema":{"@context":"https:\/\/schema.org","@graph":[{"@type":"WebPage","@id":"http:\/\/fusionweymax.com\/en\/product\/schumancher\/","url":"http:\/\/fusionweymax.com\/en\/product\/schumancher\/","name":"Schumancher - Fusi\u00f3n Weymax","isPartOf":{"@id":"https:\/\/fusionweymax.com\/zh-hans\/#website"},"datePublished":"2017-09-19T15:45:08+00:00","dateModified":"2017-09-19T15:45:08+00:00","breadcrumb":{"@id":"http:\/\/fusionweymax.com\/en\/product\/schumancher\/#breadcrumb"},"inLanguage":"en-US","potentialAction":[{"@type":"ReadAction","target":["http:\/\/fusionweymax.com\/en\/product\/schumancher\/"]}]},{"@type":"BreadcrumbList","@id":"http:\/\/fusionweymax.com\/en\/product\/schumancher\/#breadcrumb","itemListElement":[{"@type":"ListItem","position":1,"name":"Portada","item":"https:\/\/fusionweymax.com\/en\/"},{"@type":"ListItem","position":2,"name":"Products","item":"https:\/\/fusionweymax.com\/en\/productos\/"},{"@type":"ListItem","position":3,"name":"Schumancher"}]},{"@type":"WebSite","@id":"https:\/\/fusionweymax.com\/zh-hans\/#website","url":"https:\/\/fusionweymax.com\/zh-hans\/","name":"Fusi\u00f3n Weymax","description":"","publisher":{"@id":"https:\/\/fusionweymax.com\/zh-hans\/#organization"},"potentialAction":[{"@type":"SearchAction","target":{"@type":"EntryPoint","urlTemplate":"https:\/\/fusionweymax.com\/zh-hans\/?s={search_term_string}"},"query-input":"required name=search_term_string"}],"inLanguage":"en-US"},{"@type":"Organization","@id":"https:\/\/fusionweymax.com\/zh-hans\/#organization","name":"Fusion Weymax","url":"https:\/\/fusionweymax.com\/zh-hans\/","logo":{"@type":"ImageObject","inLanguage":"en-US","@id":"https:\/\/fusionweymax.com\/zh-hans\/#\/schema\/logo\/image\/","url":"http:\/\/fusionweymax.com\/wp-content\/uploads\/2017\/03\/fusion-weymax-logo-red@2x.png","contentUrl":"http:\/\/fusionweymax.com\/wp-content\/uploads\/2017\/03\/fusion-weymax-logo-red@2x.png","width":450,"height":120,"caption":"Fusion Weymax"},"image":{"@id":"https:\/\/fusionweymax.com\/zh-hans\/#\/schema\/logo\/image\/"}}]}},"_links":{"self":[{"href":"http:\/\/fusionweymax.com\/en\/wp-json\/wp\/v2\/product\/1890"}],"collection":[{"href":"http:\/\/fusionweymax.com\/en\/wp-json\/wp\/v2\/product"}],"about":[{"href":"http:\/\/fusionweymax.com\/en\/wp-json\/wp\/v2\/types\/product"}],"replies":[{"embeddable":true,"href":"http:\/\/fusionweymax.com\/en\/wp-json\/wp\/v2\/comments?post=1890"}],"wp:featuredmedia":[{"embeddable":true,"href":"http:\/\/fusionweymax.com\/en\/wp-json\/wp\/v2\/media\/1891"}],"wp:attachment":[{"href":"http:\/\/fusionweymax.com\/en\/wp-json\/wp\/v2\/media?parent=1890"}],"wp:term":[{"taxonomy":"product_cat","embeddable":true,"href":"http:\/\/fusionweymax.com\/en\/wp-json\/wp\/v2\/product_cat?post=1890"},{"taxonomy":"product_tag","embeddable":true,"href":"http:\/\/fusionweymax.com\/en\/wp-json\/wp\/v2\/product_tag?post=1890"}],"curies":[{"name":"wp","href":"https:\/\/api.w.org\/{rel}","templated":true}]}}