{"id":1893,"date":"2017-09-19T17:48:11","date_gmt":"2017-09-19T15:48:11","guid":{"rendered":"http:\/\/fusionweymax.com\/?post_type=product&#038;p=1893\/"},"modified":"2017-09-19T17:48:11","modified_gmt":"2017-09-19T15:48:11","slug":"barco-las-culebras","status":"publish","type":"product","link":"http:\/\/fusionweymax.com\/en\/product\/barco-las-culebras\/","title":{"rendered":"Barco de las Culebras"},"content":{"rendered":"<p class=\"p1\"><b>Caracter\u00edsticas: <\/b><\/p>\n<p class=\"p1\">Categor\u00eda: <b>Tinto <span class=\"Apple-converted-space\">\u00a0 \u00a0<\/span><\/b> <span class=\"Apple-converted-space\">\u00a0 \u00a0 \u00a0 \u00a0 \u00a0 \u00a0 \u00a0 \u00a0<\/span><\/p>\n<p class=\"p1\">Variedad de uva: <b> 100%<\/b> <b>Tempranillo<\/b><\/p>\n<p class=\"p1\">\u00c1rea de producci\u00f3n: <b>DO Ribera del duero<\/b><\/p>\n<p class=\"p1\"><b>Vinificaci\u00f3n:<\/b> La uva se vendimia de forma manual en el momento \u00f3ptimo de maduraci\u00f3n y la calidad de nuestras uvas proviene del mismo pago\/parcela. Para elaborar nuestros vinos de crianza, utilizamos barricas francesas (70%) y americanas (30%), durante 6 meses.<\/p>\n<p class=\"p1\"><b>Nota de cata:<\/b> Intenso color rojo viol\u00e1ceo, con brillos nazarenos, limpio y brillante. Complejo, amplio y elegante en boca. Equilibrio de fruta roja y fresca de la uva, con los torrefactos y tostados de la barrica.<\/p>\n<p class=\"p1\">En boca es voluminoso y redondo, con una ligera astringencia final y gran persistencia.<\/p>\n<p class=\"p1\"><b>Temperatura de servicio y maridaje:<\/b> 14\u00baC &#8211; 16\u00baC. Para acompa\u00f1ar guisos, caza de pelo y pluma, carnes rojas.<\/p>\n<p class=\"p1\"><b>Producci\u00f3n anual:<\/b> 30.000 Botellas<\/p>\n<p class=\"p1\"><b>Formato:<\/b> Caja de 6 Botellas de 750 ml<\/p>\n","protected":false},"excerpt":{"rendered":"<p>Caracter\u00edsticas: Categor\u00eda: Tinto \u00a0 \u00a0 \u00a0 \u00a0 \u00a0 \u00a0 \u00a0 \u00a0 \u00a0 \u00a0 Variedad de uva: 100% Tempranillo \u00c1rea de producci\u00f3n: DO Ribera del duero Vinificaci\u00f3n: La uva se vendimia de forma manual en el momento \u00f3ptimo de maduraci\u00f3n y la calidad de nuestras uvas proviene del mismo pago\/parcela. Para elaborar nuestros vinos de crianza, [&hellip;]<\/p>\n","protected":false},"featured_media":1894,"comment_status":"closed","ping_status":"closed","template":"","meta":[],"product_cat":[154,98],"product_tag":[],"yoast_head":"<!-- This site is optimized with the Yoast SEO plugin v20.8 - https:\/\/yoast.com\/wordpress\/plugins\/seo\/ -->\n<title>Barco de las Culebras - Fusi\u00f3n Weymax<\/title>\n<meta name=\"robots\" content=\"index, follow, max-snippet:-1, max-image-preview:large, max-video-preview:-1\" \/>\n<link rel=\"canonical\" href=\"https:\/\/fusionweymax.com\/en\/product\/barco-las-culebras\/\" \/>\n<meta property=\"og:locale\" content=\"en_US\" \/>\n<meta property=\"og:type\" content=\"article\" \/>\n<meta property=\"og:title\" content=\"Barco de las Culebras - Fusi\u00f3n Weymax\" \/>\n<meta property=\"og:description\" content=\"Caracter\u00edsticas: Categor\u00eda: Tinto \u00a0 \u00a0 \u00a0 \u00a0 \u00a0 \u00a0 \u00a0 \u00a0 \u00a0 \u00a0 Variedad de uva: 100% Tempranillo \u00c1rea de producci\u00f3n: DO Ribera del duero Vinificaci\u00f3n: La uva se vendimia de forma manual en el momento \u00f3ptimo de maduraci\u00f3n y la calidad de nuestras uvas proviene del mismo pago\/parcela. Para elaborar nuestros vinos de crianza, [&hellip;]\" \/>\n<meta property=\"og:url\" content=\"https:\/\/fusionweymax.com\/en\/product\/barco-las-culebras\/\" \/>\n<meta property=\"og:site_name\" content=\"Fusi\u00f3n Weymax\" \/>\n<meta property=\"og:image\" content=\"https:\/\/fusionweymax.com\/wp-content\/uploads\/2017\/01\/barco-las-culebras.png\" \/>\n\t<meta property=\"og:image:width\" content=\"242\" \/>\n\t<meta property=\"og:image:height\" content=\"715\" \/>\n\t<meta property=\"og:image:type\" content=\"image\/png\" \/>\n<meta name=\"twitter:card\" content=\"summary_large_image\" \/>\n<meta name=\"twitter:label1\" content=\"Est. reading time\" \/>\n\t<meta name=\"twitter:data1\" content=\"1 minute\" \/>\n<script type=\"application\/ld+json\" class=\"yoast-schema-graph\">{\"@context\":\"https:\/\/schema.org\",\"@graph\":[{\"@type\":\"WebPage\",\"@id\":\"https:\/\/fusionweymax.com\/en\/product\/barco-las-culebras\/\",\"url\":\"https:\/\/fusionweymax.com\/en\/product\/barco-las-culebras\/\",\"name\":\"Barco de las Culebras - Fusi\u00f3n Weymax\",\"isPartOf\":{\"@id\":\"http:\/\/fusionweymax.com\/#website\"},\"datePublished\":\"2017-09-19T15:48:11+00:00\",\"dateModified\":\"2017-09-19T15:48:11+00:00\",\"breadcrumb\":{\"@id\":\"https:\/\/fusionweymax.com\/en\/product\/barco-las-culebras\/#breadcrumb\"},\"inLanguage\":\"en-US\",\"potentialAction\":[{\"@type\":\"ReadAction\",\"target\":[\"https:\/\/fusionweymax.com\/en\/product\/barco-las-culebras\/\"]}]},{\"@type\":\"BreadcrumbList\",\"@id\":\"https:\/\/fusionweymax.com\/en\/product\/barco-las-culebras\/#breadcrumb\",\"itemListElement\":[{\"@type\":\"ListItem\",\"position\":1,\"name\":\"Portada\",\"item\":\"http:\/\/fusionweymax.com\/en\/\"},{\"@type\":\"ListItem\",\"position\":2,\"name\":\"Products\",\"item\":\"http:\/\/fusionweymax.com\/en\/productos\/\"},{\"@type\":\"ListItem\",\"position\":3,\"name\":\"Barco de las Culebras\"}]},{\"@type\":\"WebSite\",\"@id\":\"http:\/\/fusionweymax.com\/#website\",\"url\":\"http:\/\/fusionweymax.com\/\",\"name\":\"Fusi\u00f3n Weymax\",\"description\":\"\",\"publisher\":{\"@id\":\"http:\/\/fusionweymax.com\/#organization\"},\"potentialAction\":[{\"@type\":\"SearchAction\",\"target\":{\"@type\":\"EntryPoint\",\"urlTemplate\":\"http:\/\/fusionweymax.com\/?s={search_term_string}\"},\"query-input\":\"required name=search_term_string\"}],\"inLanguage\":\"en-US\"},{\"@type\":\"Organization\",\"@id\":\"http:\/\/fusionweymax.com\/#organization\",\"name\":\"Fusion Weymax\",\"url\":\"http:\/\/fusionweymax.com\/\",\"logo\":{\"@type\":\"ImageObject\",\"inLanguage\":\"en-US\",\"@id\":\"http:\/\/fusionweymax.com\/#\/schema\/logo\/image\/\",\"url\":\"http:\/\/fusionweymax.com\/wp-content\/uploads\/2017\/03\/fusion-weymax-logo-red@2x.png\",\"contentUrl\":\"http:\/\/fusionweymax.com\/wp-content\/uploads\/2017\/03\/fusion-weymax-logo-red@2x.png\",\"width\":450,\"height\":120,\"caption\":\"Fusion Weymax\"},\"image\":{\"@id\":\"http:\/\/fusionweymax.com\/#\/schema\/logo\/image\/\"}}]}<\/script>\n<!-- \/ Yoast SEO plugin. -->","yoast_head_json":{"title":"Barco de las Culebras - Fusi\u00f3n Weymax","robots":{"index":"index","follow":"follow","max-snippet":"max-snippet:-1","max-image-preview":"max-image-preview:large","max-video-preview":"max-video-preview:-1"},"canonical":"https:\/\/fusionweymax.com\/en\/product\/barco-las-culebras\/","og_locale":"en_US","og_type":"article","og_title":"Barco de las Culebras - Fusi\u00f3n Weymax","og_description":"Caracter\u00edsticas: Categor\u00eda: Tinto \u00a0 \u00a0 \u00a0 \u00a0 \u00a0 \u00a0 \u00a0 \u00a0 \u00a0 \u00a0 Variedad de uva: 100% Tempranillo \u00c1rea de producci\u00f3n: DO Ribera del duero Vinificaci\u00f3n: La uva se vendimia de forma manual en el momento \u00f3ptimo de maduraci\u00f3n y la calidad de nuestras uvas proviene del mismo pago\/parcela. Para elaborar nuestros vinos de crianza, [&hellip;]","og_url":"https:\/\/fusionweymax.com\/en\/product\/barco-las-culebras\/","og_site_name":"Fusi\u00f3n Weymax","og_image":[{"width":242,"height":715,"url":"https:\/\/fusionweymax.com\/wp-content\/uploads\/2017\/01\/barco-las-culebras.png","type":"image\/png"}],"twitter_card":"summary_large_image","twitter_misc":{"Est. reading time":"1 minute"},"schema":{"@context":"https:\/\/schema.org","@graph":[{"@type":"WebPage","@id":"https:\/\/fusionweymax.com\/en\/product\/barco-las-culebras\/","url":"https:\/\/fusionweymax.com\/en\/product\/barco-las-culebras\/","name":"Barco de las Culebras - Fusi\u00f3n Weymax","isPartOf":{"@id":"http:\/\/fusionweymax.com\/#website"},"datePublished":"2017-09-19T15:48:11+00:00","dateModified":"2017-09-19T15:48:11+00:00","breadcrumb":{"@id":"https:\/\/fusionweymax.com\/en\/product\/barco-las-culebras\/#breadcrumb"},"inLanguage":"en-US","potentialAction":[{"@type":"ReadAction","target":["https:\/\/fusionweymax.com\/en\/product\/barco-las-culebras\/"]}]},{"@type":"BreadcrumbList","@id":"https:\/\/fusionweymax.com\/en\/product\/barco-las-culebras\/#breadcrumb","itemListElement":[{"@type":"ListItem","position":1,"name":"Portada","item":"http:\/\/fusionweymax.com\/en\/"},{"@type":"ListItem","position":2,"name":"Products","item":"http:\/\/fusionweymax.com\/en\/productos\/"},{"@type":"ListItem","position":3,"name":"Barco de las Culebras"}]},{"@type":"WebSite","@id":"http:\/\/fusionweymax.com\/#website","url":"http:\/\/fusionweymax.com\/","name":"Fusi\u00f3n Weymax","description":"","publisher":{"@id":"http:\/\/fusionweymax.com\/#organization"},"potentialAction":[{"@type":"SearchAction","target":{"@type":"EntryPoint","urlTemplate":"http:\/\/fusionweymax.com\/?s={search_term_string}"},"query-input":"required name=search_term_string"}],"inLanguage":"en-US"},{"@type":"Organization","@id":"http:\/\/fusionweymax.com\/#organization","name":"Fusion Weymax","url":"http:\/\/fusionweymax.com\/","logo":{"@type":"ImageObject","inLanguage":"en-US","@id":"http:\/\/fusionweymax.com\/#\/schema\/logo\/image\/","url":"http:\/\/fusionweymax.com\/wp-content\/uploads\/2017\/03\/fusion-weymax-logo-red@2x.png","contentUrl":"http:\/\/fusionweymax.com\/wp-content\/uploads\/2017\/03\/fusion-weymax-logo-red@2x.png","width":450,"height":120,"caption":"Fusion Weymax"},"image":{"@id":"http:\/\/fusionweymax.com\/#\/schema\/logo\/image\/"}}]}},"_links":{"self":[{"href":"http:\/\/fusionweymax.com\/en\/wp-json\/wp\/v2\/product\/1893"}],"collection":[{"href":"http:\/\/fusionweymax.com\/en\/wp-json\/wp\/v2\/product"}],"about":[{"href":"http:\/\/fusionweymax.com\/en\/wp-json\/wp\/v2\/types\/product"}],"replies":[{"embeddable":true,"href":"http:\/\/fusionweymax.com\/en\/wp-json\/wp\/v2\/comments?post=1893"}],"wp:featuredmedia":[{"embeddable":true,"href":"http:\/\/fusionweymax.com\/en\/wp-json\/wp\/v2\/media\/1894"}],"wp:attachment":[{"href":"http:\/\/fusionweymax.com\/en\/wp-json\/wp\/v2\/media?parent=1893"}],"wp:term":[{"taxonomy":"product_cat","embeddable":true,"href":"http:\/\/fusionweymax.com\/en\/wp-json\/wp\/v2\/product_cat?post=1893"},{"taxonomy":"product_tag","embeddable":true,"href":"http:\/\/fusionweymax.com\/en\/wp-json\/wp\/v2\/product_tag?post=1893"}],"curies":[{"name":"wp","href":"https:\/\/api.w.org\/{rel}","templated":true}]}}