{"id":1895,"date":"2017-09-19T17:50:17","date_gmt":"2017-09-19T15:50:17","guid":{"rendered":"http:\/\/fusionweymax.com\/?post_type=product&#038;p=1895\/"},"modified":"2017-09-19T17:50:17","modified_gmt":"2017-09-19T15:50:17","slug":"phinca-costa-santamaria","status":"publish","type":"product","link":"http:\/\/fusionweymax.com\/en\/product\/phinca-costa-santamaria\/","title":{"rendered":"Phinca Costa de Santamaria"},"content":{"rendered":"<p class=\"p1\"><b>Caracter\u00edsticas: <\/b><span class=\"Apple-converted-space\">\u00a0 \u00a0 \u00a0 \u00a0 \u00a0 \u00a0 \u00a0 \u00a0 \u00a0 \u00a0<\/span><\/p>\n<p class=\"p1\">Variedad de uva: <b>100% Albari\u00f1o<\/b><\/p>\n<p class=\"p1\">\u00c1rea de producci\u00f3n:<b> DO Rias Baixas<\/b><\/p>\n<p class=\"p1\"><b>Vinificaci\u00f3n:<\/b> Cultivo de una finca \u00fanica situada en Val do Salnes, la Sub-regi\u00f3n m\u00e1s septentrional de R\u00edas Baixas. Vi\u00f1edo \u00fanico con vides de 32 a\u00f1os que ofrecen una ventana al mar. Costa es una selecci\u00f3n de la parte m\u00e1s alta del vi\u00f1edo, envejecido durante 24 meses, en barriles de roble neutros de origen franc\u00e9s. M\u00ednima intervenci\u00f3n por parte de la bodega, los vinos son sometidos a procesos totalmente naturales.<\/p>\n<p class=\"p1\"><b>Nota de cata:<\/b> En nariz se aprecian aromas de c\u00edtricos maduros y mel\u00f3n, naranja al horno, fruta verde picante combinado con ahumados y piedra mojada. En el paladar es denso y concentrado, sabor caramelizado horneado, notas de naranja, guayab madura y una soluci\u00f3n salina. Ricamente texturizada y equilibrada con una espina dorsal firme en acidez. El vino es intensamente complejo, se desarrolla constantemente en la copa con un final largo y persistente.<\/p>\n<p class=\"p1\"><b>Formato:<\/b> Caja de 6 Botellas borgo\u00f1a de 750 ml<\/p>\n","protected":false},"excerpt":{"rendered":"<p>Caracter\u00edsticas: \u00a0 \u00a0 \u00a0 \u00a0 \u00a0 \u00a0 \u00a0 \u00a0 \u00a0 \u00a0 Variedad de uva: 100% Albari\u00f1o \u00c1rea de producci\u00f3n: DO Rias Baixas Vinificaci\u00f3n: Cultivo de una finca \u00fanica situada en Val do Salnes, la Sub-regi\u00f3n m\u00e1s septentrional de R\u00edas Baixas. Vi\u00f1edo \u00fanico con vides de 32 a\u00f1os que ofrecen una ventana al mar. Costa es [&hellip;]<\/p>\n","protected":false},"featured_media":1899,"comment_status":"closed","ping_status":"closed","template":"","meta":[],"product_cat":[149,98],"product_tag":[],"yoast_head":"<!-- This site is optimized with the Yoast SEO plugin v20.8 - https:\/\/yoast.com\/wordpress\/plugins\/seo\/ -->\n<title>Phinca Costa de Santamaria - Fusi\u00f3n Weymax<\/title>\n<meta name=\"robots\" content=\"index, follow, max-snippet:-1, max-image-preview:large, max-video-preview:-1\" \/>\n<link rel=\"canonical\" href=\"http:\/\/fusionweymax.com\/en\/product\/phinca-costa-santamaria\/\" \/>\n<meta property=\"og:locale\" content=\"en_US\" \/>\n<meta property=\"og:type\" content=\"article\" \/>\n<meta property=\"og:title\" content=\"Phinca Costa de Santamaria - Fusi\u00f3n Weymax\" \/>\n<meta property=\"og:description\" content=\"Caracter\u00edsticas: \u00a0 \u00a0 \u00a0 \u00a0 \u00a0 \u00a0 \u00a0 \u00a0 \u00a0 \u00a0 Variedad de uva: 100% Albari\u00f1o \u00c1rea de producci\u00f3n: DO Rias Baixas Vinificaci\u00f3n: Cultivo de una finca \u00fanica situada en Val do Salnes, la Sub-regi\u00f3n m\u00e1s septentrional de R\u00edas Baixas. Vi\u00f1edo \u00fanico con vides de 32 a\u00f1os que ofrecen una ventana al mar. Costa es [&hellip;]\" \/>\n<meta property=\"og:url\" content=\"http:\/\/fusionweymax.com\/en\/product\/phinca-costa-santamaria\/\" \/>\n<meta property=\"og:site_name\" content=\"Fusi\u00f3n Weymax\" \/>\n<meta property=\"og:image\" content=\"http:\/\/fusionweymax.com\/wp-content\/uploads\/2017\/01\/costa.jpg\" \/>\n\t<meta property=\"og:image:width\" content=\"249\" \/>\n\t<meta property=\"og:image:height\" content=\"740\" \/>\n\t<meta property=\"og:image:type\" content=\"image\/jpeg\" \/>\n<meta name=\"twitter:card\" content=\"summary_large_image\" \/>\n<meta name=\"twitter:label1\" content=\"Est. reading time\" \/>\n\t<meta name=\"twitter:data1\" content=\"1 minute\" \/>\n<script type=\"application\/ld+json\" class=\"yoast-schema-graph\">{\"@context\":\"https:\/\/schema.org\",\"@graph\":[{\"@type\":\"WebPage\",\"@id\":\"http:\/\/fusionweymax.com\/en\/product\/phinca-costa-santamaria\/\",\"url\":\"http:\/\/fusionweymax.com\/en\/product\/phinca-costa-santamaria\/\",\"name\":\"Phinca Costa de Santamaria - Fusi\u00f3n Weymax\",\"isPartOf\":{\"@id\":\"http:\/\/fusionweymax.com\/#website\"},\"datePublished\":\"2017-09-19T15:50:17+00:00\",\"dateModified\":\"2017-09-19T15:50:17+00:00\",\"breadcrumb\":{\"@id\":\"http:\/\/fusionweymax.com\/en\/product\/phinca-costa-santamaria\/#breadcrumb\"},\"inLanguage\":\"en-US\",\"potentialAction\":[{\"@type\":\"ReadAction\",\"target\":[\"http:\/\/fusionweymax.com\/en\/product\/phinca-costa-santamaria\/\"]}]},{\"@type\":\"BreadcrumbList\",\"@id\":\"http:\/\/fusionweymax.com\/en\/product\/phinca-costa-santamaria\/#breadcrumb\",\"itemListElement\":[{\"@type\":\"ListItem\",\"position\":1,\"name\":\"Portada\",\"item\":\"http:\/\/fusionweymax.com\/en\/\"},{\"@type\":\"ListItem\",\"position\":2,\"name\":\"Products\",\"item\":\"http:\/\/fusionweymax.com\/en\/productos\/\"},{\"@type\":\"ListItem\",\"position\":3,\"name\":\"Phinca Costa de Santamaria\"}]},{\"@type\":\"WebSite\",\"@id\":\"http:\/\/fusionweymax.com\/#website\",\"url\":\"http:\/\/fusionweymax.com\/\",\"name\":\"Fusi\u00f3n Weymax\",\"description\":\"\",\"publisher\":{\"@id\":\"http:\/\/fusionweymax.com\/#organization\"},\"potentialAction\":[{\"@type\":\"SearchAction\",\"target\":{\"@type\":\"EntryPoint\",\"urlTemplate\":\"http:\/\/fusionweymax.com\/?s={search_term_string}\"},\"query-input\":\"required name=search_term_string\"}],\"inLanguage\":\"en-US\"},{\"@type\":\"Organization\",\"@id\":\"http:\/\/fusionweymax.com\/#organization\",\"name\":\"Fusion Weymax\",\"url\":\"http:\/\/fusionweymax.com\/\",\"logo\":{\"@type\":\"ImageObject\",\"inLanguage\":\"en-US\",\"@id\":\"http:\/\/fusionweymax.com\/#\/schema\/logo\/image\/\",\"url\":\"http:\/\/fusionweymax.com\/wp-content\/uploads\/2017\/03\/fusion-weymax-logo-red@2x.png\",\"contentUrl\":\"http:\/\/fusionweymax.com\/wp-content\/uploads\/2017\/03\/fusion-weymax-logo-red@2x.png\",\"width\":450,\"height\":120,\"caption\":\"Fusion Weymax\"},\"image\":{\"@id\":\"http:\/\/fusionweymax.com\/#\/schema\/logo\/image\/\"}}]}<\/script>\n<!-- \/ Yoast SEO plugin. -->","yoast_head_json":{"title":"Phinca Costa de Santamaria - Fusi\u00f3n Weymax","robots":{"index":"index","follow":"follow","max-snippet":"max-snippet:-1","max-image-preview":"max-image-preview:large","max-video-preview":"max-video-preview:-1"},"canonical":"http:\/\/fusionweymax.com\/en\/product\/phinca-costa-santamaria\/","og_locale":"en_US","og_type":"article","og_title":"Phinca Costa de Santamaria - Fusi\u00f3n Weymax","og_description":"Caracter\u00edsticas: \u00a0 \u00a0 \u00a0 \u00a0 \u00a0 \u00a0 \u00a0 \u00a0 \u00a0 \u00a0 Variedad de uva: 100% Albari\u00f1o \u00c1rea de producci\u00f3n: DO Rias Baixas Vinificaci\u00f3n: Cultivo de una finca \u00fanica situada en Val do Salnes, la Sub-regi\u00f3n m\u00e1s septentrional de R\u00edas Baixas. Vi\u00f1edo \u00fanico con vides de 32 a\u00f1os que ofrecen una ventana al mar. Costa es [&hellip;]","og_url":"http:\/\/fusionweymax.com\/en\/product\/phinca-costa-santamaria\/","og_site_name":"Fusi\u00f3n Weymax","og_image":[{"width":249,"height":740,"url":"http:\/\/fusionweymax.com\/wp-content\/uploads\/2017\/01\/costa.jpg","type":"image\/jpeg"}],"twitter_card":"summary_large_image","twitter_misc":{"Est. reading time":"1 minute"},"schema":{"@context":"https:\/\/schema.org","@graph":[{"@type":"WebPage","@id":"http:\/\/fusionweymax.com\/en\/product\/phinca-costa-santamaria\/","url":"http:\/\/fusionweymax.com\/en\/product\/phinca-costa-santamaria\/","name":"Phinca Costa de Santamaria - Fusi\u00f3n Weymax","isPartOf":{"@id":"http:\/\/fusionweymax.com\/#website"},"datePublished":"2017-09-19T15:50:17+00:00","dateModified":"2017-09-19T15:50:17+00:00","breadcrumb":{"@id":"http:\/\/fusionweymax.com\/en\/product\/phinca-costa-santamaria\/#breadcrumb"},"inLanguage":"en-US","potentialAction":[{"@type":"ReadAction","target":["http:\/\/fusionweymax.com\/en\/product\/phinca-costa-santamaria\/"]}]},{"@type":"BreadcrumbList","@id":"http:\/\/fusionweymax.com\/en\/product\/phinca-costa-santamaria\/#breadcrumb","itemListElement":[{"@type":"ListItem","position":1,"name":"Portada","item":"http:\/\/fusionweymax.com\/en\/"},{"@type":"ListItem","position":2,"name":"Products","item":"http:\/\/fusionweymax.com\/en\/productos\/"},{"@type":"ListItem","position":3,"name":"Phinca Costa de Santamaria"}]},{"@type":"WebSite","@id":"http:\/\/fusionweymax.com\/#website","url":"http:\/\/fusionweymax.com\/","name":"Fusi\u00f3n Weymax","description":"","publisher":{"@id":"http:\/\/fusionweymax.com\/#organization"},"potentialAction":[{"@type":"SearchAction","target":{"@type":"EntryPoint","urlTemplate":"http:\/\/fusionweymax.com\/?s={search_term_string}"},"query-input":"required name=search_term_string"}],"inLanguage":"en-US"},{"@type":"Organization","@id":"http:\/\/fusionweymax.com\/#organization","name":"Fusion Weymax","url":"http:\/\/fusionweymax.com\/","logo":{"@type":"ImageObject","inLanguage":"en-US","@id":"http:\/\/fusionweymax.com\/#\/schema\/logo\/image\/","url":"http:\/\/fusionweymax.com\/wp-content\/uploads\/2017\/03\/fusion-weymax-logo-red@2x.png","contentUrl":"http:\/\/fusionweymax.com\/wp-content\/uploads\/2017\/03\/fusion-weymax-logo-red@2x.png","width":450,"height":120,"caption":"Fusion Weymax"},"image":{"@id":"http:\/\/fusionweymax.com\/#\/schema\/logo\/image\/"}}]}},"_links":{"self":[{"href":"http:\/\/fusionweymax.com\/en\/wp-json\/wp\/v2\/product\/1895"}],"collection":[{"href":"http:\/\/fusionweymax.com\/en\/wp-json\/wp\/v2\/product"}],"about":[{"href":"http:\/\/fusionweymax.com\/en\/wp-json\/wp\/v2\/types\/product"}],"replies":[{"embeddable":true,"href":"http:\/\/fusionweymax.com\/en\/wp-json\/wp\/v2\/comments?post=1895"}],"wp:featuredmedia":[{"embeddable":true,"href":"http:\/\/fusionweymax.com\/en\/wp-json\/wp\/v2\/media\/1899"}],"wp:attachment":[{"href":"http:\/\/fusionweymax.com\/en\/wp-json\/wp\/v2\/media?parent=1895"}],"wp:term":[{"taxonomy":"product_cat","embeddable":true,"href":"http:\/\/fusionweymax.com\/en\/wp-json\/wp\/v2\/product_cat?post=1895"},{"taxonomy":"product_tag","embeddable":true,"href":"http:\/\/fusionweymax.com\/en\/wp-json\/wp\/v2\/product_tag?post=1895"}],"curies":[{"name":"wp","href":"https:\/\/api.w.org\/{rel}","templated":true}]}}