{"id":1909,"date":"2017-09-19T18:15:42","date_gmt":"2017-09-19T16:15:42","guid":{"rendered":"http:\/\/fusionweymax.com\/?post_type=product&#038;p=1909\/"},"modified":"2017-09-19T18:15:42","modified_gmt":"2017-09-19T16:15:42","slug":"luis-medrano","status":"publish","type":"product","link":"http:\/\/fusionweymax.com\/en\/product\/luis-medrano\/","title":{"rendered":"Luis Medrano"},"content":{"rendered":"<p class=\"p1\"><b>Caracter\u00edsticas: <\/b><\/p>\n<p class=\"p1\">Categor\u00eda: <b>Reserva especial<\/b> <span class=\"Apple-converted-space\">\u00a0 \u00a0 \u00a0 \u00a0 \u00a0 \u00a0 \u00a0 \u00a0 \u00a0 \u00a0 \u00a0<\/span><\/p>\n<p class=\"p1\">Grado alcoh\u00f3lico: <b>14%vol.<\/b><\/p>\n<p class=\"p1\">Variedad de uva: <b>100% tempranillo<\/b><span class=\"Apple-converted-space\">\u00a0 \u00a0 \u00a0 \u00a0 \u00a0<\/span><\/p>\n<p class=\"p1\">\u00c1rea de producci\u00f3n: <b>DO Rioja<\/b><\/p>\n<p class=\"p1\"><b>Vinificaci\u00f3n:<\/b> Luis Medrano es la selecci\u00f3n de las mejores uvas de la bodega, vi\u00f1as de m\u00e1s de 45 a\u00f1os con rendimientos de 2.500 a 3.000 Kg\/Ha. Amador Medrano elige la parcela o parcelas m\u00e1s adecuadas dependiendo de la climatolog\u00ed\u00ada, enfermedades, etc. de cada a\u00f1o.<\/p>\n<p class=\"p1\">Elaborado en tina de roble franc\u00e9s, macera en fr\u00edo durante dos d\u00ed\u00adas para seguir la fermentaci\u00f3n durante 26 d\u00ed\u00adas m\u00e1s a temperaturas no superiores a 28\u00b0C. La malol\u00e1ctica se realiza en barrica nueva de roble franc\u00e9s, una vez terminado el proceso, se trasega a otra barrica nueva de roble franc\u00e9s hasta alcanzar los once meses totales que el vino ha estado en barrica antes de su embotellado.<\/p>\n<p class=\"p1\"><b>Nota de cata:<\/b> Visualmente capa alta, color sangre con mucho brillo. En nariz tiene una intensidad alta. Olor agradable a madera nueva. Aromas especiados, torrefactos, caf\u00e9 y vainilla. La entrada en boca es untuoso, cremoso. Poderoso en boca. La madera est\u00e1 bien ensamblada. Acidez equilibrada con el alcohol, c\u00e1lido y de buen cuerpo.<\/p>\n<p class=\"p1\"><b>Temperatura de servicio y maridaje:<\/b> 16\u00baC &#8211; 18\u00baC. Recomendado para guisos potentes de carne, legumbres, caza mayor.<\/p>\n<p class=\"p1\"><b>Formato: <\/b>Caja de 6 Botellas de 750 ml<\/p>\n","protected":false},"excerpt":{"rendered":"<p>Caracter\u00edsticas: Categor\u00eda: Reserva especial \u00a0 \u00a0 \u00a0 \u00a0 \u00a0 \u00a0 \u00a0 \u00a0 \u00a0 \u00a0 \u00a0 Grado alcoh\u00f3lico: 14%vol. Variedad de uva: 100% tempranillo\u00a0 \u00a0 \u00a0 \u00a0 \u00a0 \u00c1rea de producci\u00f3n: DO Rioja Vinificaci\u00f3n: Luis Medrano es la selecci\u00f3n de las mejores uvas de la bodega, vi\u00f1as de m\u00e1s de 45 a\u00f1os con rendimientos de 2.500 [&hellip;]<\/p>\n","protected":false},"featured_media":1913,"comment_status":"closed","ping_status":"closed","template":"","meta":[],"product_cat":[149,98],"product_tag":[],"yoast_head":"<!-- This site is optimized with the Yoast SEO plugin v20.8 - https:\/\/yoast.com\/wordpress\/plugins\/seo\/ -->\n<title>Luis Medrano - Fusi\u00f3n Weymax<\/title>\n<meta name=\"robots\" content=\"index, follow, max-snippet:-1, max-image-preview:large, max-video-preview:-1\" \/>\n<link rel=\"canonical\" href=\"http:\/\/fusionweymax.com\/en\/product\/luis-medrano\/\" \/>\n<meta property=\"og:locale\" content=\"en_US\" \/>\n<meta property=\"og:type\" content=\"article\" \/>\n<meta property=\"og:title\" content=\"Luis Medrano - Fusi\u00f3n Weymax\" \/>\n<meta property=\"og:description\" content=\"Caracter\u00edsticas: Categor\u00eda: Reserva especial \u00a0 \u00a0 \u00a0 \u00a0 \u00a0 \u00a0 \u00a0 \u00a0 \u00a0 \u00a0 \u00a0 Grado alcoh\u00f3lico: 14%vol. Variedad de uva: 100% tempranillo\u00a0 \u00a0 \u00a0 \u00a0 \u00a0 \u00c1rea de producci\u00f3n: DO Rioja Vinificaci\u00f3n: Luis Medrano es la selecci\u00f3n de las mejores uvas de la bodega, vi\u00f1as de m\u00e1s de 45 a\u00f1os con rendimientos de 2.500 [&hellip;]\" \/>\n<meta property=\"og:url\" content=\"http:\/\/fusionweymax.com\/en\/product\/luis-medrano\/\" \/>\n<meta property=\"og:site_name\" content=\"Fusi\u00f3n Weymax\" \/>\n<meta property=\"og:image\" content=\"http:\/\/fusionweymax.com\/wp-content\/uploads\/2017\/01\/luis-medrano.jpg\" \/>\n\t<meta property=\"og:image:width\" content=\"230\" \/>\n\t<meta property=\"og:image:height\" content=\"925\" \/>\n\t<meta property=\"og:image:type\" content=\"image\/jpeg\" \/>\n<meta name=\"twitter:card\" content=\"summary_large_image\" \/>\n<meta name=\"twitter:label1\" content=\"Est. reading time\" \/>\n\t<meta name=\"twitter:data1\" content=\"1 minute\" \/>\n<script type=\"application\/ld+json\" class=\"yoast-schema-graph\">{\"@context\":\"https:\/\/schema.org\",\"@graph\":[{\"@type\":\"WebPage\",\"@id\":\"http:\/\/fusionweymax.com\/en\/product\/luis-medrano\/\",\"url\":\"http:\/\/fusionweymax.com\/en\/product\/luis-medrano\/\",\"name\":\"Luis Medrano - Fusi\u00f3n Weymax\",\"isPartOf\":{\"@id\":\"https:\/\/fusionweymax.com\/zh-hans\/#website\"},\"datePublished\":\"2017-09-19T16:15:42+00:00\",\"dateModified\":\"2017-09-19T16:15:42+00:00\",\"breadcrumb\":{\"@id\":\"http:\/\/fusionweymax.com\/en\/product\/luis-medrano\/#breadcrumb\"},\"inLanguage\":\"en-US\",\"potentialAction\":[{\"@type\":\"ReadAction\",\"target\":[\"http:\/\/fusionweymax.com\/en\/product\/luis-medrano\/\"]}]},{\"@type\":\"BreadcrumbList\",\"@id\":\"http:\/\/fusionweymax.com\/en\/product\/luis-medrano\/#breadcrumb\",\"itemListElement\":[{\"@type\":\"ListItem\",\"position\":1,\"name\":\"Portada\",\"item\":\"https:\/\/fusionweymax.com\/en\/\"},{\"@type\":\"ListItem\",\"position\":2,\"name\":\"Products\",\"item\":\"https:\/\/fusionweymax.com\/en\/productos\/\"},{\"@type\":\"ListItem\",\"position\":3,\"name\":\"Luis Medrano\"}]},{\"@type\":\"WebSite\",\"@id\":\"https:\/\/fusionweymax.com\/zh-hans\/#website\",\"url\":\"https:\/\/fusionweymax.com\/zh-hans\/\",\"name\":\"Fusi\u00f3n Weymax\",\"description\":\"\",\"publisher\":{\"@id\":\"https:\/\/fusionweymax.com\/zh-hans\/#organization\"},\"potentialAction\":[{\"@type\":\"SearchAction\",\"target\":{\"@type\":\"EntryPoint\",\"urlTemplate\":\"https:\/\/fusionweymax.com\/zh-hans\/?s={search_term_string}\"},\"query-input\":\"required name=search_term_string\"}],\"inLanguage\":\"en-US\"},{\"@type\":\"Organization\",\"@id\":\"https:\/\/fusionweymax.com\/zh-hans\/#organization\",\"name\":\"Fusion Weymax\",\"url\":\"https:\/\/fusionweymax.com\/zh-hans\/\",\"logo\":{\"@type\":\"ImageObject\",\"inLanguage\":\"en-US\",\"@id\":\"https:\/\/fusionweymax.com\/zh-hans\/#\/schema\/logo\/image\/\",\"url\":\"http:\/\/fusionweymax.com\/wp-content\/uploads\/2017\/03\/fusion-weymax-logo-red@2x.png\",\"contentUrl\":\"http:\/\/fusionweymax.com\/wp-content\/uploads\/2017\/03\/fusion-weymax-logo-red@2x.png\",\"width\":450,\"height\":120,\"caption\":\"Fusion Weymax\"},\"image\":{\"@id\":\"https:\/\/fusionweymax.com\/zh-hans\/#\/schema\/logo\/image\/\"}}]}<\/script>\n<!-- \/ Yoast SEO plugin. -->","yoast_head_json":{"title":"Luis Medrano - Fusi\u00f3n Weymax","robots":{"index":"index","follow":"follow","max-snippet":"max-snippet:-1","max-image-preview":"max-image-preview:large","max-video-preview":"max-video-preview:-1"},"canonical":"http:\/\/fusionweymax.com\/en\/product\/luis-medrano\/","og_locale":"en_US","og_type":"article","og_title":"Luis Medrano - Fusi\u00f3n Weymax","og_description":"Caracter\u00edsticas: Categor\u00eda: Reserva especial \u00a0 \u00a0 \u00a0 \u00a0 \u00a0 \u00a0 \u00a0 \u00a0 \u00a0 \u00a0 \u00a0 Grado alcoh\u00f3lico: 14%vol. Variedad de uva: 100% tempranillo\u00a0 \u00a0 \u00a0 \u00a0 \u00a0 \u00c1rea de producci\u00f3n: DO Rioja Vinificaci\u00f3n: Luis Medrano es la selecci\u00f3n de las mejores uvas de la bodega, vi\u00f1as de m\u00e1s de 45 a\u00f1os con rendimientos de 2.500 [&hellip;]","og_url":"http:\/\/fusionweymax.com\/en\/product\/luis-medrano\/","og_site_name":"Fusi\u00f3n Weymax","og_image":[{"width":230,"height":925,"url":"http:\/\/fusionweymax.com\/wp-content\/uploads\/2017\/01\/luis-medrano.jpg","type":"image\/jpeg"}],"twitter_card":"summary_large_image","twitter_misc":{"Est. reading time":"1 minute"},"schema":{"@context":"https:\/\/schema.org","@graph":[{"@type":"WebPage","@id":"http:\/\/fusionweymax.com\/en\/product\/luis-medrano\/","url":"http:\/\/fusionweymax.com\/en\/product\/luis-medrano\/","name":"Luis Medrano - Fusi\u00f3n Weymax","isPartOf":{"@id":"https:\/\/fusionweymax.com\/zh-hans\/#website"},"datePublished":"2017-09-19T16:15:42+00:00","dateModified":"2017-09-19T16:15:42+00:00","breadcrumb":{"@id":"http:\/\/fusionweymax.com\/en\/product\/luis-medrano\/#breadcrumb"},"inLanguage":"en-US","potentialAction":[{"@type":"ReadAction","target":["http:\/\/fusionweymax.com\/en\/product\/luis-medrano\/"]}]},{"@type":"BreadcrumbList","@id":"http:\/\/fusionweymax.com\/en\/product\/luis-medrano\/#breadcrumb","itemListElement":[{"@type":"ListItem","position":1,"name":"Portada","item":"https:\/\/fusionweymax.com\/en\/"},{"@type":"ListItem","position":2,"name":"Products","item":"https:\/\/fusionweymax.com\/en\/productos\/"},{"@type":"ListItem","position":3,"name":"Luis Medrano"}]},{"@type":"WebSite","@id":"https:\/\/fusionweymax.com\/zh-hans\/#website","url":"https:\/\/fusionweymax.com\/zh-hans\/","name":"Fusi\u00f3n Weymax","description":"","publisher":{"@id":"https:\/\/fusionweymax.com\/zh-hans\/#organization"},"potentialAction":[{"@type":"SearchAction","target":{"@type":"EntryPoint","urlTemplate":"https:\/\/fusionweymax.com\/zh-hans\/?s={search_term_string}"},"query-input":"required name=search_term_string"}],"inLanguage":"en-US"},{"@type":"Organization","@id":"https:\/\/fusionweymax.com\/zh-hans\/#organization","name":"Fusion Weymax","url":"https:\/\/fusionweymax.com\/zh-hans\/","logo":{"@type":"ImageObject","inLanguage":"en-US","@id":"https:\/\/fusionweymax.com\/zh-hans\/#\/schema\/logo\/image\/","url":"http:\/\/fusionweymax.com\/wp-content\/uploads\/2017\/03\/fusion-weymax-logo-red@2x.png","contentUrl":"http:\/\/fusionweymax.com\/wp-content\/uploads\/2017\/03\/fusion-weymax-logo-red@2x.png","width":450,"height":120,"caption":"Fusion Weymax"},"image":{"@id":"https:\/\/fusionweymax.com\/zh-hans\/#\/schema\/logo\/image\/"}}]}},"_links":{"self":[{"href":"http:\/\/fusionweymax.com\/en\/wp-json\/wp\/v2\/product\/1909"}],"collection":[{"href":"http:\/\/fusionweymax.com\/en\/wp-json\/wp\/v2\/product"}],"about":[{"href":"http:\/\/fusionweymax.com\/en\/wp-json\/wp\/v2\/types\/product"}],"replies":[{"embeddable":true,"href":"http:\/\/fusionweymax.com\/en\/wp-json\/wp\/v2\/comments?post=1909"}],"wp:featuredmedia":[{"embeddable":true,"href":"http:\/\/fusionweymax.com\/en\/wp-json\/wp\/v2\/media\/1913"}],"wp:attachment":[{"href":"http:\/\/fusionweymax.com\/en\/wp-json\/wp\/v2\/media?parent=1909"}],"wp:term":[{"taxonomy":"product_cat","embeddable":true,"href":"http:\/\/fusionweymax.com\/en\/wp-json\/wp\/v2\/product_cat?post=1909"},{"taxonomy":"product_tag","embeddable":true,"href":"http:\/\/fusionweymax.com\/en\/wp-json\/wp\/v2\/product_tag?post=1909"}],"curies":[{"name":"wp","href":"https:\/\/api.w.org\/{rel}","templated":true}]}}