{"id":1910,"date":"2017-09-19T18:15:31","date_gmt":"2017-09-19T16:15:31","guid":{"rendered":"http:\/\/fusionweymax.com\/?post_type=product&#038;p=1910\/"},"modified":"2017-09-19T18:15:31","modified_gmt":"2017-09-19T16:15:31","slug":"mas-de-medrano","status":"publish","type":"product","link":"http:\/\/fusionweymax.com\/en\/product\/mas-de-medrano\/","title":{"rendered":"Mas de Medrano"},"content":{"rendered":"<p class=\"p1\"><b>Caracter\u00edsticas: <\/b><\/p>\n<p class=\"p1\">Categor\u00eda: <b>Tinto<\/b><span class=\"Apple-converted-space\">\u00a0 \u00a0 \u00a0 \u00a0 \u00a0 \u00a0 \u00a0<\/span><\/p>\n<p class=\"p1\">Grado alcoh\u00f3lico: <b>14%vol.<\/b><\/p>\n<p class=\"p1\">Variedad de uva: <b>100% tempranillo<\/b><span class=\"Apple-converted-space\">\u00a0 \u00a0 \u00a0 \u00a0 \u00a0<\/span><\/p>\n<p class=\"p1\">\u00c1rea de producci\u00f3n: <b>DO Rioja<\/b><\/p>\n<p class=\"p1\"><b>Vinificaci\u00f3n:<\/b> Partimos de que el trabajo de selecci\u00f3n comienza en la vi\u00f1a (Finca Las Aguzaderas) situada 620 mts. de altitud.<\/p>\n<p class=\"p1\">Hemos distinguido tres parcelas seg\u00fan criterios orogr\u00e1ficos, de orientaci\u00f3n y suelo. Gracias a nuestro sistema de plantaci\u00f3n y emparrado controlamos la producci\u00f3n a 5.000 kg\/ha. aproximadamente, cuando el consejo permite 6.500 kg\/ha.<\/p>\n<p class=\"p1\">Una vez en bodega es seleccionado racimo a racimo, elaborado y malol\u00e1ctica en tina de madera de 70 hl. y envejecido en barrica francesa nueva.<\/p>\n<p class=\"p1\"><b>Nota de cata:<\/b> Visualmente color rojo rub\u00ed\u00ad, limpio y brillante. En nariz es muy intenso. Afrutado (mora, cereza) con equilibrio de los aromas de madera tostada y ahumada. Arm\u00f3nico en paladar. Taninos maduros que dan sensaciones de cuerpo y estructura pero bien combinados, aportando sensaci\u00f3n de volumen. Aromas de vainilla en el postgusto.<\/p>\n<p class=\"p1\"><b>Temperatura de servicio y maridaje:<\/b> 14\u00baC &#8211; 16\u00baC. Recomendado para todo tipo de platos, mejor si son prot\u00e9icos (carnes).<\/p>\n","protected":false},"excerpt":{"rendered":"<p>Caracter\u00edsticas: Categor\u00eda: Tinto\u00a0 \u00a0 \u00a0 \u00a0 \u00a0 \u00a0 \u00a0 Grado alcoh\u00f3lico: 14%vol. Variedad de uva: 100% tempranillo\u00a0 \u00a0 \u00a0 \u00a0 \u00a0 \u00c1rea de producci\u00f3n: DO Rioja Vinificaci\u00f3n: Partimos de que el trabajo de selecci\u00f3n comienza en la vi\u00f1a (Finca Las Aguzaderas) situada 620 mts. de altitud. Hemos distinguido tres parcelas seg\u00fan criterios orogr\u00e1ficos, de orientaci\u00f3n [&hellip;]<\/p>\n","protected":false},"featured_media":1912,"comment_status":"closed","ping_status":"closed","template":"","meta":[],"product_cat":[149,98],"product_tag":[],"yoast_head":"<!-- This site is optimized with the Yoast SEO plugin v20.8 - https:\/\/yoast.com\/wordpress\/plugins\/seo\/ -->\n<title>Mas de Medrano - Fusi\u00f3n Weymax<\/title>\n<meta name=\"robots\" content=\"index, follow, max-snippet:-1, max-image-preview:large, max-video-preview:-1\" \/>\n<link rel=\"canonical\" href=\"http:\/\/fusionweymax.com\/en\/product\/mas-de-medrano\/\" \/>\n<meta property=\"og:locale\" content=\"en_US\" \/>\n<meta property=\"og:type\" content=\"article\" \/>\n<meta property=\"og:title\" content=\"Mas de Medrano - Fusi\u00f3n Weymax\" \/>\n<meta property=\"og:description\" content=\"Caracter\u00edsticas: Categor\u00eda: Tinto\u00a0 \u00a0 \u00a0 \u00a0 \u00a0 \u00a0 \u00a0 Grado alcoh\u00f3lico: 14%vol. Variedad de uva: 100% tempranillo\u00a0 \u00a0 \u00a0 \u00a0 \u00a0 \u00c1rea de producci\u00f3n: DO Rioja Vinificaci\u00f3n: Partimos de que el trabajo de selecci\u00f3n comienza en la vi\u00f1a (Finca Las Aguzaderas) situada 620 mts. de altitud. Hemos distinguido tres parcelas seg\u00fan criterios orogr\u00e1ficos, de orientaci\u00f3n [&hellip;]\" \/>\n<meta property=\"og:url\" content=\"http:\/\/fusionweymax.com\/en\/product\/mas-de-medrano\/\" \/>\n<meta property=\"og:site_name\" content=\"Fusi\u00f3n Weymax\" \/>\n<meta property=\"og:image\" content=\"http:\/\/fusionweymax.com\/wp-content\/uploads\/2017\/01\/mas-de-medrano.jpg\" \/>\n\t<meta property=\"og:image:width\" content=\"230\" \/>\n\t<meta property=\"og:image:height\" content=\"925\" \/>\n\t<meta property=\"og:image:type\" content=\"image\/jpeg\" \/>\n<meta name=\"twitter:card\" content=\"summary_large_image\" \/>\n<meta name=\"twitter:label1\" content=\"Est. reading time\" \/>\n\t<meta name=\"twitter:data1\" content=\"1 minute\" \/>\n<script type=\"application\/ld+json\" class=\"yoast-schema-graph\">{\"@context\":\"https:\/\/schema.org\",\"@graph\":[{\"@type\":\"WebPage\",\"@id\":\"http:\/\/fusionweymax.com\/en\/product\/mas-de-medrano\/\",\"url\":\"http:\/\/fusionweymax.com\/en\/product\/mas-de-medrano\/\",\"name\":\"Mas de Medrano - Fusi\u00f3n Weymax\",\"isPartOf\":{\"@id\":\"http:\/\/fusionweymax.com\/#website\"},\"datePublished\":\"2017-09-19T16:15:31+00:00\",\"dateModified\":\"2017-09-19T16:15:31+00:00\",\"breadcrumb\":{\"@id\":\"http:\/\/fusionweymax.com\/en\/product\/mas-de-medrano\/#breadcrumb\"},\"inLanguage\":\"en-US\",\"potentialAction\":[{\"@type\":\"ReadAction\",\"target\":[\"http:\/\/fusionweymax.com\/en\/product\/mas-de-medrano\/\"]}]},{\"@type\":\"BreadcrumbList\",\"@id\":\"http:\/\/fusionweymax.com\/en\/product\/mas-de-medrano\/#breadcrumb\",\"itemListElement\":[{\"@type\":\"ListItem\",\"position\":1,\"name\":\"Portada\",\"item\":\"http:\/\/fusionweymax.com\/en\/\"},{\"@type\":\"ListItem\",\"position\":2,\"name\":\"Products\",\"item\":\"http:\/\/fusionweymax.com\/en\/productos\/\"},{\"@type\":\"ListItem\",\"position\":3,\"name\":\"Mas de Medrano\"}]},{\"@type\":\"WebSite\",\"@id\":\"http:\/\/fusionweymax.com\/#website\",\"url\":\"http:\/\/fusionweymax.com\/\",\"name\":\"Fusi\u00f3n Weymax\",\"description\":\"\",\"publisher\":{\"@id\":\"http:\/\/fusionweymax.com\/#organization\"},\"potentialAction\":[{\"@type\":\"SearchAction\",\"target\":{\"@type\":\"EntryPoint\",\"urlTemplate\":\"http:\/\/fusionweymax.com\/?s={search_term_string}\"},\"query-input\":\"required name=search_term_string\"}],\"inLanguage\":\"en-US\"},{\"@type\":\"Organization\",\"@id\":\"http:\/\/fusionweymax.com\/#organization\",\"name\":\"Fusion Weymax\",\"url\":\"http:\/\/fusionweymax.com\/\",\"logo\":{\"@type\":\"ImageObject\",\"inLanguage\":\"en-US\",\"@id\":\"http:\/\/fusionweymax.com\/#\/schema\/logo\/image\/\",\"url\":\"http:\/\/fusionweymax.com\/wp-content\/uploads\/2017\/03\/fusion-weymax-logo-red@2x.png\",\"contentUrl\":\"http:\/\/fusionweymax.com\/wp-content\/uploads\/2017\/03\/fusion-weymax-logo-red@2x.png\",\"width\":450,\"height\":120,\"caption\":\"Fusion Weymax\"},\"image\":{\"@id\":\"http:\/\/fusionweymax.com\/#\/schema\/logo\/image\/\"}}]}<\/script>\n<!-- \/ Yoast SEO plugin. -->","yoast_head_json":{"title":"Mas de Medrano - Fusi\u00f3n Weymax","robots":{"index":"index","follow":"follow","max-snippet":"max-snippet:-1","max-image-preview":"max-image-preview:large","max-video-preview":"max-video-preview:-1"},"canonical":"http:\/\/fusionweymax.com\/en\/product\/mas-de-medrano\/","og_locale":"en_US","og_type":"article","og_title":"Mas de Medrano - Fusi\u00f3n Weymax","og_description":"Caracter\u00edsticas: Categor\u00eda: Tinto\u00a0 \u00a0 \u00a0 \u00a0 \u00a0 \u00a0 \u00a0 Grado alcoh\u00f3lico: 14%vol. Variedad de uva: 100% tempranillo\u00a0 \u00a0 \u00a0 \u00a0 \u00a0 \u00c1rea de producci\u00f3n: DO Rioja Vinificaci\u00f3n: Partimos de que el trabajo de selecci\u00f3n comienza en la vi\u00f1a (Finca Las Aguzaderas) situada 620 mts. de altitud. Hemos distinguido tres parcelas seg\u00fan criterios orogr\u00e1ficos, de orientaci\u00f3n [&hellip;]","og_url":"http:\/\/fusionweymax.com\/en\/product\/mas-de-medrano\/","og_site_name":"Fusi\u00f3n Weymax","og_image":[{"width":230,"height":925,"url":"http:\/\/fusionweymax.com\/wp-content\/uploads\/2017\/01\/mas-de-medrano.jpg","type":"image\/jpeg"}],"twitter_card":"summary_large_image","twitter_misc":{"Est. reading time":"1 minute"},"schema":{"@context":"https:\/\/schema.org","@graph":[{"@type":"WebPage","@id":"http:\/\/fusionweymax.com\/en\/product\/mas-de-medrano\/","url":"http:\/\/fusionweymax.com\/en\/product\/mas-de-medrano\/","name":"Mas de Medrano - Fusi\u00f3n Weymax","isPartOf":{"@id":"http:\/\/fusionweymax.com\/#website"},"datePublished":"2017-09-19T16:15:31+00:00","dateModified":"2017-09-19T16:15:31+00:00","breadcrumb":{"@id":"http:\/\/fusionweymax.com\/en\/product\/mas-de-medrano\/#breadcrumb"},"inLanguage":"en-US","potentialAction":[{"@type":"ReadAction","target":["http:\/\/fusionweymax.com\/en\/product\/mas-de-medrano\/"]}]},{"@type":"BreadcrumbList","@id":"http:\/\/fusionweymax.com\/en\/product\/mas-de-medrano\/#breadcrumb","itemListElement":[{"@type":"ListItem","position":1,"name":"Portada","item":"http:\/\/fusionweymax.com\/en\/"},{"@type":"ListItem","position":2,"name":"Products","item":"http:\/\/fusionweymax.com\/en\/productos\/"},{"@type":"ListItem","position":3,"name":"Mas de Medrano"}]},{"@type":"WebSite","@id":"http:\/\/fusionweymax.com\/#website","url":"http:\/\/fusionweymax.com\/","name":"Fusi\u00f3n Weymax","description":"","publisher":{"@id":"http:\/\/fusionweymax.com\/#organization"},"potentialAction":[{"@type":"SearchAction","target":{"@type":"EntryPoint","urlTemplate":"http:\/\/fusionweymax.com\/?s={search_term_string}"},"query-input":"required name=search_term_string"}],"inLanguage":"en-US"},{"@type":"Organization","@id":"http:\/\/fusionweymax.com\/#organization","name":"Fusion Weymax","url":"http:\/\/fusionweymax.com\/","logo":{"@type":"ImageObject","inLanguage":"en-US","@id":"http:\/\/fusionweymax.com\/#\/schema\/logo\/image\/","url":"http:\/\/fusionweymax.com\/wp-content\/uploads\/2017\/03\/fusion-weymax-logo-red@2x.png","contentUrl":"http:\/\/fusionweymax.com\/wp-content\/uploads\/2017\/03\/fusion-weymax-logo-red@2x.png","width":450,"height":120,"caption":"Fusion Weymax"},"image":{"@id":"http:\/\/fusionweymax.com\/#\/schema\/logo\/image\/"}}]}},"_links":{"self":[{"href":"http:\/\/fusionweymax.com\/en\/wp-json\/wp\/v2\/product\/1910"}],"collection":[{"href":"http:\/\/fusionweymax.com\/en\/wp-json\/wp\/v2\/product"}],"about":[{"href":"http:\/\/fusionweymax.com\/en\/wp-json\/wp\/v2\/types\/product"}],"replies":[{"embeddable":true,"href":"http:\/\/fusionweymax.com\/en\/wp-json\/wp\/v2\/comments?post=1910"}],"wp:featuredmedia":[{"embeddable":true,"href":"http:\/\/fusionweymax.com\/en\/wp-json\/wp\/v2\/media\/1912"}],"wp:attachment":[{"href":"http:\/\/fusionweymax.com\/en\/wp-json\/wp\/v2\/media?parent=1910"}],"wp:term":[{"taxonomy":"product_cat","embeddable":true,"href":"http:\/\/fusionweymax.com\/en\/wp-json\/wp\/v2\/product_cat?post=1910"},{"taxonomy":"product_tag","embeddable":true,"href":"http:\/\/fusionweymax.com\/en\/wp-json\/wp\/v2\/product_tag?post=1910"}],"curies":[{"name":"wp","href":"https:\/\/api.w.org\/{rel}","templated":true}]}}