{"id":1925,"date":"2017-01-27T13:22:38","date_gmt":"2017-09-19T16:21:18","guid":{"rendered":"http:\/\/fusionweymax.com\/?post_type=product&#038;p=1925\/"},"modified":"2017-09-19T18:21:18","modified_gmt":"2017-09-19T16:21:18","slug":"phinca-lali","status":"publish","type":"product","link":"http:\/\/fusionweymax.com\/en\/product\/phinca-lali\/","title":{"rendered":"Phinca Lali"},"content":{"rendered":"<p class=\"p1\"><b>Caracter\u00edsticas: <\/b><span class=\"Apple-converted-space\">\u00a0 \u00a0 \u00a0 \u00a0 \u00a0 \u00a0 \u00a0 \u00a0 \u00a0 \u00a0<\/span><\/p>\n<p class=\"p1\">Variedad de uva: <b>85%<\/b><span class=\"Apple-converted-space\">\u00a0 <\/span><b>Tempranillo, Viura<\/b> <span class=\"Apple-converted-space\">\u00a0 \u00a0 \u00a0<\/span><\/p>\n<p class=\"p1\">\u00c1rea de producci\u00f3n: <b>DO Rioja<\/b><\/p>\n<p class=\"p1\"><b>Vinificaci\u00f3n:<\/b> Cosecha manual en cajas de 10kg que se despalillan y se vierten sobre barriles de roble donde las uvas fermentan de forma natural. Se pisan las uvas a pie para extraer el mosto y los barriles son cerrados para permitir la fermentaci\u00f3n y maceraci\u00f3n natural, una vez finalizado el proceso el mosto se prensa y se desplazan a barriles de 500L donde permanecer\u00e1 durante 2 a\u00f1os.<\/p>\n<p class=\"p1\"><b>Nota de cata:<\/b> En nariz complejo y arom\u00e1tico con notas florales de lavanda y especiados con caracter mineral. En boca se aprecian finos taninos, mucha estructura y una acidez con chispa, Lali denota por su sabor denso a fruta negra y cereza madura, es muy expresivo en el paladar, habla con fuerza y la intensidad de la fruta persiste hasta el final.<\/p>\n<p class=\"p1\"><b>Formato:<\/b> Caja de 6 Botellas borgo\u00f1a de 750 ml<\/p>\n","protected":false},"excerpt":{"rendered":"<p>Caracter\u00edsticas: \u00a0 \u00a0 \u00a0 \u00a0 \u00a0 \u00a0 \u00a0 \u00a0 \u00a0 \u00a0 Variedad de uva: 85%\u00a0 Tempranillo, Viura \u00a0 \u00a0 \u00a0 \u00c1rea de producci\u00f3n: DO Rioja Vinificaci\u00f3n: Cosecha manual en cajas de 10kg que se despalillan y se vierten sobre barriles de roble donde las uvas fermentan de forma natural. Se pisan las uvas a pie [&hellip;]<\/p>\n","protected":false},"featured_media":2432,"comment_status":"closed","ping_status":"closed","template":"","meta":[],"product_cat":[149,98],"product_tag":[],"yoast_head":"<!-- This site is optimized with the Yoast SEO plugin v20.8 - https:\/\/yoast.com\/wordpress\/plugins\/seo\/ -->\n<title>Phinca Lali - Fusi\u00f3n Weymax<\/title>\n<meta name=\"robots\" content=\"index, follow, max-snippet:-1, max-image-preview:large, max-video-preview:-1\" \/>\n<link rel=\"canonical\" href=\"https:\/\/fusionweymax.com\/en\/product\/phinca-lali\/\" \/>\n<meta property=\"og:locale\" content=\"en_US\" \/>\n<meta property=\"og:type\" content=\"article\" \/>\n<meta property=\"og:title\" content=\"Phinca Lali - Fusi\u00f3n Weymax\" \/>\n<meta property=\"og:description\" content=\"Caracter\u00edsticas: \u00a0 \u00a0 \u00a0 \u00a0 \u00a0 \u00a0 \u00a0 \u00a0 \u00a0 \u00a0 Variedad de uva: 85%\u00a0 Tempranillo, Viura \u00a0 \u00a0 \u00a0 \u00c1rea de producci\u00f3n: DO Rioja Vinificaci\u00f3n: Cosecha manual en cajas de 10kg que se despalillan y se vierten sobre barriles de roble donde las uvas fermentan de forma natural. Se pisan las uvas a pie [&hellip;]\" \/>\n<meta property=\"og:url\" content=\"https:\/\/fusionweymax.com\/en\/product\/phinca-lali\/\" \/>\n<meta property=\"og:site_name\" content=\"Fusi\u00f3n Weymax\" \/>\n<meta property=\"og:image\" content=\"https:\/\/fusionweymax.com\/wp-content\/uploads\/2017\/01\/lali.png\" \/>\n\t<meta property=\"og:image:width\" content=\"581\" \/>\n\t<meta property=\"og:image:height\" content=\"1058\" \/>\n\t<meta property=\"og:image:type\" content=\"image\/png\" \/>\n<meta name=\"twitter:card\" content=\"summary_large_image\" \/>\n<meta name=\"twitter:label1\" content=\"Est. reading time\" \/>\n\t<meta name=\"twitter:data1\" content=\"1 minute\" \/>\n<script type=\"application\/ld+json\" class=\"yoast-schema-graph\">{\"@context\":\"https:\/\/schema.org\",\"@graph\":[{\"@type\":\"WebPage\",\"@id\":\"https:\/\/fusionweymax.com\/en\/product\/phinca-lali\/\",\"url\":\"https:\/\/fusionweymax.com\/en\/product\/phinca-lali\/\",\"name\":\"Phinca Lali - Fusi\u00f3n Weymax\",\"isPartOf\":{\"@id\":\"https:\/\/fusionweymax.com\/zh-hans\/#website\"},\"datePublished\":\"2017-09-19T16:21:18+00:00\",\"dateModified\":\"2017-09-19T16:21:18+00:00\",\"breadcrumb\":{\"@id\":\"https:\/\/fusionweymax.com\/en\/product\/phinca-lali\/#breadcrumb\"},\"inLanguage\":\"en-US\",\"potentialAction\":[{\"@type\":\"ReadAction\",\"target\":[\"https:\/\/fusionweymax.com\/en\/product\/phinca-lali\/\"]}]},{\"@type\":\"BreadcrumbList\",\"@id\":\"https:\/\/fusionweymax.com\/en\/product\/phinca-lali\/#breadcrumb\",\"itemListElement\":[{\"@type\":\"ListItem\",\"position\":1,\"name\":\"Portada\",\"item\":\"https:\/\/fusionweymax.com\/en\/\"},{\"@type\":\"ListItem\",\"position\":2,\"name\":\"Products\",\"item\":\"https:\/\/fusionweymax.com\/en\/productos\/\"},{\"@type\":\"ListItem\",\"position\":3,\"name\":\"Phinca Lali\"}]},{\"@type\":\"WebSite\",\"@id\":\"https:\/\/fusionweymax.com\/zh-hans\/#website\",\"url\":\"https:\/\/fusionweymax.com\/zh-hans\/\",\"name\":\"Fusi\u00f3n Weymax\",\"description\":\"\",\"publisher\":{\"@id\":\"https:\/\/fusionweymax.com\/zh-hans\/#organization\"},\"potentialAction\":[{\"@type\":\"SearchAction\",\"target\":{\"@type\":\"EntryPoint\",\"urlTemplate\":\"https:\/\/fusionweymax.com\/zh-hans\/?s={search_term_string}\"},\"query-input\":\"required name=search_term_string\"}],\"inLanguage\":\"en-US\"},{\"@type\":\"Organization\",\"@id\":\"https:\/\/fusionweymax.com\/zh-hans\/#organization\",\"name\":\"Fusion Weymax\",\"url\":\"https:\/\/fusionweymax.com\/zh-hans\/\",\"logo\":{\"@type\":\"ImageObject\",\"inLanguage\":\"en-US\",\"@id\":\"https:\/\/fusionweymax.com\/zh-hans\/#\/schema\/logo\/image\/\",\"url\":\"http:\/\/fusionweymax.com\/wp-content\/uploads\/2017\/03\/fusion-weymax-logo-red@2x.png\",\"contentUrl\":\"http:\/\/fusionweymax.com\/wp-content\/uploads\/2017\/03\/fusion-weymax-logo-red@2x.png\",\"width\":450,\"height\":120,\"caption\":\"Fusion Weymax\"},\"image\":{\"@id\":\"https:\/\/fusionweymax.com\/zh-hans\/#\/schema\/logo\/image\/\"}}]}<\/script>\n<!-- \/ Yoast SEO plugin. -->","yoast_head_json":{"title":"Phinca Lali - Fusi\u00f3n Weymax","robots":{"index":"index","follow":"follow","max-snippet":"max-snippet:-1","max-image-preview":"max-image-preview:large","max-video-preview":"max-video-preview:-1"},"canonical":"https:\/\/fusionweymax.com\/en\/product\/phinca-lali\/","og_locale":"en_US","og_type":"article","og_title":"Phinca Lali - Fusi\u00f3n Weymax","og_description":"Caracter\u00edsticas: \u00a0 \u00a0 \u00a0 \u00a0 \u00a0 \u00a0 \u00a0 \u00a0 \u00a0 \u00a0 Variedad de uva: 85%\u00a0 Tempranillo, Viura \u00a0 \u00a0 \u00a0 \u00c1rea de producci\u00f3n: DO Rioja Vinificaci\u00f3n: Cosecha manual en cajas de 10kg que se despalillan y se vierten sobre barriles de roble donde las uvas fermentan de forma natural. Se pisan las uvas a pie [&hellip;]","og_url":"https:\/\/fusionweymax.com\/en\/product\/phinca-lali\/","og_site_name":"Fusi\u00f3n Weymax","og_image":[{"width":581,"height":1058,"url":"https:\/\/fusionweymax.com\/wp-content\/uploads\/2017\/01\/lali.png","type":"image\/png"}],"twitter_card":"summary_large_image","twitter_misc":{"Est. reading time":"1 minute"},"schema":{"@context":"https:\/\/schema.org","@graph":[{"@type":"WebPage","@id":"https:\/\/fusionweymax.com\/en\/product\/phinca-lali\/","url":"https:\/\/fusionweymax.com\/en\/product\/phinca-lali\/","name":"Phinca Lali - Fusi\u00f3n Weymax","isPartOf":{"@id":"https:\/\/fusionweymax.com\/zh-hans\/#website"},"datePublished":"2017-09-19T16:21:18+00:00","dateModified":"2017-09-19T16:21:18+00:00","breadcrumb":{"@id":"https:\/\/fusionweymax.com\/en\/product\/phinca-lali\/#breadcrumb"},"inLanguage":"en-US","potentialAction":[{"@type":"ReadAction","target":["https:\/\/fusionweymax.com\/en\/product\/phinca-lali\/"]}]},{"@type":"BreadcrumbList","@id":"https:\/\/fusionweymax.com\/en\/product\/phinca-lali\/#breadcrumb","itemListElement":[{"@type":"ListItem","position":1,"name":"Portada","item":"https:\/\/fusionweymax.com\/en\/"},{"@type":"ListItem","position":2,"name":"Products","item":"https:\/\/fusionweymax.com\/en\/productos\/"},{"@type":"ListItem","position":3,"name":"Phinca Lali"}]},{"@type":"WebSite","@id":"https:\/\/fusionweymax.com\/zh-hans\/#website","url":"https:\/\/fusionweymax.com\/zh-hans\/","name":"Fusi\u00f3n Weymax","description":"","publisher":{"@id":"https:\/\/fusionweymax.com\/zh-hans\/#organization"},"potentialAction":[{"@type":"SearchAction","target":{"@type":"EntryPoint","urlTemplate":"https:\/\/fusionweymax.com\/zh-hans\/?s={search_term_string}"},"query-input":"required name=search_term_string"}],"inLanguage":"en-US"},{"@type":"Organization","@id":"https:\/\/fusionweymax.com\/zh-hans\/#organization","name":"Fusion Weymax","url":"https:\/\/fusionweymax.com\/zh-hans\/","logo":{"@type":"ImageObject","inLanguage":"en-US","@id":"https:\/\/fusionweymax.com\/zh-hans\/#\/schema\/logo\/image\/","url":"http:\/\/fusionweymax.com\/wp-content\/uploads\/2017\/03\/fusion-weymax-logo-red@2x.png","contentUrl":"http:\/\/fusionweymax.com\/wp-content\/uploads\/2017\/03\/fusion-weymax-logo-red@2x.png","width":450,"height":120,"caption":"Fusion Weymax"},"image":{"@id":"https:\/\/fusionweymax.com\/zh-hans\/#\/schema\/logo\/image\/"}}]}},"_links":{"self":[{"href":"http:\/\/fusionweymax.com\/en\/wp-json\/wp\/v2\/product\/1925"}],"collection":[{"href":"http:\/\/fusionweymax.com\/en\/wp-json\/wp\/v2\/product"}],"about":[{"href":"http:\/\/fusionweymax.com\/en\/wp-json\/wp\/v2\/types\/product"}],"replies":[{"embeddable":true,"href":"http:\/\/fusionweymax.com\/en\/wp-json\/wp\/v2\/comments?post=1925"}],"wp:featuredmedia":[{"embeddable":true,"href":"http:\/\/fusionweymax.com\/en\/wp-json\/wp\/v2\/media\/2432"}],"wp:attachment":[{"href":"http:\/\/fusionweymax.com\/en\/wp-json\/wp\/v2\/media?parent=1925"}],"wp:term":[{"taxonomy":"product_cat","embeddable":true,"href":"http:\/\/fusionweymax.com\/en\/wp-json\/wp\/v2\/product_cat?post=1925"},{"taxonomy":"product_tag","embeddable":true,"href":"http:\/\/fusionweymax.com\/en\/wp-json\/wp\/v2\/product_tag?post=1925"}],"curies":[{"name":"wp","href":"https:\/\/api.w.org\/{rel}","templated":true}]}}