{"id":1937,"date":"2017-01-27T13:11:15","date_gmt":"2017-09-19T16:31:20","guid":{"rendered":"http:\/\/fusionweymax.com\/?post_type=product&#038;p=1937\/"},"modified":"2017-09-19T18:31:20","modified_gmt":"2017-09-19T16:31:20","slug":"medrano-crianza","status":"publish","type":"product","link":"http:\/\/fusionweymax.com\/en\/product\/medrano-crianza\/","title":{"rendered":"Medrano Crianza"},"content":{"rendered":"<p class=\"p1\"><b>Caracter\u00edsticas: <\/b><\/p>\n<p class=\"p1\">Categor\u00eda: <b>Tinto Crianza <span class=\"Apple-converted-space\">\u00a0 \u00a0 \u00a0<\/span><\/b> <span class=\"Apple-converted-space\">\u00a0 \u00a0 \u00a0 \u00a0 \u00a0 \u00a0 \u00a0 \u00a0<\/span><\/p>\n<p class=\"p1\">Grado alcoh\u00f3lico: <b>13.5%vol.<\/b><\/p>\n<p class=\"p1\">Variedad de uva: <b> 100% tempranillo<\/b><span class=\"Apple-converted-space\">\u00a0 \u00a0 \u00a0 \u00a0 \u00a0<\/span><\/p>\n<p class=\"p1\">\u00c1rea de producci\u00f3n: <b>DO Rioja<\/b><\/p>\n<p class=\"p1\"><b>Vinificaci\u00f3n:<\/b> Vendimia manual seleccionada de 60 Ha. de las 150 Ha. que controla la bodega. Este vino se elabora mediante despalillado con una fermentaci\u00f3n de 6 a 7 d\u00edas, para despu\u00e9s sumarle los 10-15 d\u00edas de maceraci\u00f3n.<\/p>\n<p class=\"p1\">Todo ello a una temperatura controlada nunca superior a 28\u00b0C. La crianza se realiza en roble franc\u00e9s y roble americano a partes iguales durante 12 meses con trasiegos peri\u00f3dicos. Todas las barricas tienen una edad m\u00e1xima de 5 a\u00f1os.<\/p>\n<p class=\"p1\"><b>Nota de cata:<\/b> Visualmente es limpio y brillante con tonos iodados de capa alta con reflejos azules. En nariz se aprecian notas de vainilla y avellana es de intensidad alta con aromas a frutas maduras.<span class=\"Apple-converted-space\">\u00a0 <\/span>Es un vino que entra con suavidad, haciendo notar su estancia en madera, y da paso a la fruta madura.<\/p>\n<p class=\"p1\"><b>Temperatura de servicio y maridaje:<\/b> 15\u00baC-16\u00baC. Recomendado para arroces, guisos de carne y parrillada de carne.<\/p>\n<p class=\"p1\"><b>Formato:<\/b> Caja de 6 Botellas de 750 ml<\/p>\n","protected":false},"excerpt":{"rendered":"<p>Caracter\u00edsticas: Categor\u00eda: Tinto Crianza \u00a0 \u00a0 \u00a0 \u00a0 \u00a0 \u00a0 \u00a0 \u00a0 \u00a0 \u00a0 \u00a0 Grado alcoh\u00f3lico: 13.5%vol. Variedad de uva: 100% tempranillo\u00a0 \u00a0 \u00a0 \u00a0 \u00a0 \u00c1rea de producci\u00f3n: DO Rioja Vinificaci\u00f3n: Vendimia manual seleccionada de 60 Ha. de las 150 Ha. que controla la bodega. Este vino se elabora mediante despalillado con una [&hellip;]<\/p>\n","protected":false},"featured_media":1939,"comment_status":"closed","ping_status":"closed","template":"","meta":[],"product_cat":[116,149,98],"product_tag":[],"yoast_head":"<!-- This site is optimized with the Yoast SEO plugin v20.8 - https:\/\/yoast.com\/wordpress\/plugins\/seo\/ -->\n<title>Medrano Crianza - Fusi\u00f3n Weymax<\/title>\n<meta name=\"robots\" content=\"index, follow, max-snippet:-1, max-image-preview:large, max-video-preview:-1\" \/>\n<link rel=\"canonical\" href=\"http:\/\/fusionweymax.com\/producto\/medrano-crianza\/\" \/>\n<meta property=\"og:locale\" content=\"en_US\" \/>\n<meta property=\"og:type\" content=\"article\" \/>\n<meta property=\"og:title\" content=\"Medrano Crianza - Fusi\u00f3n Weymax\" \/>\n<meta property=\"og:description\" content=\"Caracter\u00edsticas: Categor\u00eda: Tinto Crianza \u00a0 \u00a0 \u00a0 \u00a0 \u00a0 \u00a0 \u00a0 \u00a0 \u00a0 \u00a0 \u00a0 Grado alcoh\u00f3lico: 13.5%vol. Variedad de uva: 100% tempranillo\u00a0 \u00a0 \u00a0 \u00a0 \u00a0 \u00c1rea de producci\u00f3n: DO Rioja Vinificaci\u00f3n: Vendimia manual seleccionada de 60 Ha. de las 150 Ha. que controla la bodega. Este vino se elabora mediante despalillado con una [&hellip;]\" \/>\n<meta property=\"og:url\" content=\"http:\/\/fusionweymax.com\/producto\/medrano-crianza\/\" \/>\n<meta property=\"og:site_name\" content=\"Fusi\u00f3n Weymax\" \/>\n<meta property=\"og:image\" content=\"http:\/\/fusionweymax.com\/wp-content\/uploads\/2017\/01\/medrano-crianza.jpg\" \/>\n\t<meta property=\"og:image:width\" content=\"230\" \/>\n\t<meta property=\"og:image:height\" content=\"925\" \/>\n\t<meta property=\"og:image:type\" content=\"image\/jpeg\" \/>\n<meta name=\"twitter:card\" content=\"summary_large_image\" \/>\n<meta name=\"twitter:label1\" content=\"Est. reading time\" \/>\n\t<meta name=\"twitter:data1\" content=\"1 minute\" \/>\n<script type=\"application\/ld+json\" class=\"yoast-schema-graph\">{\"@context\":\"https:\/\/schema.org\",\"@graph\":[{\"@type\":\"WebPage\",\"@id\":\"http:\/\/fusionweymax.com\/producto\/medrano-crianza\/\",\"url\":\"http:\/\/fusionweymax.com\/producto\/medrano-crianza\/\",\"name\":\"Medrano Crianza - Fusi\u00f3n Weymax\",\"isPartOf\":{\"@id\":\"https:\/\/fusionweymax.com\/zh-hans\/#website\"},\"datePublished\":\"2017-09-19T16:31:20+00:00\",\"dateModified\":\"2017-09-19T16:31:20+00:00\",\"breadcrumb\":{\"@id\":\"http:\/\/fusionweymax.com\/producto\/medrano-crianza\/#breadcrumb\"},\"inLanguage\":\"en-US\",\"potentialAction\":[{\"@type\":\"ReadAction\",\"target\":[\"http:\/\/fusionweymax.com\/producto\/medrano-crianza\/\"]}]},{\"@type\":\"BreadcrumbList\",\"@id\":\"http:\/\/fusionweymax.com\/producto\/medrano-crianza\/#breadcrumb\",\"itemListElement\":[{\"@type\":\"ListItem\",\"position\":1,\"name\":\"Portada\",\"item\":\"http:\/\/fusionweymax.com\/en\/\"},{\"@type\":\"ListItem\",\"position\":2,\"name\":\"Products\",\"item\":\"http:\/\/fusionweymax.com\/en\/productos\/\"},{\"@type\":\"ListItem\",\"position\":3,\"name\":\"Medrano Crianza\"}]},{\"@type\":\"WebSite\",\"@id\":\"https:\/\/fusionweymax.com\/zh-hans\/#website\",\"url\":\"https:\/\/fusionweymax.com\/zh-hans\/\",\"name\":\"Fusi\u00f3n Weymax\",\"description\":\"\",\"publisher\":{\"@id\":\"https:\/\/fusionweymax.com\/zh-hans\/#organization\"},\"potentialAction\":[{\"@type\":\"SearchAction\",\"target\":{\"@type\":\"EntryPoint\",\"urlTemplate\":\"https:\/\/fusionweymax.com\/zh-hans\/?s={search_term_string}\"},\"query-input\":\"required name=search_term_string\"}],\"inLanguage\":\"en-US\"},{\"@type\":\"Organization\",\"@id\":\"https:\/\/fusionweymax.com\/zh-hans\/#organization\",\"name\":\"Fusion Weymax\",\"url\":\"https:\/\/fusionweymax.com\/zh-hans\/\",\"logo\":{\"@type\":\"ImageObject\",\"inLanguage\":\"en-US\",\"@id\":\"https:\/\/fusionweymax.com\/zh-hans\/#\/schema\/logo\/image\/\",\"url\":\"http:\/\/fusionweymax.com\/wp-content\/uploads\/2017\/03\/fusion-weymax-logo-red@2x.png\",\"contentUrl\":\"http:\/\/fusionweymax.com\/wp-content\/uploads\/2017\/03\/fusion-weymax-logo-red@2x.png\",\"width\":450,\"height\":120,\"caption\":\"Fusion Weymax\"},\"image\":{\"@id\":\"https:\/\/fusionweymax.com\/zh-hans\/#\/schema\/logo\/image\/\"}}]}<\/script>\n<!-- \/ Yoast SEO plugin. -->","yoast_head_json":{"title":"Medrano Crianza - Fusi\u00f3n Weymax","robots":{"index":"index","follow":"follow","max-snippet":"max-snippet:-1","max-image-preview":"max-image-preview:large","max-video-preview":"max-video-preview:-1"},"canonical":"http:\/\/fusionweymax.com\/producto\/medrano-crianza\/","og_locale":"en_US","og_type":"article","og_title":"Medrano Crianza - Fusi\u00f3n Weymax","og_description":"Caracter\u00edsticas: Categor\u00eda: Tinto Crianza \u00a0 \u00a0 \u00a0 \u00a0 \u00a0 \u00a0 \u00a0 \u00a0 \u00a0 \u00a0 \u00a0 Grado alcoh\u00f3lico: 13.5%vol. Variedad de uva: 100% tempranillo\u00a0 \u00a0 \u00a0 \u00a0 \u00a0 \u00c1rea de producci\u00f3n: DO Rioja Vinificaci\u00f3n: Vendimia manual seleccionada de 60 Ha. de las 150 Ha. que controla la bodega. Este vino se elabora mediante despalillado con una [&hellip;]","og_url":"http:\/\/fusionweymax.com\/producto\/medrano-crianza\/","og_site_name":"Fusi\u00f3n Weymax","og_image":[{"width":230,"height":925,"url":"http:\/\/fusionweymax.com\/wp-content\/uploads\/2017\/01\/medrano-crianza.jpg","type":"image\/jpeg"}],"twitter_card":"summary_large_image","twitter_misc":{"Est. reading time":"1 minute"},"schema":{"@context":"https:\/\/schema.org","@graph":[{"@type":"WebPage","@id":"http:\/\/fusionweymax.com\/producto\/medrano-crianza\/","url":"http:\/\/fusionweymax.com\/producto\/medrano-crianza\/","name":"Medrano Crianza - Fusi\u00f3n Weymax","isPartOf":{"@id":"https:\/\/fusionweymax.com\/zh-hans\/#website"},"datePublished":"2017-09-19T16:31:20+00:00","dateModified":"2017-09-19T16:31:20+00:00","breadcrumb":{"@id":"http:\/\/fusionweymax.com\/producto\/medrano-crianza\/#breadcrumb"},"inLanguage":"en-US","potentialAction":[{"@type":"ReadAction","target":["http:\/\/fusionweymax.com\/producto\/medrano-crianza\/"]}]},{"@type":"BreadcrumbList","@id":"http:\/\/fusionweymax.com\/producto\/medrano-crianza\/#breadcrumb","itemListElement":[{"@type":"ListItem","position":1,"name":"Portada","item":"http:\/\/fusionweymax.com\/en\/"},{"@type":"ListItem","position":2,"name":"Products","item":"http:\/\/fusionweymax.com\/en\/productos\/"},{"@type":"ListItem","position":3,"name":"Medrano Crianza"}]},{"@type":"WebSite","@id":"https:\/\/fusionweymax.com\/zh-hans\/#website","url":"https:\/\/fusionweymax.com\/zh-hans\/","name":"Fusi\u00f3n Weymax","description":"","publisher":{"@id":"https:\/\/fusionweymax.com\/zh-hans\/#organization"},"potentialAction":[{"@type":"SearchAction","target":{"@type":"EntryPoint","urlTemplate":"https:\/\/fusionweymax.com\/zh-hans\/?s={search_term_string}"},"query-input":"required name=search_term_string"}],"inLanguage":"en-US"},{"@type":"Organization","@id":"https:\/\/fusionweymax.com\/zh-hans\/#organization","name":"Fusion Weymax","url":"https:\/\/fusionweymax.com\/zh-hans\/","logo":{"@type":"ImageObject","inLanguage":"en-US","@id":"https:\/\/fusionweymax.com\/zh-hans\/#\/schema\/logo\/image\/","url":"http:\/\/fusionweymax.com\/wp-content\/uploads\/2017\/03\/fusion-weymax-logo-red@2x.png","contentUrl":"http:\/\/fusionweymax.com\/wp-content\/uploads\/2017\/03\/fusion-weymax-logo-red@2x.png","width":450,"height":120,"caption":"Fusion Weymax"},"image":{"@id":"https:\/\/fusionweymax.com\/zh-hans\/#\/schema\/logo\/image\/"}}]}},"_links":{"self":[{"href":"http:\/\/fusionweymax.com\/en\/wp-json\/wp\/v2\/product\/1937"}],"collection":[{"href":"http:\/\/fusionweymax.com\/en\/wp-json\/wp\/v2\/product"}],"about":[{"href":"http:\/\/fusionweymax.com\/en\/wp-json\/wp\/v2\/types\/product"}],"replies":[{"embeddable":true,"href":"http:\/\/fusionweymax.com\/en\/wp-json\/wp\/v2\/comments?post=1937"}],"wp:featuredmedia":[{"embeddable":true,"href":"http:\/\/fusionweymax.com\/en\/wp-json\/wp\/v2\/media\/1939"}],"wp:attachment":[{"href":"http:\/\/fusionweymax.com\/en\/wp-json\/wp\/v2\/media?parent=1937"}],"wp:term":[{"taxonomy":"product_cat","embeddable":true,"href":"http:\/\/fusionweymax.com\/en\/wp-json\/wp\/v2\/product_cat?post=1937"},{"taxonomy":"product_tag","embeddable":true,"href":"http:\/\/fusionweymax.com\/en\/wp-json\/wp\/v2\/product_tag?post=1937"}],"curies":[{"name":"wp","href":"https:\/\/api.w.org\/{rel}","templated":true}]}}