{"id":1974,"date":"2017-01-27T12:48:11","date_gmt":"2017-09-20T07:58:08","guid":{"rendered":"http:\/\/fusionweymax.com\/?post_type=product&#038;p=1974\/"},"modified":"2017-09-20T09:58:08","modified_gmt":"2017-09-20T07:58:08","slug":"real-madrid-plata","status":"publish","type":"product","link":"http:\/\/fusionweymax.com\/en\/product\/real-madrid-plata\/","title":{"rendered":"Real Madrid Plata"},"content":{"rendered":"<p class=\"p1\"><b>Caracter\u00edsticas: <\/b><\/p>\n<p class=\"p1\">Categor\u00eda: <b>Tinto Selecci\u00f3n<\/b><span class=\"Apple-converted-space\">\u00a0 \u00a0 \u00a0 \u00a0 \u00a0 \u00a0 \u00a0 \u00a0 \u00a0 \u00a0 \u00a0 \u00a0 \u00a0 \u00a0<\/span><\/p>\n<p class=\"p1\">Grado alcoh\u00f3lico: <b>13.5%vol.<\/b><\/p>\n<p class=\"p1\">Variedad de uva: <b>50 % Cabernet Sauvignon 50% Syrah<span class=\"Apple-converted-space\">\u00a0 \u00a0 <\/span><\/b><\/p>\n<p class=\"p1\">\u00c1rea de producci\u00f3n: <b>DO Vino de la tierra de castilla<\/b><\/p>\n<p class=\"p1\"><b>Vinificaci\u00f3n:<\/b> Larga maceraci\u00f3n tradicional por remontado con eliminaci\u00f3n de pepitas y temperatura contenida para extraer el m\u00e1ximo color y estructura con suficiente suavidad para aguantar la crianza.<\/p>\n<p class=\"p1\">Crianza de 6 meses en barricas de 300 litros de roble franc\u00e9s y americano.<\/p>\n<p class=\"p1\"><b>Nota de cata:<\/b><span class=\"Apple-converted-space\">\u00a0 <\/span>A la vista se aprecia rojo oscuro con reflejos granates. En nariz es intensa y franca, con notas de frutos rojos y notas terrosas.<span class=\"Apple-converted-space\">\u00a0 <\/span>En boca es tras el paso por boca encontramos que es un vino aterciopelado, de paso suave y agradable, es un vino fresco, ligero y bals\u00e1mico. Retro nasal limpia donde vuelve la madera fresca.<\/p>\n<p class=\"p1\"><b>Temperatura de servicio y maridaje:<\/b> 16\u00baC &#8211; 17\u00baC. Recomendado todo tipo de aperitivos, carnes y guisos.<\/p>\n<p class=\"p1\"><b>Formato:<\/b> Caja de 6 Botellas de 750 ml<\/p>\n","protected":false},"excerpt":{"rendered":"<p>Caracter\u00edsticas: Categor\u00eda: Tinto Selecci\u00f3n\u00a0 \u00a0 \u00a0 \u00a0 \u00a0 \u00a0 \u00a0 \u00a0 \u00a0 \u00a0 \u00a0 \u00a0 \u00a0 \u00a0 Grado alcoh\u00f3lico: 13.5%vol. Variedad de uva: 50 % Cabernet Sauvignon 50% Syrah\u00a0 \u00a0 \u00c1rea de producci\u00f3n: DO Vino de la tierra de castilla Vinificaci\u00f3n: Larga maceraci\u00f3n tradicional por remontado con eliminaci\u00f3n de pepitas y temperatura contenida para extraer [&hellip;]<\/p>\n","protected":false},"featured_media":1666,"comment_status":"closed","ping_status":"closed","template":"","meta":[],"product_cat":[118,155,98],"product_tag":[],"yoast_head":"<!-- This site is optimized with the Yoast SEO plugin v20.8 - https:\/\/yoast.com\/wordpress\/plugins\/seo\/ -->\n<title>Real Madrid Plata - Fusi\u00f3n Weymax<\/title>\n<meta name=\"robots\" content=\"index, follow, max-snippet:-1, max-image-preview:large, max-video-preview:-1\" \/>\n<link rel=\"canonical\" href=\"http:\/\/fusionweymax.com\/en\/product\/real-madrid-plata\/\" \/>\n<meta property=\"og:locale\" content=\"en_US\" \/>\n<meta property=\"og:type\" content=\"article\" \/>\n<meta property=\"og:title\" content=\"Real Madrid Plata - Fusi\u00f3n Weymax\" \/>\n<meta property=\"og:description\" content=\"Caracter\u00edsticas: Categor\u00eda: Tinto Selecci\u00f3n\u00a0 \u00a0 \u00a0 \u00a0 \u00a0 \u00a0 \u00a0 \u00a0 \u00a0 \u00a0 \u00a0 \u00a0 \u00a0 \u00a0 Grado alcoh\u00f3lico: 13.5%vol. Variedad de uva: 50 % Cabernet Sauvignon 50% Syrah\u00a0 \u00a0 \u00c1rea de producci\u00f3n: DO Vino de la tierra de castilla Vinificaci\u00f3n: Larga maceraci\u00f3n tradicional por remontado con eliminaci\u00f3n de pepitas y temperatura contenida para extraer [&hellip;]\" \/>\n<meta property=\"og:url\" content=\"http:\/\/fusionweymax.com\/en\/product\/real-madrid-plata\/\" \/>\n<meta property=\"og:site_name\" content=\"Fusi\u00f3n Weymax\" \/>\n<meta property=\"og:image\" content=\"http:\/\/fusionweymax.com\/wp-content\/uploads\/2017\/01\/vino-1.jpg\" \/>\n\t<meta property=\"og:image:width\" content=\"411\" \/>\n\t<meta property=\"og:image:height\" content=\"792\" \/>\n\t<meta property=\"og:image:type\" content=\"image\/jpeg\" \/>\n<meta name=\"twitter:card\" content=\"summary_large_image\" \/>\n<meta name=\"twitter:label1\" content=\"Est. reading time\" \/>\n\t<meta name=\"twitter:data1\" content=\"1 minute\" \/>\n<script type=\"application\/ld+json\" class=\"yoast-schema-graph\">{\"@context\":\"https:\/\/schema.org\",\"@graph\":[{\"@type\":\"WebPage\",\"@id\":\"http:\/\/fusionweymax.com\/en\/product\/real-madrid-plata\/\",\"url\":\"http:\/\/fusionweymax.com\/en\/product\/real-madrid-plata\/\",\"name\":\"Real Madrid Plata - Fusi\u00f3n Weymax\",\"isPartOf\":{\"@id\":\"https:\/\/fusionweymax.com\/zh-hans\/#website\"},\"datePublished\":\"2017-09-20T07:58:08+00:00\",\"dateModified\":\"2017-09-20T07:58:08+00:00\",\"breadcrumb\":{\"@id\":\"http:\/\/fusionweymax.com\/en\/product\/real-madrid-plata\/#breadcrumb\"},\"inLanguage\":\"en-US\",\"potentialAction\":[{\"@type\":\"ReadAction\",\"target\":[\"http:\/\/fusionweymax.com\/en\/product\/real-madrid-plata\/\"]}]},{\"@type\":\"BreadcrumbList\",\"@id\":\"http:\/\/fusionweymax.com\/en\/product\/real-madrid-plata\/#breadcrumb\",\"itemListElement\":[{\"@type\":\"ListItem\",\"position\":1,\"name\":\"Portada\",\"item\":\"http:\/\/fusionweymax.com\/en\/\"},{\"@type\":\"ListItem\",\"position\":2,\"name\":\"Products\",\"item\":\"http:\/\/fusionweymax.com\/en\/productos\/\"},{\"@type\":\"ListItem\",\"position\":3,\"name\":\"Real Madrid Plata\"}]},{\"@type\":\"WebSite\",\"@id\":\"https:\/\/fusionweymax.com\/zh-hans\/#website\",\"url\":\"https:\/\/fusionweymax.com\/zh-hans\/\",\"name\":\"Fusi\u00f3n Weymax\",\"description\":\"\",\"publisher\":{\"@id\":\"https:\/\/fusionweymax.com\/zh-hans\/#organization\"},\"potentialAction\":[{\"@type\":\"SearchAction\",\"target\":{\"@type\":\"EntryPoint\",\"urlTemplate\":\"https:\/\/fusionweymax.com\/zh-hans\/?s={search_term_string}\"},\"query-input\":\"required name=search_term_string\"}],\"inLanguage\":\"en-US\"},{\"@type\":\"Organization\",\"@id\":\"https:\/\/fusionweymax.com\/zh-hans\/#organization\",\"name\":\"Fusion Weymax\",\"url\":\"https:\/\/fusionweymax.com\/zh-hans\/\",\"logo\":{\"@type\":\"ImageObject\",\"inLanguage\":\"en-US\",\"@id\":\"https:\/\/fusionweymax.com\/zh-hans\/#\/schema\/logo\/image\/\",\"url\":\"http:\/\/fusionweymax.com\/wp-content\/uploads\/2017\/03\/fusion-weymax-logo-red@2x.png\",\"contentUrl\":\"http:\/\/fusionweymax.com\/wp-content\/uploads\/2017\/03\/fusion-weymax-logo-red@2x.png\",\"width\":450,\"height\":120,\"caption\":\"Fusion Weymax\"},\"image\":{\"@id\":\"https:\/\/fusionweymax.com\/zh-hans\/#\/schema\/logo\/image\/\"}}]}<\/script>\n<!-- \/ Yoast SEO plugin. -->","yoast_head_json":{"title":"Real Madrid Plata - Fusi\u00f3n Weymax","robots":{"index":"index","follow":"follow","max-snippet":"max-snippet:-1","max-image-preview":"max-image-preview:large","max-video-preview":"max-video-preview:-1"},"canonical":"http:\/\/fusionweymax.com\/en\/product\/real-madrid-plata\/","og_locale":"en_US","og_type":"article","og_title":"Real Madrid Plata - Fusi\u00f3n Weymax","og_description":"Caracter\u00edsticas: Categor\u00eda: Tinto Selecci\u00f3n\u00a0 \u00a0 \u00a0 \u00a0 \u00a0 \u00a0 \u00a0 \u00a0 \u00a0 \u00a0 \u00a0 \u00a0 \u00a0 \u00a0 Grado alcoh\u00f3lico: 13.5%vol. Variedad de uva: 50 % Cabernet Sauvignon 50% Syrah\u00a0 \u00a0 \u00c1rea de producci\u00f3n: DO Vino de la tierra de castilla Vinificaci\u00f3n: Larga maceraci\u00f3n tradicional por remontado con eliminaci\u00f3n de pepitas y temperatura contenida para extraer [&hellip;]","og_url":"http:\/\/fusionweymax.com\/en\/product\/real-madrid-plata\/","og_site_name":"Fusi\u00f3n Weymax","og_image":[{"width":411,"height":792,"url":"http:\/\/fusionweymax.com\/wp-content\/uploads\/2017\/01\/vino-1.jpg","type":"image\/jpeg"}],"twitter_card":"summary_large_image","twitter_misc":{"Est. reading time":"1 minute"},"schema":{"@context":"https:\/\/schema.org","@graph":[{"@type":"WebPage","@id":"http:\/\/fusionweymax.com\/en\/product\/real-madrid-plata\/","url":"http:\/\/fusionweymax.com\/en\/product\/real-madrid-plata\/","name":"Real Madrid Plata - Fusi\u00f3n Weymax","isPartOf":{"@id":"https:\/\/fusionweymax.com\/zh-hans\/#website"},"datePublished":"2017-09-20T07:58:08+00:00","dateModified":"2017-09-20T07:58:08+00:00","breadcrumb":{"@id":"http:\/\/fusionweymax.com\/en\/product\/real-madrid-plata\/#breadcrumb"},"inLanguage":"en-US","potentialAction":[{"@type":"ReadAction","target":["http:\/\/fusionweymax.com\/en\/product\/real-madrid-plata\/"]}]},{"@type":"BreadcrumbList","@id":"http:\/\/fusionweymax.com\/en\/product\/real-madrid-plata\/#breadcrumb","itemListElement":[{"@type":"ListItem","position":1,"name":"Portada","item":"http:\/\/fusionweymax.com\/en\/"},{"@type":"ListItem","position":2,"name":"Products","item":"http:\/\/fusionweymax.com\/en\/productos\/"},{"@type":"ListItem","position":3,"name":"Real Madrid Plata"}]},{"@type":"WebSite","@id":"https:\/\/fusionweymax.com\/zh-hans\/#website","url":"https:\/\/fusionweymax.com\/zh-hans\/","name":"Fusi\u00f3n Weymax","description":"","publisher":{"@id":"https:\/\/fusionweymax.com\/zh-hans\/#organization"},"potentialAction":[{"@type":"SearchAction","target":{"@type":"EntryPoint","urlTemplate":"https:\/\/fusionweymax.com\/zh-hans\/?s={search_term_string}"},"query-input":"required name=search_term_string"}],"inLanguage":"en-US"},{"@type":"Organization","@id":"https:\/\/fusionweymax.com\/zh-hans\/#organization","name":"Fusion Weymax","url":"https:\/\/fusionweymax.com\/zh-hans\/","logo":{"@type":"ImageObject","inLanguage":"en-US","@id":"https:\/\/fusionweymax.com\/zh-hans\/#\/schema\/logo\/image\/","url":"http:\/\/fusionweymax.com\/wp-content\/uploads\/2017\/03\/fusion-weymax-logo-red@2x.png","contentUrl":"http:\/\/fusionweymax.com\/wp-content\/uploads\/2017\/03\/fusion-weymax-logo-red@2x.png","width":450,"height":120,"caption":"Fusion Weymax"},"image":{"@id":"https:\/\/fusionweymax.com\/zh-hans\/#\/schema\/logo\/image\/"}}]}},"_links":{"self":[{"href":"http:\/\/fusionweymax.com\/en\/wp-json\/wp\/v2\/product\/1974"}],"collection":[{"href":"http:\/\/fusionweymax.com\/en\/wp-json\/wp\/v2\/product"}],"about":[{"href":"http:\/\/fusionweymax.com\/en\/wp-json\/wp\/v2\/types\/product"}],"replies":[{"embeddable":true,"href":"http:\/\/fusionweymax.com\/en\/wp-json\/wp\/v2\/comments?post=1974"}],"wp:featuredmedia":[{"embeddable":true,"href":"http:\/\/fusionweymax.com\/en\/wp-json\/wp\/v2\/media\/1666"}],"wp:attachment":[{"href":"http:\/\/fusionweymax.com\/en\/wp-json\/wp\/v2\/media?parent=1974"}],"wp:term":[{"taxonomy":"product_cat","embeddable":true,"href":"http:\/\/fusionweymax.com\/en\/wp-json\/wp\/v2\/product_cat?post=1974"},{"taxonomy":"product_tag","embeddable":true,"href":"http:\/\/fusionweymax.com\/en\/wp-json\/wp\/v2\/product_tag?post=1974"}],"curies":[{"name":"wp","href":"https:\/\/api.w.org\/{rel}","templated":true}]}}