{"id":1975,"date":"2017-01-27T12:42:51","date_gmt":"2017-09-20T07:58:36","guid":{"rendered":"http:\/\/fusionweymax.com\/?post_type=product&#038;p=1975\/"},"modified":"2017-09-20T09:58:36","modified_gmt":"2017-09-20T07:58:36","slug":"tumiana-tempranillo","status":"publish","type":"product","link":"http:\/\/fusionweymax.com\/en\/product\/tumiana-tempranillo\/","title":{"rendered":"Tumiana Tempranillo"},"content":{"rendered":"<p class=\"p1\"><b>Caracter\u00edsticas: <\/b><\/p>\n<p class=\"p1\">Categor\u00eda: <b>Tinto Selecci\u00f3n<\/b> <span class=\"Apple-converted-space\">\u00a0 \u00a0 \u00a0 \u00a0 \u00a0 \u00a0 \u00a0 \u00a0 \u00a0 \u00a0 \u00a0<\/span><\/p>\n<p class=\"p1\">Grado alcoh\u00f3lico: <b>13%vol.<\/b><\/p>\n<p class=\"p1\">Variedad de uva: <b>100% tempranillo<\/b><span class=\"Apple-converted-space\">\u00a0 \u00a0 \u00a0 \u00a0 \u00a0<\/span><\/p>\n<p class=\"p1\">\u00c1rea de producci\u00f3n: <b>Vino de la tierra de castilla.<\/b><\/p>\n<p class=\"p1\"><b>Vinificaci\u00f3n:<\/b> Este vino se ha elaborado mediante despalillado y macerado durante 10 d\u00edas a una temperatura no superior a 30\u00b0C. Despu\u00e9s se prensa y finalmente sufre la fermentaci\u00f3n malol\u00e1ctica durante 3-4 d\u00edas. La crianza se realiza en barricas de roble durante 6 meses.<\/p>\n<p class=\"p1\"><b>Nota de cata:<\/b> Car\u00e1cter mediterr\u00e1neo elegante, el color es rojo oscuro con destellos rub\u00ed, maduro en la nariz, fresco en la boca. Aromas de frutas rojas en compota, flores azules marchitas y especias. Buena presencia al paladar, consistente pero fresco y fluido, equilibrado, sabroso y expresivo.<\/p>\n<p class=\"p1\"><b>Temperatura de servicio y maridaje:<\/b> 14\u00baC &#8211; 16\u00baC. Recomendado para asados (lechazo, lech\u00f3n, ternera) arroces potentes.<\/p>\n<p class=\"p1\"><b>Formato:<\/b> Caja de 6 Botellas de 750 ml<\/p>\n","protected":false},"excerpt":{"rendered":"<p>Caracter\u00edsticas: Categor\u00eda: Tinto Selecci\u00f3n \u00a0 \u00a0 \u00a0 \u00a0 \u00a0 \u00a0 \u00a0 \u00a0 \u00a0 \u00a0 \u00a0 Grado alcoh\u00f3lico: 13%vol. Variedad de uva: 100% tempranillo\u00a0 \u00a0 \u00a0 \u00a0 \u00a0 \u00c1rea de producci\u00f3n: Vino de la tierra de castilla. Vinificaci\u00f3n: Este vino se ha elaborado mediante despalillado y macerado durante 10 d\u00edas a una temperatura no superior a [&hellip;]<\/p>\n","protected":false},"featured_media":1976,"comment_status":"closed","ping_status":"closed","template":"","meta":[],"product_cat":[98,120],"product_tag":[],"yoast_head":"<!-- This site is optimized with the Yoast SEO plugin v20.8 - https:\/\/yoast.com\/wordpress\/plugins\/seo\/ -->\n<title>Tumiana Tempranillo - Fusi\u00f3n Weymax<\/title>\n<meta name=\"robots\" content=\"index, follow, max-snippet:-1, max-image-preview:large, max-video-preview:-1\" \/>\n<link rel=\"canonical\" href=\"http:\/\/fusionweymax.com\/en\/product\/tumiana-tempranillo\/\" \/>\n<meta property=\"og:locale\" content=\"en_US\" \/>\n<meta property=\"og:type\" content=\"article\" \/>\n<meta property=\"og:title\" content=\"Tumiana Tempranillo - Fusi\u00f3n Weymax\" \/>\n<meta property=\"og:description\" content=\"Caracter\u00edsticas: Categor\u00eda: Tinto Selecci\u00f3n \u00a0 \u00a0 \u00a0 \u00a0 \u00a0 \u00a0 \u00a0 \u00a0 \u00a0 \u00a0 \u00a0 Grado alcoh\u00f3lico: 13%vol. Variedad de uva: 100% tempranillo\u00a0 \u00a0 \u00a0 \u00a0 \u00a0 \u00c1rea de producci\u00f3n: Vino de la tierra de castilla. Vinificaci\u00f3n: Este vino se ha elaborado mediante despalillado y macerado durante 10 d\u00edas a una temperatura no superior a [&hellip;]\" \/>\n<meta property=\"og:url\" content=\"http:\/\/fusionweymax.com\/en\/product\/tumiana-tempranillo\/\" \/>\n<meta property=\"og:site_name\" content=\"Fusi\u00f3n Weymax\" \/>\n<meta property=\"og:image\" content=\"http:\/\/fusionweymax.com\/wp-content\/uploads\/2017\/01\/tumiana-tempranillo.jpg\" \/>\n\t<meta property=\"og:image:width\" content=\"821\" \/>\n\t<meta property=\"og:image:height\" content=\"1977\" \/>\n\t<meta property=\"og:image:type\" content=\"image\/jpeg\" \/>\n<meta name=\"twitter:card\" content=\"summary_large_image\" \/>\n<meta name=\"twitter:label1\" content=\"Est. reading time\" \/>\n\t<meta name=\"twitter:data1\" content=\"1 minute\" \/>\n<script type=\"application\/ld+json\" class=\"yoast-schema-graph\">{\"@context\":\"https:\/\/schema.org\",\"@graph\":[{\"@type\":\"WebPage\",\"@id\":\"http:\/\/fusionweymax.com\/en\/product\/tumiana-tempranillo\/\",\"url\":\"http:\/\/fusionweymax.com\/en\/product\/tumiana-tempranillo\/\",\"name\":\"Tumiana Tempranillo - Fusi\u00f3n Weymax\",\"isPartOf\":{\"@id\":\"https:\/\/fusionweymax.com\/zh-hans\/#website\"},\"datePublished\":\"2017-09-20T07:58:36+00:00\",\"dateModified\":\"2017-09-20T07:58:36+00:00\",\"breadcrumb\":{\"@id\":\"http:\/\/fusionweymax.com\/en\/product\/tumiana-tempranillo\/#breadcrumb\"},\"inLanguage\":\"en-US\",\"potentialAction\":[{\"@type\":\"ReadAction\",\"target\":[\"http:\/\/fusionweymax.com\/en\/product\/tumiana-tempranillo\/\"]}]},{\"@type\":\"BreadcrumbList\",\"@id\":\"http:\/\/fusionweymax.com\/en\/product\/tumiana-tempranillo\/#breadcrumb\",\"itemListElement\":[{\"@type\":\"ListItem\",\"position\":1,\"name\":\"Portada\",\"item\":\"http:\/\/fusionweymax.com\/en\/\"},{\"@type\":\"ListItem\",\"position\":2,\"name\":\"Products\",\"item\":\"http:\/\/fusionweymax.com\/en\/productos\/\"},{\"@type\":\"ListItem\",\"position\":3,\"name\":\"Tumiana Tempranillo\"}]},{\"@type\":\"WebSite\",\"@id\":\"https:\/\/fusionweymax.com\/zh-hans\/#website\",\"url\":\"https:\/\/fusionweymax.com\/zh-hans\/\",\"name\":\"Fusi\u00f3n Weymax\",\"description\":\"\",\"publisher\":{\"@id\":\"https:\/\/fusionweymax.com\/zh-hans\/#organization\"},\"potentialAction\":[{\"@type\":\"SearchAction\",\"target\":{\"@type\":\"EntryPoint\",\"urlTemplate\":\"https:\/\/fusionweymax.com\/zh-hans\/?s={search_term_string}\"},\"query-input\":\"required name=search_term_string\"}],\"inLanguage\":\"en-US\"},{\"@type\":\"Organization\",\"@id\":\"https:\/\/fusionweymax.com\/zh-hans\/#organization\",\"name\":\"Fusion Weymax\",\"url\":\"https:\/\/fusionweymax.com\/zh-hans\/\",\"logo\":{\"@type\":\"ImageObject\",\"inLanguage\":\"en-US\",\"@id\":\"https:\/\/fusionweymax.com\/zh-hans\/#\/schema\/logo\/image\/\",\"url\":\"http:\/\/fusionweymax.com\/wp-content\/uploads\/2017\/03\/fusion-weymax-logo-red@2x.png\",\"contentUrl\":\"http:\/\/fusionweymax.com\/wp-content\/uploads\/2017\/03\/fusion-weymax-logo-red@2x.png\",\"width\":450,\"height\":120,\"caption\":\"Fusion Weymax\"},\"image\":{\"@id\":\"https:\/\/fusionweymax.com\/zh-hans\/#\/schema\/logo\/image\/\"}}]}<\/script>\n<!-- \/ Yoast SEO plugin. -->","yoast_head_json":{"title":"Tumiana Tempranillo - Fusi\u00f3n Weymax","robots":{"index":"index","follow":"follow","max-snippet":"max-snippet:-1","max-image-preview":"max-image-preview:large","max-video-preview":"max-video-preview:-1"},"canonical":"http:\/\/fusionweymax.com\/en\/product\/tumiana-tempranillo\/","og_locale":"en_US","og_type":"article","og_title":"Tumiana Tempranillo - Fusi\u00f3n Weymax","og_description":"Caracter\u00edsticas: Categor\u00eda: Tinto Selecci\u00f3n \u00a0 \u00a0 \u00a0 \u00a0 \u00a0 \u00a0 \u00a0 \u00a0 \u00a0 \u00a0 \u00a0 Grado alcoh\u00f3lico: 13%vol. Variedad de uva: 100% tempranillo\u00a0 \u00a0 \u00a0 \u00a0 \u00a0 \u00c1rea de producci\u00f3n: Vino de la tierra de castilla. Vinificaci\u00f3n: Este vino se ha elaborado mediante despalillado y macerado durante 10 d\u00edas a una temperatura no superior a [&hellip;]","og_url":"http:\/\/fusionweymax.com\/en\/product\/tumiana-tempranillo\/","og_site_name":"Fusi\u00f3n Weymax","og_image":[{"width":821,"height":1977,"url":"http:\/\/fusionweymax.com\/wp-content\/uploads\/2017\/01\/tumiana-tempranillo.jpg","type":"image\/jpeg"}],"twitter_card":"summary_large_image","twitter_misc":{"Est. reading time":"1 minute"},"schema":{"@context":"https:\/\/schema.org","@graph":[{"@type":"WebPage","@id":"http:\/\/fusionweymax.com\/en\/product\/tumiana-tempranillo\/","url":"http:\/\/fusionweymax.com\/en\/product\/tumiana-tempranillo\/","name":"Tumiana Tempranillo - Fusi\u00f3n Weymax","isPartOf":{"@id":"https:\/\/fusionweymax.com\/zh-hans\/#website"},"datePublished":"2017-09-20T07:58:36+00:00","dateModified":"2017-09-20T07:58:36+00:00","breadcrumb":{"@id":"http:\/\/fusionweymax.com\/en\/product\/tumiana-tempranillo\/#breadcrumb"},"inLanguage":"en-US","potentialAction":[{"@type":"ReadAction","target":["http:\/\/fusionweymax.com\/en\/product\/tumiana-tempranillo\/"]}]},{"@type":"BreadcrumbList","@id":"http:\/\/fusionweymax.com\/en\/product\/tumiana-tempranillo\/#breadcrumb","itemListElement":[{"@type":"ListItem","position":1,"name":"Portada","item":"http:\/\/fusionweymax.com\/en\/"},{"@type":"ListItem","position":2,"name":"Products","item":"http:\/\/fusionweymax.com\/en\/productos\/"},{"@type":"ListItem","position":3,"name":"Tumiana Tempranillo"}]},{"@type":"WebSite","@id":"https:\/\/fusionweymax.com\/zh-hans\/#website","url":"https:\/\/fusionweymax.com\/zh-hans\/","name":"Fusi\u00f3n Weymax","description":"","publisher":{"@id":"https:\/\/fusionweymax.com\/zh-hans\/#organization"},"potentialAction":[{"@type":"SearchAction","target":{"@type":"EntryPoint","urlTemplate":"https:\/\/fusionweymax.com\/zh-hans\/?s={search_term_string}"},"query-input":"required name=search_term_string"}],"inLanguage":"en-US"},{"@type":"Organization","@id":"https:\/\/fusionweymax.com\/zh-hans\/#organization","name":"Fusion Weymax","url":"https:\/\/fusionweymax.com\/zh-hans\/","logo":{"@type":"ImageObject","inLanguage":"en-US","@id":"https:\/\/fusionweymax.com\/zh-hans\/#\/schema\/logo\/image\/","url":"http:\/\/fusionweymax.com\/wp-content\/uploads\/2017\/03\/fusion-weymax-logo-red@2x.png","contentUrl":"http:\/\/fusionweymax.com\/wp-content\/uploads\/2017\/03\/fusion-weymax-logo-red@2x.png","width":450,"height":120,"caption":"Fusion Weymax"},"image":{"@id":"https:\/\/fusionweymax.com\/zh-hans\/#\/schema\/logo\/image\/"}}]}},"_links":{"self":[{"href":"http:\/\/fusionweymax.com\/en\/wp-json\/wp\/v2\/product\/1975"}],"collection":[{"href":"http:\/\/fusionweymax.com\/en\/wp-json\/wp\/v2\/product"}],"about":[{"href":"http:\/\/fusionweymax.com\/en\/wp-json\/wp\/v2\/types\/product"}],"replies":[{"embeddable":true,"href":"http:\/\/fusionweymax.com\/en\/wp-json\/wp\/v2\/comments?post=1975"}],"wp:featuredmedia":[{"embeddable":true,"href":"http:\/\/fusionweymax.com\/en\/wp-json\/wp\/v2\/media\/1976"}],"wp:attachment":[{"href":"http:\/\/fusionweymax.com\/en\/wp-json\/wp\/v2\/media?parent=1975"}],"wp:term":[{"taxonomy":"product_cat","embeddable":true,"href":"http:\/\/fusionweymax.com\/en\/wp-json\/wp\/v2\/product_cat?post=1975"},{"taxonomy":"product_tag","embeddable":true,"href":"http:\/\/fusionweymax.com\/en\/wp-json\/wp\/v2\/product_tag?post=1975"}],"curies":[{"name":"wp","href":"https:\/\/api.w.org\/{rel}","templated":true}]}}