{"id":1978,"date":"2017-01-27T13:03:04","date_gmt":"2017-09-20T08:02:09","guid":{"rendered":"http:\/\/fusionweymax.com\/?post_type=product&#038;p=1978\/"},"modified":"2017-11-29T13:44:56","modified_gmt":"2017-11-29T12:44:56","slug":"finca-la-plata-elite","status":"publish","type":"product","link":"http:\/\/fusionweymax.com\/en\/product\/finca-la-plata-elite\/","title":{"rendered":"Finca la Plata Elite"},"content":{"rendered":"<p><strong>Caracter\u00edsticas:<\/strong><br \/>\nCategor\u00eda: <strong>Tinto<\/strong><br \/>\nGrado alcoh\u00f3lico:<strong> 14%vol.<\/strong><br \/>\nVariedad de uva: <strong>100% tempranillo<\/strong><br \/>\n\u00c1rea de producci\u00f3n:<strong> VTC<\/strong><\/p>\n<p><strong>Vinificaci\u00f3n:<\/strong> Tras la selecci\u00f3n del fruto, la elaboraci\u00f3n se realiza mediante despalillado de los racimos y la molturaci\u00f3n de las bayas. Despu\u00e9s de la fermentaci\u00f3n alcoh\u00f3lica y la malol\u00e1ctica el vino pasa a la barrica. El vino permanece en barricas durante dieciocho meses y su crianza es interrumpida cada seis meses para efectuar el tradicional trasiego de barrica a barrica.<\/p>\n<p><strong>Nota de cata:<\/strong> Visualmente tiene un color vivo, preservando su naturaleza aun pasando los a\u00f1os.En nariz es fino, pero no muy intenso, madera perfectamente equilibrada, bals\u00e1mico y con toques especiados.<br \/>\nEl gusto en boca es potente, estructurado y sabroso, depaso carnoso y taninos redondos. Complejo y de paso largo.<\/p>\n<p><strong>Temperatura de servicio y maridaje:<\/strong> 17\u00baC &#8211; 18\u00baC. Recomendado para asados (lechazo, lech\u00f3n, ternera)<br \/>\narroces potentes.<\/p>\n<p><strong>Formato:<\/strong> Caja de 6 Botellas de 750 ml<\/p>\n","protected":false},"excerpt":{"rendered":"<p>Caracter\u00edsticas: Categor\u00eda: Tinto Grado alcoh\u00f3lico: 14%vol. Variedad de uva: 100% tempranillo \u00c1rea de producci\u00f3n: VTC Vinificaci\u00f3n: Tras la selecci\u00f3n del fruto, la elaboraci\u00f3n se realiza mediante despalillado de los racimos y la molturaci\u00f3n de las bayas. Despu\u00e9s de la fermentaci\u00f3n alcoh\u00f3lica y la malol\u00e1ctica el vino pasa a la barrica. El vino permanece en barricas [&hellip;]<\/p>\n","protected":false},"featured_media":2197,"comment_status":"closed","ping_status":"closed","template":"","meta":[],"product_cat":[155,98],"product_tag":[],"yoast_head":"<!-- This site is optimized with the Yoast SEO plugin v20.8 - https:\/\/yoast.com\/wordpress\/plugins\/seo\/ -->\n<title>Finca la Plata Elite - Fusi\u00f3n Weymax<\/title>\n<meta name=\"robots\" content=\"index, follow, max-snippet:-1, max-image-preview:large, max-video-preview:-1\" \/>\n<link rel=\"canonical\" href=\"http:\/\/fusionweymax.com\/en\/product\/finca-la-plata-elite\/\" \/>\n<meta property=\"og:locale\" content=\"en_US\" \/>\n<meta property=\"og:type\" content=\"article\" \/>\n<meta property=\"og:title\" content=\"Finca la Plata Elite - Fusi\u00f3n Weymax\" \/>\n<meta property=\"og:description\" content=\"Caracter\u00edsticas: Categor\u00eda: Tinto Grado alcoh\u00f3lico: 14%vol. Variedad de uva: 100% tempranillo \u00c1rea de producci\u00f3n: VTC Vinificaci\u00f3n: Tras la selecci\u00f3n del fruto, la elaboraci\u00f3n se realiza mediante despalillado de los racimos y la molturaci\u00f3n de las bayas. Despu\u00e9s de la fermentaci\u00f3n alcoh\u00f3lica y la malol\u00e1ctica el vino pasa a la barrica. El vino permanece en barricas [&hellip;]\" \/>\n<meta property=\"og:url\" content=\"http:\/\/fusionweymax.com\/en\/product\/finca-la-plata-elite\/\" \/>\n<meta property=\"og:site_name\" content=\"Fusi\u00f3n Weymax\" \/>\n<meta property=\"article:modified_time\" content=\"2017-11-29T12:44:56+00:00\" \/>\n<meta property=\"og:image\" content=\"http:\/\/fusionweymax.com\/wp-content\/uploads\/2017\/01\/finca-elite-1.jpg\" \/>\n\t<meta property=\"og:image:width\" content=\"793\" \/>\n\t<meta property=\"og:image:height\" content=\"2217\" \/>\n\t<meta property=\"og:image:type\" content=\"image\/jpeg\" \/>\n<meta name=\"twitter:card\" content=\"summary_large_image\" \/>\n<meta name=\"twitter:label1\" content=\"Est. reading time\" \/>\n\t<meta name=\"twitter:data1\" content=\"1 minute\" \/>\n<script type=\"application\/ld+json\" class=\"yoast-schema-graph\">{\"@context\":\"https:\/\/schema.org\",\"@graph\":[{\"@type\":\"WebPage\",\"@id\":\"http:\/\/fusionweymax.com\/en\/product\/finca-la-plata-elite\/\",\"url\":\"http:\/\/fusionweymax.com\/en\/product\/finca-la-plata-elite\/\",\"name\":\"Finca la Plata Elite - Fusi\u00f3n Weymax\",\"isPartOf\":{\"@id\":\"http:\/\/fusionweymax.com\/#website\"},\"datePublished\":\"2017-09-20T08:02:09+00:00\",\"dateModified\":\"2017-11-29T12:44:56+00:00\",\"breadcrumb\":{\"@id\":\"http:\/\/fusionweymax.com\/en\/product\/finca-la-plata-elite\/#breadcrumb\"},\"inLanguage\":\"en-US\",\"potentialAction\":[{\"@type\":\"ReadAction\",\"target\":[\"http:\/\/fusionweymax.com\/en\/product\/finca-la-plata-elite\/\"]}]},{\"@type\":\"BreadcrumbList\",\"@id\":\"http:\/\/fusionweymax.com\/en\/product\/finca-la-plata-elite\/#breadcrumb\",\"itemListElement\":[{\"@type\":\"ListItem\",\"position\":1,\"name\":\"Portada\",\"item\":\"https:\/\/fusionweymax.com\/en\/\"},{\"@type\":\"ListItem\",\"position\":2,\"name\":\"Products\",\"item\":\"http:\/\/fusionweymax.com\/en\/productos\/\"},{\"@type\":\"ListItem\",\"position\":3,\"name\":\"Finca la Plata Elite\"}]},{\"@type\":\"WebSite\",\"@id\":\"http:\/\/fusionweymax.com\/#website\",\"url\":\"http:\/\/fusionweymax.com\/\",\"name\":\"Fusi\u00f3n Weymax\",\"description\":\"\",\"publisher\":{\"@id\":\"http:\/\/fusionweymax.com\/#organization\"},\"potentialAction\":[{\"@type\":\"SearchAction\",\"target\":{\"@type\":\"EntryPoint\",\"urlTemplate\":\"http:\/\/fusionweymax.com\/?s={search_term_string}\"},\"query-input\":\"required name=search_term_string\"}],\"inLanguage\":\"en-US\"},{\"@type\":\"Organization\",\"@id\":\"http:\/\/fusionweymax.com\/#organization\",\"name\":\"Fusion Weymax\",\"url\":\"http:\/\/fusionweymax.com\/\",\"logo\":{\"@type\":\"ImageObject\",\"inLanguage\":\"en-US\",\"@id\":\"http:\/\/fusionweymax.com\/#\/schema\/logo\/image\/\",\"url\":\"http:\/\/fusionweymax.com\/wp-content\/uploads\/2017\/03\/fusion-weymax-logo-red@2x.png\",\"contentUrl\":\"http:\/\/fusionweymax.com\/wp-content\/uploads\/2017\/03\/fusion-weymax-logo-red@2x.png\",\"width\":450,\"height\":120,\"caption\":\"Fusion Weymax\"},\"image\":{\"@id\":\"http:\/\/fusionweymax.com\/#\/schema\/logo\/image\/\"}}]}<\/script>\n<!-- \/ Yoast SEO plugin. -->","yoast_head_json":{"title":"Finca la Plata Elite - Fusi\u00f3n Weymax","robots":{"index":"index","follow":"follow","max-snippet":"max-snippet:-1","max-image-preview":"max-image-preview:large","max-video-preview":"max-video-preview:-1"},"canonical":"http:\/\/fusionweymax.com\/en\/product\/finca-la-plata-elite\/","og_locale":"en_US","og_type":"article","og_title":"Finca la Plata Elite - Fusi\u00f3n Weymax","og_description":"Caracter\u00edsticas: Categor\u00eda: Tinto Grado alcoh\u00f3lico: 14%vol. Variedad de uva: 100% tempranillo \u00c1rea de producci\u00f3n: VTC Vinificaci\u00f3n: Tras la selecci\u00f3n del fruto, la elaboraci\u00f3n se realiza mediante despalillado de los racimos y la molturaci\u00f3n de las bayas. Despu\u00e9s de la fermentaci\u00f3n alcoh\u00f3lica y la malol\u00e1ctica el vino pasa a la barrica. El vino permanece en barricas [&hellip;]","og_url":"http:\/\/fusionweymax.com\/en\/product\/finca-la-plata-elite\/","og_site_name":"Fusi\u00f3n Weymax","article_modified_time":"2017-11-29T12:44:56+00:00","og_image":[{"width":793,"height":2217,"url":"http:\/\/fusionweymax.com\/wp-content\/uploads\/2017\/01\/finca-elite-1.jpg","type":"image\/jpeg"}],"twitter_card":"summary_large_image","twitter_misc":{"Est. reading time":"1 minute"},"schema":{"@context":"https:\/\/schema.org","@graph":[{"@type":"WebPage","@id":"http:\/\/fusionweymax.com\/en\/product\/finca-la-plata-elite\/","url":"http:\/\/fusionweymax.com\/en\/product\/finca-la-plata-elite\/","name":"Finca la Plata Elite - Fusi\u00f3n Weymax","isPartOf":{"@id":"http:\/\/fusionweymax.com\/#website"},"datePublished":"2017-09-20T08:02:09+00:00","dateModified":"2017-11-29T12:44:56+00:00","breadcrumb":{"@id":"http:\/\/fusionweymax.com\/en\/product\/finca-la-plata-elite\/#breadcrumb"},"inLanguage":"en-US","potentialAction":[{"@type":"ReadAction","target":["http:\/\/fusionweymax.com\/en\/product\/finca-la-plata-elite\/"]}]},{"@type":"BreadcrumbList","@id":"http:\/\/fusionweymax.com\/en\/product\/finca-la-plata-elite\/#breadcrumb","itemListElement":[{"@type":"ListItem","position":1,"name":"Portada","item":"https:\/\/fusionweymax.com\/en\/"},{"@type":"ListItem","position":2,"name":"Products","item":"http:\/\/fusionweymax.com\/en\/productos\/"},{"@type":"ListItem","position":3,"name":"Finca la Plata Elite"}]},{"@type":"WebSite","@id":"http:\/\/fusionweymax.com\/#website","url":"http:\/\/fusionweymax.com\/","name":"Fusi\u00f3n Weymax","description":"","publisher":{"@id":"http:\/\/fusionweymax.com\/#organization"},"potentialAction":[{"@type":"SearchAction","target":{"@type":"EntryPoint","urlTemplate":"http:\/\/fusionweymax.com\/?s={search_term_string}"},"query-input":"required name=search_term_string"}],"inLanguage":"en-US"},{"@type":"Organization","@id":"http:\/\/fusionweymax.com\/#organization","name":"Fusion Weymax","url":"http:\/\/fusionweymax.com\/","logo":{"@type":"ImageObject","inLanguage":"en-US","@id":"http:\/\/fusionweymax.com\/#\/schema\/logo\/image\/","url":"http:\/\/fusionweymax.com\/wp-content\/uploads\/2017\/03\/fusion-weymax-logo-red@2x.png","contentUrl":"http:\/\/fusionweymax.com\/wp-content\/uploads\/2017\/03\/fusion-weymax-logo-red@2x.png","width":450,"height":120,"caption":"Fusion Weymax"},"image":{"@id":"http:\/\/fusionweymax.com\/#\/schema\/logo\/image\/"}}]}},"_links":{"self":[{"href":"http:\/\/fusionweymax.com\/en\/wp-json\/wp\/v2\/product\/1978"}],"collection":[{"href":"http:\/\/fusionweymax.com\/en\/wp-json\/wp\/v2\/product"}],"about":[{"href":"http:\/\/fusionweymax.com\/en\/wp-json\/wp\/v2\/types\/product"}],"replies":[{"embeddable":true,"href":"http:\/\/fusionweymax.com\/en\/wp-json\/wp\/v2\/comments?post=1978"}],"wp:featuredmedia":[{"embeddable":true,"href":"http:\/\/fusionweymax.com\/en\/wp-json\/wp\/v2\/media\/2197"}],"wp:attachment":[{"href":"http:\/\/fusionweymax.com\/en\/wp-json\/wp\/v2\/media?parent=1978"}],"wp:term":[{"taxonomy":"product_cat","embeddable":true,"href":"http:\/\/fusionweymax.com\/en\/wp-json\/wp\/v2\/product_cat?post=1978"},{"taxonomy":"product_tag","embeddable":true,"href":"http:\/\/fusionweymax.com\/en\/wp-json\/wp\/v2\/product_tag?post=1978"}],"curies":[{"name":"wp","href":"https:\/\/api.w.org\/{rel}","templated":true}]}}