{"id":1979,"date":"2017-01-27T13:02:22","date_gmt":"2017-09-20T08:02:15","guid":{"rendered":"http:\/\/fusionweymax.com\/?post_type=product&#038;p=1979\/"},"modified":"2017-11-29T13:35:05","modified_gmt":"2017-11-29T12:35:05","slug":"finca-la-plata-seleccion","status":"publish","type":"product","link":"http:\/\/fusionweymax.com\/en\/product\/finca-la-plata-seleccion\/","title":{"rendered":"Finca la Plata Selecci\u00f3n"},"content":{"rendered":"<p><strong>Caracter\u00edsticas:<\/strong><br \/>\nCategor\u00eda: <strong>Tinto<\/strong><br \/>\nGrado alcoh\u00f3lico: <strong>13.5%vol.<\/strong><br \/>\nVariedad de uva: <strong>100% tempranillo<\/strong><br \/>\n\u00c1rea de producci\u00f3n: <strong>VTC<\/strong><\/p>\n<p><strong>Vinificaci\u00f3n:<\/strong> Tras la selecci\u00f3n del fruto, la elaboraci\u00f3n se La elaboraci\u00f3n se realiza a partir de uvas enteras maceradas en fr\u00edo durante 4 d\u00edas. Despu\u00e9s durante un total de 18 d\u00edas, a temperatura no superior a 24\u00b0C. El vino permanece en barricas durante doce meses y su crianza es interrumpida cada seis meses para efectuar el tradicional trasiego de barrica abarrica.<\/p>\n<p><strong>Nota de cata:<\/strong> Visualmente es de color cereza intenso con ribetes brillantes. En nariz se perciben aromas frutales de la gama de frutos silvestres y marcados minerales ensamblados con una madera fina y exclusiva. El gusto en boca es suave con cuerpo medio fresco y con relieve, taninos de calidad, sabroso y vivo.<\/p>\n<p><strong>Temperatura de servicio y maridaje:<\/strong> 15\u00baC &#8211; 16\u00baC. Recomendado para arroces, guisos de carne y parrillada<br \/>\nde carne.<\/p>\n<p><strong>Formato:<\/strong> Caja de 6 Botellas de 750 ml<\/p>\n","protected":false},"excerpt":{"rendered":"<p>Caracter\u00edsticas: Categor\u00eda: Tinto Grado alcoh\u00f3lico: 13.5%vol. Variedad de uva: 100% tempranillo \u00c1rea de producci\u00f3n: VTC Vinificaci\u00f3n: Tras la selecci\u00f3n del fruto, la elaboraci\u00f3n se La elaboraci\u00f3n se realiza a partir de uvas enteras maceradas en fr\u00edo durante 4 d\u00edas. Despu\u00e9s durante un total de 18 d\u00edas, a temperatura no superior a 24\u00b0C. El vino permanece [&hellip;]<\/p>\n","protected":false},"featured_media":2167,"comment_status":"closed","ping_status":"closed","template":"","meta":[],"product_cat":[155,98],"product_tag":[],"yoast_head":"<!-- This site is optimized with the Yoast SEO plugin v20.8 - https:\/\/yoast.com\/wordpress\/plugins\/seo\/ -->\n<title>Finca la Plata Selecci\u00f3n - Fusi\u00f3n Weymax<\/title>\n<meta name=\"robots\" content=\"index, follow, max-snippet:-1, max-image-preview:large, max-video-preview:-1\" \/>\n<link rel=\"canonical\" href=\"https:\/\/fusionweymax.com\/en\/product\/finca-la-plata-seleccion\/\" \/>\n<meta property=\"og:locale\" content=\"en_US\" \/>\n<meta property=\"og:type\" content=\"article\" \/>\n<meta property=\"og:title\" content=\"Finca la Plata Selecci\u00f3n - Fusi\u00f3n Weymax\" \/>\n<meta property=\"og:description\" content=\"Caracter\u00edsticas: Categor\u00eda: Tinto Grado alcoh\u00f3lico: 13.5%vol. Variedad de uva: 100% tempranillo \u00c1rea de producci\u00f3n: VTC Vinificaci\u00f3n: Tras la selecci\u00f3n del fruto, la elaboraci\u00f3n se La elaboraci\u00f3n se realiza a partir de uvas enteras maceradas en fr\u00edo durante 4 d\u00edas. Despu\u00e9s durante un total de 18 d\u00edas, a temperatura no superior a 24\u00b0C. El vino permanece [&hellip;]\" \/>\n<meta property=\"og:url\" content=\"https:\/\/fusionweymax.com\/en\/product\/finca-la-plata-seleccion\/\" \/>\n<meta property=\"og:site_name\" content=\"Fusi\u00f3n Weymax\" \/>\n<meta property=\"article:modified_time\" content=\"2017-11-29T12:35:05+00:00\" \/>\n<meta property=\"og:image\" content=\"https:\/\/fusionweymax.com\/wp-content\/uploads\/2017\/01\/finca-selecion-1.jpg\" \/>\n\t<meta property=\"og:image:width\" content=\"917\" \/>\n\t<meta property=\"og:image:height\" content=\"2221\" \/>\n\t<meta property=\"og:image:type\" content=\"image\/jpeg\" \/>\n<meta name=\"twitter:card\" content=\"summary_large_image\" \/>\n<meta name=\"twitter:label1\" content=\"Est. reading time\" \/>\n\t<meta name=\"twitter:data1\" content=\"1 minute\" \/>\n<script type=\"application\/ld+json\" class=\"yoast-schema-graph\">{\"@context\":\"https:\/\/schema.org\",\"@graph\":[{\"@type\":\"WebPage\",\"@id\":\"https:\/\/fusionweymax.com\/en\/product\/finca-la-plata-seleccion\/\",\"url\":\"https:\/\/fusionweymax.com\/en\/product\/finca-la-plata-seleccion\/\",\"name\":\"Finca la Plata Selecci\u00f3n - Fusi\u00f3n Weymax\",\"isPartOf\":{\"@id\":\"https:\/\/fusionweymax.com\/zh-hans\/#website\"},\"datePublished\":\"2017-09-20T08:02:15+00:00\",\"dateModified\":\"2017-11-29T12:35:05+00:00\",\"breadcrumb\":{\"@id\":\"https:\/\/fusionweymax.com\/en\/product\/finca-la-plata-seleccion\/#breadcrumb\"},\"inLanguage\":\"en-US\",\"potentialAction\":[{\"@type\":\"ReadAction\",\"target\":[\"https:\/\/fusionweymax.com\/en\/product\/finca-la-plata-seleccion\/\"]}]},{\"@type\":\"BreadcrumbList\",\"@id\":\"https:\/\/fusionweymax.com\/en\/product\/finca-la-plata-seleccion\/#breadcrumb\",\"itemListElement\":[{\"@type\":\"ListItem\",\"position\":1,\"name\":\"Portada\",\"item\":\"https:\/\/fusionweymax.com\/en\/\"},{\"@type\":\"ListItem\",\"position\":2,\"name\":\"Products\",\"item\":\"https:\/\/fusionweymax.com\/en\/productos\/\"},{\"@type\":\"ListItem\",\"position\":3,\"name\":\"Finca la Plata Selecci\u00f3n\"}]},{\"@type\":\"WebSite\",\"@id\":\"https:\/\/fusionweymax.com\/zh-hans\/#website\",\"url\":\"https:\/\/fusionweymax.com\/zh-hans\/\",\"name\":\"Fusi\u00f3n Weymax\",\"description\":\"\",\"publisher\":{\"@id\":\"https:\/\/fusionweymax.com\/zh-hans\/#organization\"},\"potentialAction\":[{\"@type\":\"SearchAction\",\"target\":{\"@type\":\"EntryPoint\",\"urlTemplate\":\"https:\/\/fusionweymax.com\/zh-hans\/?s={search_term_string}\"},\"query-input\":\"required name=search_term_string\"}],\"inLanguage\":\"en-US\"},{\"@type\":\"Organization\",\"@id\":\"https:\/\/fusionweymax.com\/zh-hans\/#organization\",\"name\":\"Fusion Weymax\",\"url\":\"https:\/\/fusionweymax.com\/zh-hans\/\",\"logo\":{\"@type\":\"ImageObject\",\"inLanguage\":\"en-US\",\"@id\":\"https:\/\/fusionweymax.com\/zh-hans\/#\/schema\/logo\/image\/\",\"url\":\"http:\/\/fusionweymax.com\/wp-content\/uploads\/2017\/03\/fusion-weymax-logo-red@2x.png\",\"contentUrl\":\"http:\/\/fusionweymax.com\/wp-content\/uploads\/2017\/03\/fusion-weymax-logo-red@2x.png\",\"width\":450,\"height\":120,\"caption\":\"Fusion Weymax\"},\"image\":{\"@id\":\"https:\/\/fusionweymax.com\/zh-hans\/#\/schema\/logo\/image\/\"}}]}<\/script>\n<!-- \/ Yoast SEO plugin. -->","yoast_head_json":{"title":"Finca la Plata Selecci\u00f3n - Fusi\u00f3n Weymax","robots":{"index":"index","follow":"follow","max-snippet":"max-snippet:-1","max-image-preview":"max-image-preview:large","max-video-preview":"max-video-preview:-1"},"canonical":"https:\/\/fusionweymax.com\/en\/product\/finca-la-plata-seleccion\/","og_locale":"en_US","og_type":"article","og_title":"Finca la Plata Selecci\u00f3n - Fusi\u00f3n Weymax","og_description":"Caracter\u00edsticas: Categor\u00eda: Tinto Grado alcoh\u00f3lico: 13.5%vol. Variedad de uva: 100% tempranillo \u00c1rea de producci\u00f3n: VTC Vinificaci\u00f3n: Tras la selecci\u00f3n del fruto, la elaboraci\u00f3n se La elaboraci\u00f3n se realiza a partir de uvas enteras maceradas en fr\u00edo durante 4 d\u00edas. Despu\u00e9s durante un total de 18 d\u00edas, a temperatura no superior a 24\u00b0C. El vino permanece [&hellip;]","og_url":"https:\/\/fusionweymax.com\/en\/product\/finca-la-plata-seleccion\/","og_site_name":"Fusi\u00f3n Weymax","article_modified_time":"2017-11-29T12:35:05+00:00","og_image":[{"width":917,"height":2221,"url":"https:\/\/fusionweymax.com\/wp-content\/uploads\/2017\/01\/finca-selecion-1.jpg","type":"image\/jpeg"}],"twitter_card":"summary_large_image","twitter_misc":{"Est. reading time":"1 minute"},"schema":{"@context":"https:\/\/schema.org","@graph":[{"@type":"WebPage","@id":"https:\/\/fusionweymax.com\/en\/product\/finca-la-plata-seleccion\/","url":"https:\/\/fusionweymax.com\/en\/product\/finca-la-plata-seleccion\/","name":"Finca la Plata Selecci\u00f3n - Fusi\u00f3n Weymax","isPartOf":{"@id":"https:\/\/fusionweymax.com\/zh-hans\/#website"},"datePublished":"2017-09-20T08:02:15+00:00","dateModified":"2017-11-29T12:35:05+00:00","breadcrumb":{"@id":"https:\/\/fusionweymax.com\/en\/product\/finca-la-plata-seleccion\/#breadcrumb"},"inLanguage":"en-US","potentialAction":[{"@type":"ReadAction","target":["https:\/\/fusionweymax.com\/en\/product\/finca-la-plata-seleccion\/"]}]},{"@type":"BreadcrumbList","@id":"https:\/\/fusionweymax.com\/en\/product\/finca-la-plata-seleccion\/#breadcrumb","itemListElement":[{"@type":"ListItem","position":1,"name":"Portada","item":"https:\/\/fusionweymax.com\/en\/"},{"@type":"ListItem","position":2,"name":"Products","item":"https:\/\/fusionweymax.com\/en\/productos\/"},{"@type":"ListItem","position":3,"name":"Finca la Plata Selecci\u00f3n"}]},{"@type":"WebSite","@id":"https:\/\/fusionweymax.com\/zh-hans\/#website","url":"https:\/\/fusionweymax.com\/zh-hans\/","name":"Fusi\u00f3n Weymax","description":"","publisher":{"@id":"https:\/\/fusionweymax.com\/zh-hans\/#organization"},"potentialAction":[{"@type":"SearchAction","target":{"@type":"EntryPoint","urlTemplate":"https:\/\/fusionweymax.com\/zh-hans\/?s={search_term_string}"},"query-input":"required name=search_term_string"}],"inLanguage":"en-US"},{"@type":"Organization","@id":"https:\/\/fusionweymax.com\/zh-hans\/#organization","name":"Fusion Weymax","url":"https:\/\/fusionweymax.com\/zh-hans\/","logo":{"@type":"ImageObject","inLanguage":"en-US","@id":"https:\/\/fusionweymax.com\/zh-hans\/#\/schema\/logo\/image\/","url":"http:\/\/fusionweymax.com\/wp-content\/uploads\/2017\/03\/fusion-weymax-logo-red@2x.png","contentUrl":"http:\/\/fusionweymax.com\/wp-content\/uploads\/2017\/03\/fusion-weymax-logo-red@2x.png","width":450,"height":120,"caption":"Fusion Weymax"},"image":{"@id":"https:\/\/fusionweymax.com\/zh-hans\/#\/schema\/logo\/image\/"}}]}},"_links":{"self":[{"href":"http:\/\/fusionweymax.com\/en\/wp-json\/wp\/v2\/product\/1979"}],"collection":[{"href":"http:\/\/fusionweymax.com\/en\/wp-json\/wp\/v2\/product"}],"about":[{"href":"http:\/\/fusionweymax.com\/en\/wp-json\/wp\/v2\/types\/product"}],"replies":[{"embeddable":true,"href":"http:\/\/fusionweymax.com\/en\/wp-json\/wp\/v2\/comments?post=1979"}],"wp:featuredmedia":[{"embeddable":true,"href":"http:\/\/fusionweymax.com\/en\/wp-json\/wp\/v2\/media\/2167"}],"wp:attachment":[{"href":"http:\/\/fusionweymax.com\/en\/wp-json\/wp\/v2\/media?parent=1979"}],"wp:term":[{"taxonomy":"product_cat","embeddable":true,"href":"http:\/\/fusionweymax.com\/en\/wp-json\/wp\/v2\/product_cat?post=1979"},{"taxonomy":"product_tag","embeddable":true,"href":"http:\/\/fusionweymax.com\/en\/wp-json\/wp\/v2\/product_tag?post=1979"}],"curies":[{"name":"wp","href":"https:\/\/api.w.org\/{rel}","templated":true}]}}