{"id":1984,"date":"2017-01-27T13:04:57","date_gmt":"2017-09-20T08:03:51","guid":{"rendered":"http:\/\/fusionweymax.com\/?post_type=product&#038;p=1984\/"},"modified":"2017-11-29T13:47:54","modified_gmt":"2017-11-29T12:47:54","slug":"pasion-elite","status":"publish","type":"product","link":"http:\/\/fusionweymax.com\/en\/product\/pasion-elite\/","title":{"rendered":"Pasi\u00f3n \u00c9lite"},"content":{"rendered":"<p><strong>Caracter\u00edsticas:<\/strong><br \/>\nCategor\u00eda:<strong> Tinto<\/strong><br \/>\nGrado alcoh\u00f3lico: <strong>13.5%vol.<\/strong><br \/>\nVariedad de uva: <strong>100% tempranillo<\/strong><br \/>\n\u00c1rea de producci\u00f3n:<strong> VTC<\/strong><\/p>\n<p><strong>Vinificaci\u00f3n:<\/strong> Tras la selecci\u00f3n del fruto, la elaboraci\u00f3n se La elaboraci\u00f3n se realiza a partir de uvas enteras maceradas en fr\u00edo durante 4 d\u00edas. Despu\u00e9s durante un total de 18 d\u00edas, a temperatura no superior a 24\u00b0C. El vino permanece en barricas durante doce meses y su crianza es interrumpida cada seis meses para efectuar el tradicional trasiego de barrica a\u00a0 barrica.<\/p>\n<p><strong>Nota de cata:<\/strong> Visualmente es de color cereza intenso con ribetes brillantes. En nariz se perciben aromas frutales de la gama de frutos silvestres y marcados minerales ensamblados con una madera fina y exclusiva. El gusto en boca es suave con cuerpo medio fresco y con relieve, taninos de calidad, sabroso y vivo.<\/p>\n<p><strong>Temperatura de servicio y maridaje:<\/strong> 15\u00baC &#8211; 16\u00baC. Recomendado para arroces, guisos de carne y parrillada<br \/>\nde carne.<\/p>\n<p><strong>Formato:<\/strong> Caja de 6 Botellas de 750 ml<\/p>\n","protected":false},"excerpt":{"rendered":"<p>Caracter\u00edsticas: Categor\u00eda: Tinto Grado alcoh\u00f3lico: 13.5%vol. Variedad de uva: 100% tempranillo \u00c1rea de producci\u00f3n: VTC Vinificaci\u00f3n: Tras la selecci\u00f3n del fruto, la elaboraci\u00f3n se La elaboraci\u00f3n se realiza a partir de uvas enteras maceradas en fr\u00edo durante 4 d\u00edas. Despu\u00e9s durante un total de 18 d\u00edas, a temperatura no superior a 24\u00b0C. El vino permanece [&hellip;]<\/p>\n","protected":false},"featured_media":1985,"comment_status":"closed","ping_status":"closed","template":"","meta":[],"product_cat":[155,98],"product_tag":[],"yoast_head":"<!-- This site is optimized with the Yoast SEO plugin v20.8 - https:\/\/yoast.com\/wordpress\/plugins\/seo\/ -->\n<title>Pasi\u00f3n \u00c9lite - Fusi\u00f3n Weymax<\/title>\n<meta name=\"robots\" content=\"index, follow, max-snippet:-1, max-image-preview:large, max-video-preview:-1\" \/>\n<link rel=\"canonical\" href=\"http:\/\/fusionweymax.com\/en\/product\/pasion-elite\/\" \/>\n<meta property=\"og:locale\" content=\"en_US\" \/>\n<meta property=\"og:type\" content=\"article\" \/>\n<meta property=\"og:title\" content=\"Pasi\u00f3n \u00c9lite - Fusi\u00f3n Weymax\" \/>\n<meta property=\"og:description\" content=\"Caracter\u00edsticas: Categor\u00eda: Tinto Grado alcoh\u00f3lico: 13.5%vol. Variedad de uva: 100% tempranillo \u00c1rea de producci\u00f3n: VTC Vinificaci\u00f3n: Tras la selecci\u00f3n del fruto, la elaboraci\u00f3n se La elaboraci\u00f3n se realiza a partir de uvas enteras maceradas en fr\u00edo durante 4 d\u00edas. Despu\u00e9s durante un total de 18 d\u00edas, a temperatura no superior a 24\u00b0C. El vino permanece [&hellip;]\" \/>\n<meta property=\"og:url\" content=\"http:\/\/fusionweymax.com\/en\/product\/pasion-elite\/\" \/>\n<meta property=\"og:site_name\" content=\"Fusi\u00f3n Weymax\" \/>\n<meta property=\"article:modified_time\" content=\"2017-11-29T12:47:54+00:00\" \/>\n<meta property=\"og:image\" content=\"http:\/\/fusionweymax.com\/wp-content\/uploads\/2017\/01\/pasion-elite.jpg\" \/>\n\t<meta property=\"og:image:width\" content=\"861\" \/>\n\t<meta property=\"og:image:height\" content=\"2337\" \/>\n\t<meta property=\"og:image:type\" content=\"image\/jpeg\" \/>\n<meta name=\"twitter:card\" content=\"summary_large_image\" \/>\n<meta name=\"twitter:label1\" content=\"Est. reading time\" \/>\n\t<meta name=\"twitter:data1\" content=\"1 minute\" \/>\n<script type=\"application\/ld+json\" class=\"yoast-schema-graph\">{\"@context\":\"https:\/\/schema.org\",\"@graph\":[{\"@type\":\"WebPage\",\"@id\":\"http:\/\/fusionweymax.com\/en\/product\/pasion-elite\/\",\"url\":\"http:\/\/fusionweymax.com\/en\/product\/pasion-elite\/\",\"name\":\"Pasi\u00f3n \u00c9lite - Fusi\u00f3n Weymax\",\"isPartOf\":{\"@id\":\"http:\/\/fusionweymax.com\/#website\"},\"datePublished\":\"2017-09-20T08:03:51+00:00\",\"dateModified\":\"2017-11-29T12:47:54+00:00\",\"breadcrumb\":{\"@id\":\"http:\/\/fusionweymax.com\/en\/product\/pasion-elite\/#breadcrumb\"},\"inLanguage\":\"en-US\",\"potentialAction\":[{\"@type\":\"ReadAction\",\"target\":[\"http:\/\/fusionweymax.com\/en\/product\/pasion-elite\/\"]}]},{\"@type\":\"BreadcrumbList\",\"@id\":\"http:\/\/fusionweymax.com\/en\/product\/pasion-elite\/#breadcrumb\",\"itemListElement\":[{\"@type\":\"ListItem\",\"position\":1,\"name\":\"Portada\",\"item\":\"http:\/\/fusionweymax.com\/en\/\"},{\"@type\":\"ListItem\",\"position\":2,\"name\":\"Products\",\"item\":\"http:\/\/fusionweymax.com\/en\/productos\/\"},{\"@type\":\"ListItem\",\"position\":3,\"name\":\"Pasi\u00f3n \u00c9lite\"}]},{\"@type\":\"WebSite\",\"@id\":\"http:\/\/fusionweymax.com\/#website\",\"url\":\"http:\/\/fusionweymax.com\/\",\"name\":\"Fusi\u00f3n Weymax\",\"description\":\"\",\"publisher\":{\"@id\":\"http:\/\/fusionweymax.com\/#organization\"},\"potentialAction\":[{\"@type\":\"SearchAction\",\"target\":{\"@type\":\"EntryPoint\",\"urlTemplate\":\"http:\/\/fusionweymax.com\/?s={search_term_string}\"},\"query-input\":\"required name=search_term_string\"}],\"inLanguage\":\"en-US\"},{\"@type\":\"Organization\",\"@id\":\"http:\/\/fusionweymax.com\/#organization\",\"name\":\"Fusion Weymax\",\"url\":\"http:\/\/fusionweymax.com\/\",\"logo\":{\"@type\":\"ImageObject\",\"inLanguage\":\"en-US\",\"@id\":\"http:\/\/fusionweymax.com\/#\/schema\/logo\/image\/\",\"url\":\"http:\/\/fusionweymax.com\/wp-content\/uploads\/2017\/03\/fusion-weymax-logo-red@2x.png\",\"contentUrl\":\"http:\/\/fusionweymax.com\/wp-content\/uploads\/2017\/03\/fusion-weymax-logo-red@2x.png\",\"width\":450,\"height\":120,\"caption\":\"Fusion Weymax\"},\"image\":{\"@id\":\"http:\/\/fusionweymax.com\/#\/schema\/logo\/image\/\"}}]}<\/script>\n<!-- \/ Yoast SEO plugin. -->","yoast_head_json":{"title":"Pasi\u00f3n \u00c9lite - Fusi\u00f3n Weymax","robots":{"index":"index","follow":"follow","max-snippet":"max-snippet:-1","max-image-preview":"max-image-preview:large","max-video-preview":"max-video-preview:-1"},"canonical":"http:\/\/fusionweymax.com\/en\/product\/pasion-elite\/","og_locale":"en_US","og_type":"article","og_title":"Pasi\u00f3n \u00c9lite - Fusi\u00f3n Weymax","og_description":"Caracter\u00edsticas: Categor\u00eda: Tinto Grado alcoh\u00f3lico: 13.5%vol. Variedad de uva: 100% tempranillo \u00c1rea de producci\u00f3n: VTC Vinificaci\u00f3n: Tras la selecci\u00f3n del fruto, la elaboraci\u00f3n se La elaboraci\u00f3n se realiza a partir de uvas enteras maceradas en fr\u00edo durante 4 d\u00edas. Despu\u00e9s durante un total de 18 d\u00edas, a temperatura no superior a 24\u00b0C. El vino permanece [&hellip;]","og_url":"http:\/\/fusionweymax.com\/en\/product\/pasion-elite\/","og_site_name":"Fusi\u00f3n Weymax","article_modified_time":"2017-11-29T12:47:54+00:00","og_image":[{"width":861,"height":2337,"url":"http:\/\/fusionweymax.com\/wp-content\/uploads\/2017\/01\/pasion-elite.jpg","type":"image\/jpeg"}],"twitter_card":"summary_large_image","twitter_misc":{"Est. reading time":"1 minute"},"schema":{"@context":"https:\/\/schema.org","@graph":[{"@type":"WebPage","@id":"http:\/\/fusionweymax.com\/en\/product\/pasion-elite\/","url":"http:\/\/fusionweymax.com\/en\/product\/pasion-elite\/","name":"Pasi\u00f3n \u00c9lite - Fusi\u00f3n Weymax","isPartOf":{"@id":"http:\/\/fusionweymax.com\/#website"},"datePublished":"2017-09-20T08:03:51+00:00","dateModified":"2017-11-29T12:47:54+00:00","breadcrumb":{"@id":"http:\/\/fusionweymax.com\/en\/product\/pasion-elite\/#breadcrumb"},"inLanguage":"en-US","potentialAction":[{"@type":"ReadAction","target":["http:\/\/fusionweymax.com\/en\/product\/pasion-elite\/"]}]},{"@type":"BreadcrumbList","@id":"http:\/\/fusionweymax.com\/en\/product\/pasion-elite\/#breadcrumb","itemListElement":[{"@type":"ListItem","position":1,"name":"Portada","item":"http:\/\/fusionweymax.com\/en\/"},{"@type":"ListItem","position":2,"name":"Products","item":"http:\/\/fusionweymax.com\/en\/productos\/"},{"@type":"ListItem","position":3,"name":"Pasi\u00f3n \u00c9lite"}]},{"@type":"WebSite","@id":"http:\/\/fusionweymax.com\/#website","url":"http:\/\/fusionweymax.com\/","name":"Fusi\u00f3n Weymax","description":"","publisher":{"@id":"http:\/\/fusionweymax.com\/#organization"},"potentialAction":[{"@type":"SearchAction","target":{"@type":"EntryPoint","urlTemplate":"http:\/\/fusionweymax.com\/?s={search_term_string}"},"query-input":"required name=search_term_string"}],"inLanguage":"en-US"},{"@type":"Organization","@id":"http:\/\/fusionweymax.com\/#organization","name":"Fusion Weymax","url":"http:\/\/fusionweymax.com\/","logo":{"@type":"ImageObject","inLanguage":"en-US","@id":"http:\/\/fusionweymax.com\/#\/schema\/logo\/image\/","url":"http:\/\/fusionweymax.com\/wp-content\/uploads\/2017\/03\/fusion-weymax-logo-red@2x.png","contentUrl":"http:\/\/fusionweymax.com\/wp-content\/uploads\/2017\/03\/fusion-weymax-logo-red@2x.png","width":450,"height":120,"caption":"Fusion Weymax"},"image":{"@id":"http:\/\/fusionweymax.com\/#\/schema\/logo\/image\/"}}]}},"_links":{"self":[{"href":"http:\/\/fusionweymax.com\/en\/wp-json\/wp\/v2\/product\/1984"}],"collection":[{"href":"http:\/\/fusionweymax.com\/en\/wp-json\/wp\/v2\/product"}],"about":[{"href":"http:\/\/fusionweymax.com\/en\/wp-json\/wp\/v2\/types\/product"}],"replies":[{"embeddable":true,"href":"http:\/\/fusionweymax.com\/en\/wp-json\/wp\/v2\/comments?post=1984"}],"wp:featuredmedia":[{"embeddable":true,"href":"http:\/\/fusionweymax.com\/en\/wp-json\/wp\/v2\/media\/1985"}],"wp:attachment":[{"href":"http:\/\/fusionweymax.com\/en\/wp-json\/wp\/v2\/media?parent=1984"}],"wp:term":[{"taxonomy":"product_cat","embeddable":true,"href":"http:\/\/fusionweymax.com\/en\/wp-json\/wp\/v2\/product_cat?post=1984"},{"taxonomy":"product_tag","embeddable":true,"href":"http:\/\/fusionweymax.com\/en\/wp-json\/wp\/v2\/product_tag?post=1984"}],"curies":[{"name":"wp","href":"https:\/\/api.w.org\/{rel}","templated":true}]}}