{"id":1327,"date":"2017-07-20T18:20:51","date_gmt":"2017-07-20T16:20:51","guid":{"rendered":"http:\/\/fusionweymax.com\/?page_id=1327\/"},"modified":"2017-09-19T11:55:33","modified_gmt":"2017-09-19T09:55:33","slug":"valencia","status":"publish","type":"page","link":"http:\/\/fusionweymax.com\/zh-hans\/valencia\/","title":{"rendered":"\u74e6\u4f26\u897f\u4e9a"},"content":{"rendered":"[vc_row][vc_column width=&#8221;1\/2&#8243;][vc_gallery interval=&#8221;3&#8243; images=&#8221;1383&#8243; img_size=&#8221;full&#8221;][\/vc_column][vc_column width=&#8221;1\/2&#8243;][vc_column_text]\n<p class=\"p1\"><span style=\"color: #000000;\"><span class=\"s1\">\u5df4\u4f26\u897f\u4e9a\u6cd5\u5b9a\u4ea7\u533a\u4f4d\u4e8e\u74e6\u4f26\u897f\u4e9a\u7701\uff0c\u533a\u5206\u4e3a<\/span><span class=\"s2\">4<\/span><span class=\"s1\">\u4e2a\u533a\u57df\uff1a<\/span><span class=\"s2\">Valentino<\/span><span class=\"s1\">\u5730\u5e26\u4f4d\u4e8e\u74e6\u4f26\u897f\u4e9a\u4e2d\u90e8\u3002<\/span><span class=\"s2\">Moscatel<\/span><span class=\"s1\">\u5730\u5e26\uff0c\u8f83\u4e3a\u708e\u70ed\uff0c\u65e5\u7167\u957f\uff0c\u4ee5\u83b7\u5f97\u8461\u8404\u542b\u6709\u4e30\u5bcc\u7cd6\u5206\u7684\u8461\u8404\u6c41\u8457\u540d\u3002<\/span><span class=\"s2\">Clariano<\/span><span class=\"s1\">\u4f4d\u4e8e\u74e6\u4f26\u897f\u4e9a\u5357\u90e8\uff0c\u5177\u6709\u5730\u5f62\u7a81\u5140\u7684\u5c71\u533a\u3002\u4ee5\u53ca<\/span><span class=\"s2\">Turia<\/span><span class=\"s1\">\u6cb3\u5c71\u533a\uff0c\u8461\u8404\u679c\u5b9e\u5747\u5728<\/span><span class=\"s2\">700-1000m<\/span><span class=\"s1\">\u7684\u6d77\u62d4\u751f\u957f\u3002<\/span><\/span><\/p>\n<p class=\"p2\"><span class=\"s1\" style=\"color: #000000;\">\u7531\u4e8e\u8fd9\u56db\u4e2a\u6b21\u533a\u57df\u7684\u4e0d\u540c\uff0c\u8ba9\u74e6\u4f26\u897f\u4e9a\u4ea7\u533a\u7684\u8461\u8404\u9152\u591a\u5143\u5316\uff0c\u5982\u7ea2\u8461\u8404\u9152\uff0c\u6843\u7ea2\u8461\u8404\u9152\uff0c\u767d\u8461\u8404\u9152\uff0c\u751c\u8461\u8404\u9152\uff0c\u6c14\u6ce1\u9152\uff0c\u82b3\u9999\u9152\u548c\u8150\u9152\u3002<\/span><\/p>\n<p class=\"p3\"><span style=\"color: #000000;\"><span class=\"s3\">\u6cd5\u5b9a\u4ea7\u533a\u8ba4\u53ef\u7684\u7ea2\u8461\u8404\u54c1\u79cd\u6709\uff1a<\/span><span class=\"s1\">El tempranillo, Monastrell, Garnacha Tinta, Tintorera, Bobal, Cabernet Sauvignon, Forcayat, Bonicaire, Syrah, Merlot <\/span><span class=\"s3\">\u548c<\/span><span class=\"s1\">Pinot Noir<\/span><span class=\"s3\">\u3002<\/span><\/span><\/p>\n<p class=\"p3\"><span style=\"color: #000000;\"><span class=\"s3\">\u81f3\u4e8e\u767d\u8461\u8404\u54c1\u79cd\u8ba4\u53ef\uff1a<\/span><span class=\"s1\">Malvas\u00eda, Planta Nova, Tortos\u00ed, Pedro Xim\u00e9nez, Verdil, Chardonnay, Macabeo <\/span><span class=\"s3\">\u548c<\/span><span class=\"s1\"> Planta Fina.<\/span><\/span><\/p>\n<p class=\"p2\"><span style=\"color: #000000;\"><span class=\"s1\">\u4ea7\u533a\u4e3a\u5730\u4e2d\u6d77\u6c14\u5019\uff0c\u590f\u5b63\u548c\u79cb\u5b63\u5177\u6709\u5f3a\u70c8\u7684\u66b4\u98ce\u96e8\uff0c\u6e29\u5ea6\u6ce2\u52a8\u8f83\u5927\uff0c\u590f\u5929\u53ef\u8fbe\u5230<\/span><span class=\"s2\">38<\/span><span class=\"s1\">\u6444\u6c0f\u5ea6\u800c\u51ac\u5b63\u53ef\u5230\u8fbe\u96f6\u4e0b<\/span><span class=\"s2\">4<\/span><span class=\"s1\">\u6444\u6c0f\u5ea6\u3002<\/span><\/span><\/p>\n[\/vc_column_text][\/vc_column][\/vc_row]\n","protected":false},"excerpt":{"rendered":"<p>[vc_row][vc_column width=&#8221;1\/2&#8243;][vc_gallery  [&hellip;]<\/p>\n","protected":false},"author":5,"featured_media":0,"parent":0,"menu_order":0,"comment_status":"closed","ping_status":"closed","template":"","meta":[],"yoast_head":"<!-- This site is optimized with the Yoast SEO plugin v20.8 - https:\/\/yoast.com\/wordpress\/plugins\/seo\/ -->\n<title>\u74e6\u4f26\u897f\u4e9a - Fusi\u00f3n Weymax<\/title>\n<meta name=\"robots\" content=\"index, follow, max-snippet:-1, max-image-preview:large, max-video-preview:-1\" \/>\n<link rel=\"canonical\" href=\"http:\/\/fusionweymax.com\/zh-hans\/valencia\/\" \/>\n<meta property=\"og:locale\" content=\"zh_CN\" \/>\n<meta property=\"og:type\" content=\"article\" \/>\n<meta property=\"og:title\" content=\"\u74e6\u4f26\u897f\u4e9a - Fusi\u00f3n Weymax\" \/>\n<meta property=\"og:description\" content=\"[vc_row][vc_column width=&#8221;1\/2&#8243;][vc_gallery [&hellip;]\" \/>\n<meta property=\"og:url\" content=\"http:\/\/fusionweymax.com\/zh-hans\/valencia\/\" \/>\n<meta property=\"og:site_name\" content=\"Fusi\u00f3n Weymax\" \/>\n<meta property=\"article:modified_time\" content=\"2017-09-19T09:55:33+00:00\" \/>\n<meta name=\"twitter:card\" content=\"summary_large_image\" \/>\n<script type=\"application\/ld+json\" class=\"yoast-schema-graph\">{\"@context\":\"https:\/\/schema.org\",\"@graph\":[{\"@type\":\"WebPage\",\"@id\":\"http:\/\/fusionweymax.com\/zh-hans\/valencia\/\",\"url\":\"http:\/\/fusionweymax.com\/zh-hans\/valencia\/\",\"name\":\"\u74e6\u4f26\u897f\u4e9a - Fusi\u00f3n Weymax\",\"isPartOf\":{\"@id\":\"https:\/\/fusionweymax.com\/zh-hans\/#website\"},\"datePublished\":\"2017-07-20T16:20:51+00:00\",\"dateModified\":\"2017-09-19T09:55:33+00:00\",\"breadcrumb\":{\"@id\":\"http:\/\/fusionweymax.com\/zh-hans\/valencia\/#breadcrumb\"},\"inLanguage\":\"zh-CN\",\"potentialAction\":[{\"@type\":\"ReadAction\",\"target\":[\"http:\/\/fusionweymax.com\/zh-hans\/valencia\/\"]}]},{\"@type\":\"BreadcrumbList\",\"@id\":\"http:\/\/fusionweymax.com\/zh-hans\/valencia\/#breadcrumb\",\"itemListElement\":[{\"@type\":\"ListItem\",\"position\":1,\"name\":\"Portada\",\"item\":\"https:\/\/fusionweymax.com\/zh-hans\/\"},{\"@type\":\"ListItem\",\"position\":2,\"name\":\"\u74e6\u4f26\u897f\u4e9a\"}]},{\"@type\":\"WebSite\",\"@id\":\"https:\/\/fusionweymax.com\/zh-hans\/#website\",\"url\":\"https:\/\/fusionweymax.com\/zh-hans\/\",\"name\":\"Fusi\u00f3n Weymax\",\"description\":\"\",\"publisher\":{\"@id\":\"https:\/\/fusionweymax.com\/zh-hans\/#organization\"},\"potentialAction\":[{\"@type\":\"SearchAction\",\"target\":{\"@type\":\"EntryPoint\",\"urlTemplate\":\"https:\/\/fusionweymax.com\/zh-hans\/?s={search_term_string}\"},\"query-input\":\"required name=search_term_string\"}],\"inLanguage\":\"zh-CN\"},{\"@type\":\"Organization\",\"@id\":\"https:\/\/fusionweymax.com\/zh-hans\/#organization\",\"name\":\"Fusion Weymax\",\"url\":\"https:\/\/fusionweymax.com\/zh-hans\/\",\"logo\":{\"@type\":\"ImageObject\",\"inLanguage\":\"zh-CN\",\"@id\":\"https:\/\/fusionweymax.com\/zh-hans\/#\/schema\/logo\/image\/\",\"url\":\"http:\/\/fusionweymax.com\/wp-content\/uploads\/2017\/03\/fusion-weymax-logo-red@2x.png\",\"contentUrl\":\"http:\/\/fusionweymax.com\/wp-content\/uploads\/2017\/03\/fusion-weymax-logo-red@2x.png\",\"width\":450,\"height\":120,\"caption\":\"Fusion Weymax\"},\"image\":{\"@id\":\"https:\/\/fusionweymax.com\/zh-hans\/#\/schema\/logo\/image\/\"}}]}<\/script>\n<!-- \/ Yoast SEO plugin. -->","yoast_head_json":{"title":"\u74e6\u4f26\u897f\u4e9a - Fusi\u00f3n Weymax","robots":{"index":"index","follow":"follow","max-snippet":"max-snippet:-1","max-image-preview":"max-image-preview:large","max-video-preview":"max-video-preview:-1"},"canonical":"http:\/\/fusionweymax.com\/zh-hans\/valencia\/","og_locale":"zh_CN","og_type":"article","og_title":"\u74e6\u4f26\u897f\u4e9a - Fusi\u00f3n Weymax","og_description":"[vc_row][vc_column width=&#8221;1\/2&#8243;][vc_gallery [&hellip;]","og_url":"http:\/\/fusionweymax.com\/zh-hans\/valencia\/","og_site_name":"Fusi\u00f3n Weymax","article_modified_time":"2017-09-19T09:55:33+00:00","twitter_card":"summary_large_image","schema":{"@context":"https:\/\/schema.org","@graph":[{"@type":"WebPage","@id":"http:\/\/fusionweymax.com\/zh-hans\/valencia\/","url":"http:\/\/fusionweymax.com\/zh-hans\/valencia\/","name":"\u74e6\u4f26\u897f\u4e9a - Fusi\u00f3n Weymax","isPartOf":{"@id":"https:\/\/fusionweymax.com\/zh-hans\/#website"},"datePublished":"2017-07-20T16:20:51+00:00","dateModified":"2017-09-19T09:55:33+00:00","breadcrumb":{"@id":"http:\/\/fusionweymax.com\/zh-hans\/valencia\/#breadcrumb"},"inLanguage":"zh-CN","potentialAction":[{"@type":"ReadAction","target":["http:\/\/fusionweymax.com\/zh-hans\/valencia\/"]}]},{"@type":"BreadcrumbList","@id":"http:\/\/fusionweymax.com\/zh-hans\/valencia\/#breadcrumb","itemListElement":[{"@type":"ListItem","position":1,"name":"Portada","item":"https:\/\/fusionweymax.com\/zh-hans\/"},{"@type":"ListItem","position":2,"name":"\u74e6\u4f26\u897f\u4e9a"}]},{"@type":"WebSite","@id":"https:\/\/fusionweymax.com\/zh-hans\/#website","url":"https:\/\/fusionweymax.com\/zh-hans\/","name":"Fusi\u00f3n Weymax","description":"","publisher":{"@id":"https:\/\/fusionweymax.com\/zh-hans\/#organization"},"potentialAction":[{"@type":"SearchAction","target":{"@type":"EntryPoint","urlTemplate":"https:\/\/fusionweymax.com\/zh-hans\/?s={search_term_string}"},"query-input":"required name=search_term_string"}],"inLanguage":"zh-CN"},{"@type":"Organization","@id":"https:\/\/fusionweymax.com\/zh-hans\/#organization","name":"Fusion Weymax","url":"https:\/\/fusionweymax.com\/zh-hans\/","logo":{"@type":"ImageObject","inLanguage":"zh-CN","@id":"https:\/\/fusionweymax.com\/zh-hans\/#\/schema\/logo\/image\/","url":"http:\/\/fusionweymax.com\/wp-content\/uploads\/2017\/03\/fusion-weymax-logo-red@2x.png","contentUrl":"http:\/\/fusionweymax.com\/wp-content\/uploads\/2017\/03\/fusion-weymax-logo-red@2x.png","width":450,"height":120,"caption":"Fusion Weymax"},"image":{"@id":"https:\/\/fusionweymax.com\/zh-hans\/#\/schema\/logo\/image\/"}}]}},"_links":{"self":[{"href":"http:\/\/fusionweymax.com\/zh-hans\/wp-json\/wp\/v2\/pages\/1327"}],"collection":[{"href":"http:\/\/fusionweymax.com\/zh-hans\/wp-json\/wp\/v2\/pages"}],"about":[{"href":"http:\/\/fusionweymax.com\/zh-hans\/wp-json\/wp\/v2\/types\/page"}],"author":[{"embeddable":true,"href":"http:\/\/fusionweymax.com\/zh-hans\/wp-json\/wp\/v2\/users\/5"}],"replies":[{"embeddable":true,"href":"http:\/\/fusionweymax.com\/zh-hans\/wp-json\/wp\/v2\/comments?post=1327"}],"version-history":[{"count":5,"href":"http:\/\/fusionweymax.com\/zh-hans\/wp-json\/wp\/v2\/pages\/1327\/revisions"}],"predecessor-version":[{"id":1838,"href":"http:\/\/fusionweymax.com\/zh-hans\/wp-json\/wp\/v2\/pages\/1327\/revisions\/1838"}],"wp:attachment":[{"href":"http:\/\/fusionweymax.com\/zh-hans\/wp-json\/wp\/v2\/media?parent=1327"}],"curies":[{"name":"wp","href":"https:\/\/api.w.org\/{rel}","templated":true}]}}