{"id":1733,"date":"2017-07-20T16:38:35","date_gmt":"2017-07-20T14:38:35","guid":{"rendered":"http:\/\/fusionweymax.com\/?page_id=1733\/"},"modified":"2017-09-19T11:36:41","modified_gmt":"2017-09-19T09:36:41","slug":"vino-la-tierra-castilla","status":"publish","type":"page","link":"http:\/\/fusionweymax.com\/zh-hans\/vino-la-tierra-castilla\/","title":{"rendered":"\u5361\u65af\u8482\u5229\u4e9a"},"content":{"rendered":"[vc_row][vc_column width=&#8221;1\/2&#8243;][vc_gallery interval=&#8221;3&#8243; images=&#8221;1395&#8243; img_size=&#8221;full&#8221;][\/vc_column][vc_column width=&#8221;1\/2&#8243;][vc_column_text]\n<p class=\"p1\"><b><\/b><span class=\"s1\">\u5361\u65af\u8482\u5229\u4e9a\u00b7\u62c9\u66fc\u6070\u4ea7\u533a\u662f\u897f\u73ed\u7259\u6700\u5927\u8461\u8404\u9152\u4ea7\u533a\uff0c\u8ba9\u5b83\u51fa\u7c7b\u62d4\u8403\u7684\u539f\u56e0\u662f\u8461\u8404\u79cd\u690d\u548c\u917f\u9020\u6587\u5316\u5728\u5386\u53f2\u548c\u5c45\u6c11\u7684\u6587\u5316\u6709\u7740\u6df1\u539a\u6e0a\u6e90\uff0c\u5728\u603b\u5171\u7684<\/span><span class=\"s2\">28<\/span><span class=\"s1\">\u4e2a\u7ba1\u8f96\u5e02\u91cc\uff0c\u5355\u5355\u8461\u8404\u56ed\u7684\u79cd\u690d\u9762\u79ef\u5c31\u9ad8\u8fbe<\/span><span class=\"s2\">50%<\/span><span class=\"s1\">\u3002<\/span><\/p>\n<p class=\"p2\"><span class=\"s1\">\u5361\u65af\u8482\u5229\u4e9a\u7684\u5730\u7406\u6807\u5fd7\u8461\u8404\u9152\u5728<\/span><span class=\"s2\">1999<\/span><span class=\"s1\">\u5e74\u88ab\u5361\u65af\u8482\u5229\u4e9a<\/span><span class=\"s2\"> &#8211; <\/span><span class=\"s1\">\u62c9\u66fc\u6070\u8bae\u4f1a\u6279\u51c6\uff0c\u5176\u76ee\u7684\u662f\u4fc3\u8fdb\u8be5\u5730\u533a\u751f\u4ea7\uff0c\u6d88\u8d39\u4e0e\u8be5\u5730\u57df\u79cd\u690d\u7684\u8461\u8404\u8461\u8404\u9152\u7684\u8bc6\u522b\uff0c\u5728\u4f50\u9910\u9152\u548c\u6cd5\u5b9a\u4ea7\u533a\u8461\u8404\u9152\u4e4b\u95f4\u7acb\u8db3\uff0c\u6ee1\u8db3\u5bf9\u8fd9\u4e2a\u8303\u56f4\u7684\u4ea7\u54c1\u6709\u9700\u6c42\u7684\u6d88\u8d39\u8005\u3002<\/span><\/p>\n<p class=\"p2\"><span class=\"s1\">\u8461\u8404\u9152\u4ea7\u91cf\u5728\u8fd9\u4e2a\u5730\u7406\u6807\u5fd7\u5728<\/span><span class=\"s2\">1999-2009<\/span><span class=\"s1\">\u5e74\u4e4b\u95f4\u7ecf\u5386\u4e86<\/span><span class=\"s2\">250<\/span><span class=\"s1\">\uff05\u7684\u589e\u957f\uff0c\u6709<\/span><span class=\"s2\">200<\/span><span class=\"s1\">\u591a\u4e2a\u9152\u5e84\u79cd\u690d\u917f\u9020\u8fd9\u4e2a\u4ea7\u533a\u7684\u8461\u8404\u9152\u548c\u591a\u4f59<\/span><span class=\"s2\">300<\/span><span class=\"s1\">\u4e2a\u884c\u4e1a\u9500\u552e\u5361\u65af\u8482\u5229\u4e9a\u4ea7\u533a\u7684\u4ea7\u54c1\u3002<\/span><\/p>\n<p class=\"p2\"><span class=\"s1\">\u62c9\u66fc\u6070\u7531\u4e94\u4e2a\u7701\u4efd\u6784\u6210\uff0c\u5206\u522b\u5177\u6709\u4e0d\u540c\u7684\u6c14\u5019\u548c\u5730\u5f62\uff0c\u5141\u8bb8\u4e86\u7ed9\u5927\u91cf\u8461\u8404\u54c1\u79cd\u5148\u5929\u7684\u81ea\u7136\u73af\u5883\uff0c\u7740\u6709\u5229\u7684\u6761\u4ef6\uff0c\u4ece\u53e4\u81f3\u4eca\u7684\u8461\u8404\u9152\u6587\u5316\u7ed9\u4e88\u7684\u7ecf\u9a8c\u4e30\u5bcc\u548c\u8fd1\u5341\u51e0\u5e74\u6765\u7684\u73b0\u4ee3\u5316\u64cd\u4f5c\u5f62\u6210\u4e86\u516d\u4e2a\u767e\u4f59\u5361\u65af\u8482\u5229\u4e9a\u4ea7\u533a\u540d\u4e0b\u7684\u54c1\u724c\u3002<\/span><\/p>\n<p class=\"p3\"><span class=\"s3\">\u8fd9\u4e2a\u4ea7\u533a\u6240\u79cd\u690d\u7684\u7ea2\u8461\u8404\u79cd\u7c7b\u6709\uff1a<\/span><span class=\"s1\">Cabernet-sauvignon, Garnacha tinta, Cabernet-franc, Forcallat tinta, Bobal, Garnacha tintorera, Graciano, Coloraillo, Malbec, Mazuela, Moravia agria, Mencia, Merlot, Monastrell, , Petit Verdot, Pinot Noir, Prieto picudo, Moravia dulce ,Rojal tinta, Tempranillo o Cencibel, Syrah, Tinto de la p\u00e1mpana blanca y Tinto Velasco <\/span><span class=\"s4\">\u548c<\/span><span class=\"s1\"> Frasco.<\/span><\/p>\n<p class=\"p3\"><span class=\"s4\">\u7136\u800c\u767d\u8461\u8404\u79cd\u7c7b\u53ef\u4ee5\u627e\u5230\uff1a<\/span><span class=\"s1\">Albillo Real ,Gew\u00fcrztraminer, Air\u00e9n, Macabeo o Viura, Chardonnay, Malvar, Malvas\u00eda Arom\u00e1tica, Merseguera, Moscatel de grano menudo, Marisancho o Pardillo, Moscatel de Alejandr\u00eda, Pedro Xim\u00e9nez, Parellada, Riesling, Torront\u00e9s, Sauvignon blanc, Verdejo, Viognier <\/span><span class=\"s4\">\u548c<\/span><span class=\"s1\"> Verdoncho.<\/span><\/p>\n[\/vc_column_text][\/vc_column][\/vc_row]\n","protected":false},"excerpt":{"rendered":"<p>[vc_row][vc_column width=&#8221;1\/2&#8243;][vc_gallery  [&hellip;]<\/p>\n","protected":false},"author":5,"featured_media":0,"parent":0,"menu_order":0,"comment_status":"closed","ping_status":"closed","template":"","meta":[],"yoast_head":"<!-- This site is optimized with the Yoast SEO plugin v20.8 - https:\/\/yoast.com\/wordpress\/plugins\/seo\/ -->\n<title>\u5361\u65af\u8482\u5229\u4e9a - Fusi\u00f3n Weymax<\/title>\n<meta name=\"robots\" content=\"index, follow, max-snippet:-1, max-image-preview:large, max-video-preview:-1\" \/>\n<link rel=\"canonical\" href=\"http:\/\/fusionweymax.com\/zh-hans\/vino-la-tierra-castilla\/\" \/>\n<meta property=\"og:locale\" content=\"zh_CN\" \/>\n<meta property=\"og:type\" content=\"article\" \/>\n<meta property=\"og:title\" content=\"\u5361\u65af\u8482\u5229\u4e9a - Fusi\u00f3n Weymax\" \/>\n<meta property=\"og:description\" content=\"[vc_row][vc_column width=&#8221;1\/2&#8243;][vc_gallery [&hellip;]\" \/>\n<meta property=\"og:url\" content=\"http:\/\/fusionweymax.com\/zh-hans\/vino-la-tierra-castilla\/\" \/>\n<meta property=\"og:site_name\" content=\"Fusi\u00f3n Weymax\" \/>\n<meta property=\"article:modified_time\" content=\"2017-09-19T09:36:41+00:00\" \/>\n<meta name=\"twitter:card\" content=\"summary_large_image\" \/>\n<meta name=\"twitter:label1\" content=\"\u9884\u8ba1\u9605\u8bfb\u65f6\u95f4\" \/>\n\t<meta name=\"twitter:data1\" content=\"1\u5206\" \/>\n<script type=\"application\/ld+json\" class=\"yoast-schema-graph\">{\"@context\":\"https:\/\/schema.org\",\"@graph\":[{\"@type\":\"WebPage\",\"@id\":\"http:\/\/fusionweymax.com\/zh-hans\/vino-la-tierra-castilla\/\",\"url\":\"http:\/\/fusionweymax.com\/zh-hans\/vino-la-tierra-castilla\/\",\"name\":\"\u5361\u65af\u8482\u5229\u4e9a - Fusi\u00f3n Weymax\",\"isPartOf\":{\"@id\":\"http:\/\/fusionweymax.com\/en\/#website\"},\"datePublished\":\"2017-07-20T14:38:35+00:00\",\"dateModified\":\"2017-09-19T09:36:41+00:00\",\"breadcrumb\":{\"@id\":\"http:\/\/fusionweymax.com\/zh-hans\/vino-la-tierra-castilla\/#breadcrumb\"},\"inLanguage\":\"zh-CN\",\"potentialAction\":[{\"@type\":\"ReadAction\",\"target\":[\"http:\/\/fusionweymax.com\/zh-hans\/vino-la-tierra-castilla\/\"]}]},{\"@type\":\"BreadcrumbList\",\"@id\":\"http:\/\/fusionweymax.com\/zh-hans\/vino-la-tierra-castilla\/#breadcrumb\",\"itemListElement\":[{\"@type\":\"ListItem\",\"position\":1,\"name\":\"Portada\",\"item\":\"http:\/\/fusionweymax.com\/zh-hans\/\"},{\"@type\":\"ListItem\",\"position\":2,\"name\":\"\u5361\u65af\u8482\u5229\u4e9a\"}]},{\"@type\":\"WebSite\",\"@id\":\"http:\/\/fusionweymax.com\/en\/#website\",\"url\":\"http:\/\/fusionweymax.com\/en\/\",\"name\":\"Fusi\u00f3n Weymax\",\"description\":\"\",\"publisher\":{\"@id\":\"http:\/\/fusionweymax.com\/en\/#organization\"},\"potentialAction\":[{\"@type\":\"SearchAction\",\"target\":{\"@type\":\"EntryPoint\",\"urlTemplate\":\"http:\/\/fusionweymax.com\/en\/?s={search_term_string}\"},\"query-input\":\"required name=search_term_string\"}],\"inLanguage\":\"zh-CN\"},{\"@type\":\"Organization\",\"@id\":\"http:\/\/fusionweymax.com\/en\/#organization\",\"name\":\"Fusion Weymax\",\"url\":\"http:\/\/fusionweymax.com\/en\/\",\"logo\":{\"@type\":\"ImageObject\",\"inLanguage\":\"zh-CN\",\"@id\":\"http:\/\/fusionweymax.com\/en\/#\/schema\/logo\/image\/\",\"url\":\"http:\/\/fusionweymax.com\/wp-content\/uploads\/2017\/03\/fusion-weymax-logo-red@2x.png\",\"contentUrl\":\"http:\/\/fusionweymax.com\/wp-content\/uploads\/2017\/03\/fusion-weymax-logo-red@2x.png\",\"width\":450,\"height\":120,\"caption\":\"Fusion Weymax\"},\"image\":{\"@id\":\"http:\/\/fusionweymax.com\/en\/#\/schema\/logo\/image\/\"}}]}<\/script>\n<!-- \/ Yoast SEO plugin. -->","yoast_head_json":{"title":"\u5361\u65af\u8482\u5229\u4e9a - Fusi\u00f3n Weymax","robots":{"index":"index","follow":"follow","max-snippet":"max-snippet:-1","max-image-preview":"max-image-preview:large","max-video-preview":"max-video-preview:-1"},"canonical":"http:\/\/fusionweymax.com\/zh-hans\/vino-la-tierra-castilla\/","og_locale":"zh_CN","og_type":"article","og_title":"\u5361\u65af\u8482\u5229\u4e9a - Fusi\u00f3n Weymax","og_description":"[vc_row][vc_column width=&#8221;1\/2&#8243;][vc_gallery [&hellip;]","og_url":"http:\/\/fusionweymax.com\/zh-hans\/vino-la-tierra-castilla\/","og_site_name":"Fusi\u00f3n Weymax","article_modified_time":"2017-09-19T09:36:41+00:00","twitter_card":"summary_large_image","twitter_misc":{"\u9884\u8ba1\u9605\u8bfb\u65f6\u95f4":"1\u5206"},"schema":{"@context":"https:\/\/schema.org","@graph":[{"@type":"WebPage","@id":"http:\/\/fusionweymax.com\/zh-hans\/vino-la-tierra-castilla\/","url":"http:\/\/fusionweymax.com\/zh-hans\/vino-la-tierra-castilla\/","name":"\u5361\u65af\u8482\u5229\u4e9a - Fusi\u00f3n Weymax","isPartOf":{"@id":"http:\/\/fusionweymax.com\/en\/#website"},"datePublished":"2017-07-20T14:38:35+00:00","dateModified":"2017-09-19T09:36:41+00:00","breadcrumb":{"@id":"http:\/\/fusionweymax.com\/zh-hans\/vino-la-tierra-castilla\/#breadcrumb"},"inLanguage":"zh-CN","potentialAction":[{"@type":"ReadAction","target":["http:\/\/fusionweymax.com\/zh-hans\/vino-la-tierra-castilla\/"]}]},{"@type":"BreadcrumbList","@id":"http:\/\/fusionweymax.com\/zh-hans\/vino-la-tierra-castilla\/#breadcrumb","itemListElement":[{"@type":"ListItem","position":1,"name":"Portada","item":"http:\/\/fusionweymax.com\/zh-hans\/"},{"@type":"ListItem","position":2,"name":"\u5361\u65af\u8482\u5229\u4e9a"}]},{"@type":"WebSite","@id":"http:\/\/fusionweymax.com\/en\/#website","url":"http:\/\/fusionweymax.com\/en\/","name":"Fusi\u00f3n Weymax","description":"","publisher":{"@id":"http:\/\/fusionweymax.com\/en\/#organization"},"potentialAction":[{"@type":"SearchAction","target":{"@type":"EntryPoint","urlTemplate":"http:\/\/fusionweymax.com\/en\/?s={search_term_string}"},"query-input":"required name=search_term_string"}],"inLanguage":"zh-CN"},{"@type":"Organization","@id":"http:\/\/fusionweymax.com\/en\/#organization","name":"Fusion Weymax","url":"http:\/\/fusionweymax.com\/en\/","logo":{"@type":"ImageObject","inLanguage":"zh-CN","@id":"http:\/\/fusionweymax.com\/en\/#\/schema\/logo\/image\/","url":"http:\/\/fusionweymax.com\/wp-content\/uploads\/2017\/03\/fusion-weymax-logo-red@2x.png","contentUrl":"http:\/\/fusionweymax.com\/wp-content\/uploads\/2017\/03\/fusion-weymax-logo-red@2x.png","width":450,"height":120,"caption":"Fusion Weymax"},"image":{"@id":"http:\/\/fusionweymax.com\/en\/#\/schema\/logo\/image\/"}}]}},"_links":{"self":[{"href":"http:\/\/fusionweymax.com\/zh-hans\/wp-json\/wp\/v2\/pages\/1733"}],"collection":[{"href":"http:\/\/fusionweymax.com\/zh-hans\/wp-json\/wp\/v2\/pages"}],"about":[{"href":"http:\/\/fusionweymax.com\/zh-hans\/wp-json\/wp\/v2\/types\/page"}],"author":[{"embeddable":true,"href":"http:\/\/fusionweymax.com\/zh-hans\/wp-json\/wp\/v2\/users\/5"}],"replies":[{"embeddable":true,"href":"http:\/\/fusionweymax.com\/zh-hans\/wp-json\/wp\/v2\/comments?post=1733"}],"version-history":[{"count":6,"href":"http:\/\/fusionweymax.com\/zh-hans\/wp-json\/wp\/v2\/pages\/1733\/revisions"}],"predecessor-version":[{"id":1818,"href":"http:\/\/fusionweymax.com\/zh-hans\/wp-json\/wp\/v2\/pages\/1733\/revisions\/1818"}],"wp:attachment":[{"href":"http:\/\/fusionweymax.com\/zh-hans\/wp-json\/wp\/v2\/media?parent=1733"}],"curies":[{"name":"wp","href":"https:\/\/api.w.org\/{rel}","templated":true}]}}