{"id":1757,"date":"2017-01-23T19:24:10","date_gmt":"2017-01-23T18:24:10","guid":{"rendered":"http:\/\/fusionweymax.com\/politica-de-cookies\/"},"modified":"2017-11-09T13:18:40","modified_gmt":"2017-11-09T12:18:40","slug":"politica-de-cookies","status":"publish","type":"page","link":"http:\/\/fusionweymax.com\/zh-hans\/politica-de-cookies\/","title":{"rendered":"\u997c\u5e72\u653f\u7b56"},"content":{"rendered":"[vc_row][vc_column][vc_column_text]Este sitio web, al igual que la mayor\u00eda de los sitios en Internet, usa cookies para mejorar y optimizar la experiencia del usuario. A continuaci\u00f3n encontrar\u00e1s informaci\u00f3n detallada sobre qu\u00e9 son las \u201ccookies\u201d, qu\u00e9 tipolog\u00eda utiliza este sitio web, c\u00f3mo puedes desactivarlas en tu navegador y c\u00f3mo bloquear espec\u00edficamente la instalaci\u00f3n de cookies de terceros.<\/p>\n<h4>\u00bfQu\u00e9 son las cookies y c\u00f3mo las utiliza fusionweymax.com?<\/h4>\n<p>Las cookies son archivos que el sitio web o la aplicaci\u00f3n que utilizas instala en tu navegador o en tu dispositivo (smartphone, tableta o televisi\u00f3n conectada) durante tu recorrido por las p\u00e1ginas o por la aplicaci\u00f3n, y sirven para almacenar informaci\u00f3n sobre tu visita. Como la mayor\u00eda de los sitios en internet, los portales web de fusionweymax.com utilizan cookies para:<\/p>\n<ul>\n<li>Asegurar que las p\u00e1ginas web pueden funcionar correctamente.<\/li>\n<li>Almacenar tus preferencias, como el idioma que has seleccionado o el tama\u00f1o de letra.<\/li>\n<li>Conocer tu experiencia de navegaci\u00f3n.<\/li>\n<li>Recopilar informaci\u00f3n estad\u00edstica an\u00f3nima, como qu\u00e9 p\u00e1ginas has visto o cu\u00e1nto tiempo has estado en nuestros medios.<\/li>\n<\/ul>\n<p>El uso de cookies nos permite optimizar tu navegaci\u00f3n, adaptando la informaci\u00f3n y los servicios ofrecidos a tus intereses, para proporcionarte una mejor experiencia siempre que nos visites. El\u00a0sitio web de fusionweymax.com utiliza cookies para funcionar, adaptar y facilitar al m\u00e1ximo la navegaci\u00f3n del usuario.<\/p>\n<p>Las cookies se asocian \u00fanicamente a un usuario an\u00f3nimo y su ordenador\/dispositivo y no proporcionan referencias que permitan conocer datos personales. En todo momento podr\u00e1s acceder a la configuraci\u00f3n de tu navegador para modificar y\/o bloquear la instalaci\u00f3n de las cookies enviadas por los sitios web de fusionweymax.com, sin que ello impida al acceso a los contenidos. Sin embargo, la calidad del funcionamiento de los servicios puede verse afectada.<\/p>\n<p>Los usuarios que completen el proceso de registro o hayan iniciado sesi\u00f3n con sus datos de acceso podr\u00e1n acceder a servicios personalizados y adaptados a sus preferencias seg\u00fan la informaci\u00f3n personal suministrada en el momento del registro y la almacenada en la cookie de su navegador.<\/p>\n<h4>\u00bfQu\u00e9 tipos de cookies usamos?<\/h4>\n<p>En esta tabla te mostramos que cookies utilizamos:<\/p>\n\n<table id=\"tablepress-1\" class=\"tablepress tablepress-id-1\">\n<thead>\n<tr class=\"row-1 odd\">\n\t<th class=\"column-1\">Nombre<\/th><th class=\"column-2\">Gestionada por<\/th><th class=\"column-3\">Duraci\u00f3n<\/th><th class=\"column-4\">Finalidad<\/th>\n<\/tr>\n<\/thead>\n<tbody class=\"row-hover\">\n<tr class=\"row-2 even\">\n\t<td class=\"column-1\">comment_author<br \/>\ncomment_author_email<br \/>\ncomment_author_url<\/td><td class=\"column-2\"><a href=\"http:\/\/codex.wordpress.org\/WordPress_Cookies\" target=\"_blank\">http:\/\/codex.wordpress.org\/WordPress_Cookies<\/a><\/td><td class=\"column-3\">1 a\u00f1o<\/td><td class=\"column-4\">Identificar al usuario cuando comenta.<\/td>\n<\/tr>\n<tr class=\"row-3 odd\">\n\t<td class=\"column-1\">_ga<\/td><td class=\"column-2\"><a href=\"https:\/\/developers.google.com\/analytics\/devguides\/collection\/analyticsjs\/cookie-usage\" target=\"_blank\">https:\/\/developers.google.com\/analytics\/devguides\/collection\/analyticsjs\/cookie-usage<\/a><\/td><td class=\"column-3\">2 a\u00f1os<\/td><td class=\"column-4\">Se usa para distinguir a los usuarios.<\/td>\n<\/tr>\n<tr class=\"row-4 even\">\n\t<td class=\"column-1\">_gat<\/td><td class=\"column-2\"><a href=\"https:\/\/developers.google.com\/analytics\/devguides\/collection\/analyticsjs\/cookie-usage\" target=\"_blank\">https:\/\/developers.google.com\/analytics\/devguides\/collection\/analyticsjs\/cookie-usage<\/a><\/td><td class=\"column-3\">10 minutos<\/td><td class=\"column-4\">Se usa para limitar el porcentaje de solicitudes.<\/td>\n<\/tr>\n<tr class=\"row-5 odd\">\n\t<td class=\"column-1\">__utma<\/td><td class=\"column-2\"><a href=\"https:\/\/developers.google.com\/analytics\/devguides\/collection\/analyticsjs\/cookie-usage\" target=\"_blank\">https:\/\/developers.google.com\/analytics\/devguides\/collection\/analyticsjs\/cookie-usage<\/a><\/td><td class=\"column-3\">Dos a\u00f1os a partir de la configuraci\u00f3n o actualizaci\u00f3n<\/td><td class=\"column-4\">Se usa para distinguir usuarios y sesiones. La cookie se crea cuando se ejecuta la biblioteca JavaScript y no hay ninguna cookie __utma. La cookie se actualiza cada vez que se env\u00edan datos a Google Analytics.<\/td>\n<\/tr>\n<tr class=\"row-6 even\">\n\t<td class=\"column-1\">__utmt<\/td><td class=\"column-2\"><a href=\"https:\/\/developers.google.com\/analytics\/devguides\/collection\/analyticsjs\/cookie-usage\" target=\"_blank\">https:\/\/developers.google.com\/analytics\/devguides\/collection\/analyticsjs\/cookie-usage<\/a><\/td><td class=\"column-3\">10 minutos<\/td><td class=\"column-4\">Se usa para limitar el porcentaje de solicitudes.<\/td>\n<\/tr>\n<tr class=\"row-7 odd\">\n\t<td class=\"column-1\">__utmb<\/td><td class=\"column-2\"><a href=\"https:\/\/developers.google.com\/analytics\/devguides\/collection\/analyticsjs\/cookie-usage\" target=\"_blank\">https:\/\/developers.google.com\/analytics\/devguides\/collection\/analyticsjs\/cookie-usage<\/a><\/td><td class=\"column-3\">30 minutos a partir de la configuraci\u00f3n o actualizaci\u00f3n<\/td><td class=\"column-4\">Se usa para determinar nuevas sesiones o visitas. La cookie se crea cuando se ejecuta la biblioteca JavaScript y no hay ninguna cookie __utmb. La cookie se actualiza cada vez que se env\u00edan datos a Google Analytics.<\/td>\n<\/tr>\n<tr class=\"row-8 even\">\n\t<td class=\"column-1\">__utmc<\/td><td class=\"column-2\"><a href=\"https:\/\/developers.google.com\/analytics\/devguides\/collection\/analyticsjs\/cookie-usage\" target=\"_blank\">https:\/\/developers.google.com\/analytics\/devguides\/collection\/analyticsjs\/cookie-usage<\/a><\/td><td class=\"column-3\">Fin de la sesi\u00f3n del navegador<\/td><td class=\"column-4\">No se usa en ga.js. Se configura para interactuar con urchin.js. Anteriormente, esta cookie actuaba junto con la cookie __utmb para determinar si el usuario estaba en una nueva sesi\u00f3n o visita.<\/td>\n<\/tr>\n<tr class=\"row-9 odd\">\n\t<td class=\"column-1\">__utmz<\/td><td class=\"column-2\"><a href=\"https:\/\/developers.google.com\/analytics\/devguides\/collection\/analyticsjs\/cookie-usage\" target=\"_blank\">https:\/\/developers.google.com\/analytics\/devguides\/collection\/analyticsjs\/cookie-usage<\/a><\/td><td class=\"column-3\">Seis meses a partir de la configuraci\u00f3n o actualizaci\u00f3n<\/td><td class=\"column-4\">Almacena la fuente de tr\u00e1fico o la campa\u00f1a que explica c\u00f3mo ha llegado el usuario al sitio. La cookie se crea cuando se ejecuta la biblioteca JavaScript y se actualiza cada vez que se env\u00edan datos a Google Analytics.<\/td>\n<\/tr>\n<tr class=\"row-10 even\">\n\t<td class=\"column-1\">__utmv<\/td><td class=\"column-2\"><a href=\"https:\/\/developers.google.com\/analytics\/devguides\/collection\/analyticsjs\/cookie-usage\" target=\"_blank\">https:\/\/developers.google.com\/analytics\/devguides\/collection\/analyticsjs\/cookie-usage<\/a><\/td><td class=\"column-3\">Dos a\u00f1os a partir de la configuraci\u00f3n o actualizaci\u00f3n<\/td><td class=\"column-4\">Se usa para almacenar datos de variables personalizadas de visitante. Esta cookie se crea cuando un programador usa el m\u00e9todo _setCustomVar con una variable personalizada de visitante. Tambi\u00e9n se usaba para el m\u00e9todo _setVar retirado. La cookie se actualiza cada vez que se env\u00edan datos a Google Analytics.<\/td>\n<\/tr>\n<\/tbody>\n<\/table>\n<!-- #tablepress-1 from cache -->\n<p>No se almacena ninguna informaci\u00f3n personal en estas cookies.<\/p>\n<p>Estas aplicaciones han sido desarrolladas por terceros, que nos prestan servicios de an\u00e1lisis de la audiencia de nuestra p\u00e1gina. Estas empresas pueden utilizar estos datos para mejorar sus propios servicios y para ofrecer servicios a otras empresas. Se pueden conocer esos otros usos desde los enlaces indicados.<\/p>\n<p>Estas herramientas no obtienen datos de los nombres o apellidos de los usuarios ni de la direcci\u00f3n postal desde donde se conectan. La informaci\u00f3n que obtienen est\u00e1 relacionada por ejemplo con el n\u00famero de p\u00e1ginas vistas, el idioma, red social en la que se publican nuestras noticias, la ciudad a la que est\u00e1 asignada la direcci\u00f3n IP desde la que acceden los usuarios, el n\u00famero de usuarios que nos visitan, la frecuencia y reincidencia de las visitas, el tiempo de visita, el navegador que usan, el operador o tipo de terminal desde el que se realiza la visita, los productos y las categor\u00edas m\u00e1s visitadas.<\/p>\n<h4>\u00bfC\u00f3mo puedo configurar mis cookies?<\/h4>\n<p>Al navegar y continuar en nuestro sitio web estar\u00e1s consintiendo el uso de las cookies en las condiciones contenidas en la presente pol\u00edtica de cookies. fusionweymax.com pone a tu disposici\u00f3n el acceso a esta pol\u00edtica de cookies con el objetivo de que est\u00e9s informado, y sin perjuicio de que puedas ejercer tu derecho a bloquear, eliminar y rechazar el uso de cookies en todo momento.<\/p>\n<p>En cualquier caso te informamos de que, dado que las cookies no son necesarias para el uso de nuestro sitio web, puedes bloquearlas o deshabilitarlas activando la configuraci\u00f3n de tu navegador, que te permite rechazar la instalaci\u00f3n de todas las cookies o de algunas de ellas. La pr\u00e1ctica mayor\u00eda de los navegadores permiten advertir de la presencia de cookies o rechazarlas autom\u00e1ticamente. Si las rechazas podr\u00e1s seguir usando nuestro sitio web, aunque el uso de algunos de sus servicios podr\u00e1 ser limitado y por tanto tu experiencia en nuestro sitio web menos satisfactoria.<\/p>\n<p>A continuaci\u00f3n te indicamos los links de los principales navegadores y dispositivos para que dispongas de toda la informaci\u00f3n para consultar c\u00f3mo gestionar las cookies en tu navegador.<\/p>\n<p>Internet Explorer:<br \/>\n<a href=\"http:\/\/windows.microsoft.com\/es-es\/internet-explorer\/delete-manage-cookies#ie=ie-11\" target=\"_blank\">http:\/\/windows.microsoft.com\/es-es\/internet-explorer\/delete-manage-cookies#ie=ie-11<\/a><\/p>\n<p>Safari:<br \/>\n<a href=\"http:\/\/support.apple.com\/kb\/PH5042?viewlocale=es_EShttp:\/\/support.apple.com\/kb\/HT1677?viewlocale=es_ES\" target=\"_blank\">http:\/\/support.apple.com\/kb\/PH5042?viewlocale=es_EShttp:\/\/support.apple.com\/kb\/HT1677?viewlocale=es_ES<\/a><\/p>\n<p>Chrome:<br \/>\n<a href=\"https:\/\/support.google.com\/chrome\/answer\/95647?hl=es&amp;hlrm=en\" target=\"_blank\">https:\/\/support.google.com\/chrome\/answer\/95647?hl=es&amp;hlrm=en<\/a><\/p>\n<p>Firefox:<br \/>\n<a href=\"http:\/\/support.mozilla.org\/es\/kb\/cookies-informacion-que-los-sitios-web-guardan-en-?redirectlocale=e\u2026\" target=\"_blank\">http:\/\/support.mozilla.org\/es\/kb\/cookies-informacion-que-los-sitios-web-guardan-en-?redirectlocale=e\u2026<\/a><\/p>\n<p>Opera:<br \/>\n<a href=\"http:\/\/help.opera.com\/Windows\/11.50\/es-ES\/cookies.html\" target=\"_blank\">http:\/\/help.opera.com\/Windows\/11.50\/es-ES\/cookies.html<\/a><\/p>\n<h4>\u00bfActualizamos nuestra pol\u00edtica de cookies?<\/h4>\n<p>Es posible que actualicemos la pol\u00edtica de cookies de nuestro sitio web, por ello te recomendamos revisar esta pol\u00edtica cada vez que accedas a nuestro sitio web con el objetivo de estar adecuadamente informado sobre c\u00f3mo y para qu\u00e9 usamos las cookies. La pol\u00edtica de cookies se actualiz\u00f3 por \u00faltima vez a fecha 02\/10\/2015.[\/vc_column_text][\/vc_column][\/vc_row]\n","protected":false},"excerpt":{"rendered":"<p>[vc_row][vc_column][vc_column_text]Este sitio web, al i [&hellip;]<\/p>\n","protected":false},"author":1,"featured_media":0,"parent":0,"menu_order":0,"comment_status":"closed","ping_status":"closed","template":"","meta":[],"yoast_head":"<!-- This site is optimized with the Yoast SEO plugin v20.8 - https:\/\/yoast.com\/wordpress\/plugins\/seo\/ -->\n<title>\u997c\u5e72\u653f\u7b56 - Fusi\u00f3n Weymax<\/title>\n<meta name=\"robots\" content=\"index, follow, max-snippet:-1, max-image-preview:large, max-video-preview:-1\" \/>\n<link rel=\"canonical\" href=\"https:\/\/fusionweymax.com\/zh-hans\/politica-de-cookies\/\" \/>\n<meta property=\"og:locale\" content=\"zh_CN\" \/>\n<meta property=\"og:type\" content=\"article\" \/>\n<meta property=\"og:title\" content=\"\u997c\u5e72\u653f\u7b56 - Fusi\u00f3n Weymax\" \/>\n<meta property=\"og:description\" content=\"[vc_row][vc_column][vc_column_text]Este sitio web, al i [&hellip;]\" \/>\n<meta property=\"og:url\" content=\"https:\/\/fusionweymax.com\/zh-hans\/politica-de-cookies\/\" \/>\n<meta property=\"og:site_name\" content=\"Fusi\u00f3n Weymax\" \/>\n<meta property=\"article:modified_time\" content=\"2017-11-09T12:18:40+00:00\" \/>\n<meta name=\"twitter:card\" content=\"summary_large_image\" \/>\n<meta name=\"twitter:label1\" content=\"\u9884\u8ba1\u9605\u8bfb\u65f6\u95f4\" \/>\n\t<meta name=\"twitter:data1\" content=\"5\u5206\" \/>\n<script type=\"application\/ld+json\" class=\"yoast-schema-graph\">{\"@context\":\"https:\/\/schema.org\",\"@graph\":[{\"@type\":\"WebPage\",\"@id\":\"https:\/\/fusionweymax.com\/zh-hans\/politica-de-cookies\/\",\"url\":\"https:\/\/fusionweymax.com\/zh-hans\/politica-de-cookies\/\",\"name\":\"\u997c\u5e72\u653f\u7b56 - Fusi\u00f3n Weymax\",\"isPartOf\":{\"@id\":\"https:\/\/fusionweymax.com\/zh-hans\/#website\"},\"datePublished\":\"2017-01-23T18:24:10+00:00\",\"dateModified\":\"2017-11-09T12:18:40+00:00\",\"breadcrumb\":{\"@id\":\"https:\/\/fusionweymax.com\/zh-hans\/politica-de-cookies\/#breadcrumb\"},\"inLanguage\":\"zh-CN\",\"potentialAction\":[{\"@type\":\"ReadAction\",\"target\":[\"https:\/\/fusionweymax.com\/zh-hans\/politica-de-cookies\/\"]}]},{\"@type\":\"BreadcrumbList\",\"@id\":\"https:\/\/fusionweymax.com\/zh-hans\/politica-de-cookies\/#breadcrumb\",\"itemListElement\":[{\"@type\":\"ListItem\",\"position\":1,\"name\":\"Portada\",\"item\":\"http:\/\/fusionweymax.com\/zh-hans\/\"},{\"@type\":\"ListItem\",\"position\":2,\"name\":\"\u997c\u5e72\u653f\u7b56\"}]},{\"@type\":\"WebSite\",\"@id\":\"https:\/\/fusionweymax.com\/zh-hans\/#website\",\"url\":\"https:\/\/fusionweymax.com\/zh-hans\/\",\"name\":\"Fusi\u00f3n Weymax\",\"description\":\"\",\"publisher\":{\"@id\":\"https:\/\/fusionweymax.com\/zh-hans\/#organization\"},\"potentialAction\":[{\"@type\":\"SearchAction\",\"target\":{\"@type\":\"EntryPoint\",\"urlTemplate\":\"https:\/\/fusionweymax.com\/zh-hans\/?s={search_term_string}\"},\"query-input\":\"required name=search_term_string\"}],\"inLanguage\":\"zh-CN\"},{\"@type\":\"Organization\",\"@id\":\"https:\/\/fusionweymax.com\/zh-hans\/#organization\",\"name\":\"Fusion Weymax\",\"url\":\"https:\/\/fusionweymax.com\/zh-hans\/\",\"logo\":{\"@type\":\"ImageObject\",\"inLanguage\":\"zh-CN\",\"@id\":\"https:\/\/fusionweymax.com\/zh-hans\/#\/schema\/logo\/image\/\",\"url\":\"http:\/\/fusionweymax.com\/wp-content\/uploads\/2017\/03\/fusion-weymax-logo-red@2x.png\",\"contentUrl\":\"http:\/\/fusionweymax.com\/wp-content\/uploads\/2017\/03\/fusion-weymax-logo-red@2x.png\",\"width\":450,\"height\":120,\"caption\":\"Fusion Weymax\"},\"image\":{\"@id\":\"https:\/\/fusionweymax.com\/zh-hans\/#\/schema\/logo\/image\/\"}}]}<\/script>\n<!-- \/ Yoast SEO plugin. -->","yoast_head_json":{"title":"\u997c\u5e72\u653f\u7b56 - Fusi\u00f3n Weymax","robots":{"index":"index","follow":"follow","max-snippet":"max-snippet:-1","max-image-preview":"max-image-preview:large","max-video-preview":"max-video-preview:-1"},"canonical":"https:\/\/fusionweymax.com\/zh-hans\/politica-de-cookies\/","og_locale":"zh_CN","og_type":"article","og_title":"\u997c\u5e72\u653f\u7b56 - Fusi\u00f3n Weymax","og_description":"[vc_row][vc_column][vc_column_text]Este sitio web, al i [&hellip;]","og_url":"https:\/\/fusionweymax.com\/zh-hans\/politica-de-cookies\/","og_site_name":"Fusi\u00f3n Weymax","article_modified_time":"2017-11-09T12:18:40+00:00","twitter_card":"summary_large_image","twitter_misc":{"\u9884\u8ba1\u9605\u8bfb\u65f6\u95f4":"5\u5206"},"schema":{"@context":"https:\/\/schema.org","@graph":[{"@type":"WebPage","@id":"https:\/\/fusionweymax.com\/zh-hans\/politica-de-cookies\/","url":"https:\/\/fusionweymax.com\/zh-hans\/politica-de-cookies\/","name":"\u997c\u5e72\u653f\u7b56 - Fusi\u00f3n Weymax","isPartOf":{"@id":"https:\/\/fusionweymax.com\/zh-hans\/#website"},"datePublished":"2017-01-23T18:24:10+00:00","dateModified":"2017-11-09T12:18:40+00:00","breadcrumb":{"@id":"https:\/\/fusionweymax.com\/zh-hans\/politica-de-cookies\/#breadcrumb"},"inLanguage":"zh-CN","potentialAction":[{"@type":"ReadAction","target":["https:\/\/fusionweymax.com\/zh-hans\/politica-de-cookies\/"]}]},{"@type":"BreadcrumbList","@id":"https:\/\/fusionweymax.com\/zh-hans\/politica-de-cookies\/#breadcrumb","itemListElement":[{"@type":"ListItem","position":1,"name":"Portada","item":"http:\/\/fusionweymax.com\/zh-hans\/"},{"@type":"ListItem","position":2,"name":"\u997c\u5e72\u653f\u7b56"}]},{"@type":"WebSite","@id":"https:\/\/fusionweymax.com\/zh-hans\/#website","url":"https:\/\/fusionweymax.com\/zh-hans\/","name":"Fusi\u00f3n Weymax","description":"","publisher":{"@id":"https:\/\/fusionweymax.com\/zh-hans\/#organization"},"potentialAction":[{"@type":"SearchAction","target":{"@type":"EntryPoint","urlTemplate":"https:\/\/fusionweymax.com\/zh-hans\/?s={search_term_string}"},"query-input":"required name=search_term_string"}],"inLanguage":"zh-CN"},{"@type":"Organization","@id":"https:\/\/fusionweymax.com\/zh-hans\/#organization","name":"Fusion Weymax","url":"https:\/\/fusionweymax.com\/zh-hans\/","logo":{"@type":"ImageObject","inLanguage":"zh-CN","@id":"https:\/\/fusionweymax.com\/zh-hans\/#\/schema\/logo\/image\/","url":"http:\/\/fusionweymax.com\/wp-content\/uploads\/2017\/03\/fusion-weymax-logo-red@2x.png","contentUrl":"http:\/\/fusionweymax.com\/wp-content\/uploads\/2017\/03\/fusion-weymax-logo-red@2x.png","width":450,"height":120,"caption":"Fusion Weymax"},"image":{"@id":"https:\/\/fusionweymax.com\/zh-hans\/#\/schema\/logo\/image\/"}}]}},"_links":{"self":[{"href":"http:\/\/fusionweymax.com\/zh-hans\/wp-json\/wp\/v2\/pages\/1757"}],"collection":[{"href":"http:\/\/fusionweymax.com\/zh-hans\/wp-json\/wp\/v2\/pages"}],"about":[{"href":"http:\/\/fusionweymax.com\/zh-hans\/wp-json\/wp\/v2\/types\/page"}],"author":[{"embeddable":true,"href":"http:\/\/fusionweymax.com\/zh-hans\/wp-json\/wp\/v2\/users\/1"}],"replies":[{"embeddable":true,"href":"http:\/\/fusionweymax.com\/zh-hans\/wp-json\/wp\/v2\/comments?post=1757"}],"version-history":[{"count":2,"href":"http:\/\/fusionweymax.com\/zh-hans\/wp-json\/wp\/v2\/pages\/1757\/revisions"}],"predecessor-version":[{"id":2069,"href":"http:\/\/fusionweymax.com\/zh-hans\/wp-json\/wp\/v2\/pages\/1757\/revisions\/2069"}],"wp:attachment":[{"href":"http:\/\/fusionweymax.com\/zh-hans\/wp-json\/wp\/v2\/media?parent=1757"}],"curies":[{"name":"wp","href":"https:\/\/api.w.org\/{rel}","templated":true}]}}